{"id":706,"date":"2021-02-13T12:16:00","date_gmt":"2021-02-13T11:16:00","guid":{"rendered":"https:\/\/test.guerini.it\/?page_id=706"},"modified":"2021-02-27T00:26:45","modified_gmt":"2021-02-26T23:26:45","slug":"referaggio-e-indicizzazione","status":"publish","type":"page","link":"https:\/\/www.guerini.it\/index.php\/referaggio-e-indicizzazione\/","title":{"rendered":"Referaggio e indicizzazione"},"content":{"rendered":"\n<p>Per sviluppare il processo di diffusione internazionale dei nostri volumi, abbiamo intessuto rapporti con differenti soggetti presenti sul web, allo scopo sia di&nbsp;<strong>vendita tramite servizi bibliotecari<\/strong>, sia di&nbsp;<strong>indicizzazione su repertori e riviste di settore<\/strong>.<\/p>\n\n\n\n<p>Nello specifico, i nostri volumi sono presenti sulle seguenti piattaforme:<\/p>\n\n\n\n<p><a href=\"https:\/\/www.torrossa.com\/\"><strong><span style=\"color:#016430\" class=\"has-inline-color\">Casalini-Torrossa<\/span><\/strong><\/a>, che assicura anche il servizio di ricerca tramite<a href=\"https:\/\/scholar.google.it\/\">&nbsp;<strong><span style=\"color:#016430\" class=\"has-inline-color\">Google Scholar<\/span><\/strong><\/a><\/p>\n\n\n\n<p><a href=\"https:\/\/www.ebsco.com\/\" class=\"broken_link\"><strong><span style=\"color:#016430\" class=\"has-inline-color\">EBSCO<\/span><\/strong><\/a>, che assicura anche il servizio di ricerca tramite il motore&nbsp;<a href=\"https:\/\/www.ebscohost.com\/discovery\"><strong><span style=\"color:#016430\" class=\"has-inline-color\">Discovery<\/span><\/strong><\/a><\/p>\n\n\n\n<p><a href=\"https:\/\/login.webofknowledge.com\/error\/Error?Error=IPError&amp;PathInfo=%2F&amp;RouterURL=https%3A%2F%2Fwww.webofknowledge.com%2F&amp;Domain=.webofknowledge.com&amp;Src=IP&amp;Alias=WOK5\"><strong><span style=\"color:#016430\" class=\"has-inline-color\">Web of Science<\/span><\/strong><\/a>, servizio di indicizzazione di citazioni riguardanti i pi\u00f9 importanti prodotti della letteratura internazionale<\/p>\n\n\n\n<p><a href=\"https:\/\/www.aeaweb.org\/econlit\/\"><strong><span style=\"color:#016430\" class=\"has-inline-color\">EconLit<\/span><\/strong><\/a>, Journal of Economic Literature, che pubblica regolarmente recensioni dei nostri volumi a tema economico.<\/p>\n\n\n\n<hr class=\"wp-block-separator\"\/>\n\n\n\n<p>Sia i volumi inseriti in collane dotate di Comitato scientifico, sia singole pubblicazioni possono essere sottoposti a&nbsp;<strong>procedure di valutazione<\/strong>, secondo i criteri qui esposti.<\/p>\n\n\n\n<p>L\u2019opera \u2013 si tratti di monografia o di opera collettanea \u2013 deve affrontare un tema di grande importanza dal punto di vista scientifico, relativamente alla materia in oggetto. Inoltre deve possedere caratteri di originalit\u00e0 ed essere presentata nella forma espositiva (dal punto di vista della struttura e del linguaggio) pi\u00f9 idonea alla comprensione e alla diffusione presso il pubblico di riferimento. Sar\u00e0 valutato anche il complesso degli apparati (figure, tabelle, riferimenti bibliografici ecc.), al fine dell\u2019accertamento della validit\u00e0 della ricerca e dei risultati ottenuti. Infine, l\u2019opera dovr\u00e0 essere conforme agli obiettivi della collana, in termini sia di rigore scientifico sia di possibili utilizzazioni didattiche.<\/p>\n\n\n\n<p>La procedura di valutazione prevede:<\/p>\n\n\n\n<p>\u2013 La selezione, da parte del Comitato scientifico, di uno o pi\u00f9 referee (solitamente due), che rimarranno anonimi<\/p>\n\n\n\n<p>\u2013 L\u2019invio del manoscritto, in forma anonima, da parte della Casa editrice ai referee indicati<\/p>\n\n\n\n<p>\u2013 La compilazione, da parte del referee, di una scheda predisposta dalla Casa editrice, costituita da un punteggio quantitativo relativo ai criteri sopraesposti e da una serie di commenti in forma libera riguardanti analiticamente i medesimi criteri (importanza dell\u2019argomento, originalit\u00e0 della proposta, forma espositiva, apparati, congruenza con gli obiettivi della collana). Il referee dovr\u00e0 quindi fornire un giudizio sintetico finale, valutando l\u2019opera: a) realizzabile cos\u00ec com\u2019\u00e8 stata proposta; b) realizzabile cos\u00ec come \u00e8 stata proposta, fatti salvi alcuni limitati aggiustamenti nell\u2019articolazione del volume; c) realizzabile, a patto che l\u2019autore risolva i problemi che sollevo nei commenti, e dopo una seconda verifica; d) non adatta alla pubblicazione.<\/p>\n\n\n\n<p>\u2013 La scheda di valutazione sar\u00e0 inviata, sempre in forma anonima, al singolo autore e alla direzione di collana. Nel caso c) l\u2019opera, una volta rivista, sar\u00e0 rinviata al referee per un nuovo giudizio.<\/p>\n\n\n\n<p>\u2013 In casi controversi o qualora non ci fosse accordo tra i due referee si prevede il ricorso al giudizio di un terzo referee. L\u2019autore, nel caso fosse gravemente in disaccordo con la valutazione effettuata, pu\u00f2 rispondere con un proprio documento, che sar\u00e0 debitamente archiviato.<\/p>\n\n\n\n<p>La Casa editrice, cui spetta l\u2019esecuzione della procedura, vigiler\u00e0 affinch\u00e9 l\u2019iter valutativo sia seguito correttamente e porti ai risultati richiesti. Tutte le schede di valutazione sono archiviate digitalmente presso la Casa editrice. Nei volumi sottoposti a&nbsp;<strong>referaggio<\/strong>&nbsp;le relative modalit\u00e0 saranno citate nella pagina della collana o in quella del colophon.<\/p>\n","protected":false},"excerpt":{"rendered":"<p>Per sviluppare il processo di diffusione internazionale dei nostri volumi, abbiamo intessuto rapporti con differenti soggetti presenti sul web, allo scopo sia di&nbsp;vendita tramite servizi bibliotecari, sia di&nbsp;indicizzazione su repertori [&hellip;]<\/p>\n","protected":false},"author":1,"featured_media":0,"parent":0,"menu_order":0,"comment_status":"closed","ping_status":"closed","template":"","meta":{"_editorskit_title_hidden":false,"_editorskit_reading_time":0,"_editorskit_is_block_options_detached":false,"_editorskit_block_options_position":"{}","_monsterinsights_skip_tracking":false,"_monsterinsights_sitenote_active":false,"_monsterinsights_sitenote_note":"","_monsterinsights_sitenote_category":0,"footnotes":""},"class_list":["post-706","page","type-page","status-publish","hentry"],"yoast_head":"<!-- This site is optimized with the Yoast SEO plugin v25.4 - https:\/\/yoast.com\/wordpress\/plugins\/seo\/ -->\n<title>Referaggio e indicizzazione - Guerini e Associati<\/title>\n<meta name=\"robots\" content=\"index, follow, max-snippet:-1, max-image-preview:large, max-video-preview:-1\" \/>\n<link rel=\"canonical\" href=\"https:\/\/www.guerini.it\/index.php\/referaggio-e-indicizzazione\/\" \/>\n<meta property=\"og:locale\" content=\"it_IT\" \/>\n<meta property=\"og:type\" content=\"article\" \/>\n<meta property=\"og:title\" content=\"Referaggio e indicizzazione - Guerini e Associati\" \/>\n<meta property=\"og:description\" content=\"Per sviluppare il processo di diffusione internazionale dei nostri volumi, abbiamo intessuto rapporti con differenti soggetti presenti sul web, allo scopo sia di&nbsp;vendita tramite servizi bibliotecari, sia di&nbsp;indicizzazione su repertori [&hellip;]\" \/>\n<meta property=\"og:url\" content=\"https:\/\/www.guerini.it\/index.php\/referaggio-e-indicizzazione\/\" \/>\n<meta property=\"og:site_name\" content=\"Guerini e Associati\" \/>\n<meta property=\"article:modified_time\" content=\"2021-02-26T23:26:45+00:00\" \/>\n<meta name=\"twitter:card\" content=\"summary_large_image\" \/>\n<meta name=\"twitter:label1\" content=\"Tempo di lettura stimato\" \/>\n\t<meta name=\"twitter:data1\" content=\"3 minuti\" \/>\n<!-- \/ Yoast SEO plugin. -->","yoast_head_json":{"title":"Referaggio e indicizzazione - Guerini e Associati","robots":{"index":"index","follow":"follow","max-snippet":"max-snippet:-1","max-image-preview":"max-image-preview:large","max-video-preview":"max-video-preview:-1"},"canonical":"https:\/\/www.guerini.it\/index.php\/referaggio-e-indicizzazione\/","og_locale":"it_IT","og_type":"article","og_title":"Referaggio e indicizzazione - Guerini e Associati","og_description":"Per sviluppare il processo di diffusione internazionale dei nostri volumi, abbiamo intessuto rapporti con differenti soggetti presenti sul web, allo scopo sia di&nbsp;vendita tramite servizi bibliotecari, sia di&nbsp;indicizzazione su repertori [&hellip;]","og_url":"https:\/\/www.guerini.it\/index.php\/referaggio-e-indicizzazione\/","og_site_name":"Guerini e Associati","article_modified_time":"2021-02-26T23:26:45+00:00","twitter_card":"summary_large_image","twitter_misc":{"Tempo di lettura stimato":"3 minuti"},"schema":{"@context":"https:\/\/schema.org","@graph":[{"@type":"WebPage","@id":"https:\/\/www.guerini.it\/index.php\/referaggio-e-indicizzazione\/","url":"https:\/\/www.guerini.it\/index.php\/referaggio-e-indicizzazione\/","name":"Referaggio e indicizzazione - Guerini e Associati","isPartOf":{"@id":"https:\/\/www.guerini.it\/#website"},"datePublished":"2021-02-13T11:16:00+00:00","dateModified":"2021-02-26T23:26:45+00:00","breadcrumb":{"@id":"https:\/\/www.guerini.it\/index.php\/referaggio-e-indicizzazione\/#breadcrumb"},"inLanguage":"it-IT","potentialAction":[{"@type":"ReadAction","target":["https:\/\/www.guerini.it\/index.php\/referaggio-e-indicizzazione\/"]}]},{"@type":"BreadcrumbList","@id":"https:\/\/www.guerini.it\/index.php\/referaggio-e-indicizzazione\/#breadcrumb","itemListElement":[{"@type":"ListItem","position":1,"name":"Home","item":"https:\/\/www.guerini.it\/"},{"@type":"ListItem","position":2,"name":"Referaggio e indicizzazione"}]},{"@type":"WebSite","@id":"https:\/\/www.guerini.it\/#website","url":"https:\/\/www.guerini.it\/","name":"Guerini e Associati","description":"30 anni di libri, idee e libert\u00e0","publisher":{"@id":"https:\/\/www.guerini.it\/#organization"},"potentialAction":[{"@type":"SearchAction","target":{"@type":"EntryPoint","urlTemplate":"https:\/\/www.guerini.it\/?s={search_term_string}"},"query-input":{"@type":"PropertyValueSpecification","valueRequired":true,"valueName":"search_term_string"}}],"inLanguage":"it-IT"},{"@type":"Organization","@id":"https:\/\/www.guerini.it\/#organization","name":"Guerini e Associati","url":"https:\/\/www.guerini.it\/","logo":{"@type":"ImageObject","inLanguage":"it-IT","@id":"https:\/\/www.guerini.it\/#\/schema\/logo\/image\/","url":"https:\/\/www.guerini.it\/wp-content\/uploads\/2021\/03\/Logo-Guerini-OK_-e1615831292285.png","contentUrl":"https:\/\/www.guerini.it\/wp-content\/uploads\/2021\/03\/Logo-Guerini-OK_-e1615831292285.png","width":2805,"height":1870,"caption":"Guerini e Associati"},"image":{"@id":"https:\/\/www.guerini.it\/#\/schema\/logo\/image\/"}}]}},"_links":{"self":[{"href":"https:\/\/www.guerini.it\/index.php\/wp-json\/wp\/v2\/pages\/706","targetHints":{"allow":["GET"]}}],"collection":[{"href":"https:\/\/www.guerini.it\/index.php\/wp-json\/wp\/v2\/pages"}],"about":[{"href":"https:\/\/www.guerini.it\/index.php\/wp-json\/wp\/v2\/types\/page"}],"author":[{"embeddable":true,"href":"https:\/\/www.guerini.it\/index.php\/wp-json\/wp\/v2\/users\/1"}],"replies":[{"embeddable":true,"href":"https:\/\/www.guerini.it\/index.php\/wp-json\/wp\/v2\/comments?post=706"}],"version-history":[{"count":6,"href":"https:\/\/www.guerini.it\/index.php\/wp-json\/wp\/v2\/pages\/706\/revisions"}],"predecessor-version":[{"id":3339,"href":"https:\/\/www.guerini.it\/index.php\/wp-json\/wp\/v2\/pages\/706\/revisions\/3339"}],"wp:attachment":[{"href":"https:\/\/www.guerini.it\/index.php\/wp-json\/wp\/v2\/media?parent=706"}],"curies":[{"name":"wp","href":"https:\/\/api.w.org\/{rel}","templated":true}]}}