{"id":12464,"date":"2012-05-24T12:59:30","date_gmt":"2012-05-24T10:59:30","guid":{"rendered":"https:\/\/test.guerini.it\/?product=raccontafiaba"},"modified":"2024-06-12T14:40:00","modified_gmt":"2024-06-12T12:40:00","slug":"raccontafiaba","status":"publish","type":"product","link":"https:\/\/www.guerini.it\/index.php\/prodotto\/raccontafiaba\/","title":{"rendered":"Raccontafiaba"},"content":{"rendered":"<p style=\"text-align: justify;\">Raccontare una fiaba, ascoltare una fiaba: cos\u00ec si realizza il primo incontro tra le generazioni, cos\u00ec si pu\u00f2 realizzare il primo incontro con un&#8217;altra cultura.<br \/>\nLe quattro storie che questo libro propone \u00a0\u0336 \u00a0una leggenda cinese, una favola araba, una fiaba serbocroata, una leggenda argentina \u00a0\u0336 \u00a0sono infatti il punto di avvio di un percorso indirizzato sia alla conoscenza delle tradizioni e delle usanze di altri popoli, sia all&#8217;interpretazione e all&#8217;approfondimento degli aspetti pi\u00f9 propriamente testuali.<br \/>\nCon grande variet\u00e0 di mezzi grafici ed espressivi, volti a stimolare l&#8217;immaginazione, il desiderio di sapere, la comprensione delle differenze, <em>Raccontafiaba<\/em> guida i piccoli lettori alla magica scoperta della lingua degli altri.<\/p>\n","protected":false},"excerpt":{"rendered":"<p>Un incontro tra generazioni e culture diverse. Raccontafiaba guida i piccoli lettori alla scoperta delle lingue degli altri attraverso quattro storie: una leggenda cinese, una favola araba, una fiaba serbocroata, una leggenda argentina.<\/p>\n","protected":false},"featured_media":23735,"template":"","meta":{"_editorskit_title_hidden":false,"_editorskit_reading_time":0,"_editorskit_is_block_options_detached":false,"_editorskit_block_options_position":"{}","_monsterinsights_skip_tracking":false,"_monsterinsights_sitenote_active":false,"_monsterinsights_sitenote_note":"","_monsterinsights_sitenote_category":0},"product_brand":[],"product_cat":[6531],"product_tag":[],"class_list":{"0":"post-12464","1":"product","2":"type-product","3":"status-publish","4":"has-post-thumbnail","6":"product_cat-italiano-l2","7":"pa_guerini_amazon_link-https-www-amazon-it-raccontafiaba-percorsi-educazione-interculturale-demarchi-dp-8878026956","8":"pa_guerini_feltrinelli_link-https-www-lafeltrinelli-it-raccontafiaba-percorsi-di-educazione-interculturale-libro-vari-e-9788878026957","9":"pa_guerini_ibs_link-https-www-ibs-it-raccontafiaba-percorsi-di-educazione-interculturale-libro-vari-e-9788878026957","10":"pa_guerini_libruniver_link-https-www-libreriauniversitaria-it-raccontafiaba-percorsi-educazione-interculturale-guerini-libro-9788878026957","11":"pa_guerini_mondadori_link-https-www-mondadoristore-it-raccontafiaba-percorsi-na-eai978887802695","13":"first","14":"instock","15":"sale","16":"shipping-taxable","17":"purchasable","18":"product-type-simple"},"yoast_head":"<!-- This site is optimized with the Yoast SEO plugin v25.4 - https:\/\/yoast.com\/wordpress\/plugins\/seo\/ -->\n<title>Raccontafiaba - Guerini e Associati<\/title>\n<meta name=\"robots\" content=\"index, follow, max-snippet:-1, max-image-preview:large, max-video-preview:-1\" \/>\n<link rel=\"canonical\" href=\"https:\/\/www.guerini.it\/index.php\/prodotto\/raccontafiaba\/\" \/>\n<meta property=\"og:locale\" content=\"it_IT\" \/>\n<meta property=\"og:type\" content=\"article\" \/>\n<meta property=\"og:title\" content=\"Raccontafiaba - Guerini e Associati\" \/>\n<meta property=\"og:description\" content=\"Un incontro tra generazioni e culture diverse. Raccontafiaba guida i piccoli lettori alla scoperta delle lingue degli altri attraverso quattro storie: una leggenda cinese, una favola araba, una fiaba serbocroata, una leggenda argentina.\" \/>\n<meta property=\"og:url\" content=\"https:\/\/www.guerini.it\/index.php\/prodotto\/raccontafiaba\/\" \/>\n<meta property=\"og:site_name\" content=\"Guerini e Associati\" \/>\n<meta property=\"article:modified_time\" content=\"2024-06-12T12:40:00+00:00\" \/>\n<meta property=\"og:image\" content=\"https:\/\/www.guerini.it\/wp-content\/uploads\/2012\/05\/Raccontafiaba.webp\" \/>\n\t<meta property=\"og:image:width\" content=\"1244\" \/>\n\t<meta property=\"og:image:height\" content=\"1838\" \/>\n\t<meta property=\"og:image:type\" content=\"image\/webp\" \/>\n<meta name=\"twitter:card\" content=\"summary_large_image\" \/>\n<meta name=\"twitter:label1\" content=\"Tempo di lettura stimato\" \/>\n\t<meta name=\"twitter:data1\" content=\"1 minuto\" \/>\n<!-- \/ Yoast SEO plugin. -->","yoast_head_json":{"title":"Raccontafiaba - Guerini e Associati","robots":{"index":"index","follow":"follow","max-snippet":"max-snippet:-1","max-image-preview":"max-image-preview:large","max-video-preview":"max-video-preview:-1"},"canonical":"https:\/\/www.guerini.it\/index.php\/prodotto\/raccontafiaba\/","og_locale":"it_IT","og_type":"article","og_title":"Raccontafiaba - Guerini e Associati","og_description":"Un incontro tra generazioni e culture diverse. Raccontafiaba guida i piccoli lettori alla scoperta delle lingue degli altri attraverso quattro storie: una leggenda cinese, una favola araba, una fiaba serbocroata, una leggenda argentina.","og_url":"https:\/\/www.guerini.it\/index.php\/prodotto\/raccontafiaba\/","og_site_name":"Guerini e Associati","article_modified_time":"2024-06-12T12:40:00+00:00","og_image":[{"width":1244,"height":1838,"url":"https:\/\/www.guerini.it\/wp-content\/uploads\/2012\/05\/Raccontafiaba.webp","type":"image\/webp"}],"twitter_card":"summary_large_image","twitter_misc":{"Tempo di lettura stimato":"1 minuto"},"schema":{"@context":"https:\/\/schema.org","@graph":[{"@type":"WebPage","@id":"https:\/\/www.guerini.it\/index.php\/prodotto\/raccontafiaba\/","url":"https:\/\/www.guerini.it\/index.php\/prodotto\/raccontafiaba\/","name":"Raccontafiaba - Guerini e Associati","isPartOf":{"@id":"https:\/\/www.guerini.it\/#website"},"primaryImageOfPage":{"@id":"https:\/\/www.guerini.it\/index.php\/prodotto\/raccontafiaba\/#primaryimage"},"image":{"@id":"https:\/\/www.guerini.it\/index.php\/prodotto\/raccontafiaba\/#primaryimage"},"thumbnailUrl":"https:\/\/www.guerini.it\/wp-content\/uploads\/2012\/05\/Raccontafiaba.webp","datePublished":"2012-05-24T10:59:30+00:00","dateModified":"2024-06-12T12:40:00+00:00","breadcrumb":{"@id":"https:\/\/www.guerini.it\/index.php\/prodotto\/raccontafiaba\/#breadcrumb"},"inLanguage":"it-IT","potentialAction":[{"@type":"ReadAction","target":["https:\/\/www.guerini.it\/index.php\/prodotto\/raccontafiaba\/"]}]},{"@type":"ImageObject","inLanguage":"it-IT","@id":"https:\/\/www.guerini.it\/index.php\/prodotto\/raccontafiaba\/#primaryimage","url":"https:\/\/www.guerini.it\/wp-content\/uploads\/2012\/05\/Raccontafiaba.webp","contentUrl":"https:\/\/www.guerini.it\/wp-content\/uploads\/2012\/05\/Raccontafiaba.webp","width":1244,"height":1838,"caption":"Copertina del volume Raccontafiaba, Guerini e Associati, 1996"},{"@type":"BreadcrumbList","@id":"https:\/\/www.guerini.it\/index.php\/prodotto\/raccontafiaba\/#breadcrumb","itemListElement":[{"@type":"ListItem","position":1,"name":"Home","item":"https:\/\/www.guerini.it\/"},{"@type":"ListItem","position":2,"name":"Catalogo","item":"https:\/\/www.guerini.it\/index.php\/negozio\/"},{"@type":"ListItem","position":3,"name":"Raccontafiaba"}]},{"@type":"WebSite","@id":"https:\/\/www.guerini.it\/#website","url":"https:\/\/www.guerini.it\/","name":"Guerini e Associati","description":"30 anni di libri, idee e libert\u00e0","publisher":{"@id":"https:\/\/www.guerini.it\/#organization"},"potentialAction":[{"@type":"SearchAction","target":{"@type":"EntryPoint","urlTemplate":"https:\/\/www.guerini.it\/?s={search_term_string}"},"query-input":{"@type":"PropertyValueSpecification","valueRequired":true,"valueName":"search_term_string"}}],"inLanguage":"it-IT"},{"@type":"Organization","@id":"https:\/\/www.guerini.it\/#organization","name":"Guerini e Associati","url":"https:\/\/www.guerini.it\/","logo":{"@type":"ImageObject","inLanguage":"it-IT","@id":"https:\/\/www.guerini.it\/#\/schema\/logo\/image\/","url":"https:\/\/www.guerini.it\/wp-content\/uploads\/2021\/03\/Logo-Guerini-OK_-e1615831292285.png","contentUrl":"https:\/\/www.guerini.it\/wp-content\/uploads\/2021\/03\/Logo-Guerini-OK_-e1615831292285.png","width":2805,"height":1870,"caption":"Guerini e Associati"},"image":{"@id":"https:\/\/www.guerini.it\/#\/schema\/logo\/image\/"}}]}},"_links":{"self":[{"href":"https:\/\/www.guerini.it\/index.php\/wp-json\/wp\/v2\/product\/12464","targetHints":{"allow":["GET"]}}],"collection":[{"href":"https:\/\/www.guerini.it\/index.php\/wp-json\/wp\/v2\/product"}],"about":[{"href":"https:\/\/www.guerini.it\/index.php\/wp-json\/wp\/v2\/types\/product"}],"wp:featuredmedia":[{"embeddable":true,"href":"https:\/\/www.guerini.it\/index.php\/wp-json\/wp\/v2\/media\/23735"}],"wp:attachment":[{"href":"https:\/\/www.guerini.it\/index.php\/wp-json\/wp\/v2\/media?parent=12464"}],"wp:term":[{"taxonomy":"product_brand","embeddable":true,"href":"https:\/\/www.guerini.it\/index.php\/wp-json\/wp\/v2\/product_brand?post=12464"},{"taxonomy":"product_cat","embeddable":true,"href":"https:\/\/www.guerini.it\/index.php\/wp-json\/wp\/v2\/product_cat?post=12464"},{"taxonomy":"product_tag","embeddable":true,"href":"https:\/\/www.guerini.it\/index.php\/wp-json\/wp\/v2\/product_tag?post=12464"}],"curies":[{"name":"wp","href":"https:\/\/api.w.org\/{rel}","templated":true}]}}