{"id":12556,"date":"2012-05-24T12:59:31","date_gmt":"2012-05-24T10:59:31","guid":{"rendered":"https:\/\/test.guerini.it\/?product=liberare-il-lavoro"},"modified":"2024-06-12T14:37:14","modified_gmt":"2024-06-12T12:37:14","slug":"liberare-il-lavoro","status":"publish","type":"product","link":"https:\/\/www.guerini.it\/index.php\/prodotto\/liberare-il-lavoro\/","title":{"rendered":"Liberare il lavoro"},"content":{"rendered":"<p style=\"text-align: justify;\">\u00c8 possibile non ridurre a merce la vita del lavoro retribuito? La necessit\u00e0 umana di lavorare pu\u00f2 non ridurre il rapporto con la natura al ciclo del metabolismo fisiologico e alla ricerca della sicurezza nell\u2019abbondanza? Non si \u00e8 veramente liberi \u00abliberandosi dal lavoro\u00bb. Bisogna \u00abliberare il lavoro\u00bb. Francesco Novara, fra i padri della Psicologia del lavoro italiana, racconta gli anni alla Olivetti e riflette sulla sofferenza e l\u2019estraniazione nell\u2019ambiente di lavoro, per un nuova cultura organizzativa nella societ\u00e0 della conoscenza.<\/p>\n","protected":false},"excerpt":{"rendered":"<p>\u00c8 possibile non ridurre a merce la vita del lavoro retribuito? La necessit\u00e0 umana di lavorare pu\u00f2 non ridurre il rapporto con la natura al ciclo del metabolismo fisiologico e alla ricerca della sicurezza nell\u2019abbondanza? Non si \u00e8 veramente liberi \u00abliberandosi dal lavoro\u00bb. Bisogna \u00abliberare il lavoro\u00bb. Francesco Novara, fra i padri della Psicologia del lavoro italiana, racconta gli anni alla Olivetti e riflette sulla sofferenza e l\u2019estraniazione nell\u2019ambiente di lavoro, per un nuova cultura organizzativa nella societ\u00e0 della conoscenza.<\/p>\n","protected":false},"featured_media":23291,"template":"","meta":{"_editorskit_title_hidden":false,"_editorskit_reading_time":0,"_editorskit_is_block_options_detached":false,"_editorskit_block_options_position":"{}","_monsterinsights_skip_tracking":false,"_monsterinsights_sitenote_active":false,"_monsterinsights_sitenote_note":"","_monsterinsights_sitenote_category":0},"product_brand":[],"product_cat":[6529,6687],"product_tag":[],"class_list":{"0":"post-12556","1":"product","2":"type-product","3":"status-publish","4":"has-post-thumbnail","6":"product_cat-economia-e-management","7":"product_cat-af","8":"pa_guerini_amazon_link-https-www-amazon-it-liberare-lavoro-francesco-novara-dp-8878028428","9":"pa_guerini_feltrinelli_link-https-www-lafeltrinelli-it-liberare-lavoro-libro-francesco-novara-e-9788878028425","10":"pa_guerini_ibs_link-https-www-ibs-it-liberare-lavoro-libro-francesco-novara-e-9788878028425","11":"pa_guerini_libruniver_link-https-www-libreriauniversitaria-it-liberare-lavoro-novara-francesco-guerini-libro-9788878028425","12":"pa_guerini_mondadori_link-https-www-mondadoristore-it-liberare-il-lavoro-francesco-novara-eai978887802842","14":"first","15":"instock","16":"sale","17":"shipping-taxable","18":"purchasable","19":"product-type-simple"},"yoast_head":"<!-- This site is optimized with the Yoast SEO plugin v25.4 - https:\/\/yoast.com\/wordpress\/plugins\/seo\/ -->\n<title>Liberare il lavoro - Guerini e Associati<\/title>\n<meta name=\"robots\" content=\"index, follow, max-snippet:-1, max-image-preview:large, max-video-preview:-1\" \/>\n<link rel=\"canonical\" href=\"https:\/\/www.guerini.it\/index.php\/prodotto\/liberare-il-lavoro\/\" \/>\n<meta property=\"og:locale\" content=\"it_IT\" \/>\n<meta property=\"og:type\" content=\"article\" \/>\n<meta property=\"og:title\" content=\"Liberare il lavoro - Guerini e Associati\" \/>\n<meta property=\"og:description\" content=\"\u00c8 possibile non ridurre a merce la vita del lavoro retribuito? La necessit\u00e0 umana di lavorare pu\u00f2 non ridurre il rapporto con la natura al ciclo del metabolismo fisiologico e alla ricerca della sicurezza nell\u2019abbondanza? Non si \u00e8 veramente liberi \u00abliberandosi dal lavoro\u00bb. Bisogna \u00abliberare il lavoro\u00bb. Francesco Novara, fra i padri della Psicologia del lavoro italiana, racconta gli anni alla Olivetti e riflette sulla sofferenza e l\u2019estraniazione nell\u2019ambiente di lavoro, per un nuova cultura organizzativa nella societ\u00e0 della conoscenza.\" \/>\n<meta property=\"og:url\" content=\"https:\/\/www.guerini.it\/index.php\/prodotto\/liberare-il-lavoro\/\" \/>\n<meta property=\"og:site_name\" content=\"Guerini e Associati\" \/>\n<meta property=\"article:modified_time\" content=\"2024-06-12T12:37:14+00:00\" \/>\n<meta property=\"og:image\" content=\"https:\/\/www.guerini.it\/wp-content\/uploads\/2012\/05\/Liberare-il-lavoro-e1666609067814.jpg\" \/>\n\t<meta property=\"og:image:width\" content=\"493\" \/>\n\t<meta property=\"og:image:height\" content=\"350\" \/>\n\t<meta property=\"og:image:type\" content=\"image\/jpeg\" \/>\n<meta name=\"twitter:card\" content=\"summary_large_image\" \/>\n<meta name=\"twitter:label1\" content=\"Tempo di lettura stimato\" \/>\n\t<meta name=\"twitter:data1\" content=\"1 minuto\" \/>\n<!-- \/ Yoast SEO plugin. -->","yoast_head_json":{"title":"Liberare il lavoro - Guerini e Associati","robots":{"index":"index","follow":"follow","max-snippet":"max-snippet:-1","max-image-preview":"max-image-preview:large","max-video-preview":"max-video-preview:-1"},"canonical":"https:\/\/www.guerini.it\/index.php\/prodotto\/liberare-il-lavoro\/","og_locale":"it_IT","og_type":"article","og_title":"Liberare il lavoro - Guerini e Associati","og_description":"\u00c8 possibile non ridurre a merce la vita del lavoro retribuito? La necessit\u00e0 umana di lavorare pu\u00f2 non ridurre il rapporto con la natura al ciclo del metabolismo fisiologico e alla ricerca della sicurezza nell\u2019abbondanza? Non si \u00e8 veramente liberi \u00abliberandosi dal lavoro\u00bb. Bisogna \u00abliberare il lavoro\u00bb. Francesco Novara, fra i padri della Psicologia del lavoro italiana, racconta gli anni alla Olivetti e riflette sulla sofferenza e l\u2019estraniazione nell\u2019ambiente di lavoro, per un nuova cultura organizzativa nella societ\u00e0 della conoscenza.","og_url":"https:\/\/www.guerini.it\/index.php\/prodotto\/liberare-il-lavoro\/","og_site_name":"Guerini e Associati","article_modified_time":"2024-06-12T12:37:14+00:00","og_image":[{"width":493,"height":350,"url":"https:\/\/www.guerini.it\/wp-content\/uploads\/2012\/05\/Liberare-il-lavoro-e1666609067814.jpg","type":"image\/jpeg"}],"twitter_card":"summary_large_image","twitter_misc":{"Tempo di lettura stimato":"1 minuto"},"schema":{"@context":"https:\/\/schema.org","@graph":[{"@type":"WebPage","@id":"https:\/\/www.guerini.it\/index.php\/prodotto\/liberare-il-lavoro\/","url":"https:\/\/www.guerini.it\/index.php\/prodotto\/liberare-il-lavoro\/","name":"Liberare il lavoro - Guerini e Associati","isPartOf":{"@id":"https:\/\/www.guerini.it\/#website"},"primaryImageOfPage":{"@id":"https:\/\/www.guerini.it\/index.php\/prodotto\/liberare-il-lavoro\/#primaryimage"},"image":{"@id":"https:\/\/www.guerini.it\/index.php\/prodotto\/liberare-il-lavoro\/#primaryimage"},"thumbnailUrl":"https:\/\/www.guerini.it\/wp-content\/uploads\/2012\/05\/Liberare-il-lavoro-e1666609067814.jpg","datePublished":"2012-05-24T10:59:31+00:00","dateModified":"2024-06-12T12:37:14+00:00","breadcrumb":{"@id":"https:\/\/www.guerini.it\/index.php\/prodotto\/liberare-il-lavoro\/#breadcrumb"},"inLanguage":"it-IT","potentialAction":[{"@type":"ReadAction","target":["https:\/\/www.guerini.it\/index.php\/prodotto\/liberare-il-lavoro\/"]}]},{"@type":"ImageObject","inLanguage":"it-IT","@id":"https:\/\/www.guerini.it\/index.php\/prodotto\/liberare-il-lavoro\/#primaryimage","url":"https:\/\/www.guerini.it\/wp-content\/uploads\/2012\/05\/Liberare-il-lavoro-e1666609067814.jpg","contentUrl":"https:\/\/www.guerini.it\/wp-content\/uploads\/2012\/05\/Liberare-il-lavoro-e1666609067814.jpg","width":493,"height":350,"caption":"Copertina del volume Liberare il lavoro"},{"@type":"BreadcrumbList","@id":"https:\/\/www.guerini.it\/index.php\/prodotto\/liberare-il-lavoro\/#breadcrumb","itemListElement":[{"@type":"ListItem","position":1,"name":"Home","item":"https:\/\/www.guerini.it\/"},{"@type":"ListItem","position":2,"name":"Catalogo","item":"https:\/\/www.guerini.it\/index.php\/negozio\/"},{"@type":"ListItem","position":3,"name":"Liberare il lavoro"}]},{"@type":"WebSite","@id":"https:\/\/www.guerini.it\/#website","url":"https:\/\/www.guerini.it\/","name":"Guerini e Associati","description":"30 anni di libri, idee e libert\u00e0","publisher":{"@id":"https:\/\/www.guerini.it\/#organization"},"potentialAction":[{"@type":"SearchAction","target":{"@type":"EntryPoint","urlTemplate":"https:\/\/www.guerini.it\/?s={search_term_string}"},"query-input":{"@type":"PropertyValueSpecification","valueRequired":true,"valueName":"search_term_string"}}],"inLanguage":"it-IT"},{"@type":"Organization","@id":"https:\/\/www.guerini.it\/#organization","name":"Guerini e Associati","url":"https:\/\/www.guerini.it\/","logo":{"@type":"ImageObject","inLanguage":"it-IT","@id":"https:\/\/www.guerini.it\/#\/schema\/logo\/image\/","url":"https:\/\/www.guerini.it\/wp-content\/uploads\/2021\/03\/Logo-Guerini-OK_-e1615831292285.png","contentUrl":"https:\/\/www.guerini.it\/wp-content\/uploads\/2021\/03\/Logo-Guerini-OK_-e1615831292285.png","width":2805,"height":1870,"caption":"Guerini e Associati"},"image":{"@id":"https:\/\/www.guerini.it\/#\/schema\/logo\/image\/"}}]}},"_links":{"self":[{"href":"https:\/\/www.guerini.it\/index.php\/wp-json\/wp\/v2\/product\/12556","targetHints":{"allow":["GET"]}}],"collection":[{"href":"https:\/\/www.guerini.it\/index.php\/wp-json\/wp\/v2\/product"}],"about":[{"href":"https:\/\/www.guerini.it\/index.php\/wp-json\/wp\/v2\/types\/product"}],"wp:featuredmedia":[{"embeddable":true,"href":"https:\/\/www.guerini.it\/index.php\/wp-json\/wp\/v2\/media\/23291"}],"wp:attachment":[{"href":"https:\/\/www.guerini.it\/index.php\/wp-json\/wp\/v2\/media?parent=12556"}],"wp:term":[{"taxonomy":"product_brand","embeddable":true,"href":"https:\/\/www.guerini.it\/index.php\/wp-json\/wp\/v2\/product_brand?post=12556"},{"taxonomy":"product_cat","embeddable":true,"href":"https:\/\/www.guerini.it\/index.php\/wp-json\/wp\/v2\/product_cat?post=12556"},{"taxonomy":"product_tag","embeddable":true,"href":"https:\/\/www.guerini.it\/index.php\/wp-json\/wp\/v2\/product_tag?post=12556"}],"curies":[{"name":"wp","href":"https:\/\/api.w.org\/{rel}","templated":true}]}}