{"id":12560,"date":"2012-05-24T12:59:31","date_gmt":"2012-05-24T10:59:31","guid":{"rendered":"https:\/\/test.guerini.it\/?product=lean-thinking-come-creare-valore-e-bandire-gli-sprechi"},"modified":"2024-06-12T14:36:37","modified_gmt":"2024-06-12T12:36:37","slug":"lean-thinking-come-creare-valore-e-bandire-gli-sprechi","status":"publish","type":"product","link":"https:\/\/www.guerini.it\/index.php\/prodotto\/lean-thinking-come-creare-valore-e-bandire-gli-sprechi\/","title":{"rendered":"Lean Thinking"},"content":{"rendered":"<p style=\"text-align: justify;\">A vent\u2019anni dalla sua pubblicazione Lean Thinking rimane un libro straordinariamente vivo e attuale, uno dei pochissimi long seller della letteratura manageriale globale. In esso i cardini dell\u2019approccio lean hanno trovato la formulazione pi\u00f9 limpida, certamente la pi\u00f9 fortunata, segnando la strada per la sua applicazione in qualsiasi settore industriale cos\u00ec come nei servizi.<br \/>\nIl <em>pensiero snello<\/em> aiuta a definire precisamente il valore dei singoli prodotti, a identificare il <em>flusso di valore<\/em>, a far s\u00ec che questo flusso scorra senza interruzioni e il cliente \u201ctiri\u201d il valore dal produttore e a perseguire, infine, la perfezione attraverso il miglioramento continuo.<br \/>\nQuesti principi hanno dato vita nel tempo ad una ricca e consolidata cassetta degli attrezzi, oggi lo stato dell\u2019arte per chiunque voglia migliorare processi esistenti o disegnarne di nuovi, e hanno trovato un nuovo e inaspettato impulso nella cultura dell\u2019innovazione che l\u2019economia digitale ha generato.<br \/>\nMa per tornare al <em>gemba<\/em>, al luogo in cui si produce valore, occorre passare ancora da questo libro e dalle sfide in esso tracciate.<\/p>\n<p>&nbsp;<\/p>\n","protected":false},"excerpt":{"rendered":"<p>A vent\u2019anni dalla sua pubblicazione Lean Thinking rimane un libro straordinariamente vivo e attuale, uno dei pochissimi long seller della letteratura manageriale globale. In esso i cardini dell\u2019approccio lean hanno trovato la formulazione pi\u00f9 limpida, certamente la pi\u00f9 fortunata, segnando la strada per la sua applicazione in qualsiasi settore industriale cos\u00ec come nei servizi.<br \/>\nIl pensiero snello aiuta a definire precisamente il valore dei singoli prodotti, a identificare il flusso di valore, a far s\u00ec che questo flusso scorra senza interruzioni e il cliente \u201ctiri\u201d il valore dal produttore e a perseguire, infine, la perfezione attraverso il miglioramento continuo.<br \/>\nQuesti principi hanno dato vita nel tempo ad una ricca e consolidata cassetta degli attrezzi, oggi lo stato dell\u2019arte per chiunque voglia migliorare processi esistenti o disegnarne di nuovi, e hanno trovato un nuovo e inaspettato impulso nella cultura dell\u2019innovazione che l\u2019economia digitale ha generato.<br \/>\nMa per tornare al gemba, al luogo in cui si produce valore, occorre passare ancora da questo libro e dalle sfide in esso tracciate.<\/p>\n<p>&nbsp;<\/p>\n","protected":false},"featured_media":23190,"template":"","meta":{"_editorskit_title_hidden":false,"_editorskit_reading_time":0,"_editorskit_is_block_options_detached":false,"_editorskit_block_options_position":"{}","_monsterinsights_skip_tracking":false,"_monsterinsights_sitenote_active":false,"_monsterinsights_sitenote_note":"","_monsterinsights_sitenote_category":0},"product_brand":[],"product_cat":[6729,6532],"product_tag":[],"class_list":{"0":"post-12560","1":"product","2":"type-product","3":"status-publish","4":"has-post-thumbnail","6":"product_cat-best_seller","7":"product_cat-lean-production","8":"pa_country_of_manufacture-it","9":"pa_fulfillment-default","10":"pa_guerini_feltrinelli_link-05-httpswwwlafeltrinelliitlib","11":"pa_guerini_ibs_link-https-www-ibs-it-lean-thinking-come-creare-valore-libro-james-p-womack-daniel-t-jones-e-9788878028487","12":"pa_guerini_libruniver_link-https-www-libreriauniversitaria-it-lean-thinking-creare-valore-bandire-libro-9788878028487","13":"pa_guerini_link_amazon-bb-httpswwwamazonitdpb077y4f7","14":"pa_guerini_link_apple_ibook-b4-httpsitunesapplecomitbookl","15":"pa_guerini_link_giunti_punto-52-httpswwwgiuntialpuntoitpro","16":"pa_guerini_link_google_play-e0-httpsplaygooglecomstoreboo","17":"pa_guerini_link_kobo-a1-httpswwwkobocomititebookle","18":"pa_guerini_link_lafeltrinelli-https-www-lafeltrinelli-it-lean-thinking-come-creare-valore-ebook-daniel-t-jones-james-p-womack-e-9788868961886","19":"pa_guerini_link_mondadori-36-httpwwwmondadoristoreitlea","20":"pa_guerini_link_rizzoli-64-httpwwwlibreriarizzoliitle","21":"pa_guerini_mondadori_link-46-httpswwwmondadoristoreitle","22":"pa_guerini_nedizione-nuovaedizione","24":"first","25":"instock","26":"sale","27":"shipping-taxable","28":"purchasable","29":"product-type-simple"},"yoast_head":"<!-- This site is optimized with the Yoast SEO plugin v25.4 - https:\/\/yoast.com\/wordpress\/plugins\/seo\/ -->\n<title>Lean Thinking - Guerini e Associati<\/title>\n<meta name=\"robots\" content=\"index, follow, max-snippet:-1, max-image-preview:large, max-video-preview:-1\" \/>\n<link rel=\"canonical\" href=\"https:\/\/www.guerini.it\/index.php\/prodotto\/lean-thinking-come-creare-valore-e-bandire-gli-sprechi\/\" \/>\n<meta property=\"og:locale\" content=\"it_IT\" \/>\n<meta property=\"og:type\" content=\"article\" \/>\n<meta property=\"og:title\" content=\"Lean Thinking - Guerini e Associati\" \/>\n<meta property=\"og:description\" content=\"A vent\u2019anni dalla sua pubblicazione Lean Thinking rimane un libro straordinariamente vivo e attuale, uno dei pochissimi long seller della letteratura manageriale globale. In esso i cardini dell\u2019approccio lean hanno trovato la formulazione pi\u00f9 limpida, certamente la pi\u00f9 fortunata, segnando la strada per la sua applicazione in qualsiasi settore industriale cos\u00ec come nei servizi. Il pensiero snello aiuta a definire precisamente il valore dei singoli prodotti, a identificare il flusso di valore, a far s\u00ec che questo flusso scorra senza interruzioni e il cliente \u201ctiri\u201d il valore dal produttore e a perseguire, infine, la perfezione attraverso il miglioramento continuo. Questi principi hanno dato vita nel tempo ad una ricca e consolidata cassetta degli attrezzi, oggi lo stato dell\u2019arte per chiunque voglia migliorare processi esistenti o disegnarne di nuovi, e hanno trovato un nuovo e inaspettato impulso nella cultura dell\u2019innovazione che l\u2019economia digitale ha generato. Ma per tornare al gemba, al luogo in cui si produce valore, occorre passare ancora da questo libro e dalle sfide in esso tracciate.  &nbsp;\" \/>\n<meta property=\"og:url\" content=\"https:\/\/www.guerini.it\/index.php\/prodotto\/lean-thinking-come-creare-valore-e-bandire-gli-sprechi\/\" \/>\n<meta property=\"og:site_name\" content=\"Guerini e Associati\" \/>\n<meta property=\"article:modified_time\" content=\"2024-06-12T12:36:37+00:00\" \/>\n<meta property=\"og:image\" content=\"https:\/\/www.guerini.it\/wp-content\/uploads\/2012\/05\/LEAN-THINKING-1-scaled-e1665062485190.jpg\" \/>\n\t<meta property=\"og:image:width\" content=\"223\" \/>\n\t<meta property=\"og:image:height\" content=\"350\" \/>\n\t<meta property=\"og:image:type\" content=\"image\/jpeg\" \/>\n<meta name=\"twitter:card\" content=\"summary_large_image\" \/>\n<meta name=\"twitter:label1\" content=\"Tempo di lettura stimato\" \/>\n\t<meta name=\"twitter:data1\" content=\"1 minuto\" \/>\n<!-- \/ Yoast SEO plugin. -->","yoast_head_json":{"title":"Lean Thinking - Guerini e Associati","robots":{"index":"index","follow":"follow","max-snippet":"max-snippet:-1","max-image-preview":"max-image-preview:large","max-video-preview":"max-video-preview:-1"},"canonical":"https:\/\/www.guerini.it\/index.php\/prodotto\/lean-thinking-come-creare-valore-e-bandire-gli-sprechi\/","og_locale":"it_IT","og_type":"article","og_title":"Lean Thinking - Guerini e Associati","og_description":"A vent\u2019anni dalla sua pubblicazione Lean Thinking rimane un libro straordinariamente vivo e attuale, uno dei pochissimi long seller della letteratura manageriale globale. In esso i cardini dell\u2019approccio lean hanno trovato la formulazione pi\u00f9 limpida, certamente la pi\u00f9 fortunata, segnando la strada per la sua applicazione in qualsiasi settore industriale cos\u00ec come nei servizi. Il pensiero snello aiuta a definire precisamente il valore dei singoli prodotti, a identificare il flusso di valore, a far s\u00ec che questo flusso scorra senza interruzioni e il cliente \u201ctiri\u201d il valore dal produttore e a perseguire, infine, la perfezione attraverso il miglioramento continuo. Questi principi hanno dato vita nel tempo ad una ricca e consolidata cassetta degli attrezzi, oggi lo stato dell\u2019arte per chiunque voglia migliorare processi esistenti o disegnarne di nuovi, e hanno trovato un nuovo e inaspettato impulso nella cultura dell\u2019innovazione che l\u2019economia digitale ha generato. Ma per tornare al gemba, al luogo in cui si produce valore, occorre passare ancora da questo libro e dalle sfide in esso tracciate.  &nbsp;","og_url":"https:\/\/www.guerini.it\/index.php\/prodotto\/lean-thinking-come-creare-valore-e-bandire-gli-sprechi\/","og_site_name":"Guerini e Associati","article_modified_time":"2024-06-12T12:36:37+00:00","og_image":[{"width":223,"height":350,"url":"https:\/\/www.guerini.it\/wp-content\/uploads\/2012\/05\/LEAN-THINKING-1-scaled-e1665062485190.jpg","type":"image\/jpeg"}],"twitter_card":"summary_large_image","twitter_misc":{"Tempo di lettura stimato":"1 minuto"},"schema":{"@context":"https:\/\/schema.org","@graph":[{"@type":"WebPage","@id":"https:\/\/www.guerini.it\/index.php\/prodotto\/lean-thinking-come-creare-valore-e-bandire-gli-sprechi\/","url":"https:\/\/www.guerini.it\/index.php\/prodotto\/lean-thinking-come-creare-valore-e-bandire-gli-sprechi\/","name":"Lean Thinking - Guerini e Associati","isPartOf":{"@id":"https:\/\/www.guerini.it\/#website"},"primaryImageOfPage":{"@id":"https:\/\/www.guerini.it\/index.php\/prodotto\/lean-thinking-come-creare-valore-e-bandire-gli-sprechi\/#primaryimage"},"image":{"@id":"https:\/\/www.guerini.it\/index.php\/prodotto\/lean-thinking-come-creare-valore-e-bandire-gli-sprechi\/#primaryimage"},"thumbnailUrl":"https:\/\/www.guerini.it\/wp-content\/uploads\/2012\/05\/LEAN-THINKING-1-scaled-e1665062485190.jpg","datePublished":"2012-05-24T10:59:31+00:00","dateModified":"2024-06-12T12:36:37+00:00","breadcrumb":{"@id":"https:\/\/www.guerini.it\/index.php\/prodotto\/lean-thinking-come-creare-valore-e-bandire-gli-sprechi\/#breadcrumb"},"inLanguage":"it-IT","potentialAction":[{"@type":"ReadAction","target":["https:\/\/www.guerini.it\/index.php\/prodotto\/lean-thinking-come-creare-valore-e-bandire-gli-sprechi\/"]}]},{"@type":"ImageObject","inLanguage":"it-IT","@id":"https:\/\/www.guerini.it\/index.php\/prodotto\/lean-thinking-come-creare-valore-e-bandire-gli-sprechi\/#primaryimage","url":"https:\/\/www.guerini.it\/wp-content\/uploads\/2012\/05\/LEAN-THINKING-1-scaled-e1665062485190.jpg","contentUrl":"https:\/\/www.guerini.it\/wp-content\/uploads\/2012\/05\/LEAN-THINKING-1-scaled-e1665062485190.jpg","width":223,"height":350,"caption":"Copertina del volume Lean Thinking"},{"@type":"BreadcrumbList","@id":"https:\/\/www.guerini.it\/index.php\/prodotto\/lean-thinking-come-creare-valore-e-bandire-gli-sprechi\/#breadcrumb","itemListElement":[{"@type":"ListItem","position":1,"name":"Home","item":"https:\/\/www.guerini.it\/"},{"@type":"ListItem","position":2,"name":"Catalogo","item":"https:\/\/www.guerini.it\/index.php\/negozio\/"},{"@type":"ListItem","position":3,"name":"Lean Thinking"}]},{"@type":"WebSite","@id":"https:\/\/www.guerini.it\/#website","url":"https:\/\/www.guerini.it\/","name":"Guerini e Associati","description":"30 anni di libri, idee e libert\u00e0","publisher":{"@id":"https:\/\/www.guerini.it\/#organization"},"potentialAction":[{"@type":"SearchAction","target":{"@type":"EntryPoint","urlTemplate":"https:\/\/www.guerini.it\/?s={search_term_string}"},"query-input":{"@type":"PropertyValueSpecification","valueRequired":true,"valueName":"search_term_string"}}],"inLanguage":"it-IT"},{"@type":"Organization","@id":"https:\/\/www.guerini.it\/#organization","name":"Guerini e Associati","url":"https:\/\/www.guerini.it\/","logo":{"@type":"ImageObject","inLanguage":"it-IT","@id":"https:\/\/www.guerini.it\/#\/schema\/logo\/image\/","url":"https:\/\/www.guerini.it\/wp-content\/uploads\/2021\/03\/Logo-Guerini-OK_-e1615831292285.png","contentUrl":"https:\/\/www.guerini.it\/wp-content\/uploads\/2021\/03\/Logo-Guerini-OK_-e1615831292285.png","width":2805,"height":1870,"caption":"Guerini e Associati"},"image":{"@id":"https:\/\/www.guerini.it\/#\/schema\/logo\/image\/"}}]}},"_links":{"self":[{"href":"https:\/\/www.guerini.it\/index.php\/wp-json\/wp\/v2\/product\/12560","targetHints":{"allow":["GET"]}}],"collection":[{"href":"https:\/\/www.guerini.it\/index.php\/wp-json\/wp\/v2\/product"}],"about":[{"href":"https:\/\/www.guerini.it\/index.php\/wp-json\/wp\/v2\/types\/product"}],"wp:featuredmedia":[{"embeddable":true,"href":"https:\/\/www.guerini.it\/index.php\/wp-json\/wp\/v2\/media\/23190"}],"wp:attachment":[{"href":"https:\/\/www.guerini.it\/index.php\/wp-json\/wp\/v2\/media?parent=12560"}],"wp:term":[{"taxonomy":"product_brand","embeddable":true,"href":"https:\/\/www.guerini.it\/index.php\/wp-json\/wp\/v2\/product_brand?post=12560"},{"taxonomy":"product_cat","embeddable":true,"href":"https:\/\/www.guerini.it\/index.php\/wp-json\/wp\/v2\/product_cat?post=12560"},{"taxonomy":"product_tag","embeddable":true,"href":"https:\/\/www.guerini.it\/index.php\/wp-json\/wp\/v2\/product_tag?post=12560"}],"curies":[{"name":"wp","href":"https:\/\/api.w.org\/{rel}","templated":true}]}}