{"id":12710,"date":"2012-05-24T12:59:36","date_gmt":"2012-05-24T10:59:36","guid":{"rendered":"https:\/\/test.guerini.it\/?product=culture-ibride"},"modified":"2024-06-09T20:13:14","modified_gmt":"2024-06-09T18:13:14","slug":"culture-ibride","status":"publish","type":"product","link":"https:\/\/www.guerini.it\/index.php\/prodotto\/culture-ibride\/","title":{"rendered":"Culture ibride"},"content":{"rendered":"<p>La modernit\u00e0 \u00e8 ibrida. \u00c8 fatta di incroci e mescolanze tra il tradizionale e il nuovo. Un approccio classico all\u2019antropologia contemporanea, che stimola riflessioni di grande attualit\u00e0, soprattutto riguardo alla dinamica localismo-globalizzazione.<\/p>\n","protected":false},"excerpt":{"rendered":"<p>La modernit\u00e0 \u00e8 ibrida. \u00c8 fatta di incroci e mescolanze tra il tradizionale e il nuovo. Un approccio classico all\u2019antropologia contemporanea, che stimola riflessioni di grande attualit\u00e0, soprattutto riguardo alla dinamica localismo-globalizzazione.<\/p>\n","protected":false},"featured_media":12709,"template":"","meta":{"_editorskit_title_hidden":false,"_editorskit_reading_time":0,"_editorskit_is_block_options_detached":false,"_editorskit_block_options_position":"{}","_monsterinsights_skip_tracking":false,"_monsterinsights_sitenote_active":false,"_monsterinsights_sitenote_note":"","_monsterinsights_sitenote_category":0},"product_brand":[],"product_cat":[6537],"product_tag":[],"class_list":{"0":"post-12710","1":"product","2":"type-product","3":"status-publish","4":"has-post-thumbnail","6":"product_cat-scienze-politiche-sociali","7":"pa_country_of_manufacture-it","8":"pa_fulfillment-default","9":"pa_guerini_nedizione-3750","11":"first","12":"outofstock","13":"sale","14":"shipping-taxable","15":"purchasable","16":"product-type-simple"},"yoast_head":"<!-- This site is optimized with the Yoast SEO plugin v25.4 - https:\/\/yoast.com\/wordpress\/plugins\/seo\/ -->\n<title>Culture ibride - Guerini e Associati<\/title>\n<meta name=\"robots\" content=\"index, follow, max-snippet:-1, max-image-preview:large, max-video-preview:-1\" \/>\n<link rel=\"canonical\" href=\"https:\/\/www.guerini.it\/index.php\/prodotto\/culture-ibride\/\" \/>\n<meta property=\"og:locale\" content=\"it_IT\" \/>\n<meta property=\"og:type\" content=\"article\" \/>\n<meta property=\"og:title\" content=\"Culture ibride - Guerini e Associati\" \/>\n<meta property=\"og:description\" content=\"La modernit\u00e0 \u00e8 ibrida. \u00c8 fatta di incroci e mescolanze tra il tradizionale e il nuovo. Un approccio classico all\u2019antropologia contemporanea, che stimola riflessioni di grande attualit\u00e0, soprattutto riguardo alla dinamica localismo-globalizzazione.\" \/>\n<meta property=\"og:url\" content=\"https:\/\/www.guerini.it\/index.php\/prodotto\/culture-ibride\/\" \/>\n<meta property=\"og:site_name\" content=\"Guerini e Associati\" \/>\n<meta property=\"article:modified_time\" content=\"2024-06-09T18:13:14+00:00\" \/>\n<meta property=\"og:image\" content=\"https:\/\/www.guerini.it\/wp-content\/uploads\/2012\/05\/88-7802-865-7.jpg\" \/>\n\t<meta property=\"og:image:width\" content=\"100\" \/>\n\t<meta property=\"og:image:height\" content=\"165\" \/>\n\t<meta property=\"og:image:type\" content=\"image\/jpeg\" \/>\n<meta name=\"twitter:card\" content=\"summary_large_image\" \/>\n<!-- \/ Yoast SEO plugin. -->","yoast_head_json":{"title":"Culture ibride - Guerini e Associati","robots":{"index":"index","follow":"follow","max-snippet":"max-snippet:-1","max-image-preview":"max-image-preview:large","max-video-preview":"max-video-preview:-1"},"canonical":"https:\/\/www.guerini.it\/index.php\/prodotto\/culture-ibride\/","og_locale":"it_IT","og_type":"article","og_title":"Culture ibride - Guerini e Associati","og_description":"La modernit\u00e0 \u00e8 ibrida. \u00c8 fatta di incroci e mescolanze tra il tradizionale e il nuovo. Un approccio classico all\u2019antropologia contemporanea, che stimola riflessioni di grande attualit\u00e0, soprattutto riguardo alla dinamica localismo-globalizzazione.","og_url":"https:\/\/www.guerini.it\/index.php\/prodotto\/culture-ibride\/","og_site_name":"Guerini e Associati","article_modified_time":"2024-06-09T18:13:14+00:00","og_image":[{"width":100,"height":165,"url":"https:\/\/www.guerini.it\/wp-content\/uploads\/2012\/05\/88-7802-865-7.jpg","type":"image\/jpeg"}],"twitter_card":"summary_large_image","schema":{"@context":"https:\/\/schema.org","@graph":[{"@type":"WebPage","@id":"https:\/\/www.guerini.it\/index.php\/prodotto\/culture-ibride\/","url":"https:\/\/www.guerini.it\/index.php\/prodotto\/culture-ibride\/","name":"Culture ibride - Guerini e Associati","isPartOf":{"@id":"https:\/\/www.guerini.it\/#website"},"primaryImageOfPage":{"@id":"https:\/\/www.guerini.it\/index.php\/prodotto\/culture-ibride\/#primaryimage"},"image":{"@id":"https:\/\/www.guerini.it\/index.php\/prodotto\/culture-ibride\/#primaryimage"},"thumbnailUrl":"https:\/\/www.guerini.it\/wp-content\/uploads\/2012\/05\/88-7802-865-7.jpg","datePublished":"2012-05-24T10:59:36+00:00","dateModified":"2024-06-09T18:13:14+00:00","breadcrumb":{"@id":"https:\/\/www.guerini.it\/index.php\/prodotto\/culture-ibride\/#breadcrumb"},"inLanguage":"it-IT","potentialAction":[{"@type":"ReadAction","target":["https:\/\/www.guerini.it\/index.php\/prodotto\/culture-ibride\/"]}]},{"@type":"ImageObject","inLanguage":"it-IT","@id":"https:\/\/www.guerini.it\/index.php\/prodotto\/culture-ibride\/#primaryimage","url":"https:\/\/www.guerini.it\/wp-content\/uploads\/2012\/05\/88-7802-865-7.jpg","contentUrl":"https:\/\/www.guerini.it\/wp-content\/uploads\/2012\/05\/88-7802-865-7.jpg","width":100,"height":165,"caption":"Culture ibride"},{"@type":"BreadcrumbList","@id":"https:\/\/www.guerini.it\/index.php\/prodotto\/culture-ibride\/#breadcrumb","itemListElement":[{"@type":"ListItem","position":1,"name":"Home","item":"https:\/\/www.guerini.it\/"},{"@type":"ListItem","position":2,"name":"Catalogo","item":"https:\/\/www.guerini.it\/index.php\/negozio\/"},{"@type":"ListItem","position":3,"name":"Culture ibride"}]},{"@type":"WebSite","@id":"https:\/\/www.guerini.it\/#website","url":"https:\/\/www.guerini.it\/","name":"Guerini e Associati","description":"30 anni di libri, idee e libert\u00e0","publisher":{"@id":"https:\/\/www.guerini.it\/#organization"},"potentialAction":[{"@type":"SearchAction","target":{"@type":"EntryPoint","urlTemplate":"https:\/\/www.guerini.it\/?s={search_term_string}"},"query-input":{"@type":"PropertyValueSpecification","valueRequired":true,"valueName":"search_term_string"}}],"inLanguage":"it-IT"},{"@type":"Organization","@id":"https:\/\/www.guerini.it\/#organization","name":"Guerini e Associati","url":"https:\/\/www.guerini.it\/","logo":{"@type":"ImageObject","inLanguage":"it-IT","@id":"https:\/\/www.guerini.it\/#\/schema\/logo\/image\/","url":"https:\/\/www.guerini.it\/wp-content\/uploads\/2021\/03\/Logo-Guerini-OK_-e1615831292285.png","contentUrl":"https:\/\/www.guerini.it\/wp-content\/uploads\/2021\/03\/Logo-Guerini-OK_-e1615831292285.png","width":2805,"height":1870,"caption":"Guerini e Associati"},"image":{"@id":"https:\/\/www.guerini.it\/#\/schema\/logo\/image\/"}}]}},"_links":{"self":[{"href":"https:\/\/www.guerini.it\/index.php\/wp-json\/wp\/v2\/product\/12710","targetHints":{"allow":["GET"]}}],"collection":[{"href":"https:\/\/www.guerini.it\/index.php\/wp-json\/wp\/v2\/product"}],"about":[{"href":"https:\/\/www.guerini.it\/index.php\/wp-json\/wp\/v2\/types\/product"}],"wp:featuredmedia":[{"embeddable":true,"href":"https:\/\/www.guerini.it\/index.php\/wp-json\/wp\/v2\/media\/12709"}],"wp:attachment":[{"href":"https:\/\/www.guerini.it\/index.php\/wp-json\/wp\/v2\/media?parent=12710"}],"wp:term":[{"taxonomy":"product_brand","embeddable":true,"href":"https:\/\/www.guerini.it\/index.php\/wp-json\/wp\/v2\/product_brand?post=12710"},{"taxonomy":"product_cat","embeddable":true,"href":"https:\/\/www.guerini.it\/index.php\/wp-json\/wp\/v2\/product_cat?post=12710"},{"taxonomy":"product_tag","embeddable":true,"href":"https:\/\/www.guerini.it\/index.php\/wp-json\/wp\/v2\/product_tag?post=12710"}],"curies":[{"name":"wp","href":"https:\/\/api.w.org\/{rel}","templated":true}]}}