{"id":12887,"date":"2012-05-24T12:59:37","date_gmt":"2012-05-24T10:59:37","guid":{"rendered":"https:\/\/test.guerini.it\/?product=afghanistan-anno-zero"},"modified":"2024-11-11T15:38:20","modified_gmt":"2024-11-11T14:38:20","slug":"afghanistan-anno-zero","status":"publish","type":"product","link":"https:\/\/www.guerini.it\/index.php\/prodotto\/afghanistan-anno-zero\/","title":{"rendered":"Afghanistan anno zero"},"content":{"rendered":"<p style=\"text-align: justify;\"><em>Afghanistan. C&#8217;\u00e8 un aggettivo che, da ormai pi\u00f9 di dieci anni, accompagna inesorabilmente il nome di questo Paese. L&#8217;aggettivo \u00e8: <\/em>dimenticato<em>. L&#8217;Afghanistan dimenticato. Un non luogo.<br \/>\n<\/em><em>Tre paia di occhi diversi, tre linguaggi diversi per raccontare, per incriminare anche di poco l&#8217;amnesia colpevole del mondo. Perch\u00e9 quel non luogo e quel non tempo sono colmi di vite, umiliate, negate, mutilate.<br \/>\n<\/em><em>In questo libro abbiamo provato a raccogliere segni, parole e immagini. E forse, lo spero, anche il non detto, quello che non si pu\u00f2 scrivere, disegnare o fotografare, quello che ho visto a Kabul negli occhi di Giulietto Chiesa che non riuscivano a contenere l&#8217;immagine del corpo di un bambino straziato da una mina.<\/em><\/p>\n<p>4 settembre 2001, VAURO<\/p>\n<hr \/>\n<p><strong>9 settembre 2001: <em>Massud, il Leone del Panshir, \u00e8 vittima di un attentato; muore 6 giorni dopo.<\/em><\/strong><\/p>\n<p><strong>11 settembre 2001: <em>attacco terroristico alle Torri Gemelli e al Pentagono<\/em><\/strong><\/p>\n<hr \/>\n<p style=\"text-align: justify;\"><strong>Giulietto Chiesa<\/strong>, giornalista, gi\u00e0 corrispondente da Mosca de <em>La Stampa<\/em>. Per le nostre edizioni: <em>Roulette russa. Che cosa succede nel mondo se la Russia va in pezzi<\/em>.<br \/>\n<strong>Vauro<\/strong>, vignettista, giornalista de <em>Il manifesto.<br \/>\n<\/em><strong>Gino Strada,<\/strong> medico chirurgo, fondatore di <em>Emergency<\/em>.<\/p>\n","protected":false},"excerpt":{"rendered":"<p>Tre linguaggi diversi per raccontare la vita in una terra tenuta in scacco, umiliata, negata e mutilata. Segni, parole, immagini. \u00c8 l\u2019Afghanistan di Gino Strada e della sua lunga e coraggiosa esperienza; di Vauro e della sua Piccola storia afghana, che se<\/p>\n","protected":false},"featured_media":22073,"template":"","meta":{"_editorskit_title_hidden":false,"_editorskit_reading_time":0,"_editorskit_is_block_options_detached":false,"_editorskit_block_options_position":"{}","_monsterinsights_skip_tracking":false,"_monsterinsights_sitenote_active":false,"_monsterinsights_sitenote_note":"","_monsterinsights_sitenote_category":0},"product_brand":[],"product_cat":[6537],"product_tag":[],"class_list":{"0":"post-12887","1":"product","2":"type-product","3":"status-publish","4":"has-post-thumbnail","6":"product_cat-scienze-politiche-sociali","7":"pa_country_of_manufacture-it","8":"pa_fulfillment-default","9":"pa_guerini_amazon_link-https-www-amazon-it-afghanistan-anno-zero-giulietto-chiesa-dp-8883352424","10":"pa_guerini_feltrinelli_link-https-www-lafeltrinelli-it-libri-vauro-afghanistan-anno-zero-9788883352423","11":"pa_guerini_libruniver_link-https-www-libreriauniversitaria-it-afghanistan-anno-zero-chiesa-giulietto-libro-9788883352423","12":"pa_guerini_mondadori_link-https-www-mondadoristore-it-afghanistan-anno-zero-giulietto-chiesa-vauro-senesi-vauro-eai978888335242","13":"pa_guerini_strillo-48-ilprimolibrosullafghanista","15":"first","16":"instock","17":"sale","18":"shipping-taxable","19":"purchasable","20":"product-type-simple"},"yoast_head":"<!-- This site is optimized with the Yoast SEO plugin v25.4 - https:\/\/yoast.com\/wordpress\/plugins\/seo\/ -->\n<title>Afghanistan anno zero - Guerini e Associati<\/title>\n<meta name=\"robots\" content=\"index, follow, max-snippet:-1, max-image-preview:large, max-video-preview:-1\" \/>\n<link rel=\"canonical\" href=\"https:\/\/www.guerini.it\/index.php\/prodotto\/afghanistan-anno-zero\/\" \/>\n<meta property=\"og:locale\" content=\"it_IT\" \/>\n<meta property=\"og:type\" content=\"article\" \/>\n<meta property=\"og:title\" content=\"Afghanistan anno zero - Guerini e Associati\" \/>\n<meta property=\"og:description\" content=\"Tre linguaggi diversi per raccontare la vita in una terra tenuta in scacco, umiliata, negata e mutilata. Segni, parole, immagini. \u00c8 l\u2019Afghanistan di Gino Strada e della sua lunga e coraggiosa esperienza; di Vauro e della sua Piccola storia afghana, che se\" \/>\n<meta property=\"og:url\" content=\"https:\/\/www.guerini.it\/index.php\/prodotto\/afghanistan-anno-zero\/\" \/>\n<meta property=\"og:site_name\" content=\"Guerini e Associati\" \/>\n<meta property=\"article:modified_time\" content=\"2024-11-11T14:38:20+00:00\" \/>\n<meta property=\"og:image\" content=\"https:\/\/www.guerini.it\/wp-content\/uploads\/2012\/05\/26514-e1631113467690.jpg\" \/>\n\t<meta property=\"og:image:width\" content=\"234\" \/>\n\t<meta property=\"og:image:height\" content=\"350\" \/>\n\t<meta property=\"og:image:type\" content=\"image\/jpeg\" \/>\n<meta name=\"twitter:card\" content=\"summary_large_image\" \/>\n<meta name=\"twitter:label1\" content=\"Tempo di lettura stimato\" \/>\n\t<meta name=\"twitter:data1\" content=\"2 minuti\" \/>\n<!-- \/ Yoast SEO plugin. -->","yoast_head_json":{"title":"Afghanistan anno zero - Guerini e Associati","robots":{"index":"index","follow":"follow","max-snippet":"max-snippet:-1","max-image-preview":"max-image-preview:large","max-video-preview":"max-video-preview:-1"},"canonical":"https:\/\/www.guerini.it\/index.php\/prodotto\/afghanistan-anno-zero\/","og_locale":"it_IT","og_type":"article","og_title":"Afghanistan anno zero - Guerini e Associati","og_description":"Tre linguaggi diversi per raccontare la vita in una terra tenuta in scacco, umiliata, negata e mutilata. Segni, parole, immagini. \u00c8 l\u2019Afghanistan di Gino Strada e della sua lunga e coraggiosa esperienza; di Vauro e della sua Piccola storia afghana, che se","og_url":"https:\/\/www.guerini.it\/index.php\/prodotto\/afghanistan-anno-zero\/","og_site_name":"Guerini e Associati","article_modified_time":"2024-11-11T14:38:20+00:00","og_image":[{"width":234,"height":350,"url":"https:\/\/www.guerini.it\/wp-content\/uploads\/2012\/05\/26514-e1631113467690.jpg","type":"image\/jpeg"}],"twitter_card":"summary_large_image","twitter_misc":{"Tempo di lettura stimato":"2 minuti"},"schema":{"@context":"https:\/\/schema.org","@graph":[{"@type":"WebPage","@id":"https:\/\/www.guerini.it\/index.php\/prodotto\/afghanistan-anno-zero\/","url":"https:\/\/www.guerini.it\/index.php\/prodotto\/afghanistan-anno-zero\/","name":"Afghanistan anno zero - Guerini e Associati","isPartOf":{"@id":"https:\/\/www.guerini.it\/#website"},"primaryImageOfPage":{"@id":"https:\/\/www.guerini.it\/index.php\/prodotto\/afghanistan-anno-zero\/#primaryimage"},"image":{"@id":"https:\/\/www.guerini.it\/index.php\/prodotto\/afghanistan-anno-zero\/#primaryimage"},"thumbnailUrl":"https:\/\/www.guerini.it\/wp-content\/uploads\/2012\/05\/26514-e1631113467690.jpg","datePublished":"2012-05-24T10:59:37+00:00","dateModified":"2024-11-11T14:38:20+00:00","breadcrumb":{"@id":"https:\/\/www.guerini.it\/index.php\/prodotto\/afghanistan-anno-zero\/#breadcrumb"},"inLanguage":"it-IT","potentialAction":[{"@type":"ReadAction","target":["https:\/\/www.guerini.it\/index.php\/prodotto\/afghanistan-anno-zero\/"]}]},{"@type":"ImageObject","inLanguage":"it-IT","@id":"https:\/\/www.guerini.it\/index.php\/prodotto\/afghanistan-anno-zero\/#primaryimage","url":"https:\/\/www.guerini.it\/wp-content\/uploads\/2012\/05\/26514-e1631113467690.jpg","contentUrl":"https:\/\/www.guerini.it\/wp-content\/uploads\/2012\/05\/26514-e1631113467690.jpg","width":234,"height":350,"caption":"Afghanistan"},{"@type":"BreadcrumbList","@id":"https:\/\/www.guerini.it\/index.php\/prodotto\/afghanistan-anno-zero\/#breadcrumb","itemListElement":[{"@type":"ListItem","position":1,"name":"Home","item":"https:\/\/www.guerini.it\/"},{"@type":"ListItem","position":2,"name":"Catalogo","item":"https:\/\/www.guerini.it\/index.php\/negozio\/"},{"@type":"ListItem","position":3,"name":"Afghanistan anno zero"}]},{"@type":"WebSite","@id":"https:\/\/www.guerini.it\/#website","url":"https:\/\/www.guerini.it\/","name":"Guerini e Associati","description":"30 anni di libri, idee e libert\u00e0","publisher":{"@id":"https:\/\/www.guerini.it\/#organization"},"potentialAction":[{"@type":"SearchAction","target":{"@type":"EntryPoint","urlTemplate":"https:\/\/www.guerini.it\/?s={search_term_string}"},"query-input":{"@type":"PropertyValueSpecification","valueRequired":true,"valueName":"search_term_string"}}],"inLanguage":"it-IT"},{"@type":"Organization","@id":"https:\/\/www.guerini.it\/#organization","name":"Guerini e Associati","url":"https:\/\/www.guerini.it\/","logo":{"@type":"ImageObject","inLanguage":"it-IT","@id":"https:\/\/www.guerini.it\/#\/schema\/logo\/image\/","url":"https:\/\/www.guerini.it\/wp-content\/uploads\/2021\/03\/Logo-Guerini-OK_-e1615831292285.png","contentUrl":"https:\/\/www.guerini.it\/wp-content\/uploads\/2021\/03\/Logo-Guerini-OK_-e1615831292285.png","width":2805,"height":1870,"caption":"Guerini e Associati"},"image":{"@id":"https:\/\/www.guerini.it\/#\/schema\/logo\/image\/"}}]}},"_links":{"self":[{"href":"https:\/\/www.guerini.it\/index.php\/wp-json\/wp\/v2\/product\/12887","targetHints":{"allow":["GET"]}}],"collection":[{"href":"https:\/\/www.guerini.it\/index.php\/wp-json\/wp\/v2\/product"}],"about":[{"href":"https:\/\/www.guerini.it\/index.php\/wp-json\/wp\/v2\/types\/product"}],"wp:featuredmedia":[{"embeddable":true,"href":"https:\/\/www.guerini.it\/index.php\/wp-json\/wp\/v2\/media\/22073"}],"wp:attachment":[{"href":"https:\/\/www.guerini.it\/index.php\/wp-json\/wp\/v2\/media?parent=12887"}],"wp:term":[{"taxonomy":"product_brand","embeddable":true,"href":"https:\/\/www.guerini.it\/index.php\/wp-json\/wp\/v2\/product_brand?post=12887"},{"taxonomy":"product_cat","embeddable":true,"href":"https:\/\/www.guerini.it\/index.php\/wp-json\/wp\/v2\/product_cat?post=12887"},{"taxonomy":"product_tag","embeddable":true,"href":"https:\/\/www.guerini.it\/index.php\/wp-json\/wp\/v2\/product_tag?post=12887"}],"curies":[{"name":"wp","href":"https:\/\/api.w.org\/{rel}","templated":true}]}}