{"id":12903,"date":"2012-05-24T12:59:37","date_gmt":"2012-05-24T10:59:37","guid":{"rendered":"https:\/\/test.guerini.it\/?product=taccuino-persiano"},"modified":"2026-03-03T20:08:12","modified_gmt":"2026-03-03T19:08:12","slug":"taccuino-persiano","status":"publish","type":"product","link":"https:\/\/www.guerini.it\/index.php\/prodotto\/taccuino-persiano\/","title":{"rendered":"Taccuino persiano"},"content":{"rendered":"<p style=\"text-align: justify;\">A vent&#8217;anni dalla rivoluzione iraniana (1978-79), che sollev\u00f2 lo Sci\u00e0 e affid\u00f2 il governo del paese all&#8217;ayatollah Khomeini, si rivela di straordinaria attualit\u00e0 la previsione di Michel Foucault. \u00abL&#8217;islam\u00bb aveva scritto allora il filosofo francese \u00abrischia di costituire una gigantesca polveriera. Da ieri ogni stato musulmano pu\u00f2 essere rivoluzionario dall&#8217;interno, a partire dalle sue tradizioni secolari\u00bb. Foucault guardava all&#8217;islam da un osservatorio privilegiato: era allora inviato speciale a Teheran per il Corriere della Sera, e i suoi reportage, che qui pubblichiamo, testimoniano una partecipazione appassionata ed entusiasta agli avvenimenti. L&#8217;adesione al movimento che scuoteva l&#8217;Iran e che si sarebbe, con forme e vicende diverse, propagato in seguito a gran parte del Medio Oriente, fu propria a molti intellettuali dell&#8217;epoca. Oggi la stessa \u00abprofezia\u00bb \u00e8 pi\u00f9 spesso vissuta come una minaccia: sintomo della complessit\u00e0 del confronto con questo nuovo soggetto religioso e politico che, dopo la caduta dell&#8217;ordine mondiale bipolare, si propone come radicale alternativa alla visione del mondo propria dell&#8217;Occidente.<\/p>\n<hr \/>\n<p style=\"text-align: justify;\"><strong>Michel Foucault<\/strong> (1926-1984) \u00e8 uno dei pi\u00f9 rappresentativi pensatori francesi della seconda met\u00e0 del Novecento. Tra le sue opere tradotte in italiano ricordiamo:<em> Storia della follia nell&#8217;et\u00e0 classica<\/em> (Milano 1976), <em>Le parole e le cose<\/em> (Milano 1966), <em>Sorvegliare e punire<\/em> (Torino 1976), <em>Microfisica del potere<\/em> (Torino 1977), <em>Storia della sessualit\u00e0<\/em> (I, Milano 1978; II, Milano 1984-85; III, Milano 1985-86).<\/p>\n","protected":false},"excerpt":{"rendered":"<p>Foucault, inviato del Corriere della Sera a Teheran durante la rivoluzione iraniana, riflette sulla carica rivoluzionaria dell\u2019Islam. L\u2019entusiasta adesione di molti intellettuali ai cambiamenti portati da Khomeini e il loro esito vent\u2019anni dopo.<\/p>\n","protected":false},"featured_media":24261,"template":"","meta":{"_editorskit_title_hidden":false,"_editorskit_reading_time":0,"_editorskit_is_block_options_detached":false,"_editorskit_block_options_position":"{}","_monsterinsights_skip_tracking":false,"_monsterinsights_sitenote_active":false,"_monsterinsights_sitenote_note":"","_monsterinsights_sitenote_category":0},"product_brand":[],"product_cat":[6537],"product_tag":[],"class_list":{"0":"post-12903","1":"product","2":"type-product","3":"status-publish","4":"has-post-thumbnail","6":"product_cat-scienze-politiche-sociali","7":"pa_country_of_manufacture-it","8":"pa_fulfillment-default","9":"pa_guerini_amazon_link-https-www-amazon-it-taccuino-persiano-michel-foucault-dp-8878028614","11":"first","12":"instock","13":"sale","14":"shipping-taxable","15":"purchasable","16":"product-type-simple"},"yoast_head":"<!-- This site is optimized with the Yoast SEO plugin v25.4 - https:\/\/yoast.com\/wordpress\/plugins\/seo\/ -->\n<title>Taccuino persiano - Guerini e Associati<\/title>\n<meta name=\"robots\" content=\"index, follow, max-snippet:-1, max-image-preview:large, max-video-preview:-1\" \/>\n<link rel=\"canonical\" href=\"https:\/\/www.guerini.it\/index.php\/prodotto\/taccuino-persiano\/\" \/>\n<meta property=\"og:locale\" content=\"it_IT\" \/>\n<meta property=\"og:type\" content=\"article\" \/>\n<meta property=\"og:title\" content=\"Taccuino persiano - Guerini e Associati\" \/>\n<meta property=\"og:description\" content=\"Foucault, inviato del Corriere della Sera a Teheran durante la rivoluzione iraniana, riflette sulla carica rivoluzionaria dell\u2019Islam. L\u2019entusiasta adesione di molti intellettuali ai cambiamenti portati da Khomeini e il loro esito vent\u2019anni dopo.\" \/>\n<meta property=\"og:url\" content=\"https:\/\/www.guerini.it\/index.php\/prodotto\/taccuino-persiano\/\" \/>\n<meta property=\"og:site_name\" content=\"Guerini e Associati\" \/>\n<meta property=\"article:modified_time\" content=\"2026-03-03T19:08:12+00:00\" \/>\n<meta property=\"og:image\" content=\"https:\/\/www.guerini.it\/wp-content\/uploads\/2012\/05\/Taccuino-persiano_alta.webp\" \/>\n\t<meta property=\"og:image:width\" content=\"1112\" \/>\n\t<meta property=\"og:image:height\" content=\"1749\" \/>\n\t<meta property=\"og:image:type\" content=\"image\/webp\" \/>\n<meta name=\"twitter:card\" content=\"summary_large_image\" \/>\n<meta name=\"twitter:label1\" content=\"Tempo di lettura stimato\" \/>\n\t<meta name=\"twitter:data1\" content=\"2 minuti\" \/>\n<!-- \/ Yoast SEO plugin. -->","yoast_head_json":{"title":"Taccuino persiano - Guerini e Associati","robots":{"index":"index","follow":"follow","max-snippet":"max-snippet:-1","max-image-preview":"max-image-preview:large","max-video-preview":"max-video-preview:-1"},"canonical":"https:\/\/www.guerini.it\/index.php\/prodotto\/taccuino-persiano\/","og_locale":"it_IT","og_type":"article","og_title":"Taccuino persiano - Guerini e Associati","og_description":"Foucault, inviato del Corriere della Sera a Teheran durante la rivoluzione iraniana, riflette sulla carica rivoluzionaria dell\u2019Islam. L\u2019entusiasta adesione di molti intellettuali ai cambiamenti portati da Khomeini e il loro esito vent\u2019anni dopo.","og_url":"https:\/\/www.guerini.it\/index.php\/prodotto\/taccuino-persiano\/","og_site_name":"Guerini e Associati","article_modified_time":"2026-03-03T19:08:12+00:00","og_image":[{"width":1112,"height":1749,"url":"https:\/\/www.guerini.it\/wp-content\/uploads\/2012\/05\/Taccuino-persiano_alta.webp","type":"image\/webp"}],"twitter_card":"summary_large_image","twitter_misc":{"Tempo di lettura stimato":"2 minuti"},"schema":{"@context":"https:\/\/schema.org","@graph":[{"@type":"WebPage","@id":"https:\/\/www.guerini.it\/index.php\/prodotto\/taccuino-persiano\/","url":"https:\/\/www.guerini.it\/index.php\/prodotto\/taccuino-persiano\/","name":"Taccuino persiano - Guerini e Associati","isPartOf":{"@id":"https:\/\/www.guerini.it\/#website"},"primaryImageOfPage":{"@id":"https:\/\/www.guerini.it\/index.php\/prodotto\/taccuino-persiano\/#primaryimage"},"image":{"@id":"https:\/\/www.guerini.it\/index.php\/prodotto\/taccuino-persiano\/#primaryimage"},"thumbnailUrl":"https:\/\/www.guerini.it\/wp-content\/uploads\/2012\/05\/Taccuino-persiano_alta.webp","datePublished":"2012-05-24T10:59:37+00:00","dateModified":"2026-03-03T19:08:12+00:00","breadcrumb":{"@id":"https:\/\/www.guerini.it\/index.php\/prodotto\/taccuino-persiano\/#breadcrumb"},"inLanguage":"it-IT","potentialAction":[{"@type":"ReadAction","target":["https:\/\/www.guerini.it\/index.php\/prodotto\/taccuino-persiano\/"]}]},{"@type":"ImageObject","inLanguage":"it-IT","@id":"https:\/\/www.guerini.it\/index.php\/prodotto\/taccuino-persiano\/#primaryimage","url":"https:\/\/www.guerini.it\/wp-content\/uploads\/2012\/05\/Taccuino-persiano_alta.webp","contentUrl":"https:\/\/www.guerini.it\/wp-content\/uploads\/2012\/05\/Taccuino-persiano_alta.webp","width":1112,"height":1749},{"@type":"BreadcrumbList","@id":"https:\/\/www.guerini.it\/index.php\/prodotto\/taccuino-persiano\/#breadcrumb","itemListElement":[{"@type":"ListItem","position":1,"name":"Home","item":"https:\/\/www.guerini.it\/"},{"@type":"ListItem","position":2,"name":"Catalogo","item":"https:\/\/www.guerini.it\/index.php\/negozio\/"},{"@type":"ListItem","position":3,"name":"Taccuino persiano"}]},{"@type":"WebSite","@id":"https:\/\/www.guerini.it\/#website","url":"https:\/\/www.guerini.it\/","name":"Guerini e Associati","description":"30 anni di libri, idee e libert\u00e0","publisher":{"@id":"https:\/\/www.guerini.it\/#organization"},"potentialAction":[{"@type":"SearchAction","target":{"@type":"EntryPoint","urlTemplate":"https:\/\/www.guerini.it\/?s={search_term_string}"},"query-input":{"@type":"PropertyValueSpecification","valueRequired":true,"valueName":"search_term_string"}}],"inLanguage":"it-IT"},{"@type":"Organization","@id":"https:\/\/www.guerini.it\/#organization","name":"Guerini e Associati","url":"https:\/\/www.guerini.it\/","logo":{"@type":"ImageObject","inLanguage":"it-IT","@id":"https:\/\/www.guerini.it\/#\/schema\/logo\/image\/","url":"https:\/\/www.guerini.it\/wp-content\/uploads\/2021\/03\/Logo-Guerini-OK_-e1615831292285.png","contentUrl":"https:\/\/www.guerini.it\/wp-content\/uploads\/2021\/03\/Logo-Guerini-OK_-e1615831292285.png","width":2805,"height":1870,"caption":"Guerini e Associati"},"image":{"@id":"https:\/\/www.guerini.it\/#\/schema\/logo\/image\/"}}]}},"_links":{"self":[{"href":"https:\/\/www.guerini.it\/index.php\/wp-json\/wp\/v2\/product\/12903","targetHints":{"allow":["GET"]}}],"collection":[{"href":"https:\/\/www.guerini.it\/index.php\/wp-json\/wp\/v2\/product"}],"about":[{"href":"https:\/\/www.guerini.it\/index.php\/wp-json\/wp\/v2\/types\/product"}],"wp:featuredmedia":[{"embeddable":true,"href":"https:\/\/www.guerini.it\/index.php\/wp-json\/wp\/v2\/media\/24261"}],"wp:attachment":[{"href":"https:\/\/www.guerini.it\/index.php\/wp-json\/wp\/v2\/media?parent=12903"}],"wp:term":[{"taxonomy":"product_brand","embeddable":true,"href":"https:\/\/www.guerini.it\/index.php\/wp-json\/wp\/v2\/product_brand?post=12903"},{"taxonomy":"product_cat","embeddable":true,"href":"https:\/\/www.guerini.it\/index.php\/wp-json\/wp\/v2\/product_cat?post=12903"},{"taxonomy":"product_tag","embeddable":true,"href":"https:\/\/www.guerini.it\/index.php\/wp-json\/wp\/v2\/product_tag?post=12903"}],"curies":[{"name":"wp","href":"https:\/\/api.w.org\/{rel}","templated":true}]}}