{"id":13139,"date":"2012-05-24T12:59:46","date_gmt":"2012-05-24T10:59:46","guid":{"rendered":"https:\/\/test.guerini.it\/?product=leggenda-nera"},"modified":"2024-06-12T14:36:49","modified_gmt":"2024-06-12T12:36:49","slug":"leggenda-nera","status":"publish","type":"product","link":"https:\/\/www.guerini.it\/index.php\/prodotto\/leggenda-nera\/","title":{"rendered":"Leggenda nera"},"content":{"rendered":"<p style=\"text-align: justify;\">\u00abDove c&#8217;\u00e8 un uomo, c&#8217;\u00e8 un problema; se elimini l&#8217;uomo, elimini il problema\u00bb: \u00e8 il primo comandamento di Saddam.<br \/>\nDalla Guerra del Golfo del 1991, la leggenda nera del <em>macellaio di Baghdad<\/em> si \u00e8 nutrita di una lunga serie di nefandezze che, al di l\u00e0 dell&#8217;aneddotica spicciola, hanno purtroppo un triste riscontro in uno dei regimi pi\u00f9 brutali dell&#8217;intera storia del Medio Oriente. Dalle vasche di acido in cui sono spariti i comunisti iracheni all&#8217;uso dei gas per mettere a tacere la rivolta dei curdi, dai misteriosi incidenti in cui sono morti i suoi concorrenti al potere fino al massacro degli sciiti, tutto rientra nella logica calcolata di questo Machiavelli delle rive del Tigri.<br \/>\nL&#8217;Iraq, con lui alla presidenza, si \u00e8 trasformato in un vero e proprio regno del terrore in cui i figli denunciano i padri, i vicini di casa si spiano a vicenda e gli onnipresenti servizi segreti soffocano con sistematicit\u00e0 crudele la societ\u00e0 civile. L&#8217;Iraq ha dovuto sopportare due guerre devastanti (quella contro l&#8217;Iran e la Guerra del Golfo) nonch\u00e9 (\u00e8 sanzioni pi\u00f9 lunghe della storia dell&#8217;Onu che \u00a0\u0336 \u00a0di sofferenza in sofferenza \u00a0\u0336 \u00a0lo hanno riportato a un Medio Evo arcaico.<br \/>\nMa Saddam, la Spada degli arabi, \u00e8 sempre l\u00ec e, ubriaco di potere, si proclama discendente di Tammuz, il dio sumero, di Nabucodonosor, il grande re babilonese, e perfino di Maometto.<br \/>\nQuesta \u00e8 la sua storia ben poco gloriosa, ricostruita su fonti attendibili e intrecciata alla storia dell&#8217;Iraq e del Medio Oriente moderno, che \u00a0\u0336 \u00a0loro malgrado \u00a0\u0336 \u00a0gli hanno fatto da palcoscenico.<\/p>\n","protected":false},"excerpt":{"rendered":"<p>Dalla Guerra del Golfo del 1991, la leggenda nera del \u00abmacellaio di Baghdad\u00bb si \u00e8 nutrita di una lunga serie di nefandezze che hanno un triste riscontro in uno dei regimi pi\u00f9 brutali del Medio Oriente: Marcella Emiliani, editorialista del \u00abMessaggero\u00bb, ri<\/p>\n","protected":false},"featured_media":23753,"template":"","meta":{"_editorskit_title_hidden":false,"_editorskit_reading_time":0,"_editorskit_is_block_options_detached":false,"_editorskit_block_options_position":"{}","_monsterinsights_skip_tracking":false,"_monsterinsights_sitenote_active":false,"_monsterinsights_sitenote_note":"","_monsterinsights_sitenote_category":0},"product_brand":[],"product_cat":[6537],"product_tag":[],"class_list":{"0":"post-13139","1":"product","2":"type-product","3":"status-publish","4":"has-post-thumbnail","6":"product_cat-scienze-politiche-sociali","7":"pa_fulfillment-default","8":"pa_guerini_strillo-44-comeeperchesaddamhusseinsi","10":"first","11":"instock","12":"sale","13":"shipping-taxable","14":"purchasable","15":"product-type-simple"},"yoast_head":"<!-- This site is optimized with the Yoast SEO plugin v25.4 - https:\/\/yoast.com\/wordpress\/plugins\/seo\/ -->\n<title>Leggenda nera - Guerini e Associati<\/title>\n<meta name=\"robots\" content=\"index, follow, max-snippet:-1, max-image-preview:large, max-video-preview:-1\" \/>\n<link rel=\"canonical\" href=\"https:\/\/www.guerini.it\/index.php\/prodotto\/leggenda-nera\/\" \/>\n<meta property=\"og:locale\" content=\"it_IT\" \/>\n<meta property=\"og:type\" content=\"article\" \/>\n<meta property=\"og:title\" content=\"Leggenda nera - Guerini e Associati\" \/>\n<meta property=\"og:description\" content=\"Dalla Guerra del Golfo del 1991, la leggenda nera del \u00abmacellaio di Baghdad\u00bb si \u00e8 nutrita di una lunga serie di nefandezze che hanno un triste riscontro in uno dei regimi pi\u00f9 brutali del Medio Oriente: Marcella Emiliani, editorialista del \u00abMessaggero\u00bb, ri\" \/>\n<meta property=\"og:url\" content=\"https:\/\/www.guerini.it\/index.php\/prodotto\/leggenda-nera\/\" \/>\n<meta property=\"og:site_name\" content=\"Guerini e Associati\" \/>\n<meta property=\"article:modified_time\" content=\"2024-06-12T12:36:49+00:00\" \/>\n<meta property=\"og:image\" content=\"https:\/\/www.guerini.it\/wp-content\/uploads\/2012\/05\/Leggenda-nera.webp\" \/>\n\t<meta property=\"og:image:width\" content=\"1070\" \/>\n\t<meta property=\"og:image:height\" content=\"1607\" \/>\n\t<meta property=\"og:image:type\" content=\"image\/webp\" \/>\n<meta name=\"twitter:card\" content=\"summary_large_image\" \/>\n<meta name=\"twitter:label1\" content=\"Tempo di lettura stimato\" \/>\n\t<meta name=\"twitter:data1\" content=\"2 minuti\" \/>\n<!-- \/ Yoast SEO plugin. -->","yoast_head_json":{"title":"Leggenda nera - Guerini e Associati","robots":{"index":"index","follow":"follow","max-snippet":"max-snippet:-1","max-image-preview":"max-image-preview:large","max-video-preview":"max-video-preview:-1"},"canonical":"https:\/\/www.guerini.it\/index.php\/prodotto\/leggenda-nera\/","og_locale":"it_IT","og_type":"article","og_title":"Leggenda nera - Guerini e Associati","og_description":"Dalla Guerra del Golfo del 1991, la leggenda nera del \u00abmacellaio di Baghdad\u00bb si \u00e8 nutrita di una lunga serie di nefandezze che hanno un triste riscontro in uno dei regimi pi\u00f9 brutali del Medio Oriente: Marcella Emiliani, editorialista del \u00abMessaggero\u00bb, ri","og_url":"https:\/\/www.guerini.it\/index.php\/prodotto\/leggenda-nera\/","og_site_name":"Guerini e Associati","article_modified_time":"2024-06-12T12:36:49+00:00","og_image":[{"width":1070,"height":1607,"url":"https:\/\/www.guerini.it\/wp-content\/uploads\/2012\/05\/Leggenda-nera.webp","type":"image\/webp"}],"twitter_card":"summary_large_image","twitter_misc":{"Tempo di lettura stimato":"2 minuti"},"schema":{"@context":"https:\/\/schema.org","@graph":[{"@type":"WebPage","@id":"https:\/\/www.guerini.it\/index.php\/prodotto\/leggenda-nera\/","url":"https:\/\/www.guerini.it\/index.php\/prodotto\/leggenda-nera\/","name":"Leggenda nera - Guerini e Associati","isPartOf":{"@id":"https:\/\/www.guerini.it\/#website"},"primaryImageOfPage":{"@id":"https:\/\/www.guerini.it\/index.php\/prodotto\/leggenda-nera\/#primaryimage"},"image":{"@id":"https:\/\/www.guerini.it\/index.php\/prodotto\/leggenda-nera\/#primaryimage"},"thumbnailUrl":"https:\/\/www.guerini.it\/wp-content\/uploads\/2012\/05\/Leggenda-nera.webp","datePublished":"2012-05-24T10:59:46+00:00","dateModified":"2024-06-12T12:36:49+00:00","breadcrumb":{"@id":"https:\/\/www.guerini.it\/index.php\/prodotto\/leggenda-nera\/#breadcrumb"},"inLanguage":"it-IT","potentialAction":[{"@type":"ReadAction","target":["https:\/\/www.guerini.it\/index.php\/prodotto\/leggenda-nera\/"]}]},{"@type":"ImageObject","inLanguage":"it-IT","@id":"https:\/\/www.guerini.it\/index.php\/prodotto\/leggenda-nera\/#primaryimage","url":"https:\/\/www.guerini.it\/wp-content\/uploads\/2012\/05\/Leggenda-nera.webp","contentUrl":"https:\/\/www.guerini.it\/wp-content\/uploads\/2012\/05\/Leggenda-nera.webp","width":1070,"height":1607,"caption":"Copertina del volume Leggenda nera, Guerini e Associati, 2003"},{"@type":"BreadcrumbList","@id":"https:\/\/www.guerini.it\/index.php\/prodotto\/leggenda-nera\/#breadcrumb","itemListElement":[{"@type":"ListItem","position":1,"name":"Home","item":"https:\/\/www.guerini.it\/"},{"@type":"ListItem","position":2,"name":"Catalogo","item":"https:\/\/www.guerini.it\/index.php\/negozio\/"},{"@type":"ListItem","position":3,"name":"Leggenda nera"}]},{"@type":"WebSite","@id":"https:\/\/www.guerini.it\/#website","url":"https:\/\/www.guerini.it\/","name":"Guerini e Associati","description":"30 anni di libri, idee e libert\u00e0","publisher":{"@id":"https:\/\/www.guerini.it\/#organization"},"potentialAction":[{"@type":"SearchAction","target":{"@type":"EntryPoint","urlTemplate":"https:\/\/www.guerini.it\/?s={search_term_string}"},"query-input":{"@type":"PropertyValueSpecification","valueRequired":true,"valueName":"search_term_string"}}],"inLanguage":"it-IT"},{"@type":"Organization","@id":"https:\/\/www.guerini.it\/#organization","name":"Guerini e Associati","url":"https:\/\/www.guerini.it\/","logo":{"@type":"ImageObject","inLanguage":"it-IT","@id":"https:\/\/www.guerini.it\/#\/schema\/logo\/image\/","url":"https:\/\/www.guerini.it\/wp-content\/uploads\/2021\/03\/Logo-Guerini-OK_-e1615831292285.png","contentUrl":"https:\/\/www.guerini.it\/wp-content\/uploads\/2021\/03\/Logo-Guerini-OK_-e1615831292285.png","width":2805,"height":1870,"caption":"Guerini e Associati"},"image":{"@id":"https:\/\/www.guerini.it\/#\/schema\/logo\/image\/"}}]}},"_links":{"self":[{"href":"https:\/\/www.guerini.it\/index.php\/wp-json\/wp\/v2\/product\/13139","targetHints":{"allow":["GET"]}}],"collection":[{"href":"https:\/\/www.guerini.it\/index.php\/wp-json\/wp\/v2\/product"}],"about":[{"href":"https:\/\/www.guerini.it\/index.php\/wp-json\/wp\/v2\/types\/product"}],"wp:featuredmedia":[{"embeddable":true,"href":"https:\/\/www.guerini.it\/index.php\/wp-json\/wp\/v2\/media\/23753"}],"wp:attachment":[{"href":"https:\/\/www.guerini.it\/index.php\/wp-json\/wp\/v2\/media?parent=13139"}],"wp:term":[{"taxonomy":"product_brand","embeddable":true,"href":"https:\/\/www.guerini.it\/index.php\/wp-json\/wp\/v2\/product_brand?post=13139"},{"taxonomy":"product_cat","embeddable":true,"href":"https:\/\/www.guerini.it\/index.php\/wp-json\/wp\/v2\/product_cat?post=13139"},{"taxonomy":"product_tag","embeddable":true,"href":"https:\/\/www.guerini.it\/index.php\/wp-json\/wp\/v2\/product_tag?post=13139"}],"curies":[{"name":"wp","href":"https:\/\/api.w.org\/{rel}","templated":true}]}}