{"id":13232,"date":"2012-05-24T12:59:46","date_gmt":"2012-05-24T10:59:46","guid":{"rendered":"https:\/\/test.guerini.it\/?product=i-mille-modi-dell-uno"},"modified":"2024-06-12T14:38:13","modified_gmt":"2024-06-12T12:38:13","slug":"i-mille-modi-dell-uno","status":"publish","type":"product","link":"https:\/\/www.guerini.it\/index.php\/prodotto\/i-mille-modi-dell-uno\/","title":{"rendered":"I mille modi dell&#8217;uno"},"content":{"rendered":"<p>Quella dell&#8217;unit\u00e0 \u00e8 una visione che accompagna l&#8217;intera storia dell&#8217;umanit\u00e0. Ceserani tratteggia i ritratti di alcuni grandi personaggi (da San Paolo a Einstein, da Nostradamus a Tolstoj), che, seguendo il filo rosso del concetto di unit\u00e0, hanno cambiato <\/p>\n","protected":false},"excerpt":{"rendered":"<p>Quella dell&#8217;unit\u00e0 \u00e8 una visione che accompagna l&#8217;intera storia dell&#8217;umanit\u00e0. Ceserani tratteggia i ritratti di alcuni grandi personaggi (da San Paolo a Einstein, da Nostradamus a Tolstoj), che, seguendo il filo rosso del concetto di unit\u00e0, hanno cambiato <\/p>\n","protected":false},"featured_media":13231,"template":"","meta":{"_editorskit_title_hidden":false,"_editorskit_reading_time":0,"_editorskit_is_block_options_detached":false,"_editorskit_block_options_position":"{}","_monsterinsights_skip_tracking":false,"_monsterinsights_sitenote_active":false,"_monsterinsights_sitenote_note":"","_monsterinsights_sitenote_category":0},"product_brand":[],"product_cat":[6530],"product_tag":[],"class_list":{"0":"post-13232","1":"product","2":"type-product","3":"status-publish","4":"has-post-thumbnail","6":"product_cat-filosofia","7":"pa_country_of_manufacture-it","8":"pa_fulfillment-default","10":"first","11":"outofstock","12":"sale","13":"shipping-taxable","14":"purchasable","15":"product-type-simple"},"yoast_head":"<!-- This site is optimized with the Yoast SEO plugin v25.4 - https:\/\/yoast.com\/wordpress\/plugins\/seo\/ -->\n<title>I mille modi dell&#039;uno - Guerini e Associati<\/title>\n<meta name=\"robots\" content=\"index, follow, max-snippet:-1, max-image-preview:large, max-video-preview:-1\" \/>\n<link rel=\"canonical\" href=\"https:\/\/www.guerini.it\/index.php\/prodotto\/i-mille-modi-dell-uno\/\" \/>\n<meta property=\"og:locale\" content=\"it_IT\" \/>\n<meta property=\"og:type\" content=\"article\" \/>\n<meta property=\"og:title\" content=\"I mille modi dell&#039;uno - Guerini e Associati\" \/>\n<meta property=\"og:description\" content=\"Quella dell&#039;unit\u00e0 \u00e8 una visione che accompagna l&#039;intera storia dell&#039;umanit\u00e0. Ceserani tratteggia i ritratti di alcuni grandi personaggi (da San Paolo a Einstein, da Nostradamus a Tolstoj), che, seguendo il filo rosso del concetto di unit\u00e0, hanno cambiato\" \/>\n<meta property=\"og:url\" content=\"https:\/\/www.guerini.it\/index.php\/prodotto\/i-mille-modi-dell-uno\/\" \/>\n<meta property=\"og:site_name\" content=\"Guerini e Associati\" \/>\n<meta property=\"article:modified_time\" content=\"2024-06-12T12:38:13+00:00\" \/>\n<meta property=\"og:image\" content=\"https:\/\/www.guerini.it\/wp-content\/uploads\/2012\/05\/88-8335-429-x.jpg\" \/>\n\t<meta property=\"og:image:width\" content=\"100\" \/>\n\t<meta property=\"og:image:height\" content=\"152\" \/>\n\t<meta property=\"og:image:type\" content=\"image\/jpeg\" \/>\n<meta name=\"twitter:card\" content=\"summary_large_image\" \/>\n<!-- \/ Yoast SEO plugin. -->","yoast_head_json":{"title":"I mille modi dell'uno - Guerini e Associati","robots":{"index":"index","follow":"follow","max-snippet":"max-snippet:-1","max-image-preview":"max-image-preview:large","max-video-preview":"max-video-preview:-1"},"canonical":"https:\/\/www.guerini.it\/index.php\/prodotto\/i-mille-modi-dell-uno\/","og_locale":"it_IT","og_type":"article","og_title":"I mille modi dell'uno - Guerini e Associati","og_description":"Quella dell'unit\u00e0 \u00e8 una visione che accompagna l'intera storia dell'umanit\u00e0. Ceserani tratteggia i ritratti di alcuni grandi personaggi (da San Paolo a Einstein, da Nostradamus a Tolstoj), che, seguendo il filo rosso del concetto di unit\u00e0, hanno cambiato","og_url":"https:\/\/www.guerini.it\/index.php\/prodotto\/i-mille-modi-dell-uno\/","og_site_name":"Guerini e Associati","article_modified_time":"2024-06-12T12:38:13+00:00","og_image":[{"width":100,"height":152,"url":"https:\/\/www.guerini.it\/wp-content\/uploads\/2012\/05\/88-8335-429-x.jpg","type":"image\/jpeg"}],"twitter_card":"summary_large_image","schema":{"@context":"https:\/\/schema.org","@graph":[{"@type":"WebPage","@id":"https:\/\/www.guerini.it\/index.php\/prodotto\/i-mille-modi-dell-uno\/","url":"https:\/\/www.guerini.it\/index.php\/prodotto\/i-mille-modi-dell-uno\/","name":"I mille modi dell'uno - Guerini e Associati","isPartOf":{"@id":"https:\/\/www.guerini.it\/#website"},"primaryImageOfPage":{"@id":"https:\/\/www.guerini.it\/index.php\/prodotto\/i-mille-modi-dell-uno\/#primaryimage"},"image":{"@id":"https:\/\/www.guerini.it\/index.php\/prodotto\/i-mille-modi-dell-uno\/#primaryimage"},"thumbnailUrl":"https:\/\/www.guerini.it\/wp-content\/uploads\/2012\/05\/88-8335-429-x.jpg","datePublished":"2012-05-24T10:59:46+00:00","dateModified":"2024-06-12T12:38:13+00:00","breadcrumb":{"@id":"https:\/\/www.guerini.it\/index.php\/prodotto\/i-mille-modi-dell-uno\/#breadcrumb"},"inLanguage":"it-IT","potentialAction":[{"@type":"ReadAction","target":["https:\/\/www.guerini.it\/index.php\/prodotto\/i-mille-modi-dell-uno\/"]}]},{"@type":"ImageObject","inLanguage":"it-IT","@id":"https:\/\/www.guerini.it\/index.php\/prodotto\/i-mille-modi-dell-uno\/#primaryimage","url":"https:\/\/www.guerini.it\/wp-content\/uploads\/2012\/05\/88-8335-429-x.jpg","contentUrl":"https:\/\/www.guerini.it\/wp-content\/uploads\/2012\/05\/88-8335-429-x.jpg","width":100,"height":152,"caption":"I mille modi dell'uno"},{"@type":"BreadcrumbList","@id":"https:\/\/www.guerini.it\/index.php\/prodotto\/i-mille-modi-dell-uno\/#breadcrumb","itemListElement":[{"@type":"ListItem","position":1,"name":"Home","item":"https:\/\/www.guerini.it\/"},{"@type":"ListItem","position":2,"name":"Catalogo","item":"https:\/\/www.guerini.it\/index.php\/negozio\/"},{"@type":"ListItem","position":3,"name":"I mille modi dell&#8217;uno"}]},{"@type":"WebSite","@id":"https:\/\/www.guerini.it\/#website","url":"https:\/\/www.guerini.it\/","name":"Guerini e Associati","description":"30 anni di libri, idee e libert\u00e0","publisher":{"@id":"https:\/\/www.guerini.it\/#organization"},"potentialAction":[{"@type":"SearchAction","target":{"@type":"EntryPoint","urlTemplate":"https:\/\/www.guerini.it\/?s={search_term_string}"},"query-input":{"@type":"PropertyValueSpecification","valueRequired":true,"valueName":"search_term_string"}}],"inLanguage":"it-IT"},{"@type":"Organization","@id":"https:\/\/www.guerini.it\/#organization","name":"Guerini e Associati","url":"https:\/\/www.guerini.it\/","logo":{"@type":"ImageObject","inLanguage":"it-IT","@id":"https:\/\/www.guerini.it\/#\/schema\/logo\/image\/","url":"https:\/\/www.guerini.it\/wp-content\/uploads\/2021\/03\/Logo-Guerini-OK_-e1615831292285.png","contentUrl":"https:\/\/www.guerini.it\/wp-content\/uploads\/2021\/03\/Logo-Guerini-OK_-e1615831292285.png","width":2805,"height":1870,"caption":"Guerini e Associati"},"image":{"@id":"https:\/\/www.guerini.it\/#\/schema\/logo\/image\/"}}]}},"_links":{"self":[{"href":"https:\/\/www.guerini.it\/index.php\/wp-json\/wp\/v2\/product\/13232","targetHints":{"allow":["GET"]}}],"collection":[{"href":"https:\/\/www.guerini.it\/index.php\/wp-json\/wp\/v2\/product"}],"about":[{"href":"https:\/\/www.guerini.it\/index.php\/wp-json\/wp\/v2\/types\/product"}],"wp:featuredmedia":[{"embeddable":true,"href":"https:\/\/www.guerini.it\/index.php\/wp-json\/wp\/v2\/media\/13231"}],"wp:attachment":[{"href":"https:\/\/www.guerini.it\/index.php\/wp-json\/wp\/v2\/media?parent=13232"}],"wp:term":[{"taxonomy":"product_brand","embeddable":true,"href":"https:\/\/www.guerini.it\/index.php\/wp-json\/wp\/v2\/product_brand?post=13232"},{"taxonomy":"product_cat","embeddable":true,"href":"https:\/\/www.guerini.it\/index.php\/wp-json\/wp\/v2\/product_cat?post=13232"},{"taxonomy":"product_tag","embeddable":true,"href":"https:\/\/www.guerini.it\/index.php\/wp-json\/wp\/v2\/product_tag?post=13232"}],"curies":[{"name":"wp","href":"https:\/\/api.w.org\/{rel}","templated":true}]}}