{"id":13390,"date":"2012-05-24T12:59:59","date_gmt":"2012-05-24T10:59:59","guid":{"rendered":"https:\/\/test.guerini.it\/?product=dall-idea-all-impresa"},"modified":"2024-06-12T14:36:20","modified_gmt":"2024-06-12T12:36:20","slug":"dall-idea-all-impresa","status":"publish","type":"product","link":"https:\/\/www.guerini.it\/index.php\/prodotto\/dall-idea-all-impresa\/","title":{"rendered":"Dall&#8217;idea all&#8217;impresa"},"content":{"rendered":"<p>Il focus del testo \u00e8 puntato sul tema della progettualit\u00e0 d\u2019impresa: ogni impresa \u00e8 un nuovo progetto, il cui esito \u00e8 incerto e il cui sviluppo dipende da innumerevoli fattori e attori. \u00c8 in tal senso che assume particolare criticit\u00e0 l\u2019attivit\u00e0 di incubaz<\/p>\n","protected":false},"excerpt":{"rendered":"<p>Il focus del testo \u00e8 puntato sul tema della progettualit\u00e0 d\u2019impresa: ogni impresa \u00e8 un nuovo progetto, il cui esito \u00e8 incerto e il cui sviluppo dipende da innumerevoli fattori e attori. \u00c8 in tal senso che assume particolare criticit\u00e0 l\u2019attivit\u00e0 di incubaz<\/p>\n","protected":false},"featured_media":13389,"template":"","meta":{"_editorskit_title_hidden":false,"_editorskit_reading_time":0,"_editorskit_is_block_options_detached":false,"_editorskit_block_options_position":"{}","_monsterinsights_skip_tracking":false,"_monsterinsights_sitenote_active":false,"_monsterinsights_sitenote_note":"","_monsterinsights_sitenote_category":0},"product_brand":[],"product_cat":[6529],"product_tag":[],"class_list":{"0":"post-13390","1":"product","2":"type-product","3":"status-publish","4":"has-post-thumbnail","6":"product_cat-economia-e-management","7":"pa_country_of_manufacture-it","8":"pa_fulfillment-default","10":"first","11":"instock","12":"sale","13":"shipping-taxable","14":"purchasable","15":"product-type-simple"},"yoast_head":"<!-- This site is optimized with the Yoast SEO plugin v25.4 - https:\/\/yoast.com\/wordpress\/plugins\/seo\/ -->\n<title>Dall&#039;idea all&#039;impresa - Guerini e Associati<\/title>\n<meta name=\"robots\" content=\"index, follow, max-snippet:-1, max-image-preview:large, max-video-preview:-1\" \/>\n<link rel=\"canonical\" href=\"https:\/\/www.guerini.it\/index.php\/prodotto\/dall-idea-all-impresa\/\" \/>\n<meta property=\"og:locale\" content=\"it_IT\" \/>\n<meta property=\"og:type\" content=\"article\" \/>\n<meta property=\"og:title\" content=\"Dall&#039;idea all&#039;impresa - Guerini e Associati\" \/>\n<meta property=\"og:description\" content=\"Il focus del testo \u00e8 puntato sul tema della progettualit\u00e0 d\u2019impresa: ogni impresa \u00e8 un nuovo progetto, il cui esito \u00e8 incerto e il cui sviluppo dipende da innumerevoli fattori e attori. \u00c8 in tal senso che assume particolare criticit\u00e0 l\u2019attivit\u00e0 di incubaz\" \/>\n<meta property=\"og:url\" content=\"https:\/\/www.guerini.it\/index.php\/prodotto\/dall-idea-all-impresa\/\" \/>\n<meta property=\"og:site_name\" content=\"Guerini e Associati\" \/>\n<meta property=\"article:modified_time\" content=\"2024-06-12T12:36:20+00:00\" \/>\n<meta property=\"og:image\" content=\"https:\/\/www.guerini.it\/wp-content\/uploads\/2012\/05\/88-8335-509-1.jpg\" \/>\n\t<meta property=\"og:image:width\" content=\"113\" \/>\n\t<meta property=\"og:image:height\" content=\"160\" \/>\n\t<meta property=\"og:image:type\" content=\"image\/jpeg\" \/>\n<meta name=\"twitter:card\" content=\"summary_large_image\" \/>\n<!-- \/ Yoast SEO plugin. -->","yoast_head_json":{"title":"Dall'idea all'impresa - Guerini e Associati","robots":{"index":"index","follow":"follow","max-snippet":"max-snippet:-1","max-image-preview":"max-image-preview:large","max-video-preview":"max-video-preview:-1"},"canonical":"https:\/\/www.guerini.it\/index.php\/prodotto\/dall-idea-all-impresa\/","og_locale":"it_IT","og_type":"article","og_title":"Dall'idea all'impresa - Guerini e Associati","og_description":"Il focus del testo \u00e8 puntato sul tema della progettualit\u00e0 d\u2019impresa: ogni impresa \u00e8 un nuovo progetto, il cui esito \u00e8 incerto e il cui sviluppo dipende da innumerevoli fattori e attori. \u00c8 in tal senso che assume particolare criticit\u00e0 l\u2019attivit\u00e0 di incubaz","og_url":"https:\/\/www.guerini.it\/index.php\/prodotto\/dall-idea-all-impresa\/","og_site_name":"Guerini e Associati","article_modified_time":"2024-06-12T12:36:20+00:00","og_image":[{"width":113,"height":160,"url":"https:\/\/www.guerini.it\/wp-content\/uploads\/2012\/05\/88-8335-509-1.jpg","type":"image\/jpeg"}],"twitter_card":"summary_large_image","schema":{"@context":"https:\/\/schema.org","@graph":[{"@type":"WebPage","@id":"https:\/\/www.guerini.it\/index.php\/prodotto\/dall-idea-all-impresa\/","url":"https:\/\/www.guerini.it\/index.php\/prodotto\/dall-idea-all-impresa\/","name":"Dall'idea all'impresa - Guerini e Associati","isPartOf":{"@id":"https:\/\/www.guerini.it\/#website"},"primaryImageOfPage":{"@id":"https:\/\/www.guerini.it\/index.php\/prodotto\/dall-idea-all-impresa\/#primaryimage"},"image":{"@id":"https:\/\/www.guerini.it\/index.php\/prodotto\/dall-idea-all-impresa\/#primaryimage"},"thumbnailUrl":"https:\/\/www.guerini.it\/wp-content\/uploads\/2012\/05\/88-8335-509-1.jpg","datePublished":"2012-05-24T10:59:59+00:00","dateModified":"2024-06-12T12:36:20+00:00","breadcrumb":{"@id":"https:\/\/www.guerini.it\/index.php\/prodotto\/dall-idea-all-impresa\/#breadcrumb"},"inLanguage":"it-IT","potentialAction":[{"@type":"ReadAction","target":["https:\/\/www.guerini.it\/index.php\/prodotto\/dall-idea-all-impresa\/"]}]},{"@type":"ImageObject","inLanguage":"it-IT","@id":"https:\/\/www.guerini.it\/index.php\/prodotto\/dall-idea-all-impresa\/#primaryimage","url":"https:\/\/www.guerini.it\/wp-content\/uploads\/2012\/05\/88-8335-509-1.jpg","contentUrl":"https:\/\/www.guerini.it\/wp-content\/uploads\/2012\/05\/88-8335-509-1.jpg","width":113,"height":160,"caption":"Dall'idea all'impresa"},{"@type":"BreadcrumbList","@id":"https:\/\/www.guerini.it\/index.php\/prodotto\/dall-idea-all-impresa\/#breadcrumb","itemListElement":[{"@type":"ListItem","position":1,"name":"Home","item":"https:\/\/www.guerini.it\/"},{"@type":"ListItem","position":2,"name":"Catalogo","item":"https:\/\/www.guerini.it\/index.php\/negozio\/"},{"@type":"ListItem","position":3,"name":"Dall&#8217;idea all&#8217;impresa"}]},{"@type":"WebSite","@id":"https:\/\/www.guerini.it\/#website","url":"https:\/\/www.guerini.it\/","name":"Guerini e Associati","description":"30 anni di libri, idee e libert\u00e0","publisher":{"@id":"https:\/\/www.guerini.it\/#organization"},"potentialAction":[{"@type":"SearchAction","target":{"@type":"EntryPoint","urlTemplate":"https:\/\/www.guerini.it\/?s={search_term_string}"},"query-input":{"@type":"PropertyValueSpecification","valueRequired":true,"valueName":"search_term_string"}}],"inLanguage":"it-IT"},{"@type":"Organization","@id":"https:\/\/www.guerini.it\/#organization","name":"Guerini e Associati","url":"https:\/\/www.guerini.it\/","logo":{"@type":"ImageObject","inLanguage":"it-IT","@id":"https:\/\/www.guerini.it\/#\/schema\/logo\/image\/","url":"https:\/\/www.guerini.it\/wp-content\/uploads\/2021\/03\/Logo-Guerini-OK_-e1615831292285.png","contentUrl":"https:\/\/www.guerini.it\/wp-content\/uploads\/2021\/03\/Logo-Guerini-OK_-e1615831292285.png","width":2805,"height":1870,"caption":"Guerini e Associati"},"image":{"@id":"https:\/\/www.guerini.it\/#\/schema\/logo\/image\/"}}]}},"_links":{"self":[{"href":"https:\/\/www.guerini.it\/index.php\/wp-json\/wp\/v2\/product\/13390","targetHints":{"allow":["GET"]}}],"collection":[{"href":"https:\/\/www.guerini.it\/index.php\/wp-json\/wp\/v2\/product"}],"about":[{"href":"https:\/\/www.guerini.it\/index.php\/wp-json\/wp\/v2\/types\/product"}],"wp:featuredmedia":[{"embeddable":true,"href":"https:\/\/www.guerini.it\/index.php\/wp-json\/wp\/v2\/media\/13389"}],"wp:attachment":[{"href":"https:\/\/www.guerini.it\/index.php\/wp-json\/wp\/v2\/media?parent=13390"}],"wp:term":[{"taxonomy":"product_brand","embeddable":true,"href":"https:\/\/www.guerini.it\/index.php\/wp-json\/wp\/v2\/product_brand?post=13390"},{"taxonomy":"product_cat","embeddable":true,"href":"https:\/\/www.guerini.it\/index.php\/wp-json\/wp\/v2\/product_cat?post=13390"},{"taxonomy":"product_tag","embeddable":true,"href":"https:\/\/www.guerini.it\/index.php\/wp-json\/wp\/v2\/product_tag?post=13390"}],"curies":[{"name":"wp","href":"https:\/\/api.w.org\/{rel}","templated":true}]}}