{"id":13398,"date":"2012-05-24T12:59:59","date_gmt":"2012-05-24T10:59:59","guid":{"rendered":"https:\/\/test.guerini.it\/?product=il-dilettante-inarrivabile"},"modified":"2024-06-12T14:35:36","modified_gmt":"2024-06-12T12:35:36","slug":"il-dilettante-inarrivabile","status":"publish","type":"product","link":"https:\/\/www.guerini.it\/index.php\/prodotto\/il-dilettante-inarrivabile\/","title":{"rendered":"Il dilettante inarrivabile"},"content":{"rendered":"<p>C\u2019\u00e8 un mondo l\u00e0, fuori di noi, che diventa sempre meno leggibile e interpretabile con le nostre care e antiche categorie. L\u2019immagine centrale attorno cui il volume ruota \u00e8 quella, contraddittoria all\u2019apparenza, di un dilettante che nessun professionista riuscir\u00e0 mai a eguagliare, perch\u00e9 pu\u00f2 far ricorso a passioni che non ammettono limiti. Il libro si rivolge ai rabdomanti di s\u00e9, ai ricercatori irriducibili e ambiziosi, a coloro cui compete di individuare e sviluppare tutto il potenziale delle persone loro affidate.<\/p>\n","protected":false},"excerpt":{"rendered":"<p>C\u2019\u00e8 un mondo l\u00e0, fuori di noi, che diventa sempre meno leggibile e interpretabile con le nostre care e antiche categorie. L\u2019immagine centrale attorno cui il volume ruota \u00e8 quella, contraddittoria all\u2019apparenza, di un dilettante che nessun professionista riuscir\u00e0 mai a eguagliare, perch\u00e9 pu\u00f2 far ricorso a passioni che non ammettono limiti. Il libro si rivolge ai rabdomanti di s\u00e9, ai ricercatori irriducibili e ambiziosi, a coloro cui compete di individuare e sviluppare tutto il potenziale delle persone loro affidate.<\/p>\n","protected":false},"featured_media":13397,"template":"","meta":{"_editorskit_title_hidden":false,"_editorskit_reading_time":0,"_editorskit_is_block_options_detached":false,"_editorskit_block_options_position":"{}","_monsterinsights_skip_tracking":false,"_monsterinsights_sitenote_active":false,"_monsterinsights_sitenote_note":"","_monsterinsights_sitenote_category":0},"product_brand":[],"product_cat":[6529,6685],"product_tag":[],"class_list":{"0":"post-13398","1":"product","2":"type-product","3":"status-publish","4":"has-post-thumbnail","6":"product_cat-economia-e-management","7":"product_cat-v","8":"pa_country_of_manufacture-it","9":"pa_fulfillment-default","11":"first","12":"outofstock","13":"sale","14":"shipping-taxable","15":"purchasable","16":"product-type-simple"},"yoast_head":"<!-- This site is optimized with the Yoast SEO plugin v25.4 - https:\/\/yoast.com\/wordpress\/plugins\/seo\/ -->\n<title>Il dilettante inarrivabile - Guerini e Associati<\/title>\n<meta name=\"robots\" content=\"index, follow, max-snippet:-1, max-image-preview:large, max-video-preview:-1\" \/>\n<link rel=\"canonical\" href=\"https:\/\/www.guerini.it\/index.php\/prodotto\/il-dilettante-inarrivabile\/\" \/>\n<meta property=\"og:locale\" content=\"it_IT\" \/>\n<meta property=\"og:type\" content=\"article\" \/>\n<meta property=\"og:title\" content=\"Il dilettante inarrivabile - Guerini e Associati\" \/>\n<meta property=\"og:description\" content=\"C\u2019\u00e8 un mondo l\u00e0, fuori di noi, che diventa sempre meno leggibile e interpretabile con le nostre care e antiche categorie. L\u2019immagine centrale attorno cui il volume ruota \u00e8 quella, contraddittoria all\u2019apparenza, di un dilettante che nessun professionista riuscir\u00e0 mai a eguagliare, perch\u00e9 pu\u00f2 far ricorso a passioni che non ammettono limiti. Il libro si rivolge ai rabdomanti di s\u00e9, ai ricercatori irriducibili e ambiziosi, a coloro cui compete di individuare e sviluppare tutto il potenziale delle persone loro affidate.\" \/>\n<meta property=\"og:url\" content=\"https:\/\/www.guerini.it\/index.php\/prodotto\/il-dilettante-inarrivabile\/\" \/>\n<meta property=\"og:site_name\" content=\"Guerini e Associati\" \/>\n<meta property=\"article:modified_time\" content=\"2024-06-12T12:35:36+00:00\" \/>\n<meta property=\"og:image\" content=\"https:\/\/www.guerini.it\/wp-content\/uploads\/2012\/05\/dilettante_inarrivabile_sito_1.jpg\" \/>\n\t<meta property=\"og:image:width\" content=\"227\" \/>\n\t<meta property=\"og:image:height\" content=\"353\" \/>\n\t<meta property=\"og:image:type\" content=\"image\/jpeg\" \/>\n<meta name=\"twitter:card\" content=\"summary_large_image\" \/>\n<!-- \/ Yoast SEO plugin. -->","yoast_head_json":{"title":"Il dilettante inarrivabile - Guerini e Associati","robots":{"index":"index","follow":"follow","max-snippet":"max-snippet:-1","max-image-preview":"max-image-preview:large","max-video-preview":"max-video-preview:-1"},"canonical":"https:\/\/www.guerini.it\/index.php\/prodotto\/il-dilettante-inarrivabile\/","og_locale":"it_IT","og_type":"article","og_title":"Il dilettante inarrivabile - Guerini e Associati","og_description":"C\u2019\u00e8 un mondo l\u00e0, fuori di noi, che diventa sempre meno leggibile e interpretabile con le nostre care e antiche categorie. L\u2019immagine centrale attorno cui il volume ruota \u00e8 quella, contraddittoria all\u2019apparenza, di un dilettante che nessun professionista riuscir\u00e0 mai a eguagliare, perch\u00e9 pu\u00f2 far ricorso a passioni che non ammettono limiti. Il libro si rivolge ai rabdomanti di s\u00e9, ai ricercatori irriducibili e ambiziosi, a coloro cui compete di individuare e sviluppare tutto il potenziale delle persone loro affidate.","og_url":"https:\/\/www.guerini.it\/index.php\/prodotto\/il-dilettante-inarrivabile\/","og_site_name":"Guerini e Associati","article_modified_time":"2024-06-12T12:35:36+00:00","og_image":[{"width":227,"height":353,"url":"https:\/\/www.guerini.it\/wp-content\/uploads\/2012\/05\/dilettante_inarrivabile_sito_1.jpg","type":"image\/jpeg"}],"twitter_card":"summary_large_image","schema":{"@context":"https:\/\/schema.org","@graph":[{"@type":"WebPage","@id":"https:\/\/www.guerini.it\/index.php\/prodotto\/il-dilettante-inarrivabile\/","url":"https:\/\/www.guerini.it\/index.php\/prodotto\/il-dilettante-inarrivabile\/","name":"Il dilettante inarrivabile - Guerini e Associati","isPartOf":{"@id":"https:\/\/www.guerini.it\/#website"},"primaryImageOfPage":{"@id":"https:\/\/www.guerini.it\/index.php\/prodotto\/il-dilettante-inarrivabile\/#primaryimage"},"image":{"@id":"https:\/\/www.guerini.it\/index.php\/prodotto\/il-dilettante-inarrivabile\/#primaryimage"},"thumbnailUrl":"https:\/\/www.guerini.it\/wp-content\/uploads\/2012\/05\/dilettante_inarrivabile_sito_1.jpg","datePublished":"2012-05-24T10:59:59+00:00","dateModified":"2024-06-12T12:35:36+00:00","breadcrumb":{"@id":"https:\/\/www.guerini.it\/index.php\/prodotto\/il-dilettante-inarrivabile\/#breadcrumb"},"inLanguage":"it-IT","potentialAction":[{"@type":"ReadAction","target":["https:\/\/www.guerini.it\/index.php\/prodotto\/il-dilettante-inarrivabile\/"]}]},{"@type":"ImageObject","inLanguage":"it-IT","@id":"https:\/\/www.guerini.it\/index.php\/prodotto\/il-dilettante-inarrivabile\/#primaryimage","url":"https:\/\/www.guerini.it\/wp-content\/uploads\/2012\/05\/dilettante_inarrivabile_sito_1.jpg","contentUrl":"https:\/\/www.guerini.it\/wp-content\/uploads\/2012\/05\/dilettante_inarrivabile_sito_1.jpg","width":227,"height":353,"caption":"Il dilettante inarrivabile"},{"@type":"BreadcrumbList","@id":"https:\/\/www.guerini.it\/index.php\/prodotto\/il-dilettante-inarrivabile\/#breadcrumb","itemListElement":[{"@type":"ListItem","position":1,"name":"Home","item":"https:\/\/www.guerini.it\/"},{"@type":"ListItem","position":2,"name":"Catalogo","item":"https:\/\/www.guerini.it\/index.php\/negozio\/"},{"@type":"ListItem","position":3,"name":"Il dilettante inarrivabile"}]},{"@type":"WebSite","@id":"https:\/\/www.guerini.it\/#website","url":"https:\/\/www.guerini.it\/","name":"Guerini e Associati","description":"30 anni di libri, idee e libert\u00e0","publisher":{"@id":"https:\/\/www.guerini.it\/#organization"},"potentialAction":[{"@type":"SearchAction","target":{"@type":"EntryPoint","urlTemplate":"https:\/\/www.guerini.it\/?s={search_term_string}"},"query-input":{"@type":"PropertyValueSpecification","valueRequired":true,"valueName":"search_term_string"}}],"inLanguage":"it-IT"},{"@type":"Organization","@id":"https:\/\/www.guerini.it\/#organization","name":"Guerini e Associati","url":"https:\/\/www.guerini.it\/","logo":{"@type":"ImageObject","inLanguage":"it-IT","@id":"https:\/\/www.guerini.it\/#\/schema\/logo\/image\/","url":"https:\/\/www.guerini.it\/wp-content\/uploads\/2021\/03\/Logo-Guerini-OK_-e1615831292285.png","contentUrl":"https:\/\/www.guerini.it\/wp-content\/uploads\/2021\/03\/Logo-Guerini-OK_-e1615831292285.png","width":2805,"height":1870,"caption":"Guerini e Associati"},"image":{"@id":"https:\/\/www.guerini.it\/#\/schema\/logo\/image\/"}}]}},"_links":{"self":[{"href":"https:\/\/www.guerini.it\/index.php\/wp-json\/wp\/v2\/product\/13398","targetHints":{"allow":["GET"]}}],"collection":[{"href":"https:\/\/www.guerini.it\/index.php\/wp-json\/wp\/v2\/product"}],"about":[{"href":"https:\/\/www.guerini.it\/index.php\/wp-json\/wp\/v2\/types\/product"}],"wp:featuredmedia":[{"embeddable":true,"href":"https:\/\/www.guerini.it\/index.php\/wp-json\/wp\/v2\/media\/13397"}],"wp:attachment":[{"href":"https:\/\/www.guerini.it\/index.php\/wp-json\/wp\/v2\/media?parent=13398"}],"wp:term":[{"taxonomy":"product_brand","embeddable":true,"href":"https:\/\/www.guerini.it\/index.php\/wp-json\/wp\/v2\/product_brand?post=13398"},{"taxonomy":"product_cat","embeddable":true,"href":"https:\/\/www.guerini.it\/index.php\/wp-json\/wp\/v2\/product_cat?post=13398"},{"taxonomy":"product_tag","embeddable":true,"href":"https:\/\/www.guerini.it\/index.php\/wp-json\/wp\/v2\/product_tag?post=13398"}],"curies":[{"name":"wp","href":"https:\/\/api.w.org\/{rel}","templated":true}]}}