{"id":13442,"date":"2012-05-24T12:59:59","date_gmt":"2012-05-24T10:59:59","guid":{"rendered":"https:\/\/test.guerini.it\/?product=confidence"},"modified":"2024-06-12T14:35:24","modified_gmt":"2024-06-12T12:35:24","slug":"confidence","status":"publish","type":"product","link":"https:\/\/www.guerini.it\/index.php\/prodotto\/confidence\/","title":{"rendered":"Confidence"},"content":{"rendered":"<p>Un libro per capire come fanno i vincitori a diventare tali. Perch\u00e9 il successo non \u00e8 solo una questione di mero talento individuale. \u00c8 piuttosto un problema di confidence. Il segreto per trasformare una fase dal declino all\u2019ascesa sta infatti nella fiducia. E vittorie e sconfitte non sono singoli episodi separati, ma cicli che si autoalimentano seguendo una traiettoria ben precisa.<\/p>\n<p>NON DISPONIBILE<\/p>\n","protected":false},"excerpt":{"rendered":"<p>Un libro per capire come fanno i vincitori a diventare tali. Perch\u00e9 il successo non \u00e8 solo una questione di mero talento individuale. \u00c8 piuttosto un problema di confidence. Il segreto per trasformare una fase dal declino all\u2019ascesa sta infatti nella fiducia. E vittorie e sconfitte non sono singoli episodi separati, ma cicli che si autoalimentano seguendo una traiettoria ben precisa.<\/p>\n","protected":false},"featured_media":13441,"template":"","meta":{"_editorskit_title_hidden":false,"_editorskit_reading_time":0,"_editorskit_is_block_options_detached":false,"_editorskit_block_options_position":"{}","_monsterinsights_skip_tracking":false,"_monsterinsights_sitenote_active":false,"_monsterinsights_sitenote_note":"","_monsterinsights_sitenote_category":0},"product_brand":[],"product_cat":[6529],"product_tag":[],"class_list":{"0":"post-13442","1":"product","2":"type-product","3":"status-publish","4":"has-post-thumbnail","6":"product_cat-economia-e-management","7":"pa_country_of_manufacture-it","8":"pa_fulfillment-esaurito","9":"pa_guerini_nedizione-3750","10":"pa_guerini_strillo-5e-quandolepersonesannodipote","12":"first","13":"instock","14":"sale","15":"shipping-taxable","16":"purchasable","17":"product-type-simple"},"yoast_head":"<!-- This site is optimized with the Yoast SEO plugin v25.4 - https:\/\/yoast.com\/wordpress\/plugins\/seo\/ -->\n<title>Confidence - Guerini e Associati<\/title>\n<meta name=\"robots\" content=\"index, follow, max-snippet:-1, max-image-preview:large, max-video-preview:-1\" \/>\n<link rel=\"canonical\" href=\"https:\/\/www.guerini.it\/index.php\/prodotto\/confidence\/\" \/>\n<meta property=\"og:locale\" content=\"it_IT\" \/>\n<meta property=\"og:type\" content=\"article\" \/>\n<meta property=\"og:title\" content=\"Confidence - Guerini e Associati\" \/>\n<meta property=\"og:description\" content=\"Un libro per capire come fanno i vincitori a diventare tali. Perch\u00e9 il successo non \u00e8 solo una questione di mero talento individuale. \u00c8 piuttosto un problema di confidence. Il segreto per trasformare una fase dal declino all\u2019ascesa sta infatti nella fiducia. E vittorie e sconfitte non sono singoli episodi separati, ma cicli che si autoalimentano seguendo una traiettoria ben precisa.\" \/>\n<meta property=\"og:url\" content=\"https:\/\/www.guerini.it\/index.php\/prodotto\/confidence\/\" \/>\n<meta property=\"og:site_name\" content=\"Guerini e Associati\" \/>\n<meta property=\"article:modified_time\" content=\"2024-06-12T12:35:24+00:00\" \/>\n<meta property=\"og:image\" content=\"https:\/\/www.guerini.it\/wp-content\/uploads\/2012\/05\/88-8335-565-2.jpg\" \/>\n\t<meta property=\"og:image:width\" content=\"105\" \/>\n\t<meta property=\"og:image:height\" content=\"164\" \/>\n\t<meta property=\"og:image:type\" content=\"image\/jpeg\" \/>\n<meta name=\"twitter:card\" content=\"summary_large_image\" \/>\n<meta name=\"twitter:label1\" content=\"Tempo di lettura stimato\" \/>\n\t<meta name=\"twitter:data1\" content=\"1 minuto\" \/>\n<!-- \/ Yoast SEO plugin. -->","yoast_head_json":{"title":"Confidence - Guerini e Associati","robots":{"index":"index","follow":"follow","max-snippet":"max-snippet:-1","max-image-preview":"max-image-preview:large","max-video-preview":"max-video-preview:-1"},"canonical":"https:\/\/www.guerini.it\/index.php\/prodotto\/confidence\/","og_locale":"it_IT","og_type":"article","og_title":"Confidence - Guerini e Associati","og_description":"Un libro per capire come fanno i vincitori a diventare tali. Perch\u00e9 il successo non \u00e8 solo una questione di mero talento individuale. \u00c8 piuttosto un problema di confidence. Il segreto per trasformare una fase dal declino all\u2019ascesa sta infatti nella fiducia. E vittorie e sconfitte non sono singoli episodi separati, ma cicli che si autoalimentano seguendo una traiettoria ben precisa.","og_url":"https:\/\/www.guerini.it\/index.php\/prodotto\/confidence\/","og_site_name":"Guerini e Associati","article_modified_time":"2024-06-12T12:35:24+00:00","og_image":[{"width":105,"height":164,"url":"https:\/\/www.guerini.it\/wp-content\/uploads\/2012\/05\/88-8335-565-2.jpg","type":"image\/jpeg"}],"twitter_card":"summary_large_image","twitter_misc":{"Tempo di lettura stimato":"1 minuto"},"schema":{"@context":"https:\/\/schema.org","@graph":[{"@type":"WebPage","@id":"https:\/\/www.guerini.it\/index.php\/prodotto\/confidence\/","url":"https:\/\/www.guerini.it\/index.php\/prodotto\/confidence\/","name":"Confidence - Guerini e Associati","isPartOf":{"@id":"https:\/\/www.guerini.it\/#website"},"primaryImageOfPage":{"@id":"https:\/\/www.guerini.it\/index.php\/prodotto\/confidence\/#primaryimage"},"image":{"@id":"https:\/\/www.guerini.it\/index.php\/prodotto\/confidence\/#primaryimage"},"thumbnailUrl":"https:\/\/www.guerini.it\/wp-content\/uploads\/2012\/05\/88-8335-565-2.jpg","datePublished":"2012-05-24T10:59:59+00:00","dateModified":"2024-06-12T12:35:24+00:00","breadcrumb":{"@id":"https:\/\/www.guerini.it\/index.php\/prodotto\/confidence\/#breadcrumb"},"inLanguage":"it-IT","potentialAction":[{"@type":"ReadAction","target":["https:\/\/www.guerini.it\/index.php\/prodotto\/confidence\/"]}]},{"@type":"ImageObject","inLanguage":"it-IT","@id":"https:\/\/www.guerini.it\/index.php\/prodotto\/confidence\/#primaryimage","url":"https:\/\/www.guerini.it\/wp-content\/uploads\/2012\/05\/88-8335-565-2.jpg","contentUrl":"https:\/\/www.guerini.it\/wp-content\/uploads\/2012\/05\/88-8335-565-2.jpg","width":105,"height":164,"caption":"Confidence"},{"@type":"BreadcrumbList","@id":"https:\/\/www.guerini.it\/index.php\/prodotto\/confidence\/#breadcrumb","itemListElement":[{"@type":"ListItem","position":1,"name":"Home","item":"https:\/\/www.guerini.it\/"},{"@type":"ListItem","position":2,"name":"Catalogo","item":"https:\/\/www.guerini.it\/index.php\/negozio\/"},{"@type":"ListItem","position":3,"name":"Confidence"}]},{"@type":"WebSite","@id":"https:\/\/www.guerini.it\/#website","url":"https:\/\/www.guerini.it\/","name":"Guerini e Associati","description":"30 anni di libri, idee e libert\u00e0","publisher":{"@id":"https:\/\/www.guerini.it\/#organization"},"potentialAction":[{"@type":"SearchAction","target":{"@type":"EntryPoint","urlTemplate":"https:\/\/www.guerini.it\/?s={search_term_string}"},"query-input":{"@type":"PropertyValueSpecification","valueRequired":true,"valueName":"search_term_string"}}],"inLanguage":"it-IT"},{"@type":"Organization","@id":"https:\/\/www.guerini.it\/#organization","name":"Guerini e Associati","url":"https:\/\/www.guerini.it\/","logo":{"@type":"ImageObject","inLanguage":"it-IT","@id":"https:\/\/www.guerini.it\/#\/schema\/logo\/image\/","url":"https:\/\/www.guerini.it\/wp-content\/uploads\/2021\/03\/Logo-Guerini-OK_-e1615831292285.png","contentUrl":"https:\/\/www.guerini.it\/wp-content\/uploads\/2021\/03\/Logo-Guerini-OK_-e1615831292285.png","width":2805,"height":1870,"caption":"Guerini e Associati"},"image":{"@id":"https:\/\/www.guerini.it\/#\/schema\/logo\/image\/"}}]}},"_links":{"self":[{"href":"https:\/\/www.guerini.it\/index.php\/wp-json\/wp\/v2\/product\/13442","targetHints":{"allow":["GET"]}}],"collection":[{"href":"https:\/\/www.guerini.it\/index.php\/wp-json\/wp\/v2\/product"}],"about":[{"href":"https:\/\/www.guerini.it\/index.php\/wp-json\/wp\/v2\/types\/product"}],"wp:featuredmedia":[{"embeddable":true,"href":"https:\/\/www.guerini.it\/index.php\/wp-json\/wp\/v2\/media\/13441"}],"wp:attachment":[{"href":"https:\/\/www.guerini.it\/index.php\/wp-json\/wp\/v2\/media?parent=13442"}],"wp:term":[{"taxonomy":"product_brand","embeddable":true,"href":"https:\/\/www.guerini.it\/index.php\/wp-json\/wp\/v2\/product_brand?post=13442"},{"taxonomy":"product_cat","embeddable":true,"href":"https:\/\/www.guerini.it\/index.php\/wp-json\/wp\/v2\/product_cat?post=13442"},{"taxonomy":"product_tag","embeddable":true,"href":"https:\/\/www.guerini.it\/index.php\/wp-json\/wp\/v2\/product_tag?post=13442"}],"curies":[{"name":"wp","href":"https:\/\/api.w.org\/{rel}","templated":true}]}}