{"id":13464,"date":"2012-05-24T12:59:59","date_gmt":"2012-05-24T10:59:59","guid":{"rendered":"https:\/\/test.guerini.it\/?product=mosche-bottiglie-e-alcuni-inasprimenti"},"modified":"2024-06-12T14:35:33","modified_gmt":"2024-06-12T12:35:33","slug":"mosche-bottiglie-e-alcuni-inasprimenti","status":"publish","type":"product","link":"https:\/\/www.guerini.it\/index.php\/prodotto\/mosche-bottiglie-e-alcuni-inasprimenti\/","title":{"rendered":"Mosche, bottiglie e alcuni inasprimenti"},"content":{"rendered":"<p>Chi sono le mosche di cui il libro parla? La risposta \u00e8 semplice: noi. Siamo noi gli animali ronzanti nelle infinite bottiglie biologiche, storiche e sociali che, mentre ci imprigionano, ci fanno anche durare. Questo libro si muove appunto nella dimensione di quella libert\u00e0 relativa per illustrare la quale Sartre diceva che \u00abnon \u00e8 importante ci\u00f2 che gli altri hanno fatto di te, ma ci\u00f2 che tu fai a ci\u00f2 che gli altri hanno fatto di te\u00bb.<\/p>\n","protected":false},"excerpt":{"rendered":"<p>Chi sono le mosche di cui il libro parla? La risposta \u00e8 semplice: noi. Siamo noi gli animali ronzanti nelle infinite bottiglie biologiche, storiche e sociali che, mentre ci imprigionano, ci fanno anche durare. Questo libro si muove appunto nella dimensione di quella libert\u00e0 relativa per illustrare la quale Sartre diceva che \u00abnon \u00e8 importante ci\u00f2 che gli altri hanno fatto di te, ma ci\u00f2 che tu fai a ci\u00f2 che gli altri hanno fatto di te\u00bb.<\/p>\n","protected":false},"featured_media":13463,"template":"","meta":{"_editorskit_title_hidden":false,"_editorskit_reading_time":0,"_editorskit_is_block_options_detached":false,"_editorskit_block_options_position":"{}","_monsterinsights_skip_tracking":false,"_monsterinsights_sitenote_active":false,"_monsterinsights_sitenote_note":"","_monsterinsights_sitenote_category":0},"product_brand":[],"product_cat":[6530],"product_tag":[],"class_list":{"0":"post-13464","1":"product","2":"type-product","3":"status-publish","4":"has-post-thumbnail","6":"product_cat-filosofia","7":"pa_country_of_manufacture-it","8":"pa_fulfillment-default","10":"first","11":"instock","12":"sale","13":"shipping-taxable","14":"purchasable","15":"product-type-simple"},"yoast_head":"<!-- This site is optimized with the Yoast SEO plugin v25.4 - https:\/\/yoast.com\/wordpress\/plugins\/seo\/ -->\n<title>Mosche, bottiglie e alcuni inasprimenti - Guerini e Associati<\/title>\n<meta name=\"robots\" content=\"index, follow, max-snippet:-1, max-image-preview:large, max-video-preview:-1\" \/>\n<link rel=\"canonical\" href=\"https:\/\/www.guerini.it\/index.php\/prodotto\/mosche-bottiglie-e-alcuni-inasprimenti\/\" \/>\n<meta property=\"og:locale\" content=\"it_IT\" \/>\n<meta property=\"og:type\" content=\"article\" \/>\n<meta property=\"og:title\" content=\"Mosche, bottiglie e alcuni inasprimenti - Guerini e Associati\" \/>\n<meta property=\"og:description\" content=\"Chi sono le mosche di cui il libro parla? La risposta \u00e8 semplice: noi. Siamo noi gli animali ronzanti nelle infinite bottiglie biologiche, storiche e sociali che, mentre ci imprigionano, ci fanno anche durare. Questo libro si muove appunto nella dimensione di quella libert\u00e0 relativa per illustrare la quale Sartre diceva che \u00abnon \u00e8 importante ci\u00f2 che gli altri hanno fatto di te, ma ci\u00f2 che tu fai a ci\u00f2 che gli altri hanno fatto di te\u00bb.\" \/>\n<meta property=\"og:url\" content=\"https:\/\/www.guerini.it\/index.php\/prodotto\/mosche-bottiglie-e-alcuni-inasprimenti\/\" \/>\n<meta property=\"og:site_name\" content=\"Guerini e Associati\" \/>\n<meta property=\"article:modified_time\" content=\"2024-06-12T12:35:33+00:00\" \/>\n<meta property=\"og:image\" content=\"https:\/\/www.guerini.it\/wp-content\/uploads\/2012\/05\/88-8335-575-x.jpg\" \/>\n\t<meta property=\"og:image:width\" content=\"110\" \/>\n\t<meta property=\"og:image:height\" content=\"169\" \/>\n\t<meta property=\"og:image:type\" content=\"image\/jpeg\" \/>\n<meta name=\"twitter:card\" content=\"summary_large_image\" \/>\n<!-- \/ Yoast SEO plugin. -->","yoast_head_json":{"title":"Mosche, bottiglie e alcuni inasprimenti - Guerini e Associati","robots":{"index":"index","follow":"follow","max-snippet":"max-snippet:-1","max-image-preview":"max-image-preview:large","max-video-preview":"max-video-preview:-1"},"canonical":"https:\/\/www.guerini.it\/index.php\/prodotto\/mosche-bottiglie-e-alcuni-inasprimenti\/","og_locale":"it_IT","og_type":"article","og_title":"Mosche, bottiglie e alcuni inasprimenti - Guerini e Associati","og_description":"Chi sono le mosche di cui il libro parla? La risposta \u00e8 semplice: noi. Siamo noi gli animali ronzanti nelle infinite bottiglie biologiche, storiche e sociali che, mentre ci imprigionano, ci fanno anche durare. Questo libro si muove appunto nella dimensione di quella libert\u00e0 relativa per illustrare la quale Sartre diceva che \u00abnon \u00e8 importante ci\u00f2 che gli altri hanno fatto di te, ma ci\u00f2 che tu fai a ci\u00f2 che gli altri hanno fatto di te\u00bb.","og_url":"https:\/\/www.guerini.it\/index.php\/prodotto\/mosche-bottiglie-e-alcuni-inasprimenti\/","og_site_name":"Guerini e Associati","article_modified_time":"2024-06-12T12:35:33+00:00","og_image":[{"width":110,"height":169,"url":"https:\/\/www.guerini.it\/wp-content\/uploads\/2012\/05\/88-8335-575-x.jpg","type":"image\/jpeg"}],"twitter_card":"summary_large_image","schema":{"@context":"https:\/\/schema.org","@graph":[{"@type":"WebPage","@id":"https:\/\/www.guerini.it\/index.php\/prodotto\/mosche-bottiglie-e-alcuni-inasprimenti\/","url":"https:\/\/www.guerini.it\/index.php\/prodotto\/mosche-bottiglie-e-alcuni-inasprimenti\/","name":"Mosche, bottiglie e alcuni inasprimenti - Guerini e Associati","isPartOf":{"@id":"https:\/\/www.guerini.it\/#website"},"primaryImageOfPage":{"@id":"https:\/\/www.guerini.it\/index.php\/prodotto\/mosche-bottiglie-e-alcuni-inasprimenti\/#primaryimage"},"image":{"@id":"https:\/\/www.guerini.it\/index.php\/prodotto\/mosche-bottiglie-e-alcuni-inasprimenti\/#primaryimage"},"thumbnailUrl":"https:\/\/www.guerini.it\/wp-content\/uploads\/2012\/05\/88-8335-575-x.jpg","datePublished":"2012-05-24T10:59:59+00:00","dateModified":"2024-06-12T12:35:33+00:00","breadcrumb":{"@id":"https:\/\/www.guerini.it\/index.php\/prodotto\/mosche-bottiglie-e-alcuni-inasprimenti\/#breadcrumb"},"inLanguage":"it-IT","potentialAction":[{"@type":"ReadAction","target":["https:\/\/www.guerini.it\/index.php\/prodotto\/mosche-bottiglie-e-alcuni-inasprimenti\/"]}]},{"@type":"ImageObject","inLanguage":"it-IT","@id":"https:\/\/www.guerini.it\/index.php\/prodotto\/mosche-bottiglie-e-alcuni-inasprimenti\/#primaryimage","url":"https:\/\/www.guerini.it\/wp-content\/uploads\/2012\/05\/88-8335-575-x.jpg","contentUrl":"https:\/\/www.guerini.it\/wp-content\/uploads\/2012\/05\/88-8335-575-x.jpg","width":110,"height":169,"caption":"Mosche, bottiglie e alcuni inasprimenti"},{"@type":"BreadcrumbList","@id":"https:\/\/www.guerini.it\/index.php\/prodotto\/mosche-bottiglie-e-alcuni-inasprimenti\/#breadcrumb","itemListElement":[{"@type":"ListItem","position":1,"name":"Home","item":"https:\/\/www.guerini.it\/"},{"@type":"ListItem","position":2,"name":"Catalogo","item":"https:\/\/www.guerini.it\/index.php\/negozio\/"},{"@type":"ListItem","position":3,"name":"Mosche, bottiglie e alcuni inasprimenti"}]},{"@type":"WebSite","@id":"https:\/\/www.guerini.it\/#website","url":"https:\/\/www.guerini.it\/","name":"Guerini e Associati","description":"30 anni di libri, idee e libert\u00e0","publisher":{"@id":"https:\/\/www.guerini.it\/#organization"},"potentialAction":[{"@type":"SearchAction","target":{"@type":"EntryPoint","urlTemplate":"https:\/\/www.guerini.it\/?s={search_term_string}"},"query-input":{"@type":"PropertyValueSpecification","valueRequired":true,"valueName":"search_term_string"}}],"inLanguage":"it-IT"},{"@type":"Organization","@id":"https:\/\/www.guerini.it\/#organization","name":"Guerini e Associati","url":"https:\/\/www.guerini.it\/","logo":{"@type":"ImageObject","inLanguage":"it-IT","@id":"https:\/\/www.guerini.it\/#\/schema\/logo\/image\/","url":"https:\/\/www.guerini.it\/wp-content\/uploads\/2021\/03\/Logo-Guerini-OK_-e1615831292285.png","contentUrl":"https:\/\/www.guerini.it\/wp-content\/uploads\/2021\/03\/Logo-Guerini-OK_-e1615831292285.png","width":2805,"height":1870,"caption":"Guerini e Associati"},"image":{"@id":"https:\/\/www.guerini.it\/#\/schema\/logo\/image\/"}}]}},"_links":{"self":[{"href":"https:\/\/www.guerini.it\/index.php\/wp-json\/wp\/v2\/product\/13464","targetHints":{"allow":["GET"]}}],"collection":[{"href":"https:\/\/www.guerini.it\/index.php\/wp-json\/wp\/v2\/product"}],"about":[{"href":"https:\/\/www.guerini.it\/index.php\/wp-json\/wp\/v2\/types\/product"}],"wp:featuredmedia":[{"embeddable":true,"href":"https:\/\/www.guerini.it\/index.php\/wp-json\/wp\/v2\/media\/13463"}],"wp:attachment":[{"href":"https:\/\/www.guerini.it\/index.php\/wp-json\/wp\/v2\/media?parent=13464"}],"wp:term":[{"taxonomy":"product_brand","embeddable":true,"href":"https:\/\/www.guerini.it\/index.php\/wp-json\/wp\/v2\/product_brand?post=13464"},{"taxonomy":"product_cat","embeddable":true,"href":"https:\/\/www.guerini.it\/index.php\/wp-json\/wp\/v2\/product_cat?post=13464"},{"taxonomy":"product_tag","embeddable":true,"href":"https:\/\/www.guerini.it\/index.php\/wp-json\/wp\/v2\/product_tag?post=13464"}],"curies":[{"name":"wp","href":"https:\/\/api.w.org\/{rel}","templated":true}]}}