{"id":13496,"date":"2012-05-24T13:00:00","date_gmt":"2012-05-24T11:00:00","guid":{"rendered":"https:\/\/test.guerini.it\/?product=homo-utens"},"modified":"2024-06-12T14:36:44","modified_gmt":"2024-06-12T12:36:44","slug":"homo-utens","status":"publish","type":"product","link":"https:\/\/www.guerini.it\/index.php\/prodotto\/homo-utens\/","title":{"rendered":"Homo utens"},"content":{"rendered":"<p>La crescente diffusione del termine \u00abutente\u00bb sembra proporre, rispetto a concetti solo apparentemente simili, quali cittadino, individuo, persona, soggetto, cliente, attore, una nuova concezione dell\u2019uomo in seno alla societ\u00e0. Pi\u00f9 in particolare, \u00e8 plausibile ritenere che l\u2019utente si identifichi con un soggetto intermedio tra il cittadino e il cliente. L\u2019adozione di questo termine pu\u00f2 porsi in stretta relazione con alcuni elementi culturali di fondo: la ricognizione, sia teorica sia empirica, sulla diffusione e i riferimenti differenziali del termine, si offre quindi come lo strumento naturale per portare alla luce tendenze di riassestamento di temi centrali nell\u2019evoluzione culturale contemporanea.<\/p>\n","protected":false},"excerpt":{"rendered":"<p>La crescente diffusione del termine \u00abutente\u00bb sembra proporre, rispetto a concetti solo apparentemente simili, quali cittadino, individuo, persona, soggetto, cliente, attore, una nuova concezione dell\u2019uomo in seno alla societ\u00e0. Pi\u00f9 in particolare, \u00e8 plausibile ritenere che l\u2019utente si identifichi con un soggetto intermedio tra il cittadino e il cliente. L\u2019adozione di questo termine pu\u00f2 porsi in stretta relazione con alcuni elementi culturali di fondo: la ricognizione, sia teorica sia empirica, sulla diffusione e i riferimenti differenziali del termine, si offre quindi come lo strumento naturale per portare alla luce tendenze di riassestamento di temi centrali nell\u2019evoluzione culturale contemporanea.<\/p>\n","protected":false},"featured_media":13495,"template":"","meta":{"_editorskit_title_hidden":false,"_editorskit_reading_time":0,"_editorskit_is_block_options_detached":false,"_editorskit_block_options_position":"{}","_monsterinsights_skip_tracking":false,"_monsterinsights_sitenote_active":false,"_monsterinsights_sitenote_note":"","_monsterinsights_sitenote_category":0},"product_brand":[],"product_cat":[6538],"product_tag":[],"class_list":{"0":"post-13496","1":"product","2":"type-product","3":"status-publish","4":"has-post-thumbnail","6":"product_cat-sociologia-e-comunicazione","7":"pa_country_of_manufacture-it","8":"pa_fulfillment-default","10":"first","11":"instock","12":"sale","13":"shipping-taxable","14":"purchasable","15":"product-type-simple"},"yoast_head":"<!-- This site is optimized with the Yoast SEO plugin v25.4 - https:\/\/yoast.com\/wordpress\/plugins\/seo\/ -->\n<title>Homo utens - Guerini e Associati<\/title>\n<meta name=\"robots\" content=\"index, follow, max-snippet:-1, max-image-preview:large, max-video-preview:-1\" \/>\n<link rel=\"canonical\" href=\"https:\/\/www.guerini.it\/index.php\/prodotto\/homo-utens\/\" \/>\n<meta property=\"og:locale\" content=\"it_IT\" \/>\n<meta property=\"og:type\" content=\"article\" \/>\n<meta property=\"og:title\" content=\"Homo utens - Guerini e Associati\" \/>\n<meta property=\"og:description\" content=\"La crescente diffusione del termine \u00abutente\u00bb sembra proporre, rispetto a concetti solo apparentemente simili, quali cittadino, individuo, persona, soggetto, cliente, attore, una nuova concezione dell\u2019uomo in seno alla societ\u00e0. Pi\u00f9 in particolare, \u00e8 plausibile ritenere che l\u2019utente si identifichi con un soggetto intermedio tra il cittadino e il cliente. L\u2019adozione di questo termine pu\u00f2 porsi in stretta relazione con alcuni elementi culturali di fondo: la ricognizione, sia teorica sia empirica, sulla diffusione e i riferimenti differenziali del termine, si offre quindi come lo strumento naturale per portare alla luce tendenze di riassestamento di temi centrali nell\u2019evoluzione culturale contemporanea.\" \/>\n<meta property=\"og:url\" content=\"https:\/\/www.guerini.it\/index.php\/prodotto\/homo-utens\/\" \/>\n<meta property=\"og:site_name\" content=\"Guerini e Associati\" \/>\n<meta property=\"article:modified_time\" content=\"2024-06-12T12:36:44+00:00\" \/>\n<meta property=\"og:image\" content=\"https:\/\/www.guerini.it\/wp-content\/uploads\/2012\/05\/88-8107-178-9.jpg\" \/>\n\t<meta property=\"og:image:width\" content=\"110\" \/>\n\t<meta property=\"og:image:height\" content=\"169\" \/>\n\t<meta property=\"og:image:type\" content=\"image\/jpeg\" \/>\n<meta name=\"twitter:card\" content=\"summary_large_image\" \/>\n<meta name=\"twitter:label1\" content=\"Tempo di lettura stimato\" \/>\n\t<meta name=\"twitter:data1\" content=\"1 minuto\" \/>\n<!-- \/ Yoast SEO plugin. -->","yoast_head_json":{"title":"Homo utens - Guerini e Associati","robots":{"index":"index","follow":"follow","max-snippet":"max-snippet:-1","max-image-preview":"max-image-preview:large","max-video-preview":"max-video-preview:-1"},"canonical":"https:\/\/www.guerini.it\/index.php\/prodotto\/homo-utens\/","og_locale":"it_IT","og_type":"article","og_title":"Homo utens - Guerini e Associati","og_description":"La crescente diffusione del termine \u00abutente\u00bb sembra proporre, rispetto a concetti solo apparentemente simili, quali cittadino, individuo, persona, soggetto, cliente, attore, una nuova concezione dell\u2019uomo in seno alla societ\u00e0. Pi\u00f9 in particolare, \u00e8 plausibile ritenere che l\u2019utente si identifichi con un soggetto intermedio tra il cittadino e il cliente. L\u2019adozione di questo termine pu\u00f2 porsi in stretta relazione con alcuni elementi culturali di fondo: la ricognizione, sia teorica sia empirica, sulla diffusione e i riferimenti differenziali del termine, si offre quindi come lo strumento naturale per portare alla luce tendenze di riassestamento di temi centrali nell\u2019evoluzione culturale contemporanea.","og_url":"https:\/\/www.guerini.it\/index.php\/prodotto\/homo-utens\/","og_site_name":"Guerini e Associati","article_modified_time":"2024-06-12T12:36:44+00:00","og_image":[{"width":110,"height":169,"url":"https:\/\/www.guerini.it\/wp-content\/uploads\/2012\/05\/88-8107-178-9.jpg","type":"image\/jpeg"}],"twitter_card":"summary_large_image","twitter_misc":{"Tempo di lettura stimato":"1 minuto"},"schema":{"@context":"https:\/\/schema.org","@graph":[{"@type":"WebPage","@id":"https:\/\/www.guerini.it\/index.php\/prodotto\/homo-utens\/","url":"https:\/\/www.guerini.it\/index.php\/prodotto\/homo-utens\/","name":"Homo utens - Guerini e Associati","isPartOf":{"@id":"https:\/\/www.guerini.it\/#website"},"primaryImageOfPage":{"@id":"https:\/\/www.guerini.it\/index.php\/prodotto\/homo-utens\/#primaryimage"},"image":{"@id":"https:\/\/www.guerini.it\/index.php\/prodotto\/homo-utens\/#primaryimage"},"thumbnailUrl":"https:\/\/www.guerini.it\/wp-content\/uploads\/2012\/05\/88-8107-178-9.jpg","datePublished":"2012-05-24T11:00:00+00:00","dateModified":"2024-06-12T12:36:44+00:00","breadcrumb":{"@id":"https:\/\/www.guerini.it\/index.php\/prodotto\/homo-utens\/#breadcrumb"},"inLanguage":"it-IT","potentialAction":[{"@type":"ReadAction","target":["https:\/\/www.guerini.it\/index.php\/prodotto\/homo-utens\/"]}]},{"@type":"ImageObject","inLanguage":"it-IT","@id":"https:\/\/www.guerini.it\/index.php\/prodotto\/homo-utens\/#primaryimage","url":"https:\/\/www.guerini.it\/wp-content\/uploads\/2012\/05\/88-8107-178-9.jpg","contentUrl":"https:\/\/www.guerini.it\/wp-content\/uploads\/2012\/05\/88-8107-178-9.jpg","width":110,"height":169,"caption":"Homo utens-0"},{"@type":"BreadcrumbList","@id":"https:\/\/www.guerini.it\/index.php\/prodotto\/homo-utens\/#breadcrumb","itemListElement":[{"@type":"ListItem","position":1,"name":"Home","item":"https:\/\/www.guerini.it\/"},{"@type":"ListItem","position":2,"name":"Catalogo","item":"https:\/\/www.guerini.it\/index.php\/negozio\/"},{"@type":"ListItem","position":3,"name":"Homo utens"}]},{"@type":"WebSite","@id":"https:\/\/www.guerini.it\/#website","url":"https:\/\/www.guerini.it\/","name":"Guerini e Associati","description":"30 anni di libri, idee e libert\u00e0","publisher":{"@id":"https:\/\/www.guerini.it\/#organization"},"potentialAction":[{"@type":"SearchAction","target":{"@type":"EntryPoint","urlTemplate":"https:\/\/www.guerini.it\/?s={search_term_string}"},"query-input":{"@type":"PropertyValueSpecification","valueRequired":true,"valueName":"search_term_string"}}],"inLanguage":"it-IT"},{"@type":"Organization","@id":"https:\/\/www.guerini.it\/#organization","name":"Guerini e Associati","url":"https:\/\/www.guerini.it\/","logo":{"@type":"ImageObject","inLanguage":"it-IT","@id":"https:\/\/www.guerini.it\/#\/schema\/logo\/image\/","url":"https:\/\/www.guerini.it\/wp-content\/uploads\/2021\/03\/Logo-Guerini-OK_-e1615831292285.png","contentUrl":"https:\/\/www.guerini.it\/wp-content\/uploads\/2021\/03\/Logo-Guerini-OK_-e1615831292285.png","width":2805,"height":1870,"caption":"Guerini e Associati"},"image":{"@id":"https:\/\/www.guerini.it\/#\/schema\/logo\/image\/"}}]}},"_links":{"self":[{"href":"https:\/\/www.guerini.it\/index.php\/wp-json\/wp\/v2\/product\/13496","targetHints":{"allow":["GET"]}}],"collection":[{"href":"https:\/\/www.guerini.it\/index.php\/wp-json\/wp\/v2\/product"}],"about":[{"href":"https:\/\/www.guerini.it\/index.php\/wp-json\/wp\/v2\/types\/product"}],"wp:featuredmedia":[{"embeddable":true,"href":"https:\/\/www.guerini.it\/index.php\/wp-json\/wp\/v2\/media\/13495"}],"wp:attachment":[{"href":"https:\/\/www.guerini.it\/index.php\/wp-json\/wp\/v2\/media?parent=13496"}],"wp:term":[{"taxonomy":"product_brand","embeddable":true,"href":"https:\/\/www.guerini.it\/index.php\/wp-json\/wp\/v2\/product_brand?post=13496"},{"taxonomy":"product_cat","embeddable":true,"href":"https:\/\/www.guerini.it\/index.php\/wp-json\/wp\/v2\/product_cat?post=13496"},{"taxonomy":"product_tag","embeddable":true,"href":"https:\/\/www.guerini.it\/index.php\/wp-json\/wp\/v2\/product_tag?post=13496"}],"curies":[{"name":"wp","href":"https:\/\/api.w.org\/{rel}","templated":true}]}}