{"id":13656,"date":"2012-05-24T13:00:03","date_gmt":"2012-05-24T11:00:03","guid":{"rendered":"https:\/\/test.guerini.it\/?product=autonomia-a-quale-prezzo"},"modified":"2024-06-12T14:34:58","modified_gmt":"2024-06-12T12:34:58","slug":"autonomia-a-quale-prezzo","status":"publish","type":"product","link":"https:\/\/www.guerini.it\/index.php\/prodotto\/autonomia-a-quale-prezzo\/","title":{"rendered":"Autonomia a quale prezzo?"},"content":{"rendered":"<p>Il futuro \u00e8 incerto per la previdenza dei liberi professionisti. Questa condizione \u00e8 dovuta sia alla scarsa maturit\u00e0 previdenziale delle gestioni dell\u2019ente privato sia all\u2019ingenua certezza che il favorevole rapporto tra pensionati e attivi potesse perdurare all\u2019infinito. Offrendo diverse valutazioni quantitative che ne confermano la diagnosi, il volume prospetta la soluzione, e unica cura possibile, in una radicale revisione della formula di liquidazione della pensione, e raccomanda di affiancare, alla copertura affidata alla ripartizione, una parallela copertura fondata sulla capitalizzazione.<\/p>\n","protected":false},"excerpt":{"rendered":"<p>Il futuro \u00e8 incerto per la previdenza dei liberi professionisti. Questa condizione \u00e8 dovuta sia alla scarsa maturit\u00e0 previdenziale delle gestioni dell\u2019ente privato sia all\u2019ingenua certezza che il favorevole rapporto tra pensionati e attivi potesse perdurare all\u2019infinito. Offrendo diverse valutazioni quantitative che ne confermano la diagnosi, il volume prospetta la soluzione, e unica cura possibile, in una radicale revisione della formula di liquidazione della pensione, e raccomanda di affiancare, alla copertura affidata alla ripartizione, una parallela copertura fondata sulla capitalizzazione.<\/p>\n","protected":false},"featured_media":13655,"template":"","meta":{"_editorskit_title_hidden":false,"_editorskit_reading_time":0,"_editorskit_is_block_options_detached":false,"_editorskit_block_options_position":"{}","_monsterinsights_skip_tracking":false,"_monsterinsights_sitenote_active":false,"_monsterinsights_sitenote_note":"","_monsterinsights_sitenote_category":0},"product_brand":[],"product_cat":[6529],"product_tag":[],"class_list":{"0":"post-13656","1":"product","2":"type-product","3":"status-publish","4":"has-post-thumbnail","6":"product_cat-economia-e-management","7":"pa_country_of_manufacture-it","8":"pa_fulfillment-default","10":"first","11":"outofstock","12":"sale","13":"shipping-taxable","14":"purchasable","15":"product-type-simple"},"yoast_head":"<!-- This site is optimized with the Yoast SEO plugin v25.4 - https:\/\/yoast.com\/wordpress\/plugins\/seo\/ -->\n<title>Autonomia a quale prezzo? - Guerini e Associati<\/title>\n<meta name=\"robots\" content=\"index, follow, max-snippet:-1, max-image-preview:large, max-video-preview:-1\" \/>\n<link rel=\"canonical\" href=\"https:\/\/www.guerini.it\/index.php\/prodotto\/autonomia-a-quale-prezzo\/\" \/>\n<meta property=\"og:locale\" content=\"it_IT\" \/>\n<meta property=\"og:type\" content=\"article\" \/>\n<meta property=\"og:title\" content=\"Autonomia a quale prezzo? - Guerini e Associati\" \/>\n<meta property=\"og:description\" content=\"Il futuro \u00e8 incerto per la previdenza dei liberi professionisti. Questa condizione \u00e8 dovuta sia alla scarsa maturit\u00e0 previdenziale delle gestioni dell\u2019ente privato sia all\u2019ingenua certezza che il favorevole rapporto tra pensionati e attivi potesse perdurare all\u2019infinito. Offrendo diverse valutazioni quantitative che ne confermano la diagnosi, il volume prospetta la soluzione, e unica cura possibile, in una radicale revisione della formula di liquidazione della pensione, e raccomanda di affiancare, alla copertura affidata alla ripartizione, una parallela copertura fondata sulla capitalizzazione.\" \/>\n<meta property=\"og:url\" content=\"https:\/\/www.guerini.it\/index.php\/prodotto\/autonomia-a-quale-prezzo\/\" \/>\n<meta property=\"og:site_name\" content=\"Guerini e Associati\" \/>\n<meta property=\"article:modified_time\" content=\"2024-06-12T12:34:58+00:00\" \/>\n<meta property=\"og:image\" content=\"https:\/\/www.guerini.it\/wp-content\/uploads\/2012\/05\/88-8335-668-3.jpg\" \/>\n\t<meta property=\"og:image:width\" content=\"112\" \/>\n\t<meta property=\"og:image:height\" content=\"176\" \/>\n\t<meta property=\"og:image:type\" content=\"image\/jpeg\" \/>\n<meta name=\"twitter:card\" content=\"summary_large_image\" \/>\n<!-- \/ Yoast SEO plugin. -->","yoast_head_json":{"title":"Autonomia a quale prezzo? - Guerini e Associati","robots":{"index":"index","follow":"follow","max-snippet":"max-snippet:-1","max-image-preview":"max-image-preview:large","max-video-preview":"max-video-preview:-1"},"canonical":"https:\/\/www.guerini.it\/index.php\/prodotto\/autonomia-a-quale-prezzo\/","og_locale":"it_IT","og_type":"article","og_title":"Autonomia a quale prezzo? - Guerini e Associati","og_description":"Il futuro \u00e8 incerto per la previdenza dei liberi professionisti. Questa condizione \u00e8 dovuta sia alla scarsa maturit\u00e0 previdenziale delle gestioni dell\u2019ente privato sia all\u2019ingenua certezza che il favorevole rapporto tra pensionati e attivi potesse perdurare all\u2019infinito. Offrendo diverse valutazioni quantitative che ne confermano la diagnosi, il volume prospetta la soluzione, e unica cura possibile, in una radicale revisione della formula di liquidazione della pensione, e raccomanda di affiancare, alla copertura affidata alla ripartizione, una parallela copertura fondata sulla capitalizzazione.","og_url":"https:\/\/www.guerini.it\/index.php\/prodotto\/autonomia-a-quale-prezzo\/","og_site_name":"Guerini e Associati","article_modified_time":"2024-06-12T12:34:58+00:00","og_image":[{"width":112,"height":176,"url":"https:\/\/www.guerini.it\/wp-content\/uploads\/2012\/05\/88-8335-668-3.jpg","type":"image\/jpeg"}],"twitter_card":"summary_large_image","schema":{"@context":"https:\/\/schema.org","@graph":[{"@type":"WebPage","@id":"https:\/\/www.guerini.it\/index.php\/prodotto\/autonomia-a-quale-prezzo\/","url":"https:\/\/www.guerini.it\/index.php\/prodotto\/autonomia-a-quale-prezzo\/","name":"Autonomia a quale prezzo? - Guerini e Associati","isPartOf":{"@id":"https:\/\/www.guerini.it\/#website"},"primaryImageOfPage":{"@id":"https:\/\/www.guerini.it\/index.php\/prodotto\/autonomia-a-quale-prezzo\/#primaryimage"},"image":{"@id":"https:\/\/www.guerini.it\/index.php\/prodotto\/autonomia-a-quale-prezzo\/#primaryimage"},"thumbnailUrl":"https:\/\/www.guerini.it\/wp-content\/uploads\/2012\/05\/88-8335-668-3.jpg","datePublished":"2012-05-24T11:00:03+00:00","dateModified":"2024-06-12T12:34:58+00:00","breadcrumb":{"@id":"https:\/\/www.guerini.it\/index.php\/prodotto\/autonomia-a-quale-prezzo\/#breadcrumb"},"inLanguage":"it-IT","potentialAction":[{"@type":"ReadAction","target":["https:\/\/www.guerini.it\/index.php\/prodotto\/autonomia-a-quale-prezzo\/"]}]},{"@type":"ImageObject","inLanguage":"it-IT","@id":"https:\/\/www.guerini.it\/index.php\/prodotto\/autonomia-a-quale-prezzo\/#primaryimage","url":"https:\/\/www.guerini.it\/wp-content\/uploads\/2012\/05\/88-8335-668-3.jpg","contentUrl":"https:\/\/www.guerini.it\/wp-content\/uploads\/2012\/05\/88-8335-668-3.jpg","width":112,"height":176,"caption":"Autonomia a quale prezzo?"},{"@type":"BreadcrumbList","@id":"https:\/\/www.guerini.it\/index.php\/prodotto\/autonomia-a-quale-prezzo\/#breadcrumb","itemListElement":[{"@type":"ListItem","position":1,"name":"Home","item":"https:\/\/www.guerini.it\/"},{"@type":"ListItem","position":2,"name":"Catalogo","item":"https:\/\/www.guerini.it\/index.php\/negozio\/"},{"@type":"ListItem","position":3,"name":"Autonomia a quale prezzo?"}]},{"@type":"WebSite","@id":"https:\/\/www.guerini.it\/#website","url":"https:\/\/www.guerini.it\/","name":"Guerini e Associati","description":"30 anni di libri, idee e libert\u00e0","publisher":{"@id":"https:\/\/www.guerini.it\/#organization"},"potentialAction":[{"@type":"SearchAction","target":{"@type":"EntryPoint","urlTemplate":"https:\/\/www.guerini.it\/?s={search_term_string}"},"query-input":{"@type":"PropertyValueSpecification","valueRequired":true,"valueName":"search_term_string"}}],"inLanguage":"it-IT"},{"@type":"Organization","@id":"https:\/\/www.guerini.it\/#organization","name":"Guerini e Associati","url":"https:\/\/www.guerini.it\/","logo":{"@type":"ImageObject","inLanguage":"it-IT","@id":"https:\/\/www.guerini.it\/#\/schema\/logo\/image\/","url":"https:\/\/www.guerini.it\/wp-content\/uploads\/2021\/03\/Logo-Guerini-OK_-e1615831292285.png","contentUrl":"https:\/\/www.guerini.it\/wp-content\/uploads\/2021\/03\/Logo-Guerini-OK_-e1615831292285.png","width":2805,"height":1870,"caption":"Guerini e Associati"},"image":{"@id":"https:\/\/www.guerini.it\/#\/schema\/logo\/image\/"}}]}},"_links":{"self":[{"href":"https:\/\/www.guerini.it\/index.php\/wp-json\/wp\/v2\/product\/13656","targetHints":{"allow":["GET"]}}],"collection":[{"href":"https:\/\/www.guerini.it\/index.php\/wp-json\/wp\/v2\/product"}],"about":[{"href":"https:\/\/www.guerini.it\/index.php\/wp-json\/wp\/v2\/types\/product"}],"wp:featuredmedia":[{"embeddable":true,"href":"https:\/\/www.guerini.it\/index.php\/wp-json\/wp\/v2\/media\/13655"}],"wp:attachment":[{"href":"https:\/\/www.guerini.it\/index.php\/wp-json\/wp\/v2\/media?parent=13656"}],"wp:term":[{"taxonomy":"product_brand","embeddable":true,"href":"https:\/\/www.guerini.it\/index.php\/wp-json\/wp\/v2\/product_brand?post=13656"},{"taxonomy":"product_cat","embeddable":true,"href":"https:\/\/www.guerini.it\/index.php\/wp-json\/wp\/v2\/product_cat?post=13656"},{"taxonomy":"product_tag","embeddable":true,"href":"https:\/\/www.guerini.it\/index.php\/wp-json\/wp\/v2\/product_tag?post=13656"}],"curies":[{"name":"wp","href":"https:\/\/api.w.org\/{rel}","templated":true}]}}