{"id":13660,"date":"2012-05-24T13:00:03","date_gmt":"2012-05-24T11:00:03","guid":{"rendered":"https:\/\/test.guerini.it\/?product=la-giovane-prigioniera"},"modified":"2024-06-12T14:37:26","modified_gmt":"2024-06-12T12:37:26","slug":"la-giovane-prigioniera","status":"publish","type":"product","link":"https:\/\/www.guerini.it\/index.php\/prodotto\/la-giovane-prigioniera\/","title":{"rendered":"La giovane prigioniera"},"content":{"rendered":"<p style=\"text-align: justify;\">Strappata alla sua vita da bambina, una quindicenne innocente viene arrestata e deportata in un campo di concentramento del Laos comunista. Qui, colpita nel corpo e nell\u2019anima, dovr\u00e0 affrontare violenze, umiliazioni, offese, torture. Qui dovr\u00e0 fare appello a tutta la sua forza per resistere e per tentare la fuga verso la Thailandia e poi verso l\u2019Europa.<br \/>\nQuesto \u00e8 il diario dei suoi 1139 giorni di prigionia trascorsi, a partire dal 1975, in uno dei terribili campi di rieducazione del Partito popolare di Lao. \u00c8 una storia appassionante, un inno al coraggio di una giovane donna cos\u00ec tenacemente attaccata alla vita, ma soprattutto la denuncia di una situazione tanto insostenibile quanto sconosciuta ai pi\u00f9. Perch\u00e9 anche se il nome di questo Paese non \u00e8 pi\u00f9 alla ribalta delle cronache internazionali il Laos, con la sua rivoluzione, il suo partito unico, le sue vittime e i suoi campi di deportazione, c\u2019\u00e8 ancora.<br \/>\nE questo libro non \u00e8 una testimonianza unica di avvenimenti ormai passati: \u00e8 solo l\u2019ennesimo tragico capitolo della storia attuale di un popolo sopraffatto da una cieca e fredda ideologia.<\/p>\n<hr \/>\n<p style=\"text-align: justify;\"><strong>Souvannavong V.<\/strong> appartiene a un\u2019antica famiglia della capitale. Quando le forze comuniste prendono il potere, frequenta ancora il liceo. Arrestata nella retata del settembre 1975, rimane prigioniera nei campi di rieducazione, senza mai essere sottoposta a giudizio, per quasi quattro anni. Riesce a fuggire in Thailandia attraversando a nuoto il fiume Mekong. Dopo un anno trascorso nei campi di rifugiati, ritrova sua madre a Parigi.<br \/>\nOggi \u00e8 impiegata in una societ\u00e0 multinazionale.<\/p>\n","protected":false},"excerpt":{"rendered":"<p>Il diario dei 1139 giorni di prigionia trascorsi da una quindicenne innocente, arrestata e deportata in uno dei terribili campi di rieducazione del Partito popolare Lao. Una storia appassionante, un inno al coraggio di una giovanissima donna cos\u00ec tenaceme<\/p>\n","protected":false},"featured_media":23599,"template":"","meta":{"_editorskit_title_hidden":false,"_editorskit_reading_time":0,"_editorskit_is_block_options_detached":false,"_editorskit_block_options_position":"{}","_monsterinsights_skip_tracking":false,"_monsterinsights_sitenote_active":false,"_monsterinsights_sitenote_note":"","_monsterinsights_sitenote_category":0},"product_brand":[],"product_cat":[6537],"product_tag":[],"class_list":{"0":"post-13660","1":"product","2":"type-product","3":"status-publish","4":"has-post-thumbnail","6":"product_cat-scienze-politiche-sociali","7":"pa_guerini_amazon_link-https-www-amazon-it-giovane-prigioniera-vittima-comunista-illustrata-dp-8883356268","8":"pa_guerini_feltrinelli_link-https-www-lafeltrinelli-it-giovane-prigioniera-diario-di-vittima-libro-v-souvannavong-e-9788883356261","9":"pa_guerini_ibs_link-https-www-ibs-it-giovane-prigioniera-diario-di-vittima-libro-v-souvannavong-e-9788883356261","10":"pa_guerini_libruniver_link-https-www-libreriauniversitaria-it-giovane-prigioniera-diario-vittima-laos-libro-9788883356261","11":"pa_guerini_mondadori_link-https-www-mondadoristore-it-giovane-prigioniera-diario-vongprachanh-souvannavong-eai978888335626","12":"pa_guerini_strillo-unemozionantestoriavera","14":"first","15":"instock","16":"sale","17":"shipping-taxable","18":"purchasable","19":"product-type-simple"},"yoast_head":"<!-- This site is optimized with the Yoast SEO plugin v25.4 - https:\/\/yoast.com\/wordpress\/plugins\/seo\/ -->\n<title>La giovane prigioniera - Guerini e Associati<\/title>\n<meta name=\"robots\" content=\"index, follow, max-snippet:-1, max-image-preview:large, max-video-preview:-1\" \/>\n<link rel=\"canonical\" href=\"https:\/\/www.guerini.it\/index.php\/prodotto\/la-giovane-prigioniera\/\" \/>\n<meta property=\"og:locale\" content=\"it_IT\" \/>\n<meta property=\"og:type\" content=\"article\" \/>\n<meta property=\"og:title\" content=\"La giovane prigioniera - Guerini e Associati\" \/>\n<meta property=\"og:description\" content=\"Il diario dei 1139 giorni di prigionia trascorsi da una quindicenne innocente, arrestata e deportata in uno dei terribili campi di rieducazione del Partito popolare Lao. Una storia appassionante, un inno al coraggio di una giovanissima donna cos\u00ec tenaceme\" \/>\n<meta property=\"og:url\" content=\"https:\/\/www.guerini.it\/index.php\/prodotto\/la-giovane-prigioniera\/\" \/>\n<meta property=\"og:site_name\" content=\"Guerini e Associati\" \/>\n<meta property=\"article:modified_time\" content=\"2024-06-12T12:37:26+00:00\" \/>\n<meta property=\"og:image\" content=\"https:\/\/www.guerini.it\/wp-content\/uploads\/2012\/05\/La-giovane-prigioniera.webp\" \/>\n\t<meta property=\"og:image:width\" content=\"862\" \/>\n\t<meta property=\"og:image:height\" content=\"1334\" \/>\n\t<meta property=\"og:image:type\" content=\"image\/webp\" \/>\n<meta name=\"twitter:card\" content=\"summary_large_image\" \/>\n<meta name=\"twitter:label1\" content=\"Tempo di lettura stimato\" \/>\n\t<meta name=\"twitter:data1\" content=\"2 minuti\" \/>\n<!-- \/ Yoast SEO plugin. -->","yoast_head_json":{"title":"La giovane prigioniera - Guerini e Associati","robots":{"index":"index","follow":"follow","max-snippet":"max-snippet:-1","max-image-preview":"max-image-preview:large","max-video-preview":"max-video-preview:-1"},"canonical":"https:\/\/www.guerini.it\/index.php\/prodotto\/la-giovane-prigioniera\/","og_locale":"it_IT","og_type":"article","og_title":"La giovane prigioniera - Guerini e Associati","og_description":"Il diario dei 1139 giorni di prigionia trascorsi da una quindicenne innocente, arrestata e deportata in uno dei terribili campi di rieducazione del Partito popolare Lao. Una storia appassionante, un inno al coraggio di una giovanissima donna cos\u00ec tenaceme","og_url":"https:\/\/www.guerini.it\/index.php\/prodotto\/la-giovane-prigioniera\/","og_site_name":"Guerini e Associati","article_modified_time":"2024-06-12T12:37:26+00:00","og_image":[{"width":862,"height":1334,"url":"https:\/\/www.guerini.it\/wp-content\/uploads\/2012\/05\/La-giovane-prigioniera.webp","type":"image\/webp"}],"twitter_card":"summary_large_image","twitter_misc":{"Tempo di lettura stimato":"2 minuti"},"schema":{"@context":"https:\/\/schema.org","@graph":[{"@type":"WebPage","@id":"https:\/\/www.guerini.it\/index.php\/prodotto\/la-giovane-prigioniera\/","url":"https:\/\/www.guerini.it\/index.php\/prodotto\/la-giovane-prigioniera\/","name":"La giovane prigioniera - Guerini e Associati","isPartOf":{"@id":"https:\/\/www.guerini.it\/#website"},"primaryImageOfPage":{"@id":"https:\/\/www.guerini.it\/index.php\/prodotto\/la-giovane-prigioniera\/#primaryimage"},"image":{"@id":"https:\/\/www.guerini.it\/index.php\/prodotto\/la-giovane-prigioniera\/#primaryimage"},"thumbnailUrl":"https:\/\/www.guerini.it\/wp-content\/uploads\/2012\/05\/La-giovane-prigioniera.webp","datePublished":"2012-05-24T11:00:03+00:00","dateModified":"2024-06-12T12:37:26+00:00","breadcrumb":{"@id":"https:\/\/www.guerini.it\/index.php\/prodotto\/la-giovane-prigioniera\/#breadcrumb"},"inLanguage":"it-IT","potentialAction":[{"@type":"ReadAction","target":["https:\/\/www.guerini.it\/index.php\/prodotto\/la-giovane-prigioniera\/"]}]},{"@type":"ImageObject","inLanguage":"it-IT","@id":"https:\/\/www.guerini.it\/index.php\/prodotto\/la-giovane-prigioniera\/#primaryimage","url":"https:\/\/www.guerini.it\/wp-content\/uploads\/2012\/05\/La-giovane-prigioniera.webp","contentUrl":"https:\/\/www.guerini.it\/wp-content\/uploads\/2012\/05\/La-giovane-prigioniera.webp","width":862,"height":1334,"caption":"Copertina del volume La giovane prigioniera, Guerini e Associati, 2005"},{"@type":"BreadcrumbList","@id":"https:\/\/www.guerini.it\/index.php\/prodotto\/la-giovane-prigioniera\/#breadcrumb","itemListElement":[{"@type":"ListItem","position":1,"name":"Home","item":"https:\/\/www.guerini.it\/"},{"@type":"ListItem","position":2,"name":"Catalogo","item":"https:\/\/www.guerini.it\/index.php\/negozio\/"},{"@type":"ListItem","position":3,"name":"La giovane prigioniera"}]},{"@type":"WebSite","@id":"https:\/\/www.guerini.it\/#website","url":"https:\/\/www.guerini.it\/","name":"Guerini e Associati","description":"30 anni di libri, idee e libert\u00e0","publisher":{"@id":"https:\/\/www.guerini.it\/#organization"},"potentialAction":[{"@type":"SearchAction","target":{"@type":"EntryPoint","urlTemplate":"https:\/\/www.guerini.it\/?s={search_term_string}"},"query-input":{"@type":"PropertyValueSpecification","valueRequired":true,"valueName":"search_term_string"}}],"inLanguage":"it-IT"},{"@type":"Organization","@id":"https:\/\/www.guerini.it\/#organization","name":"Guerini e Associati","url":"https:\/\/www.guerini.it\/","logo":{"@type":"ImageObject","inLanguage":"it-IT","@id":"https:\/\/www.guerini.it\/#\/schema\/logo\/image\/","url":"https:\/\/www.guerini.it\/wp-content\/uploads\/2021\/03\/Logo-Guerini-OK_-e1615831292285.png","contentUrl":"https:\/\/www.guerini.it\/wp-content\/uploads\/2021\/03\/Logo-Guerini-OK_-e1615831292285.png","width":2805,"height":1870,"caption":"Guerini e Associati"},"image":{"@id":"https:\/\/www.guerini.it\/#\/schema\/logo\/image\/"}}]}},"_links":{"self":[{"href":"https:\/\/www.guerini.it\/index.php\/wp-json\/wp\/v2\/product\/13660","targetHints":{"allow":["GET"]}}],"collection":[{"href":"https:\/\/www.guerini.it\/index.php\/wp-json\/wp\/v2\/product"}],"about":[{"href":"https:\/\/www.guerini.it\/index.php\/wp-json\/wp\/v2\/types\/product"}],"wp:featuredmedia":[{"embeddable":true,"href":"https:\/\/www.guerini.it\/index.php\/wp-json\/wp\/v2\/media\/23599"}],"wp:attachment":[{"href":"https:\/\/www.guerini.it\/index.php\/wp-json\/wp\/v2\/media?parent=13660"}],"wp:term":[{"taxonomy":"product_brand","embeddable":true,"href":"https:\/\/www.guerini.it\/index.php\/wp-json\/wp\/v2\/product_brand?post=13660"},{"taxonomy":"product_cat","embeddable":true,"href":"https:\/\/www.guerini.it\/index.php\/wp-json\/wp\/v2\/product_cat?post=13660"},{"taxonomy":"product_tag","embeddable":true,"href":"https:\/\/www.guerini.it\/index.php\/wp-json\/wp\/v2\/product_tag?post=13660"}],"curies":[{"name":"wp","href":"https:\/\/api.w.org\/{rel}","templated":true}]}}