{"id":13839,"date":"2012-05-24T13:00:18","date_gmt":"2012-05-24T11:00:18","guid":{"rendered":"https:\/\/test.guerini.it\/?product=l-individualismo-emergente"},"modified":"2024-06-12T14:35:06","modified_gmt":"2024-06-12T12:35:06","slug":"l-individualismo-emergente","status":"publish","type":"product","link":"https:\/\/www.guerini.it\/index.php\/prodotto\/l-individualismo-emergente\/","title":{"rendered":"L&#8217;individualismo emergente"},"content":{"rendered":"<p>In uno spazio di tempo relativamente breve, il mondo del lavoro ha subito una vasta e radicale rivoluzione: mutate le regole vitali dei datori di lavoro, mutata l\u2019antropologia dei lavoratori. In un paese conservatore come il nostro, dove la mentalit\u00e0 degli antenati \u00e8 ancora operante nelle istituzioni, dalla chiave di lettura dell\u2019individualismo si pu\u00f2 desumere un filtro discriminante di ci\u00f2 che \u00e8 sopravvissuto dal passato e si \u00e8 trasformato in deformit\u00e0, o in fattore tossico.<\/p>\n<p>Contributi di Pier Luigi Amietta, Ciro Di Cecio, Cesare Kaneklin, Andrea Nicol\u00f2 Stanchi, Riccardo Giorgio Zuffo.<\/p>\n","protected":false},"excerpt":{"rendered":"<p>In uno spazio di tempo relativamente breve, il mondo del lavoro ha subito una vasta e radicale rivoluzione: mutate le regole vitali dei datori di lavoro, mutata l\u2019antropologia dei lavoratori. In un paese conservatore come il nostro, dove la mentalit\u00e0 degli antenati \u00e8 ancora operante nelle istituzioni, dalla chiave di lettura dell\u2019individualismo si pu\u00f2 desumere un filtro discriminante di ci\u00f2 che \u00e8 sopravvissuto dal passato e si \u00e8 trasformato in deformit\u00e0, o in fattore tossico.<\/p>\n<p>Contributi di Pier Luigi Amietta, Ciro Di Cecio, Cesare Kaneklin, Andrea Nicol\u00f2 Stanchi, Riccardo Giorgio Zuffo.<\/p>\n","protected":false},"featured_media":13838,"template":"","meta":{"_editorskit_title_hidden":false,"_editorskit_reading_time":0,"_editorskit_is_block_options_detached":false,"_editorskit_block_options_position":"{}","_monsterinsights_skip_tracking":false,"_monsterinsights_sitenote_active":false,"_monsterinsights_sitenote_note":"","_monsterinsights_sitenote_category":0},"product_brand":[],"product_cat":[6529],"product_tag":[],"class_list":{"0":"post-13839","1":"product","2":"type-product","3":"status-publish","4":"has-post-thumbnail","6":"product_cat-economia-e-management","7":"pa_country_of_manufacture-it","8":"pa_fulfillment-default","10":"first","11":"outofstock","12":"sale","13":"shipping-taxable","14":"purchasable","15":"product-type-simple"},"yoast_head":"<!-- This site is optimized with the Yoast SEO plugin v25.4 - https:\/\/yoast.com\/wordpress\/plugins\/seo\/ -->\n<title>L&#039;individualismo emergente - Guerini e Associati<\/title>\n<meta name=\"robots\" content=\"index, follow, max-snippet:-1, max-image-preview:large, max-video-preview:-1\" \/>\n<link rel=\"canonical\" href=\"https:\/\/www.guerini.it\/index.php\/prodotto\/l-individualismo-emergente\/\" \/>\n<meta property=\"og:locale\" content=\"it_IT\" \/>\n<meta property=\"og:type\" content=\"article\" \/>\n<meta property=\"og:title\" content=\"L&#039;individualismo emergente - Guerini e Associati\" \/>\n<meta property=\"og:description\" content=\"In uno spazio di tempo relativamente breve, il mondo del lavoro ha subito una vasta e radicale rivoluzione: mutate le regole vitali dei datori di lavoro, mutata l\u2019antropologia dei lavoratori. In un paese conservatore come il nostro, dove la mentalit\u00e0 degli antenati \u00e8 ancora operante nelle istituzioni, dalla chiave di lettura dell\u2019individualismo si pu\u00f2 desumere un filtro discriminante di ci\u00f2 che \u00e8 sopravvissuto dal passato e si \u00e8 trasformato in deformit\u00e0, o in fattore tossico.Contributi di Pier Luigi Amietta, Ciro Di Cecio, Cesare Kaneklin, Andrea Nicol\u00f2 Stanchi, Riccardo Giorgio Zuffo.\" \/>\n<meta property=\"og:url\" content=\"https:\/\/www.guerini.it\/index.php\/prodotto\/l-individualismo-emergente\/\" \/>\n<meta property=\"og:site_name\" content=\"Guerini e Associati\" \/>\n<meta property=\"article:modified_time\" content=\"2024-06-12T12:35:06+00:00\" \/>\n<meta property=\"og:image\" content=\"https:\/\/www.guerini.it\/wp-content\/uploads\/2012\/05\/88-8335-786-8.jpg\" \/>\n\t<meta property=\"og:image:width\" content=\"120\" \/>\n\t<meta property=\"og:image:height\" content=\"188\" \/>\n\t<meta property=\"og:image:type\" content=\"image\/jpeg\" \/>\n<meta name=\"twitter:card\" content=\"summary_large_image\" \/>\n<!-- \/ Yoast SEO plugin. -->","yoast_head_json":{"title":"L'individualismo emergente - Guerini e Associati","robots":{"index":"index","follow":"follow","max-snippet":"max-snippet:-1","max-image-preview":"max-image-preview:large","max-video-preview":"max-video-preview:-1"},"canonical":"https:\/\/www.guerini.it\/index.php\/prodotto\/l-individualismo-emergente\/","og_locale":"it_IT","og_type":"article","og_title":"L'individualismo emergente - Guerini e Associati","og_description":"In uno spazio di tempo relativamente breve, il mondo del lavoro ha subito una vasta e radicale rivoluzione: mutate le regole vitali dei datori di lavoro, mutata l\u2019antropologia dei lavoratori. In un paese conservatore come il nostro, dove la mentalit\u00e0 degli antenati \u00e8 ancora operante nelle istituzioni, dalla chiave di lettura dell\u2019individualismo si pu\u00f2 desumere un filtro discriminante di ci\u00f2 che \u00e8 sopravvissuto dal passato e si \u00e8 trasformato in deformit\u00e0, o in fattore tossico.Contributi di Pier Luigi Amietta, Ciro Di Cecio, Cesare Kaneklin, Andrea Nicol\u00f2 Stanchi, Riccardo Giorgio Zuffo.","og_url":"https:\/\/www.guerini.it\/index.php\/prodotto\/l-individualismo-emergente\/","og_site_name":"Guerini e Associati","article_modified_time":"2024-06-12T12:35:06+00:00","og_image":[{"width":120,"height":188,"url":"https:\/\/www.guerini.it\/wp-content\/uploads\/2012\/05\/88-8335-786-8.jpg","type":"image\/jpeg"}],"twitter_card":"summary_large_image","schema":{"@context":"https:\/\/schema.org","@graph":[{"@type":"WebPage","@id":"https:\/\/www.guerini.it\/index.php\/prodotto\/l-individualismo-emergente\/","url":"https:\/\/www.guerini.it\/index.php\/prodotto\/l-individualismo-emergente\/","name":"L'individualismo emergente - Guerini e Associati","isPartOf":{"@id":"https:\/\/www.guerini.it\/#website"},"primaryImageOfPage":{"@id":"https:\/\/www.guerini.it\/index.php\/prodotto\/l-individualismo-emergente\/#primaryimage"},"image":{"@id":"https:\/\/www.guerini.it\/index.php\/prodotto\/l-individualismo-emergente\/#primaryimage"},"thumbnailUrl":"https:\/\/www.guerini.it\/wp-content\/uploads\/2012\/05\/88-8335-786-8.jpg","datePublished":"2012-05-24T11:00:18+00:00","dateModified":"2024-06-12T12:35:06+00:00","breadcrumb":{"@id":"https:\/\/www.guerini.it\/index.php\/prodotto\/l-individualismo-emergente\/#breadcrumb"},"inLanguage":"it-IT","potentialAction":[{"@type":"ReadAction","target":["https:\/\/www.guerini.it\/index.php\/prodotto\/l-individualismo-emergente\/"]}]},{"@type":"ImageObject","inLanguage":"it-IT","@id":"https:\/\/www.guerini.it\/index.php\/prodotto\/l-individualismo-emergente\/#primaryimage","url":"https:\/\/www.guerini.it\/wp-content\/uploads\/2012\/05\/88-8335-786-8.jpg","contentUrl":"https:\/\/www.guerini.it\/wp-content\/uploads\/2012\/05\/88-8335-786-8.jpg","width":120,"height":188,"caption":"L'individualismo emergente"},{"@type":"BreadcrumbList","@id":"https:\/\/www.guerini.it\/index.php\/prodotto\/l-individualismo-emergente\/#breadcrumb","itemListElement":[{"@type":"ListItem","position":1,"name":"Home","item":"https:\/\/www.guerini.it\/"},{"@type":"ListItem","position":2,"name":"Catalogo","item":"https:\/\/www.guerini.it\/index.php\/negozio\/"},{"@type":"ListItem","position":3,"name":"L&#8217;individualismo emergente"}]},{"@type":"WebSite","@id":"https:\/\/www.guerini.it\/#website","url":"https:\/\/www.guerini.it\/","name":"Guerini e Associati","description":"30 anni di libri, idee e libert\u00e0","publisher":{"@id":"https:\/\/www.guerini.it\/#organization"},"potentialAction":[{"@type":"SearchAction","target":{"@type":"EntryPoint","urlTemplate":"https:\/\/www.guerini.it\/?s={search_term_string}"},"query-input":{"@type":"PropertyValueSpecification","valueRequired":true,"valueName":"search_term_string"}}],"inLanguage":"it-IT"},{"@type":"Organization","@id":"https:\/\/www.guerini.it\/#organization","name":"Guerini e Associati","url":"https:\/\/www.guerini.it\/","logo":{"@type":"ImageObject","inLanguage":"it-IT","@id":"https:\/\/www.guerini.it\/#\/schema\/logo\/image\/","url":"https:\/\/www.guerini.it\/wp-content\/uploads\/2021\/03\/Logo-Guerini-OK_-e1615831292285.png","contentUrl":"https:\/\/www.guerini.it\/wp-content\/uploads\/2021\/03\/Logo-Guerini-OK_-e1615831292285.png","width":2805,"height":1870,"caption":"Guerini e Associati"},"image":{"@id":"https:\/\/www.guerini.it\/#\/schema\/logo\/image\/"}}]}},"_links":{"self":[{"href":"https:\/\/www.guerini.it\/index.php\/wp-json\/wp\/v2\/product\/13839","targetHints":{"allow":["GET"]}}],"collection":[{"href":"https:\/\/www.guerini.it\/index.php\/wp-json\/wp\/v2\/product"}],"about":[{"href":"https:\/\/www.guerini.it\/index.php\/wp-json\/wp\/v2\/types\/product"}],"wp:featuredmedia":[{"embeddable":true,"href":"https:\/\/www.guerini.it\/index.php\/wp-json\/wp\/v2\/media\/13838"}],"wp:attachment":[{"href":"https:\/\/www.guerini.it\/index.php\/wp-json\/wp\/v2\/media?parent=13839"}],"wp:term":[{"taxonomy":"product_brand","embeddable":true,"href":"https:\/\/www.guerini.it\/index.php\/wp-json\/wp\/v2\/product_brand?post=13839"},{"taxonomy":"product_cat","embeddable":true,"href":"https:\/\/www.guerini.it\/index.php\/wp-json\/wp\/v2\/product_cat?post=13839"},{"taxonomy":"product_tag","embeddable":true,"href":"https:\/\/www.guerini.it\/index.php\/wp-json\/wp\/v2\/product_tag?post=13839"}],"curies":[{"name":"wp","href":"https:\/\/api.w.org\/{rel}","templated":true}]}}