{"id":14015,"date":"2012-05-24T13:00:22","date_gmt":"2012-05-24T11:00:22","guid":{"rendered":"https:\/\/test.guerini.it\/?product=juventus"},"modified":"2024-06-12T14:37:45","modified_gmt":"2024-06-12T12:37:45","slug":"juventus","status":"publish","type":"product","link":"https:\/\/www.guerini.it\/index.php\/prodotto\/juventus\/","title":{"rendered":"Juventus"},"content":{"rendered":"<p><strong>Condannata <\/strong><br \/>\n<strong>per non aver commesso il fatto<\/strong><\/p>\n<p style=\"text-align: justify;\"><span class=\"JsGRdQ\">La Juventus non ha comprato n\u00e9 truccato nessuna partita di campionato; i sorteggi arbitrali non sono stati pilotati. Attraverso l\u2019attenta lettura della sentenza che ha condannato alla serie B la squadra pi\u00f9 blasonata d\u2019Italia, il libro racconta un caso emblematico di cattiva informazione e di malagiustizia, ma pone anche degli interrogativi scomodi.<\/span><\/p>\n<p><em>Perch\u00e9 la propriet\u00e0 della Juventus non s&#8217;\u00e8 difesa da accuse che le stesse sentenze hanno dimostrato d&#8217;essere prive di fondamento? E, ancora, perch\u00e9 non ha fiatato quando le sono stati tolti due scudetti, compreso uno conquistato in un campionato non oggetto di inchiesta n\u00e9 dalla magistratura ordinaria n\u00e9 da quella sportiva?<br \/>\n<\/em>dalla presentazione di Piero Ostellino e Christian Rocca<\/p>\n<p><strong>I tifosi della Juventus meritavano tutto questo?<\/strong><\/p>\n<hr \/>\n<p style=\"text-align: justify;\"><strong>Mario Pasta<\/strong>, 38 anni, laurea in Giurisprudenza e master universitario in Direzione del personale, lavora per una azienda di credito. Autore del romanzo <em>Terzo livello<\/em> (premiato al concorso letterario Mario Soldati, finalista ai premi Pr\u00e8vert e Firenze9, dal gennaio 2007 cura il blog <em>Mario Pasta \u2013 Pensieri sottopelle<\/em>, ospite di Radio Montecarlo.<\/p>\n<p style=\"text-align: justify;\"><strong>Mario Sironi,<\/strong> 38 anni, laurea in Economia aziendale, lavora per un istituto di credito dove si occupa di finanza e private banking. Si definisce da sempre \u00abjuventinologo\u00bb.<\/p>\n","protected":false},"excerpt":{"rendered":"<p>Condannata per non aver commesso il fatto. La Juventus non ha comprato n\u00e9 truccato nessuna partita di campionato; i sorteggi arbitrali non sono stati pilotati. Attraverso l\u2019attenta lettura della sentenza che ha condannato alla serie B la squadra pi\u00f9 blasonata d\u2019Italia, il libro racconta un caso emblematico di cattiva informazione e di malagiustizia.<\/p>\n","protected":false},"featured_media":23537,"template":"","meta":{"_editorskit_title_hidden":false,"_editorskit_reading_time":0,"_editorskit_is_block_options_detached":false,"_editorskit_block_options_position":"{}","_monsterinsights_skip_tracking":false,"_monsterinsights_sitenote_active":false,"_monsterinsights_sitenote_note":"","_monsterinsights_sitenote_category":0},"product_brand":[],"product_cat":[6527],"product_tag":[],"class_list":{"0":"post-14015","1":"product","2":"type-product","3":"status-publish","4":"has-post-thumbnail","6":"product_cat-attualita","7":"pa_guerini_amazon_link-ttps-www-amazon-it-juventus-processo-farsa-inchiesta-calciopoli-dp-8883359038","8":"pa_guerini_feltrinelli_link-https-www-lafeltrinelli-it-juventus-processo-farsa-inchiesta-verita-libro-mario-pasta-mario-sironi-e-9788883359033","9":"pa_guerini_ibs_link-https-www-ibs-it-juventus-processo-farsa-inchiesta-verita-libro-mario-pasta-mario-sironi-e-9788883359033","10":"pa_guerini_libruniver_link-https-www-libreriauniversitaria-it-juventus-processo-farsa-inchiesta-verita-libro-9788883359033","11":"pa_guerini_link_amazon-https-www-amazon-it-juventus-processo-inchiesta-calciopoli-ebook-dp-b0084fm62i","12":"pa_guerini_link_apple_ibook-e9-httpsitunesapplecomitbookj","13":"pa_guerini_mondadori_link-https-www-mondadoristore-it-juventus-processo-farsa-mario-pasta-mario-sironi-eai978888335903","14":"pa_guerini_strillo-7b-condannatapernonavercommes","16":"first","17":"instock","18":"sale","19":"shipping-taxable","20":"purchasable","21":"product-type-simple"},"yoast_head":"<!-- This site is optimized with the Yoast SEO plugin v25.4 - https:\/\/yoast.com\/wordpress\/plugins\/seo\/ -->\n<title>Juventus - Guerini e Associati<\/title>\n<meta name=\"robots\" content=\"index, follow, max-snippet:-1, max-image-preview:large, max-video-preview:-1\" \/>\n<link rel=\"canonical\" href=\"https:\/\/www.guerini.it\/index.php\/prodotto\/juventus\/\" \/>\n<meta property=\"og:locale\" content=\"it_IT\" \/>\n<meta property=\"og:type\" content=\"article\" \/>\n<meta property=\"og:title\" content=\"Juventus - Guerini e Associati\" \/>\n<meta property=\"og:description\" content=\"Condannata per non aver commesso il fatto. La Juventus non ha comprato n\u00e9 truccato nessuna partita di campionato; i sorteggi arbitrali non sono stati pilotati. Attraverso l\u2019attenta lettura della sentenza che ha condannato alla serie B la squadra pi\u00f9 blasonata d\u2019Italia, il libro racconta un caso emblematico di cattiva informazione e di malagiustizia.\" \/>\n<meta property=\"og:url\" content=\"https:\/\/www.guerini.it\/index.php\/prodotto\/juventus\/\" \/>\n<meta property=\"og:site_name\" content=\"Guerini e Associati\" \/>\n<meta property=\"article:modified_time\" content=\"2024-06-12T12:37:45+00:00\" \/>\n<meta property=\"og:image\" content=\"https:\/\/www.guerini.it\/wp-content\/uploads\/2012\/05\/Juventus.webp\" \/>\n\t<meta property=\"og:image:width\" content=\"818\" \/>\n\t<meta property=\"og:image:height\" content=\"1202\" \/>\n\t<meta property=\"og:image:type\" content=\"image\/webp\" \/>\n<meta name=\"twitter:card\" content=\"summary_large_image\" \/>\n<meta name=\"twitter:label1\" content=\"Tempo di lettura stimato\" \/>\n\t<meta name=\"twitter:data1\" content=\"2 minuti\" \/>\n<!-- \/ Yoast SEO plugin. -->","yoast_head_json":{"title":"Juventus - Guerini e Associati","robots":{"index":"index","follow":"follow","max-snippet":"max-snippet:-1","max-image-preview":"max-image-preview:large","max-video-preview":"max-video-preview:-1"},"canonical":"https:\/\/www.guerini.it\/index.php\/prodotto\/juventus\/","og_locale":"it_IT","og_type":"article","og_title":"Juventus - Guerini e Associati","og_description":"Condannata per non aver commesso il fatto. La Juventus non ha comprato n\u00e9 truccato nessuna partita di campionato; i sorteggi arbitrali non sono stati pilotati. Attraverso l\u2019attenta lettura della sentenza che ha condannato alla serie B la squadra pi\u00f9 blasonata d\u2019Italia, il libro racconta un caso emblematico di cattiva informazione e di malagiustizia.","og_url":"https:\/\/www.guerini.it\/index.php\/prodotto\/juventus\/","og_site_name":"Guerini e Associati","article_modified_time":"2024-06-12T12:37:45+00:00","og_image":[{"width":818,"height":1202,"url":"https:\/\/www.guerini.it\/wp-content\/uploads\/2012\/05\/Juventus.webp","type":"image\/webp"}],"twitter_card":"summary_large_image","twitter_misc":{"Tempo di lettura stimato":"2 minuti"},"schema":{"@context":"https:\/\/schema.org","@graph":[{"@type":"WebPage","@id":"https:\/\/www.guerini.it\/index.php\/prodotto\/juventus\/","url":"https:\/\/www.guerini.it\/index.php\/prodotto\/juventus\/","name":"Juventus - Guerini e Associati","isPartOf":{"@id":"https:\/\/www.guerini.it\/#website"},"primaryImageOfPage":{"@id":"https:\/\/www.guerini.it\/index.php\/prodotto\/juventus\/#primaryimage"},"image":{"@id":"https:\/\/www.guerini.it\/index.php\/prodotto\/juventus\/#primaryimage"},"thumbnailUrl":"https:\/\/www.guerini.it\/wp-content\/uploads\/2012\/05\/Juventus.webp","datePublished":"2012-05-24T11:00:22+00:00","dateModified":"2024-06-12T12:37:45+00:00","breadcrumb":{"@id":"https:\/\/www.guerini.it\/index.php\/prodotto\/juventus\/#breadcrumb"},"inLanguage":"it-IT","potentialAction":[{"@type":"ReadAction","target":["https:\/\/www.guerini.it\/index.php\/prodotto\/juventus\/"]}]},{"@type":"ImageObject","inLanguage":"it-IT","@id":"https:\/\/www.guerini.it\/index.php\/prodotto\/juventus\/#primaryimage","url":"https:\/\/www.guerini.it\/wp-content\/uploads\/2012\/05\/Juventus.webp","contentUrl":"https:\/\/www.guerini.it\/wp-content\/uploads\/2012\/05\/Juventus.webp","width":818,"height":1202,"caption":"Copertina del volume Juventus, Guerini e Associati, 2007"},{"@type":"BreadcrumbList","@id":"https:\/\/www.guerini.it\/index.php\/prodotto\/juventus\/#breadcrumb","itemListElement":[{"@type":"ListItem","position":1,"name":"Home","item":"https:\/\/www.guerini.it\/"},{"@type":"ListItem","position":2,"name":"Catalogo","item":"https:\/\/www.guerini.it\/index.php\/negozio\/"},{"@type":"ListItem","position":3,"name":"Juventus"}]},{"@type":"WebSite","@id":"https:\/\/www.guerini.it\/#website","url":"https:\/\/www.guerini.it\/","name":"Guerini e Associati","description":"30 anni di libri, idee e libert\u00e0","publisher":{"@id":"https:\/\/www.guerini.it\/#organization"},"potentialAction":[{"@type":"SearchAction","target":{"@type":"EntryPoint","urlTemplate":"https:\/\/www.guerini.it\/?s={search_term_string}"},"query-input":{"@type":"PropertyValueSpecification","valueRequired":true,"valueName":"search_term_string"}}],"inLanguage":"it-IT"},{"@type":"Organization","@id":"https:\/\/www.guerini.it\/#organization","name":"Guerini e Associati","url":"https:\/\/www.guerini.it\/","logo":{"@type":"ImageObject","inLanguage":"it-IT","@id":"https:\/\/www.guerini.it\/#\/schema\/logo\/image\/","url":"https:\/\/www.guerini.it\/wp-content\/uploads\/2021\/03\/Logo-Guerini-OK_-e1615831292285.png","contentUrl":"https:\/\/www.guerini.it\/wp-content\/uploads\/2021\/03\/Logo-Guerini-OK_-e1615831292285.png","width":2805,"height":1870,"caption":"Guerini e Associati"},"image":{"@id":"https:\/\/www.guerini.it\/#\/schema\/logo\/image\/"}}]}},"_links":{"self":[{"href":"https:\/\/www.guerini.it\/index.php\/wp-json\/wp\/v2\/product\/14015","targetHints":{"allow":["GET"]}}],"collection":[{"href":"https:\/\/www.guerini.it\/index.php\/wp-json\/wp\/v2\/product"}],"about":[{"href":"https:\/\/www.guerini.it\/index.php\/wp-json\/wp\/v2\/types\/product"}],"wp:featuredmedia":[{"embeddable":true,"href":"https:\/\/www.guerini.it\/index.php\/wp-json\/wp\/v2\/media\/23537"}],"wp:attachment":[{"href":"https:\/\/www.guerini.it\/index.php\/wp-json\/wp\/v2\/media?parent=14015"}],"wp:term":[{"taxonomy":"product_brand","embeddable":true,"href":"https:\/\/www.guerini.it\/index.php\/wp-json\/wp\/v2\/product_brand?post=14015"},{"taxonomy":"product_cat","embeddable":true,"href":"https:\/\/www.guerini.it\/index.php\/wp-json\/wp\/v2\/product_cat?post=14015"},{"taxonomy":"product_tag","embeddable":true,"href":"https:\/\/www.guerini.it\/index.php\/wp-json\/wp\/v2\/product_tag?post=14015"}],"curies":[{"name":"wp","href":"https:\/\/api.w.org\/{rel}","templated":true}]}}