{"id":14023,"date":"2012-05-24T13:00:22","date_gmt":"2012-05-24T11:00:22","guid":{"rendered":"https:\/\/test.guerini.it\/?product=capi-di-buona-speranza"},"modified":"2024-06-12T14:34:59","modified_gmt":"2024-06-12T12:34:59","slug":"capi-di-buona-speranza","status":"publish","type":"product","link":"https:\/\/www.guerini.it\/index.php\/prodotto\/capi-di-buona-speranza\/","title":{"rendered":"Capi di Buona Speranza"},"content":{"rendered":"<p style=\"text-align: justify;\">La Psicosocioanalisi italiana negli ultimi venti anni ha costruito l\u2019idea di un capo in grado di gestire la proprie \u00abdebolezze\u00bb e favorire la realizzazione del compito. Un capo che valorizza le persone ed \u00e8 instancabile nell\u2019innovazione di se stesso e della sua organizzazione. Per tale motivo il Capo di Buona Speranza \u00e8 un luogo della geografia psichica, una terra di confine, poich\u00e9 i confini, i margini sono gli spazi di maggior vitalit\u00e0. Lo scopo di questo libro \u00e8 raccontare le caratteristiche del Capo di Buona Speranza, di scoprirle a poco a poco, di inventarle insieme al lettore.<\/p>\n","protected":false},"excerpt":{"rendered":"<p>La Psicosocioanalisi italiana negli ultimi venti anni ha costruito l\u2019idea di un capo in grado di gestire la proprie \u00abdebolezze\u00bb e favorire la realizzazione del compito. Un capo che valorizza le persone ed \u00e8 instancabile nell\u2019innovazione di se stesso e della sua organizzazione. Per tale motivo il Capo di Buona Speranza \u00e8 un luogo della geografia psichica, una terra di confine, poich\u00e9 i confini, i margini sono gli spazi di maggior vitalit\u00e0. Lo scopo di questo libro \u00e8 raccontare le caratteristiche del Capo di Buona Speranza, di scoprirle a poco a poco, di inventarle insieme al lettore.<\/p>\n","protected":false},"featured_media":14022,"template":"","meta":{"_editorskit_title_hidden":false,"_editorskit_reading_time":0,"_editorskit_is_block_options_detached":false,"_editorskit_block_options_position":"{}","_monsterinsights_skip_tracking":false,"_monsterinsights_sitenote_active":false,"_monsterinsights_sitenote_note":"","_monsterinsights_sitenote_category":0},"product_brand":[],"product_cat":[6601,6529],"product_tag":[],"class_list":{"0":"post-14023","1":"product","2":"type-product","3":"status-publish","4":"has-post-thumbnail","6":"product_cat-la","7":"product_cat-economia-e-management","8":"pa_guerini_amazon_link-https-www-amazon-it-buona-speranza-psicoanalisi-della-leadership-dp-8883358449","9":"pa_guerini_feltrinelli_link-https-www-lafeltrinelli-it-capi-di-buona-speranza-psicoanalisi-libro-vari-e-9788883358449","10":"pa_guerini_ibs_link-https-www-ibs-it-capi-di-buona-speranza-psicoanalisi-libro-vari-e-9788883358449","11":"pa_guerini_libruniver_link-https-www-libreriauniversitaria-it-capi-buona-speranza-psicoanalisi-leadership-libro-9788883358449","12":"pa_guerini_mondadori_link-https-www-mondadoristore-it-capi-buona-speranza-na-eai978888335844","14":"first","15":"instock","16":"sale","17":"shipping-taxable","18":"purchasable","19":"product-type-simple"},"yoast_head":"<!-- This site is optimized with the Yoast SEO plugin v25.4 - https:\/\/yoast.com\/wordpress\/plugins\/seo\/ -->\n<title>Capi di Buona Speranza - Guerini e Associati<\/title>\n<meta name=\"robots\" content=\"index, follow, max-snippet:-1, max-image-preview:large, max-video-preview:-1\" \/>\n<link rel=\"canonical\" href=\"https:\/\/www.guerini.it\/index.php\/prodotto\/capi-di-buona-speranza\/\" \/>\n<meta property=\"og:locale\" content=\"it_IT\" \/>\n<meta property=\"og:type\" content=\"article\" \/>\n<meta property=\"og:title\" content=\"Capi di Buona Speranza - Guerini e Associati\" \/>\n<meta property=\"og:description\" content=\"La Psicosocioanalisi italiana negli ultimi venti anni ha costruito l\u2019idea di un capo in grado di gestire la proprie \u00abdebolezze\u00bb e favorire la realizzazione del compito. Un capo che valorizza le persone ed \u00e8 instancabile nell\u2019innovazione di se stesso e della sua organizzazione. Per tale motivo il Capo di Buona Speranza \u00e8 un luogo della geografia psichica, una terra di confine, poich\u00e9 i confini, i margini sono gli spazi di maggior vitalit\u00e0. Lo scopo di questo libro \u00e8 raccontare le caratteristiche del Capo di Buona Speranza, di scoprirle a poco a poco, di inventarle insieme al lettore.\" \/>\n<meta property=\"og:url\" content=\"https:\/\/www.guerini.it\/index.php\/prodotto\/capi-di-buona-speranza\/\" \/>\n<meta property=\"og:site_name\" content=\"Guerini e Associati\" \/>\n<meta property=\"article:modified_time\" content=\"2024-06-12T12:34:59+00:00\" \/>\n<meta property=\"og:image\" content=\"https:\/\/www.guerini.it\/wp-content\/uploads\/2012\/05\/978-88-8335-844-9.jpg\" \/>\n\t<meta property=\"og:image:width\" content=\"127\" \/>\n\t<meta property=\"og:image:height\" content=\"192\" \/>\n\t<meta property=\"og:image:type\" content=\"image\/jpeg\" \/>\n<meta name=\"twitter:card\" content=\"summary_large_image\" \/>\n<meta name=\"twitter:label1\" content=\"Tempo di lettura stimato\" \/>\n\t<meta name=\"twitter:data1\" content=\"1 minuto\" \/>\n<!-- \/ Yoast SEO plugin. -->","yoast_head_json":{"title":"Capi di Buona Speranza - Guerini e Associati","robots":{"index":"index","follow":"follow","max-snippet":"max-snippet:-1","max-image-preview":"max-image-preview:large","max-video-preview":"max-video-preview:-1"},"canonical":"https:\/\/www.guerini.it\/index.php\/prodotto\/capi-di-buona-speranza\/","og_locale":"it_IT","og_type":"article","og_title":"Capi di Buona Speranza - Guerini e Associati","og_description":"La Psicosocioanalisi italiana negli ultimi venti anni ha costruito l\u2019idea di un capo in grado di gestire la proprie \u00abdebolezze\u00bb e favorire la realizzazione del compito. Un capo che valorizza le persone ed \u00e8 instancabile nell\u2019innovazione di se stesso e della sua organizzazione. Per tale motivo il Capo di Buona Speranza \u00e8 un luogo della geografia psichica, una terra di confine, poich\u00e9 i confini, i margini sono gli spazi di maggior vitalit\u00e0. Lo scopo di questo libro \u00e8 raccontare le caratteristiche del Capo di Buona Speranza, di scoprirle a poco a poco, di inventarle insieme al lettore.","og_url":"https:\/\/www.guerini.it\/index.php\/prodotto\/capi-di-buona-speranza\/","og_site_name":"Guerini e Associati","article_modified_time":"2024-06-12T12:34:59+00:00","og_image":[{"width":127,"height":192,"url":"https:\/\/www.guerini.it\/wp-content\/uploads\/2012\/05\/978-88-8335-844-9.jpg","type":"image\/jpeg"}],"twitter_card":"summary_large_image","twitter_misc":{"Tempo di lettura stimato":"1 minuto"},"schema":{"@context":"https:\/\/schema.org","@graph":[{"@type":"WebPage","@id":"https:\/\/www.guerini.it\/index.php\/prodotto\/capi-di-buona-speranza\/","url":"https:\/\/www.guerini.it\/index.php\/prodotto\/capi-di-buona-speranza\/","name":"Capi di Buona Speranza - Guerini e Associati","isPartOf":{"@id":"https:\/\/www.guerini.it\/#website"},"primaryImageOfPage":{"@id":"https:\/\/www.guerini.it\/index.php\/prodotto\/capi-di-buona-speranza\/#primaryimage"},"image":{"@id":"https:\/\/www.guerini.it\/index.php\/prodotto\/capi-di-buona-speranza\/#primaryimage"},"thumbnailUrl":"https:\/\/www.guerini.it\/wp-content\/uploads\/2012\/05\/978-88-8335-844-9.jpg","datePublished":"2012-05-24T11:00:22+00:00","dateModified":"2024-06-12T12:34:59+00:00","breadcrumb":{"@id":"https:\/\/www.guerini.it\/index.php\/prodotto\/capi-di-buona-speranza\/#breadcrumb"},"inLanguage":"it-IT","potentialAction":[{"@type":"ReadAction","target":["https:\/\/www.guerini.it\/index.php\/prodotto\/capi-di-buona-speranza\/"]}]},{"@type":"ImageObject","inLanguage":"it-IT","@id":"https:\/\/www.guerini.it\/index.php\/prodotto\/capi-di-buona-speranza\/#primaryimage","url":"https:\/\/www.guerini.it\/wp-content\/uploads\/2012\/05\/978-88-8335-844-9.jpg","contentUrl":"https:\/\/www.guerini.it\/wp-content\/uploads\/2012\/05\/978-88-8335-844-9.jpg","width":127,"height":192,"caption":"Capi di Buona Speranza"},{"@type":"BreadcrumbList","@id":"https:\/\/www.guerini.it\/index.php\/prodotto\/capi-di-buona-speranza\/#breadcrumb","itemListElement":[{"@type":"ListItem","position":1,"name":"Home","item":"https:\/\/www.guerini.it\/"},{"@type":"ListItem","position":2,"name":"Catalogo","item":"https:\/\/www.guerini.it\/index.php\/negozio\/"},{"@type":"ListItem","position":3,"name":"Capi di Buona Speranza"}]},{"@type":"WebSite","@id":"https:\/\/www.guerini.it\/#website","url":"https:\/\/www.guerini.it\/","name":"Guerini e Associati","description":"30 anni di libri, idee e libert\u00e0","publisher":{"@id":"https:\/\/www.guerini.it\/#organization"},"potentialAction":[{"@type":"SearchAction","target":{"@type":"EntryPoint","urlTemplate":"https:\/\/www.guerini.it\/?s={search_term_string}"},"query-input":{"@type":"PropertyValueSpecification","valueRequired":true,"valueName":"search_term_string"}}],"inLanguage":"it-IT"},{"@type":"Organization","@id":"https:\/\/www.guerini.it\/#organization","name":"Guerini e Associati","url":"https:\/\/www.guerini.it\/","logo":{"@type":"ImageObject","inLanguage":"it-IT","@id":"https:\/\/www.guerini.it\/#\/schema\/logo\/image\/","url":"https:\/\/www.guerini.it\/wp-content\/uploads\/2021\/03\/Logo-Guerini-OK_-e1615831292285.png","contentUrl":"https:\/\/www.guerini.it\/wp-content\/uploads\/2021\/03\/Logo-Guerini-OK_-e1615831292285.png","width":2805,"height":1870,"caption":"Guerini e Associati"},"image":{"@id":"https:\/\/www.guerini.it\/#\/schema\/logo\/image\/"}}]}},"_links":{"self":[{"href":"https:\/\/www.guerini.it\/index.php\/wp-json\/wp\/v2\/product\/14023","targetHints":{"allow":["GET"]}}],"collection":[{"href":"https:\/\/www.guerini.it\/index.php\/wp-json\/wp\/v2\/product"}],"about":[{"href":"https:\/\/www.guerini.it\/index.php\/wp-json\/wp\/v2\/types\/product"}],"wp:featuredmedia":[{"embeddable":true,"href":"https:\/\/www.guerini.it\/index.php\/wp-json\/wp\/v2\/media\/14022"}],"wp:attachment":[{"href":"https:\/\/www.guerini.it\/index.php\/wp-json\/wp\/v2\/media?parent=14023"}],"wp:term":[{"taxonomy":"product_brand","embeddable":true,"href":"https:\/\/www.guerini.it\/index.php\/wp-json\/wp\/v2\/product_brand?post=14023"},{"taxonomy":"product_cat","embeddable":true,"href":"https:\/\/www.guerini.it\/index.php\/wp-json\/wp\/v2\/product_cat?post=14023"},{"taxonomy":"product_tag","embeddable":true,"href":"https:\/\/www.guerini.it\/index.php\/wp-json\/wp\/v2\/product_tag?post=14023"}],"curies":[{"name":"wp","href":"https:\/\/api.w.org\/{rel}","templated":true}]}}