{"id":14073,"date":"2012-05-24T13:00:23","date_gmt":"2012-05-24T11:00:23","guid":{"rendered":"https:\/\/test.guerini.it\/?product=infanzia-e-adolescenza-secondo-i-media"},"modified":"2024-06-12T14:37:27","modified_gmt":"2024-06-12T12:37:27","slug":"infanzia-e-adolescenza-secondo-i-media","status":"publish","type":"product","link":"https:\/\/www.guerini.it\/index.php\/prodotto\/infanzia-e-adolescenza-secondo-i-media\/","title":{"rendered":"Infanzia e adolescenza secondo i media"},"content":{"rendered":"<p>L\u2019attenzione verso i diritti di bambini e ragazzi nella loro relazione con i media si \u00e8 spesso tradotta, in termini politico-normativi e pedagogici, in azioni di protezione, tutela e censura che non sembrano essere sufficientemente adeguate a risolvere, ma prima ancora a comprendere, non solo le nuove forme di relazione dei giovani con strumenti di comunicazione sempre pi\u00f9 innovativi ma anche la pi\u00f9 delicata questione del riconoscimento dei diritti di partecipazione e coinvolgimento dei minori alle produzioni mediali. Nel volume vengono delineate le principali direzioni di questo dibattito, cercando di stabilire quali siano le risposte pi\u00f9 adeguate ai quesiti relativi alle identit\u00e0, ai ruoli e alle condizioni dei minori di et\u00e0 nella relazione con i media.<\/p>\n","protected":false},"excerpt":{"rendered":"<p>L\u2019attenzione verso i diritti di bambini e ragazzi nella loro relazione con i media si \u00e8 spesso tradotta, in termini politico-normativi e pedagogici, in azioni di protezione, tutela e censura che non sembrano essere sufficientemente adeguate a risolvere, ma prima ancora a comprendere, non solo le nuove forme di relazione dei giovani con strumenti di comunicazione sempre pi\u00f9 innovativi ma anche la pi\u00f9 delicata questione del riconoscimento dei diritti di partecipazione e coinvolgimento dei minori alle produzioni mediali. Nel volume vengono delineate le principali direzioni di questo dibattito, cercando di stabilire quali siano le risposte pi\u00f9 adeguate ai quesiti relativi alle identit\u00e0, ai ruoli e alle condizioni dei minori di et\u00e0 nella relazione con i media.<\/p>\n","protected":false},"featured_media":14072,"template":"","meta":{"_editorskit_title_hidden":false,"_editorskit_reading_time":0,"_editorskit_is_block_options_detached":false,"_editorskit_block_options_position":"{}","_monsterinsights_skip_tracking":false,"_monsterinsights_sitenote_active":false,"_monsterinsights_sitenote_note":"","_monsterinsights_sitenote_category":0},"product_brand":[],"product_cat":[6609,6537],"product_tag":[],"class_list":{"0":"post-14073","1":"product","2":"type-product","3":"status-publish","4":"has-post-thumbnail","6":"product_cat-ied","7":"product_cat-scienze-politiche-sociali","8":"pa_country_of_manufacture-it","10":"first","11":"instock","12":"sale","13":"shipping-taxable","14":"purchasable","15":"product-type-simple"},"yoast_head":"<!-- This site is optimized with the Yoast SEO plugin v25.4 - https:\/\/yoast.com\/wordpress\/plugins\/seo\/ -->\n<title>Infanzia e adolescenza secondo i media - Guerini e Associati<\/title>\n<meta name=\"robots\" content=\"index, follow, max-snippet:-1, max-image-preview:large, max-video-preview:-1\" \/>\n<link rel=\"canonical\" href=\"https:\/\/www.guerini.it\/index.php\/prodotto\/infanzia-e-adolescenza-secondo-i-media\/\" \/>\n<meta property=\"og:locale\" content=\"it_IT\" \/>\n<meta property=\"og:type\" content=\"article\" \/>\n<meta property=\"og:title\" content=\"Infanzia e adolescenza secondo i media - Guerini e Associati\" \/>\n<meta property=\"og:description\" content=\"L\u2019attenzione verso i diritti di bambini e ragazzi nella loro relazione con i media si \u00e8 spesso tradotta, in termini politico-normativi e pedagogici, in azioni di protezione, tutela e censura che non sembrano essere sufficientemente adeguate a risolvere, ma prima ancora a comprendere, non solo le nuove forme di relazione dei giovani con strumenti di comunicazione sempre pi\u00f9 innovativi ma anche la pi\u00f9 delicata questione del riconoscimento dei diritti di partecipazione e coinvolgimento dei minori alle produzioni mediali. Nel volume vengono delineate le principali direzioni di questo dibattito, cercando di stabilire quali siano le risposte pi\u00f9 adeguate ai quesiti relativi alle identit\u00e0, ai ruoli e alle condizioni dei minori di et\u00e0 nella relazione con i media.\" \/>\n<meta property=\"og:url\" content=\"https:\/\/www.guerini.it\/index.php\/prodotto\/infanzia-e-adolescenza-secondo-i-media\/\" \/>\n<meta property=\"og:site_name\" content=\"Guerini e Associati\" \/>\n<meta property=\"article:modified_time\" content=\"2024-06-12T12:37:27+00:00\" \/>\n<meta property=\"og:image\" content=\"https:\/\/www.guerini.it\/wp-content\/uploads\/2012\/05\/978-88-8335-920-0.jpg\" \/>\n\t<meta property=\"og:image:width\" content=\"127\" \/>\n\t<meta property=\"og:image:height\" content=\"190\" \/>\n\t<meta property=\"og:image:type\" content=\"image\/jpeg\" \/>\n<meta name=\"twitter:card\" content=\"summary_large_image\" \/>\n<meta name=\"twitter:label1\" content=\"Tempo di lettura stimato\" \/>\n\t<meta name=\"twitter:data1\" content=\"1 minuto\" \/>\n<!-- \/ Yoast SEO plugin. -->","yoast_head_json":{"title":"Infanzia e adolescenza secondo i media - Guerini e Associati","robots":{"index":"index","follow":"follow","max-snippet":"max-snippet:-1","max-image-preview":"max-image-preview:large","max-video-preview":"max-video-preview:-1"},"canonical":"https:\/\/www.guerini.it\/index.php\/prodotto\/infanzia-e-adolescenza-secondo-i-media\/","og_locale":"it_IT","og_type":"article","og_title":"Infanzia e adolescenza secondo i media - Guerini e Associati","og_description":"L\u2019attenzione verso i diritti di bambini e ragazzi nella loro relazione con i media si \u00e8 spesso tradotta, in termini politico-normativi e pedagogici, in azioni di protezione, tutela e censura che non sembrano essere sufficientemente adeguate a risolvere, ma prima ancora a comprendere, non solo le nuove forme di relazione dei giovani con strumenti di comunicazione sempre pi\u00f9 innovativi ma anche la pi\u00f9 delicata questione del riconoscimento dei diritti di partecipazione e coinvolgimento dei minori alle produzioni mediali. Nel volume vengono delineate le principali direzioni di questo dibattito, cercando di stabilire quali siano le risposte pi\u00f9 adeguate ai quesiti relativi alle identit\u00e0, ai ruoli e alle condizioni dei minori di et\u00e0 nella relazione con i media.","og_url":"https:\/\/www.guerini.it\/index.php\/prodotto\/infanzia-e-adolescenza-secondo-i-media\/","og_site_name":"Guerini e Associati","article_modified_time":"2024-06-12T12:37:27+00:00","og_image":[{"width":127,"height":190,"url":"https:\/\/www.guerini.it\/wp-content\/uploads\/2012\/05\/978-88-8335-920-0.jpg","type":"image\/jpeg"}],"twitter_card":"summary_large_image","twitter_misc":{"Tempo di lettura stimato":"1 minuto"},"schema":{"@context":"https:\/\/schema.org","@graph":[{"@type":"WebPage","@id":"https:\/\/www.guerini.it\/index.php\/prodotto\/infanzia-e-adolescenza-secondo-i-media\/","url":"https:\/\/www.guerini.it\/index.php\/prodotto\/infanzia-e-adolescenza-secondo-i-media\/","name":"Infanzia e adolescenza secondo i media - Guerini e Associati","isPartOf":{"@id":"https:\/\/www.guerini.it\/#website"},"primaryImageOfPage":{"@id":"https:\/\/www.guerini.it\/index.php\/prodotto\/infanzia-e-adolescenza-secondo-i-media\/#primaryimage"},"image":{"@id":"https:\/\/www.guerini.it\/index.php\/prodotto\/infanzia-e-adolescenza-secondo-i-media\/#primaryimage"},"thumbnailUrl":"https:\/\/www.guerini.it\/wp-content\/uploads\/2012\/05\/978-88-8335-920-0.jpg","datePublished":"2012-05-24T11:00:23+00:00","dateModified":"2024-06-12T12:37:27+00:00","breadcrumb":{"@id":"https:\/\/www.guerini.it\/index.php\/prodotto\/infanzia-e-adolescenza-secondo-i-media\/#breadcrumb"},"inLanguage":"it-IT","potentialAction":[{"@type":"ReadAction","target":["https:\/\/www.guerini.it\/index.php\/prodotto\/infanzia-e-adolescenza-secondo-i-media\/"]}]},{"@type":"ImageObject","inLanguage":"it-IT","@id":"https:\/\/www.guerini.it\/index.php\/prodotto\/infanzia-e-adolescenza-secondo-i-media\/#primaryimage","url":"https:\/\/www.guerini.it\/wp-content\/uploads\/2012\/05\/978-88-8335-920-0.jpg","contentUrl":"https:\/\/www.guerini.it\/wp-content\/uploads\/2012\/05\/978-88-8335-920-0.jpg","width":127,"height":190,"caption":"Infanzia e adolescenza secondo i media"},{"@type":"BreadcrumbList","@id":"https:\/\/www.guerini.it\/index.php\/prodotto\/infanzia-e-adolescenza-secondo-i-media\/#breadcrumb","itemListElement":[{"@type":"ListItem","position":1,"name":"Home","item":"https:\/\/www.guerini.it\/"},{"@type":"ListItem","position":2,"name":"Catalogo","item":"https:\/\/www.guerini.it\/index.php\/negozio\/"},{"@type":"ListItem","position":3,"name":"Infanzia e adolescenza secondo i media"}]},{"@type":"WebSite","@id":"https:\/\/www.guerini.it\/#website","url":"https:\/\/www.guerini.it\/","name":"Guerini e Associati","description":"30 anni di libri, idee e libert\u00e0","publisher":{"@id":"https:\/\/www.guerini.it\/#organization"},"potentialAction":[{"@type":"SearchAction","target":{"@type":"EntryPoint","urlTemplate":"https:\/\/www.guerini.it\/?s={search_term_string}"},"query-input":{"@type":"PropertyValueSpecification","valueRequired":true,"valueName":"search_term_string"}}],"inLanguage":"it-IT"},{"@type":"Organization","@id":"https:\/\/www.guerini.it\/#organization","name":"Guerini e Associati","url":"https:\/\/www.guerini.it\/","logo":{"@type":"ImageObject","inLanguage":"it-IT","@id":"https:\/\/www.guerini.it\/#\/schema\/logo\/image\/","url":"https:\/\/www.guerini.it\/wp-content\/uploads\/2021\/03\/Logo-Guerini-OK_-e1615831292285.png","contentUrl":"https:\/\/www.guerini.it\/wp-content\/uploads\/2021\/03\/Logo-Guerini-OK_-e1615831292285.png","width":2805,"height":1870,"caption":"Guerini e Associati"},"image":{"@id":"https:\/\/www.guerini.it\/#\/schema\/logo\/image\/"}}]}},"_links":{"self":[{"href":"https:\/\/www.guerini.it\/index.php\/wp-json\/wp\/v2\/product\/14073","targetHints":{"allow":["GET"]}}],"collection":[{"href":"https:\/\/www.guerini.it\/index.php\/wp-json\/wp\/v2\/product"}],"about":[{"href":"https:\/\/www.guerini.it\/index.php\/wp-json\/wp\/v2\/types\/product"}],"wp:featuredmedia":[{"embeddable":true,"href":"https:\/\/www.guerini.it\/index.php\/wp-json\/wp\/v2\/media\/14072"}],"wp:attachment":[{"href":"https:\/\/www.guerini.it\/index.php\/wp-json\/wp\/v2\/media?parent=14073"}],"wp:term":[{"taxonomy":"product_brand","embeddable":true,"href":"https:\/\/www.guerini.it\/index.php\/wp-json\/wp\/v2\/product_brand?post=14073"},{"taxonomy":"product_cat","embeddable":true,"href":"https:\/\/www.guerini.it\/index.php\/wp-json\/wp\/v2\/product_cat?post=14073"},{"taxonomy":"product_tag","embeddable":true,"href":"https:\/\/www.guerini.it\/index.php\/wp-json\/wp\/v2\/product_tag?post=14073"}],"curies":[{"name":"wp","href":"https:\/\/api.w.org\/{rel}","templated":true}]}}