{"id":14085,"date":"2012-05-24T13:00:24","date_gmt":"2012-05-24T11:00:24","guid":{"rendered":"https:\/\/test.guerini.it\/?product=la-consulenza-al-ruolo"},"modified":"2024-06-12T14:35:07","modified_gmt":"2024-06-12T12:35:07","slug":"la-consulenza-al-ruolo","status":"publish","type":"product","link":"https:\/\/www.guerini.it\/index.php\/prodotto\/la-consulenza-al-ruolo\/","title":{"rendered":"La consulenza al ruolo"},"content":{"rendered":"<p style=\"text-align: justify;\">Nell\u2019ambito delle attivit\u00e0 di ricerca, di riflessione e di sperimentazione attuate da parte degli psicosocioanalisti, la consulenza al ruolo costituisce un tema di attualit\u00e0 sempre pi\u00f9 diffuso nelle organizzazioni ed \u00e8 sempre pi\u00f9 richiesta dagli individui. Questo libro presenta alcuni punti fermi che specificano metodi e prassi della consulenza al ruolo, quale intervento di supporto a fianco dell\u2019individuo in un\u2019organizzazione.<\/p>\n","protected":false},"excerpt":{"rendered":"<p>Nell\u2019ambito delle attivit\u00e0 di ricerca, di riflessione e di sperimentazione attuate da parte degli psicosocioanalisti, la consulenza al ruolo costituisce un tema di attualit\u00e0 sempre pi\u00f9 diffuso nelle organizzazioni ed \u00e8 sempre pi\u00f9 richiesta dagli individui. Questo libro presenta alcuni punti fermi che specificano metodi e prassi della consulenza al ruolo, quale intervento di supporto a fianco dell\u2019individuo in un\u2019organizzazione.<\/p>\n","protected":false},"featured_media":14084,"template":"","meta":{"_editorskit_title_hidden":false,"_editorskit_reading_time":0,"_editorskit_is_block_options_detached":false,"_editorskit_block_options_position":"{}","_monsterinsights_skip_tracking":false,"_monsterinsights_sitenote_active":false,"_monsterinsights_sitenote_note":"","_monsterinsights_sitenote_category":0},"product_brand":[],"product_cat":[6601,6529],"product_tag":[],"class_list":{"0":"post-14085","1":"product","2":"type-product","3":"status-publish","4":"has-post-thumbnail","6":"product_cat-la","7":"product_cat-economia-e-management","8":"pa_guerini_amazon_link-https-www-amazon-it-consulenza-al-ruolo-d-forti-dp-888335883x","9":"pa_guerini_feltrinelli_link-https-www-lafeltrinelli-it-consulenza-al-ruolo-libro-vari-e-9788883358838","10":"pa_guerini_ibs_link-https-www-ibs-it-consulenza-al-ruolo-libro-vari-e-9788883358838","11":"pa_guerini_libruniver_link-https-www-libreriauniversitaria-it-consulenza-ruolo-guerini-associati-libro-9788883358838","12":"pa_guerini_mondadori_link-https-www-mondadoristore-it-la-consulenza-al-ruolo-na-eai978888335883","14":"first","15":"instock","16":"sale","17":"shipping-taxable","18":"purchasable","19":"product-type-simple"},"yoast_head":"<!-- This site is optimized with the Yoast SEO plugin v25.4 - https:\/\/yoast.com\/wordpress\/plugins\/seo\/ -->\n<title>La consulenza al ruolo - Guerini e Associati<\/title>\n<meta name=\"robots\" content=\"index, follow, max-snippet:-1, max-image-preview:large, max-video-preview:-1\" \/>\n<link rel=\"canonical\" href=\"https:\/\/www.guerini.it\/index.php\/prodotto\/la-consulenza-al-ruolo\/\" \/>\n<meta property=\"og:locale\" content=\"it_IT\" \/>\n<meta property=\"og:type\" content=\"article\" \/>\n<meta property=\"og:title\" content=\"La consulenza al ruolo - Guerini e Associati\" \/>\n<meta property=\"og:description\" content=\"Nell\u2019ambito delle attivit\u00e0 di ricerca, di riflessione e di sperimentazione attuate da parte degli psicosocioanalisti, la consulenza al ruolo costituisce un tema di attualit\u00e0 sempre pi\u00f9 diffuso nelle organizzazioni ed \u00e8 sempre pi\u00f9 richiesta dagli individui. Questo libro presenta alcuni punti fermi che specificano metodi e prassi della consulenza al ruolo, quale intervento di supporto a fianco dell\u2019individuo in un\u2019organizzazione.\" \/>\n<meta property=\"og:url\" content=\"https:\/\/www.guerini.it\/index.php\/prodotto\/la-consulenza-al-ruolo\/\" \/>\n<meta property=\"og:site_name\" content=\"Guerini e Associati\" \/>\n<meta property=\"article:modified_time\" content=\"2024-06-12T12:35:07+00:00\" \/>\n<meta property=\"og:image\" content=\"https:\/\/www.guerini.it\/wp-content\/uploads\/2012\/05\/978-88-8335-883-8.jpg\" \/>\n\t<meta property=\"og:image:width\" content=\"127\" \/>\n\t<meta property=\"og:image:height\" content=\"198\" \/>\n\t<meta property=\"og:image:type\" content=\"image\/jpeg\" \/>\n<meta name=\"twitter:card\" content=\"summary_large_image\" \/>\n<meta name=\"twitter:label1\" content=\"Tempo di lettura stimato\" \/>\n\t<meta name=\"twitter:data1\" content=\"1 minuto\" \/>\n<!-- \/ Yoast SEO plugin. -->","yoast_head_json":{"title":"La consulenza al ruolo - Guerini e Associati","robots":{"index":"index","follow":"follow","max-snippet":"max-snippet:-1","max-image-preview":"max-image-preview:large","max-video-preview":"max-video-preview:-1"},"canonical":"https:\/\/www.guerini.it\/index.php\/prodotto\/la-consulenza-al-ruolo\/","og_locale":"it_IT","og_type":"article","og_title":"La consulenza al ruolo - Guerini e Associati","og_description":"Nell\u2019ambito delle attivit\u00e0 di ricerca, di riflessione e di sperimentazione attuate da parte degli psicosocioanalisti, la consulenza al ruolo costituisce un tema di attualit\u00e0 sempre pi\u00f9 diffuso nelle organizzazioni ed \u00e8 sempre pi\u00f9 richiesta dagli individui. Questo libro presenta alcuni punti fermi che specificano metodi e prassi della consulenza al ruolo, quale intervento di supporto a fianco dell\u2019individuo in un\u2019organizzazione.","og_url":"https:\/\/www.guerini.it\/index.php\/prodotto\/la-consulenza-al-ruolo\/","og_site_name":"Guerini e Associati","article_modified_time":"2024-06-12T12:35:07+00:00","og_image":[{"width":127,"height":198,"url":"https:\/\/www.guerini.it\/wp-content\/uploads\/2012\/05\/978-88-8335-883-8.jpg","type":"image\/jpeg"}],"twitter_card":"summary_large_image","twitter_misc":{"Tempo di lettura stimato":"1 minuto"},"schema":{"@context":"https:\/\/schema.org","@graph":[{"@type":"WebPage","@id":"https:\/\/www.guerini.it\/index.php\/prodotto\/la-consulenza-al-ruolo\/","url":"https:\/\/www.guerini.it\/index.php\/prodotto\/la-consulenza-al-ruolo\/","name":"La consulenza al ruolo - Guerini e Associati","isPartOf":{"@id":"https:\/\/www.guerini.it\/#website"},"primaryImageOfPage":{"@id":"https:\/\/www.guerini.it\/index.php\/prodotto\/la-consulenza-al-ruolo\/#primaryimage"},"image":{"@id":"https:\/\/www.guerini.it\/index.php\/prodotto\/la-consulenza-al-ruolo\/#primaryimage"},"thumbnailUrl":"https:\/\/www.guerini.it\/wp-content\/uploads\/2012\/05\/978-88-8335-883-8.jpg","datePublished":"2012-05-24T11:00:24+00:00","dateModified":"2024-06-12T12:35:07+00:00","breadcrumb":{"@id":"https:\/\/www.guerini.it\/index.php\/prodotto\/la-consulenza-al-ruolo\/#breadcrumb"},"inLanguage":"it-IT","potentialAction":[{"@type":"ReadAction","target":["https:\/\/www.guerini.it\/index.php\/prodotto\/la-consulenza-al-ruolo\/"]}]},{"@type":"ImageObject","inLanguage":"it-IT","@id":"https:\/\/www.guerini.it\/index.php\/prodotto\/la-consulenza-al-ruolo\/#primaryimage","url":"https:\/\/www.guerini.it\/wp-content\/uploads\/2012\/05\/978-88-8335-883-8.jpg","contentUrl":"https:\/\/www.guerini.it\/wp-content\/uploads\/2012\/05\/978-88-8335-883-8.jpg","width":127,"height":198,"caption":"La consulenza al ruolo"},{"@type":"BreadcrumbList","@id":"https:\/\/www.guerini.it\/index.php\/prodotto\/la-consulenza-al-ruolo\/#breadcrumb","itemListElement":[{"@type":"ListItem","position":1,"name":"Home","item":"https:\/\/www.guerini.it\/"},{"@type":"ListItem","position":2,"name":"Catalogo","item":"https:\/\/www.guerini.it\/index.php\/negozio\/"},{"@type":"ListItem","position":3,"name":"La consulenza al ruolo"}]},{"@type":"WebSite","@id":"https:\/\/www.guerini.it\/#website","url":"https:\/\/www.guerini.it\/","name":"Guerini e Associati","description":"30 anni di libri, idee e libert\u00e0","publisher":{"@id":"https:\/\/www.guerini.it\/#organization"},"potentialAction":[{"@type":"SearchAction","target":{"@type":"EntryPoint","urlTemplate":"https:\/\/www.guerini.it\/?s={search_term_string}"},"query-input":{"@type":"PropertyValueSpecification","valueRequired":true,"valueName":"search_term_string"}}],"inLanguage":"it-IT"},{"@type":"Organization","@id":"https:\/\/www.guerini.it\/#organization","name":"Guerini e Associati","url":"https:\/\/www.guerini.it\/","logo":{"@type":"ImageObject","inLanguage":"it-IT","@id":"https:\/\/www.guerini.it\/#\/schema\/logo\/image\/","url":"https:\/\/www.guerini.it\/wp-content\/uploads\/2021\/03\/Logo-Guerini-OK_-e1615831292285.png","contentUrl":"https:\/\/www.guerini.it\/wp-content\/uploads\/2021\/03\/Logo-Guerini-OK_-e1615831292285.png","width":2805,"height":1870,"caption":"Guerini e Associati"},"image":{"@id":"https:\/\/www.guerini.it\/#\/schema\/logo\/image\/"}}]}},"_links":{"self":[{"href":"https:\/\/www.guerini.it\/index.php\/wp-json\/wp\/v2\/product\/14085","targetHints":{"allow":["GET"]}}],"collection":[{"href":"https:\/\/www.guerini.it\/index.php\/wp-json\/wp\/v2\/product"}],"about":[{"href":"https:\/\/www.guerini.it\/index.php\/wp-json\/wp\/v2\/types\/product"}],"wp:featuredmedia":[{"embeddable":true,"href":"https:\/\/www.guerini.it\/index.php\/wp-json\/wp\/v2\/media\/14084"}],"wp:attachment":[{"href":"https:\/\/www.guerini.it\/index.php\/wp-json\/wp\/v2\/media?parent=14085"}],"wp:term":[{"taxonomy":"product_brand","embeddable":true,"href":"https:\/\/www.guerini.it\/index.php\/wp-json\/wp\/v2\/product_brand?post=14085"},{"taxonomy":"product_cat","embeddable":true,"href":"https:\/\/www.guerini.it\/index.php\/wp-json\/wp\/v2\/product_cat?post=14085"},{"taxonomy":"product_tag","embeddable":true,"href":"https:\/\/www.guerini.it\/index.php\/wp-json\/wp\/v2\/product_tag?post=14085"}],"curies":[{"name":"wp","href":"https:\/\/api.w.org\/{rel}","templated":true}]}}