{"id":14139,"date":"2012-05-24T13:00:26","date_gmt":"2012-05-24T11:00:26","guid":{"rendered":"https:\/\/test.guerini.it\/?product=sport-e-formazione"},"modified":"2026-01-22T11:25:06","modified_gmt":"2026-01-22T10:25:06","slug":"sport-e-formazione","status":"publish","type":"product","link":"https:\/\/www.guerini.it\/index.php\/prodotto\/sport-e-formazione\/","title":{"rendered":"Sport e formazione"},"content":{"rendered":"<p>La valenza pedagogica dello sport non \u00e8 strettamente orientata alla selezione dei campioni di domani, ma sul principio che vede lo sport praticato e vissuto nell\u2019et\u00e0 dello sviluppo, come un formidabile campo d\u2019esperienza educativa per tutti. La definizione e la valorizzazione del Coaching, come specifico modello di relazione formativa, trae origine proprio dal setting sportivo. Questo libro, nell\u2019articolazione dei suoi vari contributi, pone l\u2019attenzione soprattutto sulla figura dell\u2019allenatore-coach, sulla sua identit\u00e0 di \u201ceducatore sportivo\u201d, sulla complessit\u00e0 e intensit\u00e0 della relazione con i bambini e i ragazzi (maschi e femmine) che sempre pi\u00f9 numerosi si avvicinano alle pratiche sportive.<\/p>\n","protected":false},"excerpt":{"rendered":"<p>La valenza pedagogica dello sport non \u00e8 strettamente orientata alla selezione dei campioni di domani, ma sul principio che vede lo sport praticato e vissuto nell\u2019et\u00e0 dello sviluppo, come un formidabile campo d\u2019esperienza educativa per tutti. La definizione e la valorizzazione del Coaching, come specifico modello di relazione formativa, trae origine proprio dal setting sportivo. Questo libro, nell\u2019articolazione dei suoi vari contributi, pone l\u2019attenzione soprattutto sulla figura dell\u2019allenatore-coach, sulla sua identit\u00e0 di \u201ceducatore sportivo\u201d, sulla complessit\u00e0 e intensit\u00e0 della relazione con i bambini e i ragazzi (maschi e femmine) che sempre pi\u00f9 numerosi si avvicinano alle pratiche sportive.<\/p>\n","protected":false},"featured_media":14138,"template":"","meta":{"_editorskit_title_hidden":false,"_editorskit_reading_time":0,"_editorskit_is_block_options_detached":false,"_editorskit_block_options_position":"{}","_monsterinsights_skip_tracking":false,"_monsterinsights_sitenote_active":false,"_monsterinsights_sitenote_note":"","_monsterinsights_sitenote_category":0},"product_brand":[],"product_cat":[6628,6536],"product_tag":[],"class_list":{"0":"post-14139","1":"product","2":"type-product","3":"status-publish","4":"has-post-thumbnail","6":"product_cat-pfs-sm","7":"product_cat-psicologia-pedagogia","8":"pa_country_of_manufacture-it","10":"first","11":"instock","12":"sale","13":"shipping-taxable","14":"purchasable","15":"product-type-simple"},"yoast_head":"<!-- This site is optimized with the Yoast SEO plugin v25.4 - https:\/\/yoast.com\/wordpress\/plugins\/seo\/ -->\n<title>Sport e formazione - Guerini e Associati<\/title>\n<meta name=\"robots\" content=\"index, follow, max-snippet:-1, max-image-preview:large, max-video-preview:-1\" \/>\n<link rel=\"canonical\" href=\"https:\/\/www.guerini.it\/index.php\/prodotto\/sport-e-formazione\/\" \/>\n<meta property=\"og:locale\" content=\"it_IT\" \/>\n<meta property=\"og:type\" content=\"article\" \/>\n<meta property=\"og:title\" content=\"Sport e formazione - Guerini e Associati\" \/>\n<meta property=\"og:description\" content=\"La valenza pedagogica dello sport non \u00e8 strettamente orientata alla selezione dei campioni di domani, ma sul principio che vede lo sport praticato e vissuto nell\u2019et\u00e0 dello sviluppo, come un formidabile campo d\u2019esperienza educativa per tutti. La definizione e la valorizzazione del Coaching, come specifico modello di relazione formativa, trae origine proprio dal setting sportivo. Questo libro, nell\u2019articolazione dei suoi vari contributi, pone l\u2019attenzione soprattutto sulla figura dell\u2019allenatore-coach, sulla sua identit\u00e0 di \u201ceducatore sportivo\u201d, sulla complessit\u00e0 e intensit\u00e0 della relazione con i bambini e i ragazzi (maschi e femmine) che sempre pi\u00f9 numerosi si avvicinano alle pratiche sportive.\" \/>\n<meta property=\"og:url\" content=\"https:\/\/www.guerini.it\/index.php\/prodotto\/sport-e-formazione\/\" \/>\n<meta property=\"og:site_name\" content=\"Guerini e Associati\" \/>\n<meta property=\"article:modified_time\" content=\"2026-01-22T10:25:06+00:00\" \/>\n<meta property=\"og:image\" content=\"https:\/\/www.guerini.it\/wp-content\/uploads\/2012\/05\/978-88-8107-251-4.jpg\" \/>\n\t<meta property=\"og:image:width\" content=\"291\" \/>\n\t<meta property=\"og:image:height\" content=\"448\" \/>\n\t<meta property=\"og:image:type\" content=\"image\/jpeg\" \/>\n<meta name=\"twitter:card\" content=\"summary_large_image\" \/>\n<meta name=\"twitter:label1\" content=\"Tempo di lettura stimato\" \/>\n\t<meta name=\"twitter:data1\" content=\"1 minuto\" \/>\n<!-- \/ Yoast SEO plugin. -->","yoast_head_json":{"title":"Sport e formazione - Guerini e Associati","robots":{"index":"index","follow":"follow","max-snippet":"max-snippet:-1","max-image-preview":"max-image-preview:large","max-video-preview":"max-video-preview:-1"},"canonical":"https:\/\/www.guerini.it\/index.php\/prodotto\/sport-e-formazione\/","og_locale":"it_IT","og_type":"article","og_title":"Sport e formazione - Guerini e Associati","og_description":"La valenza pedagogica dello sport non \u00e8 strettamente orientata alla selezione dei campioni di domani, ma sul principio che vede lo sport praticato e vissuto nell\u2019et\u00e0 dello sviluppo, come un formidabile campo d\u2019esperienza educativa per tutti. La definizione e la valorizzazione del Coaching, come specifico modello di relazione formativa, trae origine proprio dal setting sportivo. Questo libro, nell\u2019articolazione dei suoi vari contributi, pone l\u2019attenzione soprattutto sulla figura dell\u2019allenatore-coach, sulla sua identit\u00e0 di \u201ceducatore sportivo\u201d, sulla complessit\u00e0 e intensit\u00e0 della relazione con i bambini e i ragazzi (maschi e femmine) che sempre pi\u00f9 numerosi si avvicinano alle pratiche sportive.","og_url":"https:\/\/www.guerini.it\/index.php\/prodotto\/sport-e-formazione\/","og_site_name":"Guerini e Associati","article_modified_time":"2026-01-22T10:25:06+00:00","og_image":[{"width":291,"height":448,"url":"https:\/\/www.guerini.it\/wp-content\/uploads\/2012\/05\/978-88-8107-251-4.jpg","type":"image\/jpeg"}],"twitter_card":"summary_large_image","twitter_misc":{"Tempo di lettura stimato":"1 minuto"},"schema":{"@context":"https:\/\/schema.org","@graph":[{"@type":"WebPage","@id":"https:\/\/www.guerini.it\/index.php\/prodotto\/sport-e-formazione\/","url":"https:\/\/www.guerini.it\/index.php\/prodotto\/sport-e-formazione\/","name":"Sport e formazione - Guerini e Associati","isPartOf":{"@id":"https:\/\/www.guerini.it\/#website"},"primaryImageOfPage":{"@id":"https:\/\/www.guerini.it\/index.php\/prodotto\/sport-e-formazione\/#primaryimage"},"image":{"@id":"https:\/\/www.guerini.it\/index.php\/prodotto\/sport-e-formazione\/#primaryimage"},"thumbnailUrl":"https:\/\/www.guerini.it\/wp-content\/uploads\/2012\/05\/978-88-8107-251-4.jpg","datePublished":"2012-05-24T11:00:26+00:00","dateModified":"2026-01-22T10:25:06+00:00","breadcrumb":{"@id":"https:\/\/www.guerini.it\/index.php\/prodotto\/sport-e-formazione\/#breadcrumb"},"inLanguage":"it-IT","potentialAction":[{"@type":"ReadAction","target":["https:\/\/www.guerini.it\/index.php\/prodotto\/sport-e-formazione\/"]}]},{"@type":"ImageObject","inLanguage":"it-IT","@id":"https:\/\/www.guerini.it\/index.php\/prodotto\/sport-e-formazione\/#primaryimage","url":"https:\/\/www.guerini.it\/wp-content\/uploads\/2012\/05\/978-88-8107-251-4.jpg","contentUrl":"https:\/\/www.guerini.it\/wp-content\/uploads\/2012\/05\/978-88-8107-251-4.jpg","width":291,"height":448,"caption":"Sport e formazione"},{"@type":"BreadcrumbList","@id":"https:\/\/www.guerini.it\/index.php\/prodotto\/sport-e-formazione\/#breadcrumb","itemListElement":[{"@type":"ListItem","position":1,"name":"Home","item":"https:\/\/www.guerini.it\/"},{"@type":"ListItem","position":2,"name":"Catalogo","item":"https:\/\/www.guerini.it\/index.php\/negozio\/"},{"@type":"ListItem","position":3,"name":"Sport e formazione"}]},{"@type":"WebSite","@id":"https:\/\/www.guerini.it\/#website","url":"https:\/\/www.guerini.it\/","name":"Guerini e Associati","description":"30 anni di libri, idee e libert\u00e0","publisher":{"@id":"https:\/\/www.guerini.it\/#organization"},"potentialAction":[{"@type":"SearchAction","target":{"@type":"EntryPoint","urlTemplate":"https:\/\/www.guerini.it\/?s={search_term_string}"},"query-input":{"@type":"PropertyValueSpecification","valueRequired":true,"valueName":"search_term_string"}}],"inLanguage":"it-IT"},{"@type":"Organization","@id":"https:\/\/www.guerini.it\/#organization","name":"Guerini e Associati","url":"https:\/\/www.guerini.it\/","logo":{"@type":"ImageObject","inLanguage":"it-IT","@id":"https:\/\/www.guerini.it\/#\/schema\/logo\/image\/","url":"https:\/\/www.guerini.it\/wp-content\/uploads\/2021\/03\/Logo-Guerini-OK_-e1615831292285.png","contentUrl":"https:\/\/www.guerini.it\/wp-content\/uploads\/2021\/03\/Logo-Guerini-OK_-e1615831292285.png","width":2805,"height":1870,"caption":"Guerini e Associati"},"image":{"@id":"https:\/\/www.guerini.it\/#\/schema\/logo\/image\/"}}]}},"_links":{"self":[{"href":"https:\/\/www.guerini.it\/index.php\/wp-json\/wp\/v2\/product\/14139","targetHints":{"allow":["GET"]}}],"collection":[{"href":"https:\/\/www.guerini.it\/index.php\/wp-json\/wp\/v2\/product"}],"about":[{"href":"https:\/\/www.guerini.it\/index.php\/wp-json\/wp\/v2\/types\/product"}],"wp:featuredmedia":[{"embeddable":true,"href":"https:\/\/www.guerini.it\/index.php\/wp-json\/wp\/v2\/media\/14138"}],"wp:attachment":[{"href":"https:\/\/www.guerini.it\/index.php\/wp-json\/wp\/v2\/media?parent=14139"}],"wp:term":[{"taxonomy":"product_brand","embeddable":true,"href":"https:\/\/www.guerini.it\/index.php\/wp-json\/wp\/v2\/product_brand?post=14139"},{"taxonomy":"product_cat","embeddable":true,"href":"https:\/\/www.guerini.it\/index.php\/wp-json\/wp\/v2\/product_cat?post=14139"},{"taxonomy":"product_tag","embeddable":true,"href":"https:\/\/www.guerini.it\/index.php\/wp-json\/wp\/v2\/product_tag?post=14139"}],"curies":[{"name":"wp","href":"https:\/\/api.w.org\/{rel}","templated":true}]}}