{"id":14143,"date":"2012-05-24T13:00:26","date_gmt":"2012-05-24T11:00:26","guid":{"rendered":"https:\/\/test.guerini.it\/?product=love-management"},"modified":"2024-06-09T20:17:54","modified_gmt":"2024-06-09T18:17:54","slug":"love-management","status":"publish","type":"product","link":"https:\/\/www.guerini.it\/index.php\/prodotto\/love-management\/","title":{"rendered":"Love management"},"content":{"rendered":"<p>\u00abLe parole continuano a vivere dopo di noi.\u00bb \u00c8 quello che scoprir\u00e0 Chiara, una giovane manager con tante ambizioni che decide di farsi allenare da un coach per migliorare la sua comunicazione. L\u2019incontro con Maria, coach e imprenditrice di successo, si riveler\u00e0 molto pi\u00f9 profondo: attraverso l\u2019arte del comunicare, le aprir\u00e0 la strada verso la vera realizzazione di s\u00e9 come persona e come professionista. Due protagoniste di un libro che ha molto di autobiografico, ma che in realt\u00e0 \u00e8 un manuale scritto per essere messo in pratica passo dopo passo e tenuto sempre a portata di mano.<\/p>\n","protected":false},"excerpt":{"rendered":"<p>\u00abLe parole continuano a vivere dopo di noi.\u00bb \u00c8 quello che scoprir\u00e0 Chiara, una giovane manager con tante ambizioni che decide di farsi allenare da un coach per migliorare la sua comunicazione. L\u2019incontro con Maria, coach e imprenditrice di successo, si riveler\u00e0 molto pi\u00f9 profondo: attraverso l\u2019arte del comunicare, le aprir\u00e0 la strada verso la vera realizzazione di s\u00e9 come persona e come professionista. Due protagoniste di un libro che ha molto di autobiografico, ma che in realt\u00e0 \u00e8 un manuale scritto per essere messo in pratica passo dopo passo e tenuto sempre a portata di mano.<\/p>\n","protected":false},"featured_media":14142,"template":"","meta":{"_editorskit_title_hidden":false,"_editorskit_reading_time":0,"_editorskit_is_block_options_detached":false,"_editorskit_block_options_position":"{}","_monsterinsights_skip_tracking":false,"_monsterinsights_sitenote_active":false,"_monsterinsights_sitenote_note":"","_monsterinsights_sitenote_category":0},"product_brand":[],"product_cat":[6529],"product_tag":[],"class_list":{"0":"post-14143","1":"product","2":"type-product","3":"status-publish","4":"has-post-thumbnail","6":"product_cat-economia-e-management","7":"pa_country_of_manufacture-it","9":"first","10":"outofstock","11":"sale","12":"shipping-taxable","13":"purchasable","14":"product-type-simple"},"yoast_head":"<!-- This site is optimized with the Yoast SEO plugin v25.4 - https:\/\/yoast.com\/wordpress\/plugins\/seo\/ -->\n<title>Love management - Guerini e Associati<\/title>\n<meta name=\"robots\" content=\"index, follow, max-snippet:-1, max-image-preview:large, max-video-preview:-1\" \/>\n<link rel=\"canonical\" href=\"https:\/\/www.guerini.it\/index.php\/prodotto\/love-management\/\" \/>\n<meta property=\"og:locale\" content=\"it_IT\" \/>\n<meta property=\"og:type\" content=\"article\" \/>\n<meta property=\"og:title\" content=\"Love management - Guerini e Associati\" \/>\n<meta property=\"og:description\" content=\"\u00abLe parole continuano a vivere dopo di noi.\u00bb \u00c8 quello che scoprir\u00e0 Chiara, una giovane manager con tante ambizioni che decide di farsi allenare da un coach per migliorare la sua comunicazione. L\u2019incontro con Maria, coach e imprenditrice di successo, si riveler\u00e0 molto pi\u00f9 profondo: attraverso l\u2019arte del comunicare, le aprir\u00e0 la strada verso la vera realizzazione di s\u00e9 come persona e come professionista. Due protagoniste di un libro che ha molto di autobiografico, ma che in realt\u00e0 \u00e8 un manuale scritto per essere messo in pratica passo dopo passo e tenuto sempre a portata di mano.\" \/>\n<meta property=\"og:url\" content=\"https:\/\/www.guerini.it\/index.php\/prodotto\/love-management\/\" \/>\n<meta property=\"og:site_name\" content=\"Guerini e Associati\" \/>\n<meta property=\"article:modified_time\" content=\"2024-06-09T18:17:54+00:00\" \/>\n<meta property=\"og:image\" content=\"https:\/\/www.guerini.it\/wp-content\/uploads\/2012\/05\/love_manag._alta_265x397.jpg\" \/>\n\t<meta property=\"og:image:width\" content=\"265\" \/>\n\t<meta property=\"og:image:height\" content=\"397\" \/>\n\t<meta property=\"og:image:type\" content=\"image\/jpeg\" \/>\n<meta name=\"twitter:card\" content=\"summary_large_image\" \/>\n<!-- \/ Yoast SEO plugin. -->","yoast_head_json":{"title":"Love management - Guerini e Associati","robots":{"index":"index","follow":"follow","max-snippet":"max-snippet:-1","max-image-preview":"max-image-preview:large","max-video-preview":"max-video-preview:-1"},"canonical":"https:\/\/www.guerini.it\/index.php\/prodotto\/love-management\/","og_locale":"it_IT","og_type":"article","og_title":"Love management - Guerini e Associati","og_description":"\u00abLe parole continuano a vivere dopo di noi.\u00bb \u00c8 quello che scoprir\u00e0 Chiara, una giovane manager con tante ambizioni che decide di farsi allenare da un coach per migliorare la sua comunicazione. L\u2019incontro con Maria, coach e imprenditrice di successo, si riveler\u00e0 molto pi\u00f9 profondo: attraverso l\u2019arte del comunicare, le aprir\u00e0 la strada verso la vera realizzazione di s\u00e9 come persona e come professionista. Due protagoniste di un libro che ha molto di autobiografico, ma che in realt\u00e0 \u00e8 un manuale scritto per essere messo in pratica passo dopo passo e tenuto sempre a portata di mano.","og_url":"https:\/\/www.guerini.it\/index.php\/prodotto\/love-management\/","og_site_name":"Guerini e Associati","article_modified_time":"2024-06-09T18:17:54+00:00","og_image":[{"width":265,"height":397,"url":"https:\/\/www.guerini.it\/wp-content\/uploads\/2012\/05\/love_manag._alta_265x397.jpg","type":"image\/jpeg"}],"twitter_card":"summary_large_image","schema":{"@context":"https:\/\/schema.org","@graph":[{"@type":"WebPage","@id":"https:\/\/www.guerini.it\/index.php\/prodotto\/love-management\/","url":"https:\/\/www.guerini.it\/index.php\/prodotto\/love-management\/","name":"Love management - Guerini e Associati","isPartOf":{"@id":"https:\/\/www.guerini.it\/#website"},"primaryImageOfPage":{"@id":"https:\/\/www.guerini.it\/index.php\/prodotto\/love-management\/#primaryimage"},"image":{"@id":"https:\/\/www.guerini.it\/index.php\/prodotto\/love-management\/#primaryimage"},"thumbnailUrl":"https:\/\/www.guerini.it\/wp-content\/uploads\/2012\/05\/love_manag._alta_265x397.jpg","datePublished":"2012-05-24T11:00:26+00:00","dateModified":"2024-06-09T18:17:54+00:00","breadcrumb":{"@id":"https:\/\/www.guerini.it\/index.php\/prodotto\/love-management\/#breadcrumb"},"inLanguage":"it-IT","potentialAction":[{"@type":"ReadAction","target":["https:\/\/www.guerini.it\/index.php\/prodotto\/love-management\/"]}]},{"@type":"ImageObject","inLanguage":"it-IT","@id":"https:\/\/www.guerini.it\/index.php\/prodotto\/love-management\/#primaryimage","url":"https:\/\/www.guerini.it\/wp-content\/uploads\/2012\/05\/love_manag._alta_265x397.jpg","contentUrl":"https:\/\/www.guerini.it\/wp-content\/uploads\/2012\/05\/love_manag._alta_265x397.jpg","width":265,"height":397,"caption":"Love management"},{"@type":"BreadcrumbList","@id":"https:\/\/www.guerini.it\/index.php\/prodotto\/love-management\/#breadcrumb","itemListElement":[{"@type":"ListItem","position":1,"name":"Home","item":"https:\/\/www.guerini.it\/"},{"@type":"ListItem","position":2,"name":"Catalogo","item":"https:\/\/www.guerini.it\/index.php\/negozio\/"},{"@type":"ListItem","position":3,"name":"Love management"}]},{"@type":"WebSite","@id":"https:\/\/www.guerini.it\/#website","url":"https:\/\/www.guerini.it\/","name":"Guerini e Associati","description":"30 anni di libri, idee e libert\u00e0","publisher":{"@id":"https:\/\/www.guerini.it\/#organization"},"potentialAction":[{"@type":"SearchAction","target":{"@type":"EntryPoint","urlTemplate":"https:\/\/www.guerini.it\/?s={search_term_string}"},"query-input":{"@type":"PropertyValueSpecification","valueRequired":true,"valueName":"search_term_string"}}],"inLanguage":"it-IT"},{"@type":"Organization","@id":"https:\/\/www.guerini.it\/#organization","name":"Guerini e Associati","url":"https:\/\/www.guerini.it\/","logo":{"@type":"ImageObject","inLanguage":"it-IT","@id":"https:\/\/www.guerini.it\/#\/schema\/logo\/image\/","url":"https:\/\/www.guerini.it\/wp-content\/uploads\/2021\/03\/Logo-Guerini-OK_-e1615831292285.png","contentUrl":"https:\/\/www.guerini.it\/wp-content\/uploads\/2021\/03\/Logo-Guerini-OK_-e1615831292285.png","width":2805,"height":1870,"caption":"Guerini e Associati"},"image":{"@id":"https:\/\/www.guerini.it\/#\/schema\/logo\/image\/"}}]}},"_links":{"self":[{"href":"https:\/\/www.guerini.it\/index.php\/wp-json\/wp\/v2\/product\/14143","targetHints":{"allow":["GET"]}}],"collection":[{"href":"https:\/\/www.guerini.it\/index.php\/wp-json\/wp\/v2\/product"}],"about":[{"href":"https:\/\/www.guerini.it\/index.php\/wp-json\/wp\/v2\/types\/product"}],"wp:featuredmedia":[{"embeddable":true,"href":"https:\/\/www.guerini.it\/index.php\/wp-json\/wp\/v2\/media\/14142"}],"wp:attachment":[{"href":"https:\/\/www.guerini.it\/index.php\/wp-json\/wp\/v2\/media?parent=14143"}],"wp:term":[{"taxonomy":"product_brand","embeddable":true,"href":"https:\/\/www.guerini.it\/index.php\/wp-json\/wp\/v2\/product_brand?post=14143"},{"taxonomy":"product_cat","embeddable":true,"href":"https:\/\/www.guerini.it\/index.php\/wp-json\/wp\/v2\/product_cat?post=14143"},{"taxonomy":"product_tag","embeddable":true,"href":"https:\/\/www.guerini.it\/index.php\/wp-json\/wp\/v2\/product_tag?post=14143"}],"curies":[{"name":"wp","href":"https:\/\/api.w.org\/{rel}","templated":true}]}}