{"id":14165,"date":"2012-05-24T13:00:43","date_gmt":"2012-05-24T11:00:43","guid":{"rendered":"https:\/\/test.guerini.it\/?product=l-asia-nel-grande-gioco"},"modified":"2024-06-12T14:42:43","modified_gmt":"2024-06-12T12:42:43","slug":"l-asia-nel-grande-gioco","status":"publish","type":"product","link":"https:\/\/www.guerini.it\/index.php\/prodotto\/l-asia-nel-grande-gioco\/","title":{"rendered":"L\u2019asia nel \u00abgrande gioco\u00bb"},"content":{"rendered":"<p>L\u2019Asia nel \u00abgrande gioco\u00bb \u00e8 l\u2019ultimo in ordine di tempo di una serie di volumi pubblicati dall\u2019osservatorio \u00abAsia Maior\u00bb con scadenza sostanzialmente annuale a partire dal 1990. Oggi, l\u2019Asia Maior appare dominata dall\u2019ininterrotta crescita economica di Cina e India. Quindi, pur non trascurando gli altri stati della regione, \u00e8 a Cina e India che sono dedicate le analisi pi\u00f9 approfondite del volume. Esse mettono in luce non solo la rapidit\u00e0 della crescita, ma anche i suoi costi sociali, i tentativi dei rispettivi governi di limitarli e le conseguenze della crescita stessa a livello internazionale. Il volume, di cui sono autori molti dei maggiori specialisti italiani di Asia contemporanea, si configura come uno strumento indispensabile per comprendere non solo la politica asiatica ma quella mondiale.<\/p>\n","protected":false},"excerpt":{"rendered":"<p>L\u2019Asia nel \u00abgrande gioco\u00bb \u00e8 l\u2019ultimo in ordine di tempo di una serie di volumi pubblicati dall\u2019osservatorio \u00abAsia Maior\u00bb con scadenza sostanzialmente annuale a partire dal 1990. Oggi, l\u2019Asia Maior appare dominata dall\u2019ininterrotta crescita economica di Cina e India. Quindi, pur non trascurando gli altri stati della regione, \u00e8 a Cina e India che sono dedicate le analisi pi\u00f9 approfondite del volume. Esse mettono in luce non solo la rapidit\u00e0 della crescita, ma anche i suoi costi sociali, i tentativi dei rispettivi governi di limitarli e le conseguenze della crescita stessa a livello internazionale. Il volume, di cui sono autori molti dei maggiori specialisti italiani di Asia contemporanea, si configura come uno strumento indispensabile per comprendere non solo la politica asiatica ma quella mondiale.<\/p>\n","protected":false},"featured_media":14164,"template":"","meta":{"_editorskit_title_hidden":false,"_editorskit_reading_time":0,"_editorskit_is_block_options_detached":false,"_editorskit_block_options_position":"{}","_monsterinsights_skip_tracking":false,"_monsterinsights_sitenote_active":false,"_monsterinsights_sitenote_note":"","_monsterinsights_sitenote_category":0},"product_brand":[],"product_cat":[6537],"product_tag":[],"class_list":{"0":"post-14165","1":"product","2":"type-product","3":"status-publish","4":"has-post-thumbnail","6":"product_cat-scienze-politiche-sociali","7":"pa_country_of_manufacture-it","9":"first","10":"instock","11":"sale","12":"shipping-taxable","13":"purchasable","14":"product-type-simple"},"yoast_head":"<!-- This site is optimized with the Yoast SEO plugin v25.4 - https:\/\/yoast.com\/wordpress\/plugins\/seo\/ -->\n<title>L\u2019asia nel \u00abgrande gioco\u00bb - Guerini e Associati<\/title>\n<meta name=\"robots\" content=\"index, follow, max-snippet:-1, max-image-preview:large, max-video-preview:-1\" \/>\n<link rel=\"canonical\" href=\"https:\/\/www.guerini.it\/index.php\/prodotto\/l-asia-nel-grande-gioco\/\" \/>\n<meta property=\"og:locale\" content=\"it_IT\" \/>\n<meta property=\"og:type\" content=\"article\" \/>\n<meta property=\"og:title\" content=\"L\u2019asia nel \u00abgrande gioco\u00bb - Guerini e Associati\" \/>\n<meta property=\"og:description\" content=\"L\u2019Asia nel \u00abgrande gioco\u00bb \u00e8 l\u2019ultimo in ordine di tempo di una serie di volumi pubblicati dall\u2019osservatorio \u00abAsia Maior\u00bb con scadenza sostanzialmente annuale a partire dal 1990. Oggi, l\u2019Asia Maior appare dominata dall\u2019ininterrotta crescita economica di Cina e India. Quindi, pur non trascurando gli altri stati della regione, \u00e8 a Cina e India che sono dedicate le analisi pi\u00f9 approfondite del volume. Esse mettono in luce non solo la rapidit\u00e0 della crescita, ma anche i suoi costi sociali, i tentativi dei rispettivi governi di limitarli e le conseguenze della crescita stessa a livello internazionale. Il volume, di cui sono autori molti dei maggiori specialisti italiani di Asia contemporanea, si configura come uno strumento indispensabile per comprendere non solo la politica asiatica ma quella mondiale.\" \/>\n<meta property=\"og:url\" content=\"https:\/\/www.guerini.it\/index.php\/prodotto\/l-asia-nel-grande-gioco\/\" \/>\n<meta property=\"og:site_name\" content=\"Guerini e Associati\" \/>\n<meta property=\"article:modified_time\" content=\"2024-06-12T12:42:43+00:00\" \/>\n<meta property=\"og:image\" content=\"https:\/\/www.guerini.it\/wp-content\/uploads\/2012\/05\/978-88-6250-012-8.jpg\" \/>\n\t<meta property=\"og:image:width\" content=\"298\" \/>\n\t<meta property=\"og:image:height\" content=\"448\" \/>\n\t<meta property=\"og:image:type\" content=\"image\/jpeg\" \/>\n<meta name=\"twitter:card\" content=\"summary_large_image\" \/>\n<meta name=\"twitter:label1\" content=\"Tempo di lettura stimato\" \/>\n\t<meta name=\"twitter:data1\" content=\"1 minuto\" \/>\n<!-- \/ Yoast SEO plugin. -->","yoast_head_json":{"title":"L\u2019asia nel \u00abgrande gioco\u00bb - Guerini e Associati","robots":{"index":"index","follow":"follow","max-snippet":"max-snippet:-1","max-image-preview":"max-image-preview:large","max-video-preview":"max-video-preview:-1"},"canonical":"https:\/\/www.guerini.it\/index.php\/prodotto\/l-asia-nel-grande-gioco\/","og_locale":"it_IT","og_type":"article","og_title":"L\u2019asia nel \u00abgrande gioco\u00bb - Guerini e Associati","og_description":"L\u2019Asia nel \u00abgrande gioco\u00bb \u00e8 l\u2019ultimo in ordine di tempo di una serie di volumi pubblicati dall\u2019osservatorio \u00abAsia Maior\u00bb con scadenza sostanzialmente annuale a partire dal 1990. Oggi, l\u2019Asia Maior appare dominata dall\u2019ininterrotta crescita economica di Cina e India. Quindi, pur non trascurando gli altri stati della regione, \u00e8 a Cina e India che sono dedicate le analisi pi\u00f9 approfondite del volume. Esse mettono in luce non solo la rapidit\u00e0 della crescita, ma anche i suoi costi sociali, i tentativi dei rispettivi governi di limitarli e le conseguenze della crescita stessa a livello internazionale. Il volume, di cui sono autori molti dei maggiori specialisti italiani di Asia contemporanea, si configura come uno strumento indispensabile per comprendere non solo la politica asiatica ma quella mondiale.","og_url":"https:\/\/www.guerini.it\/index.php\/prodotto\/l-asia-nel-grande-gioco\/","og_site_name":"Guerini e Associati","article_modified_time":"2024-06-12T12:42:43+00:00","og_image":[{"width":298,"height":448,"url":"https:\/\/www.guerini.it\/wp-content\/uploads\/2012\/05\/978-88-6250-012-8.jpg","type":"image\/jpeg"}],"twitter_card":"summary_large_image","twitter_misc":{"Tempo di lettura stimato":"1 minuto"},"schema":{"@context":"https:\/\/schema.org","@graph":[{"@type":"WebPage","@id":"https:\/\/www.guerini.it\/index.php\/prodotto\/l-asia-nel-grande-gioco\/","url":"https:\/\/www.guerini.it\/index.php\/prodotto\/l-asia-nel-grande-gioco\/","name":"L\u2019asia nel \u00abgrande gioco\u00bb - Guerini e Associati","isPartOf":{"@id":"https:\/\/www.guerini.it\/#website"},"primaryImageOfPage":{"@id":"https:\/\/www.guerini.it\/index.php\/prodotto\/l-asia-nel-grande-gioco\/#primaryimage"},"image":{"@id":"https:\/\/www.guerini.it\/index.php\/prodotto\/l-asia-nel-grande-gioco\/#primaryimage"},"thumbnailUrl":"https:\/\/www.guerini.it\/wp-content\/uploads\/2012\/05\/978-88-6250-012-8.jpg","datePublished":"2012-05-24T11:00:43+00:00","dateModified":"2024-06-12T12:42:43+00:00","breadcrumb":{"@id":"https:\/\/www.guerini.it\/index.php\/prodotto\/l-asia-nel-grande-gioco\/#breadcrumb"},"inLanguage":"it-IT","potentialAction":[{"@type":"ReadAction","target":["https:\/\/www.guerini.it\/index.php\/prodotto\/l-asia-nel-grande-gioco\/"]}]},{"@type":"ImageObject","inLanguage":"it-IT","@id":"https:\/\/www.guerini.it\/index.php\/prodotto\/l-asia-nel-grande-gioco\/#primaryimage","url":"https:\/\/www.guerini.it\/wp-content\/uploads\/2012\/05\/978-88-6250-012-8.jpg","contentUrl":"https:\/\/www.guerini.it\/wp-content\/uploads\/2012\/05\/978-88-6250-012-8.jpg","width":298,"height":448,"caption":"L\u2019asia nel \u00abgrande gioco\u00bb-0"},{"@type":"BreadcrumbList","@id":"https:\/\/www.guerini.it\/index.php\/prodotto\/l-asia-nel-grande-gioco\/#breadcrumb","itemListElement":[{"@type":"ListItem","position":1,"name":"Home","item":"https:\/\/www.guerini.it\/"},{"@type":"ListItem","position":2,"name":"Catalogo","item":"https:\/\/www.guerini.it\/index.php\/negozio\/"},{"@type":"ListItem","position":3,"name":"L\u2019asia nel \u00abgrande gioco\u00bb"}]},{"@type":"WebSite","@id":"https:\/\/www.guerini.it\/#website","url":"https:\/\/www.guerini.it\/","name":"Guerini e Associati","description":"30 anni di libri, idee e libert\u00e0","publisher":{"@id":"https:\/\/www.guerini.it\/#organization"},"potentialAction":[{"@type":"SearchAction","target":{"@type":"EntryPoint","urlTemplate":"https:\/\/www.guerini.it\/?s={search_term_string}"},"query-input":{"@type":"PropertyValueSpecification","valueRequired":true,"valueName":"search_term_string"}}],"inLanguage":"it-IT"},{"@type":"Organization","@id":"https:\/\/www.guerini.it\/#organization","name":"Guerini e Associati","url":"https:\/\/www.guerini.it\/","logo":{"@type":"ImageObject","inLanguage":"it-IT","@id":"https:\/\/www.guerini.it\/#\/schema\/logo\/image\/","url":"https:\/\/www.guerini.it\/wp-content\/uploads\/2021\/03\/Logo-Guerini-OK_-e1615831292285.png","contentUrl":"https:\/\/www.guerini.it\/wp-content\/uploads\/2021\/03\/Logo-Guerini-OK_-e1615831292285.png","width":2805,"height":1870,"caption":"Guerini e Associati"},"image":{"@id":"https:\/\/www.guerini.it\/#\/schema\/logo\/image\/"}}]}},"_links":{"self":[{"href":"https:\/\/www.guerini.it\/index.php\/wp-json\/wp\/v2\/product\/14165","targetHints":{"allow":["GET"]}}],"collection":[{"href":"https:\/\/www.guerini.it\/index.php\/wp-json\/wp\/v2\/product"}],"about":[{"href":"https:\/\/www.guerini.it\/index.php\/wp-json\/wp\/v2\/types\/product"}],"wp:featuredmedia":[{"embeddable":true,"href":"https:\/\/www.guerini.it\/index.php\/wp-json\/wp\/v2\/media\/14164"}],"wp:attachment":[{"href":"https:\/\/www.guerini.it\/index.php\/wp-json\/wp\/v2\/media?parent=14165"}],"wp:term":[{"taxonomy":"product_brand","embeddable":true,"href":"https:\/\/www.guerini.it\/index.php\/wp-json\/wp\/v2\/product_brand?post=14165"},{"taxonomy":"product_cat","embeddable":true,"href":"https:\/\/www.guerini.it\/index.php\/wp-json\/wp\/v2\/product_cat?post=14165"},{"taxonomy":"product_tag","embeddable":true,"href":"https:\/\/www.guerini.it\/index.php\/wp-json\/wp\/v2\/product_tag?post=14165"}],"curies":[{"name":"wp","href":"https:\/\/api.w.org\/{rel}","templated":true}]}}