{"id":14270,"date":"2012-05-24T13:00:44","date_gmt":"2012-05-24T11:00:44","guid":{"rendered":"https:\/\/test.guerini.it\/?product=sviluppo-sostenibile-e-responsabilita-di-impresa"},"modified":"2024-06-12T14:35:27","modified_gmt":"2024-06-12T12:35:27","slug":"sviluppo-sostenibile-e-responsabilita-di-impresa","status":"publish","type":"product","link":"https:\/\/www.guerini.it\/index.php\/prodotto\/sviluppo-sostenibile-e-responsabilita-di-impresa\/","title":{"rendered":"Sviluppo sostenibile e responsabilit\u00e0 di impresa"},"content":{"rendered":"<p>La responsabilit\u00e0 sociale di impresa (rsi) pu\u00f2 costituire uno strumento utile e, in alcuni casi, necessario, affinch\u00e9 le imprese riescano a fronteggiare le sfide della concorrenza globale, contribuendo al tempo stesso a innescare processi virtuosi di sviluppo realmente sostenibile sotto il profilo ambientale, sociale ed economico. La Pubblica Amministrazione viene chiamata a supportare le imprese in questa fase di vera e propria transizione culturale e dovr\u00e0 quindi essere capace di innovare se stessa, trasformandosi in promotrice e partner di tali processi di sviluppo.<br \/>\nIl volume raccoglie e ordina le esperienze positive e i casi concreti di politiche pubbliche per la rsi.<\/p>\n","protected":false},"excerpt":{"rendered":"<p>La responsabilit\u00e0 sociale di impresa (rsi) pu\u00f2 costituire uno strumento utile e, in alcuni casi, necessario, affinch\u00e9 le imprese riescano a fronteggiare le sfide della concorrenza globale, contribuendo al tempo stesso a innescare processi virtuosi di sviluppo realmente sostenibile sotto il profilo ambientale, sociale ed economico. La Pubblica Amministrazione viene chiamata a supportare le imprese in questa fase di vera e propria transizione culturale e dovr\u00e0 quindi essere capace di innovare se stessa, trasformandosi in promotrice e partner di tali processi di sviluppo.<br \/>\nIl volume raccoglie e ordina le esperienze positive e i casi concreti di politiche pubbliche per la rsi.<\/p>\n","protected":false},"featured_media":14269,"template":"","meta":{"_editorskit_title_hidden":false,"_editorskit_reading_time":0,"_editorskit_is_block_options_detached":false,"_editorskit_block_options_position":"{}","_monsterinsights_skip_tracking":false,"_monsterinsights_sitenote_active":false,"_monsterinsights_sitenote_note":"","_monsterinsights_sitenote_category":0},"product_brand":[],"product_cat":[6534],"product_tag":[],"class_list":{"0":"post-14270","1":"product","2":"type-product","3":"status-publish","4":"has-post-thumbnail","6":"product_cat-medicina-e-ambiente","7":"pa_country_of_manufacture-it","9":"first","10":"instock","11":"sale","12":"shipping-taxable","13":"purchasable","14":"product-type-simple"},"yoast_head":"<!-- This site is optimized with the Yoast SEO plugin v25.4 - https:\/\/yoast.com\/wordpress\/plugins\/seo\/ -->\n<title>Sviluppo sostenibile e responsabilit\u00e0 di impresa - Guerini e Associati<\/title>\n<meta name=\"robots\" content=\"index, follow, max-snippet:-1, max-image-preview:large, max-video-preview:-1\" \/>\n<link rel=\"canonical\" href=\"https:\/\/www.guerini.it\/index.php\/prodotto\/sviluppo-sostenibile-e-responsabilita-di-impresa\/\" \/>\n<meta property=\"og:locale\" content=\"it_IT\" \/>\n<meta property=\"og:type\" content=\"article\" \/>\n<meta property=\"og:title\" content=\"Sviluppo sostenibile e responsabilit\u00e0 di impresa - Guerini e Associati\" \/>\n<meta property=\"og:description\" content=\"La responsabilit\u00e0 sociale di impresa (rsi) pu\u00f2 costituire uno strumento utile e, in alcuni casi, necessario, affinch\u00e9 le imprese riescano a fronteggiare le sfide della concorrenza globale, contribuendo al tempo stesso a innescare processi virtuosi di sviluppo realmente sostenibile sotto il profilo ambientale, sociale ed economico. La Pubblica Amministrazione viene chiamata a supportare le imprese in questa fase di vera e propria transizione culturale e dovr\u00e0 quindi essere capace di innovare se stessa, trasformandosi in promotrice e partner di tali processi di sviluppo. Il volume raccoglie e ordina le esperienze positive e i casi concreti di politiche pubbliche per la rsi.\" \/>\n<meta property=\"og:url\" content=\"https:\/\/www.guerini.it\/index.php\/prodotto\/sviluppo-sostenibile-e-responsabilita-di-impresa\/\" \/>\n<meta property=\"og:site_name\" content=\"Guerini e Associati\" \/>\n<meta property=\"article:modified_time\" content=\"2024-06-12T12:35:27+00:00\" \/>\n<meta property=\"og:image\" content=\"https:\/\/www.guerini.it\/wp-content\/uploads\/2012\/05\/formez_sviluppo_alta_265x375.jpg\" \/>\n\t<meta property=\"og:image:width\" content=\"265\" \/>\n\t<meta property=\"og:image:height\" content=\"375\" \/>\n\t<meta property=\"og:image:type\" content=\"image\/jpeg\" \/>\n<meta name=\"twitter:card\" content=\"summary_large_image\" \/>\n<meta name=\"twitter:label1\" content=\"Tempo di lettura stimato\" \/>\n\t<meta name=\"twitter:data1\" content=\"1 minuto\" \/>\n<!-- \/ Yoast SEO plugin. -->","yoast_head_json":{"title":"Sviluppo sostenibile e responsabilit\u00e0 di impresa - Guerini e Associati","robots":{"index":"index","follow":"follow","max-snippet":"max-snippet:-1","max-image-preview":"max-image-preview:large","max-video-preview":"max-video-preview:-1"},"canonical":"https:\/\/www.guerini.it\/index.php\/prodotto\/sviluppo-sostenibile-e-responsabilita-di-impresa\/","og_locale":"it_IT","og_type":"article","og_title":"Sviluppo sostenibile e responsabilit\u00e0 di impresa - Guerini e Associati","og_description":"La responsabilit\u00e0 sociale di impresa (rsi) pu\u00f2 costituire uno strumento utile e, in alcuni casi, necessario, affinch\u00e9 le imprese riescano a fronteggiare le sfide della concorrenza globale, contribuendo al tempo stesso a innescare processi virtuosi di sviluppo realmente sostenibile sotto il profilo ambientale, sociale ed economico. La Pubblica Amministrazione viene chiamata a supportare le imprese in questa fase di vera e propria transizione culturale e dovr\u00e0 quindi essere capace di innovare se stessa, trasformandosi in promotrice e partner di tali processi di sviluppo. Il volume raccoglie e ordina le esperienze positive e i casi concreti di politiche pubbliche per la rsi.","og_url":"https:\/\/www.guerini.it\/index.php\/prodotto\/sviluppo-sostenibile-e-responsabilita-di-impresa\/","og_site_name":"Guerini e Associati","article_modified_time":"2024-06-12T12:35:27+00:00","og_image":[{"width":265,"height":375,"url":"https:\/\/www.guerini.it\/wp-content\/uploads\/2012\/05\/formez_sviluppo_alta_265x375.jpg","type":"image\/jpeg"}],"twitter_card":"summary_large_image","twitter_misc":{"Tempo di lettura stimato":"1 minuto"},"schema":{"@context":"https:\/\/schema.org","@graph":[{"@type":"WebPage","@id":"https:\/\/www.guerini.it\/index.php\/prodotto\/sviluppo-sostenibile-e-responsabilita-di-impresa\/","url":"https:\/\/www.guerini.it\/index.php\/prodotto\/sviluppo-sostenibile-e-responsabilita-di-impresa\/","name":"Sviluppo sostenibile e responsabilit\u00e0 di impresa - Guerini e Associati","isPartOf":{"@id":"https:\/\/www.guerini.it\/#website"},"primaryImageOfPage":{"@id":"https:\/\/www.guerini.it\/index.php\/prodotto\/sviluppo-sostenibile-e-responsabilita-di-impresa\/#primaryimage"},"image":{"@id":"https:\/\/www.guerini.it\/index.php\/prodotto\/sviluppo-sostenibile-e-responsabilita-di-impresa\/#primaryimage"},"thumbnailUrl":"https:\/\/www.guerini.it\/wp-content\/uploads\/2012\/05\/formez_sviluppo_alta_265x375.jpg","datePublished":"2012-05-24T11:00:44+00:00","dateModified":"2024-06-12T12:35:27+00:00","breadcrumb":{"@id":"https:\/\/www.guerini.it\/index.php\/prodotto\/sviluppo-sostenibile-e-responsabilita-di-impresa\/#breadcrumb"},"inLanguage":"it-IT","potentialAction":[{"@type":"ReadAction","target":["https:\/\/www.guerini.it\/index.php\/prodotto\/sviluppo-sostenibile-e-responsabilita-di-impresa\/"]}]},{"@type":"ImageObject","inLanguage":"it-IT","@id":"https:\/\/www.guerini.it\/index.php\/prodotto\/sviluppo-sostenibile-e-responsabilita-di-impresa\/#primaryimage","url":"https:\/\/www.guerini.it\/wp-content\/uploads\/2012\/05\/formez_sviluppo_alta_265x375.jpg","contentUrl":"https:\/\/www.guerini.it\/wp-content\/uploads\/2012\/05\/formez_sviluppo_alta_265x375.jpg","width":265,"height":375,"caption":"Sviluppo sostenibile e responsabilit\u00e0 di impresa"},{"@type":"BreadcrumbList","@id":"https:\/\/www.guerini.it\/index.php\/prodotto\/sviluppo-sostenibile-e-responsabilita-di-impresa\/#breadcrumb","itemListElement":[{"@type":"ListItem","position":1,"name":"Home","item":"https:\/\/www.guerini.it\/"},{"@type":"ListItem","position":2,"name":"Catalogo","item":"https:\/\/www.guerini.it\/index.php\/negozio\/"},{"@type":"ListItem","position":3,"name":"Sviluppo sostenibile e responsabilit\u00e0 di impresa"}]},{"@type":"WebSite","@id":"https:\/\/www.guerini.it\/#website","url":"https:\/\/www.guerini.it\/","name":"Guerini e Associati","description":"30 anni di libri, idee e libert\u00e0","publisher":{"@id":"https:\/\/www.guerini.it\/#organization"},"potentialAction":[{"@type":"SearchAction","target":{"@type":"EntryPoint","urlTemplate":"https:\/\/www.guerini.it\/?s={search_term_string}"},"query-input":{"@type":"PropertyValueSpecification","valueRequired":true,"valueName":"search_term_string"}}],"inLanguage":"it-IT"},{"@type":"Organization","@id":"https:\/\/www.guerini.it\/#organization","name":"Guerini e Associati","url":"https:\/\/www.guerini.it\/","logo":{"@type":"ImageObject","inLanguage":"it-IT","@id":"https:\/\/www.guerini.it\/#\/schema\/logo\/image\/","url":"https:\/\/www.guerini.it\/wp-content\/uploads\/2021\/03\/Logo-Guerini-OK_-e1615831292285.png","contentUrl":"https:\/\/www.guerini.it\/wp-content\/uploads\/2021\/03\/Logo-Guerini-OK_-e1615831292285.png","width":2805,"height":1870,"caption":"Guerini e Associati"},"image":{"@id":"https:\/\/www.guerini.it\/#\/schema\/logo\/image\/"}}]}},"_links":{"self":[{"href":"https:\/\/www.guerini.it\/index.php\/wp-json\/wp\/v2\/product\/14270","targetHints":{"allow":["GET"]}}],"collection":[{"href":"https:\/\/www.guerini.it\/index.php\/wp-json\/wp\/v2\/product"}],"about":[{"href":"https:\/\/www.guerini.it\/index.php\/wp-json\/wp\/v2\/types\/product"}],"wp:featuredmedia":[{"embeddable":true,"href":"https:\/\/www.guerini.it\/index.php\/wp-json\/wp\/v2\/media\/14269"}],"wp:attachment":[{"href":"https:\/\/www.guerini.it\/index.php\/wp-json\/wp\/v2\/media?parent=14270"}],"wp:term":[{"taxonomy":"product_brand","embeddable":true,"href":"https:\/\/www.guerini.it\/index.php\/wp-json\/wp\/v2\/product_brand?post=14270"},{"taxonomy":"product_cat","embeddable":true,"href":"https:\/\/www.guerini.it\/index.php\/wp-json\/wp\/v2\/product_cat?post=14270"},{"taxonomy":"product_tag","embeddable":true,"href":"https:\/\/www.guerini.it\/index.php\/wp-json\/wp\/v2\/product_tag?post=14270"}],"curies":[{"name":"wp","href":"https:\/\/api.w.org\/{rel}","templated":true}]}}