{"id":14301,"date":"2012-05-24T13:00:45","date_gmt":"2012-05-24T11:00:45","guid":{"rendered":"https:\/\/test.guerini.it\/?product=al-cuore-delle-reti"},"modified":"2024-06-12T14:42:33","modified_gmt":"2024-06-12T12:42:33","slug":"al-cuore-delle-reti","status":"publish","type":"product","link":"https:\/\/www.guerini.it\/index.php\/prodotto\/al-cuore-delle-reti\/","title":{"rendered":"Al cuore delle reti"},"content":{"rendered":"<p>Negli ultimi anni, uno dei paradigmi culturali di maggiore diffusione e successo \u00e8 quello legato al concetto di \u201crete\u201d. Parlando di reti, si fa riferimento a un tessuto complesso di nodi e di connessioni tra di essi, a relazioni che si stringono, a identit\u00e0 che si legano fra loro. Cio\u00e8 a soggetti che danno vita alle reti. Per questo le reti non sono un fine, ma un mezzo per rispondere alla pluralit\u00e0 di domande e di bisogni di cui persone, imprese e istituzioni sono portatrici. Ed \u00e8 questo il cuore delle reti.<\/p>\n","protected":false},"excerpt":{"rendered":"<p>Negli ultimi anni, uno dei paradigmi culturali di maggiore diffusione e successo \u00e8 quello legato al concetto di \u201crete\u201d. Parlando di reti, si fa riferimento a un tessuto complesso di nodi e di connessioni tra di essi, a relazioni che si stringono, a identit\u00e0 che si legano fra loro. Cio\u00e8 a soggetti che danno vita alle reti. Per questo le reti non sono un fine, ma un mezzo per rispondere alla pluralit\u00e0 di domande e di bisogni di cui persone, imprese e istituzioni sono portatrici. Ed \u00e8 questo il cuore delle reti.<\/p>\n","protected":false},"featured_media":14300,"template":"","meta":{"_editorskit_title_hidden":false,"_editorskit_reading_time":0,"_editorskit_is_block_options_detached":false,"_editorskit_block_options_position":"{}","_monsterinsights_skip_tracking":false,"_monsterinsights_sitenote_active":false,"_monsterinsights_sitenote_note":"","_monsterinsights_sitenote_category":0},"product_brand":[],"product_cat":[6537],"product_tag":[],"class_list":{"0":"post-14301","1":"product","2":"type-product","3":"status-publish","4":"has-post-thumbnail","6":"product_cat-scienze-politiche-sociali","7":"pa_country_of_manufacture-it","9":"first","10":"instock","11":"sale","12":"shipping-taxable","13":"purchasable","14":"product-type-simple"},"yoast_head":"<!-- This site is optimized with the Yoast SEO plugin v25.4 - https:\/\/yoast.com\/wordpress\/plugins\/seo\/ -->\n<title>Al cuore delle reti - Guerini e Associati<\/title>\n<meta name=\"robots\" content=\"index, follow, max-snippet:-1, max-image-preview:large, max-video-preview:-1\" \/>\n<link rel=\"canonical\" href=\"https:\/\/www.guerini.it\/index.php\/prodotto\/al-cuore-delle-reti\/\" \/>\n<meta property=\"og:locale\" content=\"it_IT\" \/>\n<meta property=\"og:type\" content=\"article\" \/>\n<meta property=\"og:title\" content=\"Al cuore delle reti - Guerini e Associati\" \/>\n<meta property=\"og:description\" content=\"Negli ultimi anni, uno dei paradigmi culturali di maggiore diffusione e successo \u00e8 quello legato al concetto di \u201crete\u201d. Parlando di reti, si fa riferimento a un tessuto complesso di nodi e di connessioni tra di essi, a relazioni che si stringono, a identit\u00e0 che si legano fra loro. Cio\u00e8 a soggetti che danno vita alle reti. Per questo le reti non sono un fine, ma un mezzo per rispondere alla pluralit\u00e0 di domande e di bisogni di cui persone, imprese e istituzioni sono portatrici. Ed \u00e8 questo il cuore delle reti.\" \/>\n<meta property=\"og:url\" content=\"https:\/\/www.guerini.it\/index.php\/prodotto\/al-cuore-delle-reti\/\" \/>\n<meta property=\"og:site_name\" content=\"Guerini e Associati\" \/>\n<meta property=\"article:modified_time\" content=\"2024-06-12T12:42:33+00:00\" \/>\n<meta property=\"og:image\" content=\"https:\/\/www.guerini.it\/wp-content\/uploads\/2012\/05\/978-88-6250-062-3.jpg\" \/>\n\t<meta property=\"og:image:width\" content=\"336\" \/>\n\t<meta property=\"og:image:height\" content=\"437\" \/>\n\t<meta property=\"og:image:type\" content=\"image\/jpeg\" \/>\n<meta name=\"twitter:card\" content=\"summary_large_image\" \/>\n<!-- \/ Yoast SEO plugin. -->","yoast_head_json":{"title":"Al cuore delle reti - Guerini e Associati","robots":{"index":"index","follow":"follow","max-snippet":"max-snippet:-1","max-image-preview":"max-image-preview:large","max-video-preview":"max-video-preview:-1"},"canonical":"https:\/\/www.guerini.it\/index.php\/prodotto\/al-cuore-delle-reti\/","og_locale":"it_IT","og_type":"article","og_title":"Al cuore delle reti - Guerini e Associati","og_description":"Negli ultimi anni, uno dei paradigmi culturali di maggiore diffusione e successo \u00e8 quello legato al concetto di \u201crete\u201d. Parlando di reti, si fa riferimento a un tessuto complesso di nodi e di connessioni tra di essi, a relazioni che si stringono, a identit\u00e0 che si legano fra loro. Cio\u00e8 a soggetti che danno vita alle reti. Per questo le reti non sono un fine, ma un mezzo per rispondere alla pluralit\u00e0 di domande e di bisogni di cui persone, imprese e istituzioni sono portatrici. Ed \u00e8 questo il cuore delle reti.","og_url":"https:\/\/www.guerini.it\/index.php\/prodotto\/al-cuore-delle-reti\/","og_site_name":"Guerini e Associati","article_modified_time":"2024-06-12T12:42:33+00:00","og_image":[{"width":336,"height":437,"url":"https:\/\/www.guerini.it\/wp-content\/uploads\/2012\/05\/978-88-6250-062-3.jpg","type":"image\/jpeg"}],"twitter_card":"summary_large_image","schema":{"@context":"https:\/\/schema.org","@graph":[{"@type":"WebPage","@id":"https:\/\/www.guerini.it\/index.php\/prodotto\/al-cuore-delle-reti\/","url":"https:\/\/www.guerini.it\/index.php\/prodotto\/al-cuore-delle-reti\/","name":"Al cuore delle reti - Guerini e Associati","isPartOf":{"@id":"https:\/\/www.guerini.it\/#website"},"primaryImageOfPage":{"@id":"https:\/\/www.guerini.it\/index.php\/prodotto\/al-cuore-delle-reti\/#primaryimage"},"image":{"@id":"https:\/\/www.guerini.it\/index.php\/prodotto\/al-cuore-delle-reti\/#primaryimage"},"thumbnailUrl":"https:\/\/www.guerini.it\/wp-content\/uploads\/2012\/05\/978-88-6250-062-3.jpg","datePublished":"2012-05-24T11:00:45+00:00","dateModified":"2024-06-12T12:42:33+00:00","breadcrumb":{"@id":"https:\/\/www.guerini.it\/index.php\/prodotto\/al-cuore-delle-reti\/#breadcrumb"},"inLanguage":"it-IT","potentialAction":[{"@type":"ReadAction","target":["https:\/\/www.guerini.it\/index.php\/prodotto\/al-cuore-delle-reti\/"]}]},{"@type":"ImageObject","inLanguage":"it-IT","@id":"https:\/\/www.guerini.it\/index.php\/prodotto\/al-cuore-delle-reti\/#primaryimage","url":"https:\/\/www.guerini.it\/wp-content\/uploads\/2012\/05\/978-88-6250-062-3.jpg","contentUrl":"https:\/\/www.guerini.it\/wp-content\/uploads\/2012\/05\/978-88-6250-062-3.jpg","width":336,"height":437,"caption":"Al cuore delle reti"},{"@type":"BreadcrumbList","@id":"https:\/\/www.guerini.it\/index.php\/prodotto\/al-cuore-delle-reti\/#breadcrumb","itemListElement":[{"@type":"ListItem","position":1,"name":"Home","item":"https:\/\/www.guerini.it\/"},{"@type":"ListItem","position":2,"name":"Catalogo","item":"https:\/\/www.guerini.it\/index.php\/negozio\/"},{"@type":"ListItem","position":3,"name":"Al cuore delle reti"}]},{"@type":"WebSite","@id":"https:\/\/www.guerini.it\/#website","url":"https:\/\/www.guerini.it\/","name":"Guerini e Associati","description":"30 anni di libri, idee e libert\u00e0","publisher":{"@id":"https:\/\/www.guerini.it\/#organization"},"potentialAction":[{"@type":"SearchAction","target":{"@type":"EntryPoint","urlTemplate":"https:\/\/www.guerini.it\/?s={search_term_string}"},"query-input":{"@type":"PropertyValueSpecification","valueRequired":true,"valueName":"search_term_string"}}],"inLanguage":"it-IT"},{"@type":"Organization","@id":"https:\/\/www.guerini.it\/#organization","name":"Guerini e Associati","url":"https:\/\/www.guerini.it\/","logo":{"@type":"ImageObject","inLanguage":"it-IT","@id":"https:\/\/www.guerini.it\/#\/schema\/logo\/image\/","url":"https:\/\/www.guerini.it\/wp-content\/uploads\/2021\/03\/Logo-Guerini-OK_-e1615831292285.png","contentUrl":"https:\/\/www.guerini.it\/wp-content\/uploads\/2021\/03\/Logo-Guerini-OK_-e1615831292285.png","width":2805,"height":1870,"caption":"Guerini e Associati"},"image":{"@id":"https:\/\/www.guerini.it\/#\/schema\/logo\/image\/"}}]}},"_links":{"self":[{"href":"https:\/\/www.guerini.it\/index.php\/wp-json\/wp\/v2\/product\/14301","targetHints":{"allow":["GET"]}}],"collection":[{"href":"https:\/\/www.guerini.it\/index.php\/wp-json\/wp\/v2\/product"}],"about":[{"href":"https:\/\/www.guerini.it\/index.php\/wp-json\/wp\/v2\/types\/product"}],"wp:featuredmedia":[{"embeddable":true,"href":"https:\/\/www.guerini.it\/index.php\/wp-json\/wp\/v2\/media\/14300"}],"wp:attachment":[{"href":"https:\/\/www.guerini.it\/index.php\/wp-json\/wp\/v2\/media?parent=14301"}],"wp:term":[{"taxonomy":"product_brand","embeddable":true,"href":"https:\/\/www.guerini.it\/index.php\/wp-json\/wp\/v2\/product_brand?post=14301"},{"taxonomy":"product_cat","embeddable":true,"href":"https:\/\/www.guerini.it\/index.php\/wp-json\/wp\/v2\/product_cat?post=14301"},{"taxonomy":"product_tag","embeddable":true,"href":"https:\/\/www.guerini.it\/index.php\/wp-json\/wp\/v2\/product_tag?post=14301"}],"curies":[{"name":"wp","href":"https:\/\/api.w.org\/{rel}","templated":true}]}}