{"id":14329,"date":"2012-05-24T13:00:46","date_gmt":"2012-05-24T11:00:46","guid":{"rendered":"https:\/\/test.guerini.it\/?product=la-ricerca-interdisciplinare-tra-antropologia-urbana-e-urbanistica"},"modified":"2024-06-12T14:37:01","modified_gmt":"2024-06-12T12:37:01","slug":"la-ricerca-interdisciplinare-tra-antropologia-urbana-e-urbanistica","status":"publish","type":"product","link":"https:\/\/www.guerini.it\/index.php\/prodotto\/la-ricerca-interdisciplinare-tra-antropologia-urbana-e-urbanistica\/","title":{"rendered":"La ricerca interdisciplinare tra antropologia urbana e urbanistica"},"content":{"rendered":"<p style=\"text-align: justify;\">Gli interrogativi sul destino delle citt\u00e0 \u2013 le citt\u00e0 stanno morendo o comunque si stanno inesorabilmente trasformando in qualcosa d\u2019altro, metropoli, megalopoli, conurbazioni, <em>urban sprawling<\/em>? \u2013 non possono trovare risposte credibili se non in una prospettiva interdisciplinare. La realt\u00e0 urbana non \u00e8 solo architettonico-urbanistica n\u00e9 solo tecnica e politica; \u00e8 sempre altres\u00ec una realt\u00e0 antropologica e sociale. All\u2019origine dello studio di Costanza Caniglia Rispoli e Amalia Signorelli vi \u00e8 la consapevolezza, maturata in esperienze di ricerca universitaria e progettazione professionale, che il confronto tra urbanistica e antropologia urbana \u2013 discipline strettamente connesse ma non ancora sufficientemente in dialogo \u2013 rappresenta un\u2019esigenza sentita da pi\u00f9 parti e da diverso tempo.<br \/>\nConvinte che \u00abla collaborazione interdisciplinare ha bisogno di fondarsi su un metodo di lavoro specifico, che deve essere appreso insieme per poter essere condiviso operativamente\u00bb \u2013 pena la mera giustapposizione dei contenuti \u2013 le curatrici muovono da un\u2019esperienza didattica sperimentale che ha portato loro e i loro studenti non gi\u00e0 alla costruzione di assunti definitori, quanto proprio all\u2019acquisizione della pratica dell\u2019interdisciplinariet\u00e0.<br \/>\nDa quell\u2019esperienza didattica nasce, dunque, non una semplice raccolta di saggi a pi\u00f9 voci, quanto piuttosto \u00abil diario di un percorso complesso, in cui le stesse diverse competenze dei docenti si sono variamente affiancate, incrociate, fuse nelle varie fasi di impostazione teorica o applicativa del processo di formazione degli studenti\u00bb. Con l\u2019ambizione epistemologica di estendere il metodo del dialogo interdisciplinare ad altre discipline che studiano la citt\u00e0, sia per l\u2019individuazione dei problemi, sia per le proposte di soluzione.<\/p>\n<hr \/>\n<p style=\"text-align: justify;\"><strong>COSTANZA CANIGLIA RISPOLI<\/strong>, architetto libero professionista, gi\u00e0 docente di area urbanistica alla facolt\u00e0 di Ingegneria dell\u2019universit\u00e0 di Napoli Federico II e nelle universit\u00e0 di Seattle (U.S.A.) e Timi\u0219oara (Romania). Ha pubblicato studi noti in letteratura internazionale sull\u2019uso pedonale dello spazio urbano, sul concetto di \u00abqualit\u00e0\u00bb e saggi sulla sperimentazione di tecniche didattiche innovative.<\/p>\n<p style=\"text-align: justify;\"><strong>AMALIA SIGNORELLI<\/strong>, professore ordinario di Antropologia culturale nelle universit\u00e0 di Urbino, Roma La Sapienza e Napoli Federico II, fin dagli anni Settanta collabora con architetti e urbanisti. Per le nostre edizioni ha pubblicato <a href=\"https:\/\/www.guerini.it\/index.php\/prodotto\/antropologia-urbana\/\"><em>Antropologia urbana. Introduzione alla ricerca in Italia<\/em> <\/a>(Milano 1996), che ha avuto numerose ristampe e traduzioni all\u2019estero ed \u00e8 considerato un testo di fondazione dell\u2019antropologia delle citt\u00e0 e delle metropoli.<\/p>\n<p style=\"text-align: justify;\">La foto di copertina \u00e8 parte del materiale prodotto dagli studenti frequentanti il seminario.<\/p>\n","protected":false},"excerpt":{"rendered":"<p>La realt\u00e0 urbana non \u00e8 solo architettonico-urbanistica n\u00e9 solo tecnica e politica; \u00e8 sempre altres\u00ec una realt\u00e0 antropologica e sociale. All\u2019origine dello studio di Costanza Caniglia Rispoli e Amalia Signorelli vi \u00e8 la consapevolezza, maturata in esperienze di ricerca universitaria e progettazione professionale, che il confronto tra urbanistica e antropologia urbana rappresenta un\u2019esigenza sentita da pi\u00f9 parti e da diverso tempo. Da questa esperienza didattica nasce non una semplice raccolta di saggi a pi\u00f9 voci, quanto piuttosto \u00abil diario di un percorso complesso, in cui le stesse diverse competenze dei docenti si sono variamente affiancate, incrociate, fuse nelle varie fasi di impostazione teorica o applicativa del processo di formazione degli studenti\u00bb. Con l\u2019ambizione epistemologica di estendere il metodo del dialogo interdisciplinare ad altre discipline che studiano la citt\u00e0, sia per l\u2019individuazione dei problemi, sia per le proposte di soluzione.<\/p>\n","protected":false},"featured_media":23601,"template":"","meta":{"_editorskit_title_hidden":false,"_editorskit_reading_time":0,"_editorskit_is_block_options_detached":false,"_editorskit_block_options_position":"{}","_monsterinsights_skip_tracking":false,"_monsterinsights_sitenote_active":false,"_monsterinsights_sitenote_note":"","_monsterinsights_sitenote_category":0},"product_brand":[],"product_cat":[6526],"product_tag":[],"class_list":{"0":"post-14329","1":"product","2":"type-product","3":"status-publish","4":"has-post-thumbnail","6":"product_cat-arte-architettura-e-giardini","7":"pa_guerini_amazon_link-https-www-amazon-it-ricerca-interdisciplinare-antropologia-urbana-urbanistica-dp-8881072610","8":"pa_guerini_feltrinelli_link-https-www-lafeltrinelli-it-ricerca-interdisciplinare-tra-antropologia-urbana-libro-vari-e-9788881072613","9":"pa_guerini_ibs_link-https-www-ibs-it-ricerca-interdisciplinare-tra-antropologia-urbana-libro-vari-e-9788881072613","10":"pa_guerini_libruniver_link-https-www-libreriauniversitaria-it-ricerca-interdisciplinare-antropologia-urbana-urbanistica-libro-9788881072613","11":"pa_guerini_mondadori_link-https-www-mondadoristore-it-ricerca-interdisciplinare-na-eai978888107261","13":"first","14":"instock","15":"sale","16":"shipping-taxable","17":"purchasable","18":"product-type-simple"},"yoast_head":"<!-- This site is optimized with the Yoast SEO plugin v25.4 - https:\/\/yoast.com\/wordpress\/plugins\/seo\/ -->\n<title>La ricerca interdisciplinare tra antropologia urbana e urbanistica - Guerini e Associati<\/title>\n<meta name=\"robots\" content=\"index, follow, max-snippet:-1, max-image-preview:large, max-video-preview:-1\" \/>\n<link rel=\"canonical\" href=\"https:\/\/www.guerini.it\/index.php\/prodotto\/la-ricerca-interdisciplinare-tra-antropologia-urbana-e-urbanistica\/\" \/>\n<meta property=\"og:locale\" content=\"it_IT\" \/>\n<meta property=\"og:type\" content=\"article\" \/>\n<meta property=\"og:title\" content=\"La ricerca interdisciplinare tra antropologia urbana e urbanistica - Guerini e Associati\" \/>\n<meta property=\"og:description\" content=\"La realt\u00e0 urbana non \u00e8 solo architettonico-urbanistica n\u00e9 solo tecnica e politica; \u00e8 sempre altres\u00ec una realt\u00e0 antropologica e sociale. All\u2019origine dello studio di Costanza Caniglia Rispoli e Amalia Signorelli vi \u00e8 la consapevolezza, maturata in esperienze di ricerca universitaria e progettazione professionale, che il confronto tra urbanistica e antropologia urbana rappresenta un\u2019esigenza sentita da pi\u00f9 parti e da diverso tempo. Da questa esperienza didattica nasce non una semplice raccolta di saggi a pi\u00f9 voci, quanto piuttosto \u00abil diario di un percorso complesso, in cui le stesse diverse competenze dei docenti si sono variamente affiancate, incrociate, fuse nelle varie fasi di impostazione teorica o applicativa del processo di formazione degli studenti\u00bb. Con l\u2019ambizione epistemologica di estendere il metodo del dialogo interdisciplinare ad altre discipline che studiano la citt\u00e0, sia per l\u2019individuazione dei problemi, sia per le proposte di soluzione.\" \/>\n<meta property=\"og:url\" content=\"https:\/\/www.guerini.it\/index.php\/prodotto\/la-ricerca-interdisciplinare-tra-antropologia-urbana-e-urbanistica\/\" \/>\n<meta property=\"og:site_name\" content=\"Guerini e Associati\" \/>\n<meta property=\"article:modified_time\" content=\"2024-06-12T12:37:01+00:00\" \/>\n<meta property=\"og:image\" content=\"https:\/\/www.guerini.it\/wp-content\/uploads\/2012\/05\/La-ricerca-interdisciplinare-tra-antropologia-urbana-e-urbanistica.webp\" \/>\n\t<meta property=\"og:image:width\" content=\"987\" \/>\n\t<meta property=\"og:image:height\" content=\"1422\" \/>\n\t<meta property=\"og:image:type\" content=\"image\/webp\" \/>\n<meta name=\"twitter:card\" content=\"summary_large_image\" \/>\n<meta name=\"twitter:label1\" content=\"Tempo di lettura stimato\" \/>\n\t<meta name=\"twitter:data1\" content=\"2 minuti\" \/>\n<!-- \/ Yoast SEO plugin. -->","yoast_head_json":{"title":"La ricerca interdisciplinare tra antropologia urbana e urbanistica - Guerini e Associati","robots":{"index":"index","follow":"follow","max-snippet":"max-snippet:-1","max-image-preview":"max-image-preview:large","max-video-preview":"max-video-preview:-1"},"canonical":"https:\/\/www.guerini.it\/index.php\/prodotto\/la-ricerca-interdisciplinare-tra-antropologia-urbana-e-urbanistica\/","og_locale":"it_IT","og_type":"article","og_title":"La ricerca interdisciplinare tra antropologia urbana e urbanistica - Guerini e Associati","og_description":"La realt\u00e0 urbana non \u00e8 solo architettonico-urbanistica n\u00e9 solo tecnica e politica; \u00e8 sempre altres\u00ec una realt\u00e0 antropologica e sociale. All\u2019origine dello studio di Costanza Caniglia Rispoli e Amalia Signorelli vi \u00e8 la consapevolezza, maturata in esperienze di ricerca universitaria e progettazione professionale, che il confronto tra urbanistica e antropologia urbana rappresenta un\u2019esigenza sentita da pi\u00f9 parti e da diverso tempo. Da questa esperienza didattica nasce non una semplice raccolta di saggi a pi\u00f9 voci, quanto piuttosto \u00abil diario di un percorso complesso, in cui le stesse diverse competenze dei docenti si sono variamente affiancate, incrociate, fuse nelle varie fasi di impostazione teorica o applicativa del processo di formazione degli studenti\u00bb. Con l\u2019ambizione epistemologica di estendere il metodo del dialogo interdisciplinare ad altre discipline che studiano la citt\u00e0, sia per l\u2019individuazione dei problemi, sia per le proposte di soluzione.","og_url":"https:\/\/www.guerini.it\/index.php\/prodotto\/la-ricerca-interdisciplinare-tra-antropologia-urbana-e-urbanistica\/","og_site_name":"Guerini e Associati","article_modified_time":"2024-06-12T12:37:01+00:00","og_image":[{"width":987,"height":1422,"url":"https:\/\/www.guerini.it\/wp-content\/uploads\/2012\/05\/La-ricerca-interdisciplinare-tra-antropologia-urbana-e-urbanistica.webp","type":"image\/webp"}],"twitter_card":"summary_large_image","twitter_misc":{"Tempo di lettura stimato":"2 minuti"},"schema":{"@context":"https:\/\/schema.org","@graph":[{"@type":"WebPage","@id":"https:\/\/www.guerini.it\/index.php\/prodotto\/la-ricerca-interdisciplinare-tra-antropologia-urbana-e-urbanistica\/","url":"https:\/\/www.guerini.it\/index.php\/prodotto\/la-ricerca-interdisciplinare-tra-antropologia-urbana-e-urbanistica\/","name":"La ricerca interdisciplinare tra antropologia urbana e urbanistica - Guerini e Associati","isPartOf":{"@id":"https:\/\/www.guerini.it\/#website"},"primaryImageOfPage":{"@id":"https:\/\/www.guerini.it\/index.php\/prodotto\/la-ricerca-interdisciplinare-tra-antropologia-urbana-e-urbanistica\/#primaryimage"},"image":{"@id":"https:\/\/www.guerini.it\/index.php\/prodotto\/la-ricerca-interdisciplinare-tra-antropologia-urbana-e-urbanistica\/#primaryimage"},"thumbnailUrl":"https:\/\/www.guerini.it\/wp-content\/uploads\/2012\/05\/La-ricerca-interdisciplinare-tra-antropologia-urbana-e-urbanistica.webp","datePublished":"2012-05-24T11:00:46+00:00","dateModified":"2024-06-12T12:37:01+00:00","breadcrumb":{"@id":"https:\/\/www.guerini.it\/index.php\/prodotto\/la-ricerca-interdisciplinare-tra-antropologia-urbana-e-urbanistica\/#breadcrumb"},"inLanguage":"it-IT","potentialAction":[{"@type":"ReadAction","target":["https:\/\/www.guerini.it\/index.php\/prodotto\/la-ricerca-interdisciplinare-tra-antropologia-urbana-e-urbanistica\/"]}]},{"@type":"ImageObject","inLanguage":"it-IT","@id":"https:\/\/www.guerini.it\/index.php\/prodotto\/la-ricerca-interdisciplinare-tra-antropologia-urbana-e-urbanistica\/#primaryimage","url":"https:\/\/www.guerini.it\/wp-content\/uploads\/2012\/05\/La-ricerca-interdisciplinare-tra-antropologia-urbana-e-urbanistica.webp","contentUrl":"https:\/\/www.guerini.it\/wp-content\/uploads\/2012\/05\/La-ricerca-interdisciplinare-tra-antropologia-urbana-e-urbanistica.webp","width":987,"height":1422,"caption":"Copertina del volume La ricerca interdisciplinare tra antropologia urbana e urbanistica, Guerini e Associati, 2009"},{"@type":"BreadcrumbList","@id":"https:\/\/www.guerini.it\/index.php\/prodotto\/la-ricerca-interdisciplinare-tra-antropologia-urbana-e-urbanistica\/#breadcrumb","itemListElement":[{"@type":"ListItem","position":1,"name":"Home","item":"https:\/\/www.guerini.it\/"},{"@type":"ListItem","position":2,"name":"Catalogo","item":"https:\/\/www.guerini.it\/index.php\/negozio\/"},{"@type":"ListItem","position":3,"name":"La ricerca interdisciplinare tra antropologia urbana e urbanistica"}]},{"@type":"WebSite","@id":"https:\/\/www.guerini.it\/#website","url":"https:\/\/www.guerini.it\/","name":"Guerini e Associati","description":"30 anni di libri, idee e libert\u00e0","publisher":{"@id":"https:\/\/www.guerini.it\/#organization"},"potentialAction":[{"@type":"SearchAction","target":{"@type":"EntryPoint","urlTemplate":"https:\/\/www.guerini.it\/?s={search_term_string}"},"query-input":{"@type":"PropertyValueSpecification","valueRequired":true,"valueName":"search_term_string"}}],"inLanguage":"it-IT"},{"@type":"Organization","@id":"https:\/\/www.guerini.it\/#organization","name":"Guerini e Associati","url":"https:\/\/www.guerini.it\/","logo":{"@type":"ImageObject","inLanguage":"it-IT","@id":"https:\/\/www.guerini.it\/#\/schema\/logo\/image\/","url":"https:\/\/www.guerini.it\/wp-content\/uploads\/2021\/03\/Logo-Guerini-OK_-e1615831292285.png","contentUrl":"https:\/\/www.guerini.it\/wp-content\/uploads\/2021\/03\/Logo-Guerini-OK_-e1615831292285.png","width":2805,"height":1870,"caption":"Guerini e Associati"},"image":{"@id":"https:\/\/www.guerini.it\/#\/schema\/logo\/image\/"}}]}},"_links":{"self":[{"href":"https:\/\/www.guerini.it\/index.php\/wp-json\/wp\/v2\/product\/14329","targetHints":{"allow":["GET"]}}],"collection":[{"href":"https:\/\/www.guerini.it\/index.php\/wp-json\/wp\/v2\/product"}],"about":[{"href":"https:\/\/www.guerini.it\/index.php\/wp-json\/wp\/v2\/types\/product"}],"wp:featuredmedia":[{"embeddable":true,"href":"https:\/\/www.guerini.it\/index.php\/wp-json\/wp\/v2\/media\/23601"}],"wp:attachment":[{"href":"https:\/\/www.guerini.it\/index.php\/wp-json\/wp\/v2\/media?parent=14329"}],"wp:term":[{"taxonomy":"product_brand","embeddable":true,"href":"https:\/\/www.guerini.it\/index.php\/wp-json\/wp\/v2\/product_brand?post=14329"},{"taxonomy":"product_cat","embeddable":true,"href":"https:\/\/www.guerini.it\/index.php\/wp-json\/wp\/v2\/product_cat?post=14329"},{"taxonomy":"product_tag","embeddable":true,"href":"https:\/\/www.guerini.it\/index.php\/wp-json\/wp\/v2\/product_tag?post=14329"}],"curies":[{"name":"wp","href":"https:\/\/api.w.org\/{rel}","templated":true}]}}