{"id":14375,"date":"2012-05-24T13:00:47","date_gmt":"2012-05-24T11:00:47","guid":{"rendered":"https:\/\/test.guerini.it\/?product=visioni-sul-futuro-delle-organizzazioni"},"modified":"2024-06-12T14:37:11","modified_gmt":"2024-06-12T12:37:11","slug":"visioni-sul-futuro-delle-organizzazioni","status":"publish","type":"product","link":"https:\/\/www.guerini.it\/index.php\/prodotto\/visioni-sul-futuro-delle-organizzazioni\/","title":{"rendered":"Visioni sul futuro delle organizzazioni"},"content":{"rendered":"<p style=\"text-align: justify;\">Nel passaggio dalla societ\u00e0 industriale a quella post industriale i paradigmi dell\u2019organizzazione aziendale hanno sub\u00ecto profondi mutamenti. Stretti tra la necessit\u00e0 di fronteggiare la crisi mondiale, ma anche pressati dall\u2019esigenza di innovare per sopravvivere nel tempo, i sistemi organizzativi sono alla ricerca di un punto nuovo di equilibrio. \u00c8 oggi impossibile delineare teorie e metodi di analisi che, in una relazione di causa\/effetto, riescano a spiegare strategie e comportamenti manageriali. Sarebbe facile imputare le cause del cambiamento alla disponibilit\u00e0 di nuove tecnologie digitali che rivoluzionano i metodi di lavoro; ma si potrebbe addurre come spiegazione anche il fenomeno della globalizzazione, ovvero l\u2019avvento di una nuova classe di manager, pi\u00f9 istruiti e polivalenti. In tale contesto un manuale sui sistemi organizzativi non pu\u00f2 aspirare alla completezza, ma soltanto alla correttezza: oggi bisogna \u00abfotografare\u00bb le organizzazioni, alla ricerca di tendenze pi\u00f9 che di ricette. Per questo racconteremo le organizzazioni in quattro movimenti: l\u2019analisi dei processi, intesi come terremoti che avvengono nelle fondamenta delle aziende; le culture organizzative, assunti profondi su cui poggiano le imprese; il ruolo del lavoro nei processi di innovazione; infine, una rassegna degli strumenti pi\u00f9 avanzati a disposizione dei ricercatori, quali i metodi etnografici e la Network Analysis.<br \/>\nQuesto \u00e8 \u00abl\u2019album fotografico\u00bb che offriamo ai lettori: non \u00e8 esaustivo n\u00e9 definitivo, ma speriamo che permetta a molti di capire perch\u00e9, in tutte le organizzazioni, esiste una cos\u00ec sottile linea di confine tra successo e fallimento.<\/p>\n<hr \/>\n<p style=\"text-align: justify;\"><strong>Patrizio Di Nicola<\/strong> insegna Sistemi organizzativi complessi presso la Facolt\u00e0 di Scienze della Comunicazione della Sapienza &#8211; Universit\u00e0 di Roma. Fra le sue pubblicazioni pi\u00f9 recenti ricordiamo <em>Telelavoro domiciliare<\/em> (Roma 2002) e, per le nostre edizioni, ha curato <em>le@rning<\/em> (con F. Comunello, 2003) ed \u00e8 coautore di <em>E-society<\/em> (con I. Mingo, 2005).<\/p>\n<p style=\"text-align: justify;\"><strong>Simona Rosati<\/strong> \u00e8 assegnista di ricerca in Sociologia dei processi economici e del lavoro presso il Dipartimento di Sociologia e Comunicazione della Sapienza &#8211; Universit\u00e0 di Roma. Da diversi anni svolge attivit\u00e0 di ricerca occupandosi di innovazione organizzativa, Knowledge Management, Social and Organizational Network Analysis.<\/p>\n","protected":false},"excerpt":{"rendered":"<p>Stretti tra la necessit\u00e0 di fronteggiare la crisi mondiale, ma anche pressati dall\u2019esigenza di innovare per sopravvivere nel tempo, i sistemi organizzativi sono alla ricerca di un punto nuovo di equilibrio. \u00c8 oggi impossibile delineare teorie e metodi di analisi che, in una relazione di causa\/effetto, riescano a spiegare strategie e comportamenti manageriali. In tale contesto un manuale sui sistemi organizzativi non pu\u00f2 aspirare alla completezza, ma soltanto alla correttezza: oggi bisogna \u00abfotografare\u00bb le organizzazioni, alla ricerca di tendenze pi\u00f9 che di ricette. Per questo il libro racconta le organizzazioni in quattro movimenti: l\u2019analisi dei processi, intesi come terremoti che avvengono nelle fondamenta delle aziende; le culture organizzative, assunti profondi su cui poggiano le imprese; il ruolo del lavoro nei processi di innovazione; infine, una rassegna degli strumenti pi\u00f9 avanzati a disposizione dei ricercatori, quali i metodi etnografici e la Network Analysis.<\/p>\n","protected":false},"featured_media":23299,"template":"","meta":{"_editorskit_title_hidden":false,"_editorskit_reading_time":0,"_editorskit_is_block_options_detached":false,"_editorskit_block_options_position":"{}","_monsterinsights_skip_tracking":false,"_monsterinsights_sitenote_active":false,"_monsterinsights_sitenote_note":"","_monsterinsights_sitenote_category":0},"product_brand":[],"product_cat":[6538],"product_tag":[],"class_list":{"0":"post-14375","1":"product","2":"type-product","3":"status-publish","4":"has-post-thumbnail","6":"product_cat-sociologia-e-comunicazione","8":"first","9":"instock","10":"sale","11":"shipping-taxable","12":"purchasable","13":"product-type-simple"},"yoast_head":"<!-- This site is optimized with the Yoast SEO plugin v25.4 - https:\/\/yoast.com\/wordpress\/plugins\/seo\/ -->\n<title>Visioni sul futuro delle organizzazioni - Guerini e Associati<\/title>\n<meta name=\"robots\" content=\"index, follow, max-snippet:-1, max-image-preview:large, max-video-preview:-1\" \/>\n<link rel=\"canonical\" href=\"https:\/\/www.guerini.it\/index.php\/prodotto\/visioni-sul-futuro-delle-organizzazioni\/\" \/>\n<meta property=\"og:locale\" content=\"it_IT\" \/>\n<meta property=\"og:type\" content=\"article\" \/>\n<meta property=\"og:title\" content=\"Visioni sul futuro delle organizzazioni - Guerini e Associati\" \/>\n<meta property=\"og:description\" content=\"Stretti tra la necessit\u00e0 di fronteggiare la crisi mondiale, ma anche pressati dall\u2019esigenza di innovare per sopravvivere nel tempo, i sistemi organizzativi sono alla ricerca di un punto nuovo di equilibrio. \u00c8 oggi impossibile delineare teorie e metodi di analisi che, in una relazione di causa\/effetto, riescano a spiegare strategie e comportamenti manageriali. In tale contesto un manuale sui sistemi organizzativi non pu\u00f2 aspirare alla completezza, ma soltanto alla correttezza: oggi bisogna \u00abfotografare\u00bb le organizzazioni, alla ricerca di tendenze pi\u00f9 che di ricette. Per questo il libro racconta le organizzazioni in quattro movimenti: l\u2019analisi dei processi, intesi come terremoti che avvengono nelle fondamenta delle aziende; le culture organizzative, assunti profondi su cui poggiano le imprese; il ruolo del lavoro nei processi di innovazione; infine, una rassegna degli strumenti pi\u00f9 avanzati a disposizione dei ricercatori, quali i metodi etnografici e la Network Analysis.\" \/>\n<meta property=\"og:url\" content=\"https:\/\/www.guerini.it\/index.php\/prodotto\/visioni-sul-futuro-delle-organizzazioni\/\" \/>\n<meta property=\"og:site_name\" content=\"Guerini e Associati\" \/>\n<meta property=\"article:modified_time\" content=\"2024-06-12T12:37:11+00:00\" \/>\n<meta property=\"og:image\" content=\"https:\/\/www.guerini.it\/wp-content\/uploads\/2012\/05\/Cop.Di-Nicola-Alta-e1666620552767.jpg\" \/>\n\t<meta property=\"og:image:width\" content=\"227\" \/>\n\t<meta property=\"og:image:height\" content=\"350\" \/>\n\t<meta property=\"og:image:type\" content=\"image\/jpeg\" \/>\n<meta name=\"twitter:card\" content=\"summary_large_image\" \/>\n<meta name=\"twitter:label1\" content=\"Tempo di lettura stimato\" \/>\n\t<meta name=\"twitter:data1\" content=\"2 minuti\" \/>\n<!-- \/ Yoast SEO plugin. -->","yoast_head_json":{"title":"Visioni sul futuro delle organizzazioni - Guerini e Associati","robots":{"index":"index","follow":"follow","max-snippet":"max-snippet:-1","max-image-preview":"max-image-preview:large","max-video-preview":"max-video-preview:-1"},"canonical":"https:\/\/www.guerini.it\/index.php\/prodotto\/visioni-sul-futuro-delle-organizzazioni\/","og_locale":"it_IT","og_type":"article","og_title":"Visioni sul futuro delle organizzazioni - Guerini e Associati","og_description":"Stretti tra la necessit\u00e0 di fronteggiare la crisi mondiale, ma anche pressati dall\u2019esigenza di innovare per sopravvivere nel tempo, i sistemi organizzativi sono alla ricerca di un punto nuovo di equilibrio. \u00c8 oggi impossibile delineare teorie e metodi di analisi che, in una relazione di causa\/effetto, riescano a spiegare strategie e comportamenti manageriali. In tale contesto un manuale sui sistemi organizzativi non pu\u00f2 aspirare alla completezza, ma soltanto alla correttezza: oggi bisogna \u00abfotografare\u00bb le organizzazioni, alla ricerca di tendenze pi\u00f9 che di ricette. Per questo il libro racconta le organizzazioni in quattro movimenti: l\u2019analisi dei processi, intesi come terremoti che avvengono nelle fondamenta delle aziende; le culture organizzative, assunti profondi su cui poggiano le imprese; il ruolo del lavoro nei processi di innovazione; infine, una rassegna degli strumenti pi\u00f9 avanzati a disposizione dei ricercatori, quali i metodi etnografici e la Network Analysis.","og_url":"https:\/\/www.guerini.it\/index.php\/prodotto\/visioni-sul-futuro-delle-organizzazioni\/","og_site_name":"Guerini e Associati","article_modified_time":"2024-06-12T12:37:11+00:00","og_image":[{"width":227,"height":350,"url":"https:\/\/www.guerini.it\/wp-content\/uploads\/2012\/05\/Cop.Di-Nicola-Alta-e1666620552767.jpg","type":"image\/jpeg"}],"twitter_card":"summary_large_image","twitter_misc":{"Tempo di lettura stimato":"2 minuti"},"schema":{"@context":"https:\/\/schema.org","@graph":[{"@type":"WebPage","@id":"https:\/\/www.guerini.it\/index.php\/prodotto\/visioni-sul-futuro-delle-organizzazioni\/","url":"https:\/\/www.guerini.it\/index.php\/prodotto\/visioni-sul-futuro-delle-organizzazioni\/","name":"Visioni sul futuro delle organizzazioni - Guerini e Associati","isPartOf":{"@id":"https:\/\/www.guerini.it\/#website"},"primaryImageOfPage":{"@id":"https:\/\/www.guerini.it\/index.php\/prodotto\/visioni-sul-futuro-delle-organizzazioni\/#primaryimage"},"image":{"@id":"https:\/\/www.guerini.it\/index.php\/prodotto\/visioni-sul-futuro-delle-organizzazioni\/#primaryimage"},"thumbnailUrl":"https:\/\/www.guerini.it\/wp-content\/uploads\/2012\/05\/Cop.Di-Nicola-Alta-e1666620552767.jpg","datePublished":"2012-05-24T11:00:47+00:00","dateModified":"2024-06-12T12:37:11+00:00","breadcrumb":{"@id":"https:\/\/www.guerini.it\/index.php\/prodotto\/visioni-sul-futuro-delle-organizzazioni\/#breadcrumb"},"inLanguage":"it-IT","potentialAction":[{"@type":"ReadAction","target":["https:\/\/www.guerini.it\/index.php\/prodotto\/visioni-sul-futuro-delle-organizzazioni\/"]}]},{"@type":"ImageObject","inLanguage":"it-IT","@id":"https:\/\/www.guerini.it\/index.php\/prodotto\/visioni-sul-futuro-delle-organizzazioni\/#primaryimage","url":"https:\/\/www.guerini.it\/wp-content\/uploads\/2012\/05\/Cop.Di-Nicola-Alta-e1666620552767.jpg","contentUrl":"https:\/\/www.guerini.it\/wp-content\/uploads\/2012\/05\/Cop.Di-Nicola-Alta-e1666620552767.jpg","width":227,"height":350,"caption":"Copertina del volume Visioni sul futuro delle organizzazioni"},{"@type":"BreadcrumbList","@id":"https:\/\/www.guerini.it\/index.php\/prodotto\/visioni-sul-futuro-delle-organizzazioni\/#breadcrumb","itemListElement":[{"@type":"ListItem","position":1,"name":"Home","item":"https:\/\/www.guerini.it\/"},{"@type":"ListItem","position":2,"name":"Catalogo","item":"https:\/\/www.guerini.it\/index.php\/negozio\/"},{"@type":"ListItem","position":3,"name":"Visioni sul futuro delle organizzazioni"}]},{"@type":"WebSite","@id":"https:\/\/www.guerini.it\/#website","url":"https:\/\/www.guerini.it\/","name":"Guerini e Associati","description":"30 anni di libri, idee e libert\u00e0","publisher":{"@id":"https:\/\/www.guerini.it\/#organization"},"potentialAction":[{"@type":"SearchAction","target":{"@type":"EntryPoint","urlTemplate":"https:\/\/www.guerini.it\/?s={search_term_string}"},"query-input":{"@type":"PropertyValueSpecification","valueRequired":true,"valueName":"search_term_string"}}],"inLanguage":"it-IT"},{"@type":"Organization","@id":"https:\/\/www.guerini.it\/#organization","name":"Guerini e Associati","url":"https:\/\/www.guerini.it\/","logo":{"@type":"ImageObject","inLanguage":"it-IT","@id":"https:\/\/www.guerini.it\/#\/schema\/logo\/image\/","url":"https:\/\/www.guerini.it\/wp-content\/uploads\/2021\/03\/Logo-Guerini-OK_-e1615831292285.png","contentUrl":"https:\/\/www.guerini.it\/wp-content\/uploads\/2021\/03\/Logo-Guerini-OK_-e1615831292285.png","width":2805,"height":1870,"caption":"Guerini e Associati"},"image":{"@id":"https:\/\/www.guerini.it\/#\/schema\/logo\/image\/"}}]}},"_links":{"self":[{"href":"https:\/\/www.guerini.it\/index.php\/wp-json\/wp\/v2\/product\/14375","targetHints":{"allow":["GET"]}}],"collection":[{"href":"https:\/\/www.guerini.it\/index.php\/wp-json\/wp\/v2\/product"}],"about":[{"href":"https:\/\/www.guerini.it\/index.php\/wp-json\/wp\/v2\/types\/product"}],"wp:featuredmedia":[{"embeddable":true,"href":"https:\/\/www.guerini.it\/index.php\/wp-json\/wp\/v2\/media\/23299"}],"wp:attachment":[{"href":"https:\/\/www.guerini.it\/index.php\/wp-json\/wp\/v2\/media?parent=14375"}],"wp:term":[{"taxonomy":"product_brand","embeddable":true,"href":"https:\/\/www.guerini.it\/index.php\/wp-json\/wp\/v2\/product_brand?post=14375"},{"taxonomy":"product_cat","embeddable":true,"href":"https:\/\/www.guerini.it\/index.php\/wp-json\/wp\/v2\/product_cat?post=14375"},{"taxonomy":"product_tag","embeddable":true,"href":"https:\/\/www.guerini.it\/index.php\/wp-json\/wp\/v2\/product_tag?post=14375"}],"curies":[{"name":"wp","href":"https:\/\/api.w.org\/{rel}","templated":true}]}}