{"id":14410,"date":"2012-05-24T13:00:48","date_gmt":"2012-05-24T11:00:48","guid":{"rendered":"https:\/\/test.guerini.it\/?product=l-esclusione-sociale-in-lombardia"},"modified":"2024-06-12T14:42:30","modified_gmt":"2024-06-12T12:42:30","slug":"l-esclusione-sociale-in-lombardia","status":"publish","type":"product","link":"https:\/\/www.guerini.it\/index.php\/prodotto\/l-esclusione-sociale-in-lombardia\/","title":{"rendered":"L\u2019esclusione sociale in Lombardia"},"content":{"rendered":"<p>In un periodo segnato da una crisi economica e finanziaria destinata a incidere profondamente sulla vita delle persone, risulta importante cogliere con maggior precisione i segnali di rischio e le possibilit\u00e0 di risposta ai bisogni, vecchi e nuovi, che emergono all\u2019interno della societ\u00e0 lombarda. Accanto all\u2019analisi delle fonti ufficiali, il Rapporto propone numerosi percorsi innovativi, che ampliano le possibilit\u00e0 di conoscenza introducendo elementi di multidimensionalit\u00e0 indispensabili per cogliere la complessit\u00e0 dei fenomeni.<\/p>\n","protected":false},"excerpt":{"rendered":"<p>In un periodo segnato da una crisi economica e finanziaria destinata a incidere profondamente sulla vita delle persone, risulta importante cogliere con maggior precisione i segnali di rischio e le possibilit\u00e0 di risposta ai bisogni, vecchi e nuovi, che emergono all\u2019interno della societ\u00e0 lombarda. Accanto all\u2019analisi delle fonti ufficiali, il Rapporto propone numerosi percorsi innovativi, che ampliano le possibilit\u00e0 di conoscenza introducendo elementi di multidimensionalit\u00e0 indispensabili per cogliere la complessit\u00e0 dei fenomeni.<\/p>\n","protected":false},"featured_media":14409,"template":"","meta":{"_editorskit_title_hidden":false,"_editorskit_reading_time":0,"_editorskit_is_block_options_detached":false,"_editorskit_block_options_position":"{}","_monsterinsights_skip_tracking":false,"_monsterinsights_sitenote_active":false,"_monsterinsights_sitenote_note":"","_monsterinsights_sitenote_category":0},"product_brand":[],"product_cat":[6538],"product_tag":[],"class_list":{"0":"post-14410","1":"product","2":"type-product","3":"status-publish","4":"has-post-thumbnail","6":"product_cat-sociologia-e-comunicazione","7":"pa_country_of_manufacture-it","9":"first","10":"instock","11":"sale","12":"shipping-taxable","13":"purchasable","14":"product-type-simple"},"yoast_head":"<!-- This site is optimized with the Yoast SEO plugin v25.4 - https:\/\/yoast.com\/wordpress\/plugins\/seo\/ -->\n<title>L\u2019esclusione sociale in Lombardia - Guerini e Associati<\/title>\n<meta name=\"robots\" content=\"index, follow, max-snippet:-1, max-image-preview:large, max-video-preview:-1\" \/>\n<link rel=\"canonical\" href=\"https:\/\/www.guerini.it\/index.php\/prodotto\/l-esclusione-sociale-in-lombardia\/\" \/>\n<meta property=\"og:locale\" content=\"it_IT\" \/>\n<meta property=\"og:type\" content=\"article\" \/>\n<meta property=\"og:title\" content=\"L\u2019esclusione sociale in Lombardia - Guerini e Associati\" \/>\n<meta property=\"og:description\" content=\"In un periodo segnato da una crisi economica e finanziaria destinata a incidere profondamente sulla vita delle persone, risulta importante cogliere con maggior precisione i segnali di rischio e le possibilit\u00e0 di risposta ai bisogni, vecchi e nuovi, che emergono all\u2019interno della societ\u00e0 lombarda. Accanto all\u2019analisi delle fonti ufficiali, il Rapporto propone numerosi percorsi innovativi, che ampliano le possibilit\u00e0 di conoscenza introducendo elementi di multidimensionalit\u00e0 indispensabili per cogliere la complessit\u00e0 dei fenomeni.\" \/>\n<meta property=\"og:url\" content=\"https:\/\/www.guerini.it\/index.php\/prodotto\/l-esclusione-sociale-in-lombardia\/\" \/>\n<meta property=\"og:site_name\" content=\"Guerini e Associati\" \/>\n<meta property=\"article:modified_time\" content=\"2024-06-12T12:42:30+00:00\" \/>\n<meta property=\"og:image\" content=\"https:\/\/www.guerini.it\/wp-content\/uploads\/2012\/05\/978-88-6250-119-4.jpg\" \/>\n\t<meta property=\"og:image:width\" content=\"133\" \/>\n\t<meta property=\"og:image:height\" content=\"187\" \/>\n\t<meta property=\"og:image:type\" content=\"image\/jpeg\" \/>\n<meta name=\"twitter:card\" content=\"summary_large_image\" \/>\n<!-- \/ Yoast SEO plugin. -->","yoast_head_json":{"title":"L\u2019esclusione sociale in Lombardia - Guerini e Associati","robots":{"index":"index","follow":"follow","max-snippet":"max-snippet:-1","max-image-preview":"max-image-preview:large","max-video-preview":"max-video-preview:-1"},"canonical":"https:\/\/www.guerini.it\/index.php\/prodotto\/l-esclusione-sociale-in-lombardia\/","og_locale":"it_IT","og_type":"article","og_title":"L\u2019esclusione sociale in Lombardia - Guerini e Associati","og_description":"In un periodo segnato da una crisi economica e finanziaria destinata a incidere profondamente sulla vita delle persone, risulta importante cogliere con maggior precisione i segnali di rischio e le possibilit\u00e0 di risposta ai bisogni, vecchi e nuovi, che emergono all\u2019interno della societ\u00e0 lombarda. Accanto all\u2019analisi delle fonti ufficiali, il Rapporto propone numerosi percorsi innovativi, che ampliano le possibilit\u00e0 di conoscenza introducendo elementi di multidimensionalit\u00e0 indispensabili per cogliere la complessit\u00e0 dei fenomeni.","og_url":"https:\/\/www.guerini.it\/index.php\/prodotto\/l-esclusione-sociale-in-lombardia\/","og_site_name":"Guerini e Associati","article_modified_time":"2024-06-12T12:42:30+00:00","og_image":[{"width":133,"height":187,"url":"https:\/\/www.guerini.it\/wp-content\/uploads\/2012\/05\/978-88-6250-119-4.jpg","type":"image\/jpeg"}],"twitter_card":"summary_large_image","schema":{"@context":"https:\/\/schema.org","@graph":[{"@type":"WebPage","@id":"https:\/\/www.guerini.it\/index.php\/prodotto\/l-esclusione-sociale-in-lombardia\/","url":"https:\/\/www.guerini.it\/index.php\/prodotto\/l-esclusione-sociale-in-lombardia\/","name":"L\u2019esclusione sociale in Lombardia - Guerini e Associati","isPartOf":{"@id":"https:\/\/www.guerini.it\/#website"},"primaryImageOfPage":{"@id":"https:\/\/www.guerini.it\/index.php\/prodotto\/l-esclusione-sociale-in-lombardia\/#primaryimage"},"image":{"@id":"https:\/\/www.guerini.it\/index.php\/prodotto\/l-esclusione-sociale-in-lombardia\/#primaryimage"},"thumbnailUrl":"https:\/\/www.guerini.it\/wp-content\/uploads\/2012\/05\/978-88-6250-119-4.jpg","datePublished":"2012-05-24T11:00:48+00:00","dateModified":"2024-06-12T12:42:30+00:00","breadcrumb":{"@id":"https:\/\/www.guerini.it\/index.php\/prodotto\/l-esclusione-sociale-in-lombardia\/#breadcrumb"},"inLanguage":"it-IT","potentialAction":[{"@type":"ReadAction","target":["https:\/\/www.guerini.it\/index.php\/prodotto\/l-esclusione-sociale-in-lombardia\/"]}]},{"@type":"ImageObject","inLanguage":"it-IT","@id":"https:\/\/www.guerini.it\/index.php\/prodotto\/l-esclusione-sociale-in-lombardia\/#primaryimage","url":"https:\/\/www.guerini.it\/wp-content\/uploads\/2012\/05\/978-88-6250-119-4.jpg","contentUrl":"https:\/\/www.guerini.it\/wp-content\/uploads\/2012\/05\/978-88-6250-119-4.jpg","width":133,"height":187,"caption":"L\u2019esclusione sociale in Lombardia-0"},{"@type":"BreadcrumbList","@id":"https:\/\/www.guerini.it\/index.php\/prodotto\/l-esclusione-sociale-in-lombardia\/#breadcrumb","itemListElement":[{"@type":"ListItem","position":1,"name":"Home","item":"https:\/\/www.guerini.it\/"},{"@type":"ListItem","position":2,"name":"Catalogo","item":"https:\/\/www.guerini.it\/index.php\/negozio\/"},{"@type":"ListItem","position":3,"name":"L\u2019esclusione sociale in Lombardia"}]},{"@type":"WebSite","@id":"https:\/\/www.guerini.it\/#website","url":"https:\/\/www.guerini.it\/","name":"Guerini e Associati","description":"30 anni di libri, idee e libert\u00e0","publisher":{"@id":"https:\/\/www.guerini.it\/#organization"},"potentialAction":[{"@type":"SearchAction","target":{"@type":"EntryPoint","urlTemplate":"https:\/\/www.guerini.it\/?s={search_term_string}"},"query-input":{"@type":"PropertyValueSpecification","valueRequired":true,"valueName":"search_term_string"}}],"inLanguage":"it-IT"},{"@type":"Organization","@id":"https:\/\/www.guerini.it\/#organization","name":"Guerini e Associati","url":"https:\/\/www.guerini.it\/","logo":{"@type":"ImageObject","inLanguage":"it-IT","@id":"https:\/\/www.guerini.it\/#\/schema\/logo\/image\/","url":"https:\/\/www.guerini.it\/wp-content\/uploads\/2021\/03\/Logo-Guerini-OK_-e1615831292285.png","contentUrl":"https:\/\/www.guerini.it\/wp-content\/uploads\/2021\/03\/Logo-Guerini-OK_-e1615831292285.png","width":2805,"height":1870,"caption":"Guerini e Associati"},"image":{"@id":"https:\/\/www.guerini.it\/#\/schema\/logo\/image\/"}}]}},"_links":{"self":[{"href":"https:\/\/www.guerini.it\/index.php\/wp-json\/wp\/v2\/product\/14410","targetHints":{"allow":["GET"]}}],"collection":[{"href":"https:\/\/www.guerini.it\/index.php\/wp-json\/wp\/v2\/product"}],"about":[{"href":"https:\/\/www.guerini.it\/index.php\/wp-json\/wp\/v2\/types\/product"}],"wp:featuredmedia":[{"embeddable":true,"href":"https:\/\/www.guerini.it\/index.php\/wp-json\/wp\/v2\/media\/14409"}],"wp:attachment":[{"href":"https:\/\/www.guerini.it\/index.php\/wp-json\/wp\/v2\/media?parent=14410"}],"wp:term":[{"taxonomy":"product_brand","embeddable":true,"href":"https:\/\/www.guerini.it\/index.php\/wp-json\/wp\/v2\/product_brand?post=14410"},{"taxonomy":"product_cat","embeddable":true,"href":"https:\/\/www.guerini.it\/index.php\/wp-json\/wp\/v2\/product_cat?post=14410"},{"taxonomy":"product_tag","embeddable":true,"href":"https:\/\/www.guerini.it\/index.php\/wp-json\/wp\/v2\/product_tag?post=14410"}],"curies":[{"name":"wp","href":"https:\/\/api.w.org\/{rel}","templated":true}]}}