{"id":14464,"date":"2012-05-24T13:00:50","date_gmt":"2012-05-24T11:00:50","guid":{"rendered":"https:\/\/test.guerini.it\/?product=tutori-volontari-e-bambini"},"modified":"2024-06-12T14:42:38","modified_gmt":"2024-06-12T12:42:38","slug":"tutori-volontari-e-bambini","status":"publish","type":"product","link":"https:\/\/www.guerini.it\/index.php\/prodotto\/tutori-volontari-e-bambini\/","title":{"rendered":"Tutori volontari e bambini"},"content":{"rendered":"<p>Questo volume ripercorre il cammino di un\u2019iniziativa sociale innovativa presente nel Veneto da alcuni anni. Essa consiste nell\u2019adesione e formazione di oltre settecento persone, disponibili a svolgere \u2013 gratuitamente e con competenza \u2013 la funzione pubblica di tutore legale per minori d\u2019et\u00e0, pur non avendo con essi n\u00e9 legami di parentela, n\u00e9 di vicinato, n\u00e9 di altro tipo. Anzi, spesso si tratta di bambini e ragazzi stranieri recentemente arrivati in Italia.<\/p>\n","protected":false},"excerpt":{"rendered":"<p>Questo volume ripercorre il cammino di un\u2019iniziativa sociale innovativa presente nel Veneto da alcuni anni. Essa consiste nell\u2019adesione e formazione di oltre settecento persone, disponibili a svolgere \u2013 gratuitamente e con competenza \u2013 la funzione pubblica di tutore legale per minori d\u2019et\u00e0, pur non avendo con essi n\u00e9 legami di parentela, n\u00e9 di vicinato, n\u00e9 di altro tipo. Anzi, spesso si tratta di bambini e ragazzi stranieri recentemente arrivati in Italia.<\/p>\n","protected":false},"featured_media":14463,"template":"","meta":{"_editorskit_title_hidden":false,"_editorskit_reading_time":0,"_editorskit_is_block_options_detached":false,"_editorskit_block_options_position":"{}","_monsterinsights_skip_tracking":false,"_monsterinsights_sitenote_active":false,"_monsterinsights_sitenote_note":"","_monsterinsights_sitenote_category":0},"product_brand":[],"product_cat":[6609,6537],"product_tag":[],"class_list":{"0":"post-14464","1":"product","2":"type-product","3":"status-publish","4":"has-post-thumbnail","6":"product_cat-ied","7":"product_cat-scienze-politiche-sociali","8":"pa_country_of_manufacture-it","10":"first","11":"instock","12":"sale","13":"shipping-taxable","14":"purchasable","15":"product-type-simple"},"yoast_head":"<!-- This site is optimized with the Yoast SEO plugin v25.4 - https:\/\/yoast.com\/wordpress\/plugins\/seo\/ -->\n<title>Tutori volontari e bambini - Guerini e Associati<\/title>\n<meta name=\"robots\" content=\"index, follow, max-snippet:-1, max-image-preview:large, max-video-preview:-1\" \/>\n<link rel=\"canonical\" href=\"https:\/\/www.guerini.it\/index.php\/prodotto\/tutori-volontari-e-bambini\/\" \/>\n<meta property=\"og:locale\" content=\"it_IT\" \/>\n<meta property=\"og:type\" content=\"article\" \/>\n<meta property=\"og:title\" content=\"Tutori volontari e bambini - Guerini e Associati\" \/>\n<meta property=\"og:description\" content=\"Questo volume ripercorre il cammino di un\u2019iniziativa sociale innovativa presente nel Veneto da alcuni anni. Essa consiste nell\u2019adesione e formazione di oltre settecento persone, disponibili a svolgere \u2013 gratuitamente e con competenza \u2013 la funzione pubblica di tutore legale per minori d\u2019et\u00e0, pur non avendo con essi n\u00e9 legami di parentela, n\u00e9 di vicinato, n\u00e9 di altro tipo. Anzi, spesso si tratta di bambini e ragazzi stranieri recentemente arrivati in Italia.\" \/>\n<meta property=\"og:url\" content=\"https:\/\/www.guerini.it\/index.php\/prodotto\/tutori-volontari-e-bambini\/\" \/>\n<meta property=\"og:site_name\" content=\"Guerini e Associati\" \/>\n<meta property=\"article:modified_time\" content=\"2024-06-12T12:42:38+00:00\" \/>\n<meta property=\"og:image\" content=\"https:\/\/www.guerini.it\/wp-content\/uploads\/2012\/05\/978-88-6250-035-7.jpg\" \/>\n\t<meta property=\"og:image:width\" content=\"125\" \/>\n\t<meta property=\"og:image:height\" content=\"187\" \/>\n\t<meta property=\"og:image:type\" content=\"image\/jpeg\" \/>\n<meta name=\"twitter:card\" content=\"summary_large_image\" \/>\n<!-- \/ Yoast SEO plugin. -->","yoast_head_json":{"title":"Tutori volontari e bambini - Guerini e Associati","robots":{"index":"index","follow":"follow","max-snippet":"max-snippet:-1","max-image-preview":"max-image-preview:large","max-video-preview":"max-video-preview:-1"},"canonical":"https:\/\/www.guerini.it\/index.php\/prodotto\/tutori-volontari-e-bambini\/","og_locale":"it_IT","og_type":"article","og_title":"Tutori volontari e bambini - Guerini e Associati","og_description":"Questo volume ripercorre il cammino di un\u2019iniziativa sociale innovativa presente nel Veneto da alcuni anni. Essa consiste nell\u2019adesione e formazione di oltre settecento persone, disponibili a svolgere \u2013 gratuitamente e con competenza \u2013 la funzione pubblica di tutore legale per minori d\u2019et\u00e0, pur non avendo con essi n\u00e9 legami di parentela, n\u00e9 di vicinato, n\u00e9 di altro tipo. Anzi, spesso si tratta di bambini e ragazzi stranieri recentemente arrivati in Italia.","og_url":"https:\/\/www.guerini.it\/index.php\/prodotto\/tutori-volontari-e-bambini\/","og_site_name":"Guerini e Associati","article_modified_time":"2024-06-12T12:42:38+00:00","og_image":[{"width":125,"height":187,"url":"https:\/\/www.guerini.it\/wp-content\/uploads\/2012\/05\/978-88-6250-035-7.jpg","type":"image\/jpeg"}],"twitter_card":"summary_large_image","schema":{"@context":"https:\/\/schema.org","@graph":[{"@type":"WebPage","@id":"https:\/\/www.guerini.it\/index.php\/prodotto\/tutori-volontari-e-bambini\/","url":"https:\/\/www.guerini.it\/index.php\/prodotto\/tutori-volontari-e-bambini\/","name":"Tutori volontari e bambini - Guerini e Associati","isPartOf":{"@id":"https:\/\/www.guerini.it\/#website"},"primaryImageOfPage":{"@id":"https:\/\/www.guerini.it\/index.php\/prodotto\/tutori-volontari-e-bambini\/#primaryimage"},"image":{"@id":"https:\/\/www.guerini.it\/index.php\/prodotto\/tutori-volontari-e-bambini\/#primaryimage"},"thumbnailUrl":"https:\/\/www.guerini.it\/wp-content\/uploads\/2012\/05\/978-88-6250-035-7.jpg","datePublished":"2012-05-24T11:00:50+00:00","dateModified":"2024-06-12T12:42:38+00:00","breadcrumb":{"@id":"https:\/\/www.guerini.it\/index.php\/prodotto\/tutori-volontari-e-bambini\/#breadcrumb"},"inLanguage":"it-IT","potentialAction":[{"@type":"ReadAction","target":["https:\/\/www.guerini.it\/index.php\/prodotto\/tutori-volontari-e-bambini\/"]}]},{"@type":"ImageObject","inLanguage":"it-IT","@id":"https:\/\/www.guerini.it\/index.php\/prodotto\/tutori-volontari-e-bambini\/#primaryimage","url":"https:\/\/www.guerini.it\/wp-content\/uploads\/2012\/05\/978-88-6250-035-7.jpg","contentUrl":"https:\/\/www.guerini.it\/wp-content\/uploads\/2012\/05\/978-88-6250-035-7.jpg","width":125,"height":187,"caption":"Tutori volontari e bambini"},{"@type":"BreadcrumbList","@id":"https:\/\/www.guerini.it\/index.php\/prodotto\/tutori-volontari-e-bambini\/#breadcrumb","itemListElement":[{"@type":"ListItem","position":1,"name":"Home","item":"https:\/\/www.guerini.it\/"},{"@type":"ListItem","position":2,"name":"Catalogo","item":"https:\/\/www.guerini.it\/index.php\/negozio\/"},{"@type":"ListItem","position":3,"name":"Tutori volontari e bambini"}]},{"@type":"WebSite","@id":"https:\/\/www.guerini.it\/#website","url":"https:\/\/www.guerini.it\/","name":"Guerini e Associati","description":"30 anni di libri, idee e libert\u00e0","publisher":{"@id":"https:\/\/www.guerini.it\/#organization"},"potentialAction":[{"@type":"SearchAction","target":{"@type":"EntryPoint","urlTemplate":"https:\/\/www.guerini.it\/?s={search_term_string}"},"query-input":{"@type":"PropertyValueSpecification","valueRequired":true,"valueName":"search_term_string"}}],"inLanguage":"it-IT"},{"@type":"Organization","@id":"https:\/\/www.guerini.it\/#organization","name":"Guerini e Associati","url":"https:\/\/www.guerini.it\/","logo":{"@type":"ImageObject","inLanguage":"it-IT","@id":"https:\/\/www.guerini.it\/#\/schema\/logo\/image\/","url":"https:\/\/www.guerini.it\/wp-content\/uploads\/2021\/03\/Logo-Guerini-OK_-e1615831292285.png","contentUrl":"https:\/\/www.guerini.it\/wp-content\/uploads\/2021\/03\/Logo-Guerini-OK_-e1615831292285.png","width":2805,"height":1870,"caption":"Guerini e Associati"},"image":{"@id":"https:\/\/www.guerini.it\/#\/schema\/logo\/image\/"}}]}},"_links":{"self":[{"href":"https:\/\/www.guerini.it\/index.php\/wp-json\/wp\/v2\/product\/14464","targetHints":{"allow":["GET"]}}],"collection":[{"href":"https:\/\/www.guerini.it\/index.php\/wp-json\/wp\/v2\/product"}],"about":[{"href":"https:\/\/www.guerini.it\/index.php\/wp-json\/wp\/v2\/types\/product"}],"wp:featuredmedia":[{"embeddable":true,"href":"https:\/\/www.guerini.it\/index.php\/wp-json\/wp\/v2\/media\/14463"}],"wp:attachment":[{"href":"https:\/\/www.guerini.it\/index.php\/wp-json\/wp\/v2\/media?parent=14464"}],"wp:term":[{"taxonomy":"product_brand","embeddable":true,"href":"https:\/\/www.guerini.it\/index.php\/wp-json\/wp\/v2\/product_brand?post=14464"},{"taxonomy":"product_cat","embeddable":true,"href":"https:\/\/www.guerini.it\/index.php\/wp-json\/wp\/v2\/product_cat?post=14464"},{"taxonomy":"product_tag","embeddable":true,"href":"https:\/\/www.guerini.it\/index.php\/wp-json\/wp\/v2\/product_tag?post=14464"}],"curies":[{"name":"wp","href":"https:\/\/api.w.org\/{rel}","templated":true}]}}