{"id":14488,"date":"2012-05-24T13:00:51","date_gmt":"2012-05-24T11:00:51","guid":{"rendered":"https:\/\/test.guerini.it\/?product=invertising"},"modified":"2024-06-12T14:40:12","modified_gmt":"2024-06-12T12:40:12","slug":"invertising","status":"publish","type":"product","link":"https:\/\/www.guerini.it\/index.php\/prodotto\/invertising\/","title":{"rendered":"Invertising"},"content":{"rendered":"<p style=\"text-align: justify;\">L&#8217;advertising si trasforma e cambia direzione: una vera e propria inversione di marcia della pubblicit\u00e0, dove la creativit\u00e0 diventa fondamentale per catalizzare l&#8217;attenzione del pubblico, non pi\u00f9 considerato come un semplice target. In nome della rilevanza, dell&#8217;etica e di un rinnovato patto di fiducia tra brand e individui, il dialogo si sostituisce ai monologhi della r\u00e9clame, la comunicazione diventa conversazione, lo shopping si fa condivisione e la persuasione si trasforma in consenso. Si passa dalle idee agli ideali, perch\u00e9 in futuro i consumatori saranno sempre pi\u00f9 critici e consapevoli, e la pubblicit\u00e0, nelle sue forme pi\u00f9 diverse, potr\u00e0 tornare ad essere un servizio prezioso e atteso, come sostiene nella prefazione Anna Bartolini, autorevole esponente delle associazioni a difesa dei consumatori.<\/p>\n<hr \/>\n<p style=\"text-align: justify;\"><strong>Paolo Iabichino<\/strong> \u00e8 scrittore pubblicitario, direttore creativo, fondatore dell&#8217;Osservatorio Civic Brands con Ipsos Italia, Maestro alla Scuola Holden. Si occupa di creativit\u00e0 e nuovi linguaggi nella costruzione di contenuti fuori e dentro la Rete. Ha ideato il concetto di \u201cInvertising\u201d in un libro che \u00e8 diventato un manifesto per un messaggio pubblicitario rinnovato e consapevole. Nel 2018 l\u2019Universit\u00e0 di Modena e Reggio Emilia l\u2019ha eletto Comunicatore dell\u2019anno e nel novembre 2021 \u00e8 stato insignito della Laurea Magistrale Honoris Causa in Comunicazione e Pubblicit\u00e0 per le Organizzazioni all\u2019Universit\u00e0 di Urbino Carlo Bo.<\/p>\n<p style=\"text-align: justify;\"><strong>Anna Bartolini<\/strong>, autrice della Prefazione, \u00e8 docente di Diritto del consumo presso l&#8217;Universit\u00e0 Iulm di Milano. Alla scadenza del suo terzo mandato, dopo nove anni a Bruxelles come rappresentante al Parlamento Europeo dei Consumatori Italiani, Anna Bartolini oggi rappresenta il CNCU (Consiglio Nazionale Consumatori e Utenti) in una delle tre commissioni create dalla Banca d&#8217;Italia per la conciliazione tra banche e risparmiatori.<\/p>\n","protected":false},"excerpt":{"rendered":"<p>L\u2019advertising si trasforma e cambia direzione: una vera e propria inversione di marcia della pubblicit\u00e0, dove la creativit\u00e0 diventa fondamentale per catalizzare l\u2019attenzione del pubblico, non pi\u00f9 considerato come un semplice target.<\/p>\n","protected":false},"featured_media":14487,"template":"","meta":{"_editorskit_title_hidden":false,"_editorskit_reading_time":0,"_editorskit_is_block_options_detached":false,"_editorskit_block_options_position":"{}","_monsterinsights_skip_tracking":false,"_monsterinsights_sitenote_active":false,"_monsterinsights_sitenote_note":"","_monsterinsights_sitenote_category":0},"product_brand":[],"product_cat":[6528],"product_tag":[],"class_list":{"0":"post-14488","1":"product","2":"type-product","3":"status-publish","4":"has-post-thumbnail","6":"product_cat-comunicazione","7":"pa_country_of_manufacture-it","8":"pa_guerini_amazon_link-79-httpswwwamazonitinvertisin","9":"pa_guerini_feltrinelli_link-de-httpswwwlafeltrinelliitlib","10":"pa_guerini_ibs_link-01-httpswwwibsitinvertising_o","11":"pa_guerini_libruniver_link-25-httpswwwlibreriauniversita","12":"pa_guerini_link_amazon-ea-httpswwwamazonitinvertisin","13":"pa_guerini_link_ibs-60-httpswwwibsitinvertising_o","14":"pa_guerini_mondadori_link-87-httpswwwmondadoristoreitin","15":"pa_guerini_strillo-35-ildialogosisostituiscealla","17":"first","18":"instock","19":"sale","20":"shipping-taxable","21":"purchasable","22":"product-type-simple"},"yoast_head":"<!-- This site is optimized with the Yoast SEO plugin v25.4 - https:\/\/yoast.com\/wordpress\/plugins\/seo\/ -->\n<title>Invertising - Guerini e Associati<\/title>\n<meta name=\"robots\" content=\"index, follow, max-snippet:-1, max-image-preview:large, max-video-preview:-1\" \/>\n<link rel=\"canonical\" href=\"https:\/\/www.guerini.it\/index.php\/prodotto\/invertising\/\" \/>\n<meta property=\"og:locale\" content=\"it_IT\" \/>\n<meta property=\"og:type\" content=\"article\" \/>\n<meta property=\"og:title\" content=\"Invertising - Guerini e Associati\" \/>\n<meta property=\"og:description\" content=\"L\u2019advertising si trasforma e cambia direzione: una vera e propria inversione di marcia della pubblicit\u00e0, dove la creativit\u00e0 diventa fondamentale per catalizzare l\u2019attenzione del pubblico, non pi\u00f9 considerato come un semplice target.\" \/>\n<meta property=\"og:url\" content=\"https:\/\/www.guerini.it\/index.php\/prodotto\/invertising\/\" \/>\n<meta property=\"og:site_name\" content=\"Guerini e Associati\" \/>\n<meta property=\"article:modified_time\" content=\"2024-06-12T12:40:12+00:00\" \/>\n<meta property=\"og:image\" content=\"https:\/\/www.guerini.it\/wp-content\/uploads\/2012\/05\/invertising_sito.jpg\" \/>\n\t<meta property=\"og:image:width\" content=\"353\" \/>\n\t<meta property=\"og:image:height\" content=\"540\" \/>\n\t<meta property=\"og:image:type\" content=\"image\/jpeg\" \/>\n<meta name=\"twitter:card\" content=\"summary_large_image\" \/>\n<meta name=\"twitter:label1\" content=\"Tempo di lettura stimato\" \/>\n\t<meta name=\"twitter:data1\" content=\"2 minuti\" \/>\n<!-- \/ Yoast SEO plugin. -->","yoast_head_json":{"title":"Invertising - Guerini e Associati","robots":{"index":"index","follow":"follow","max-snippet":"max-snippet:-1","max-image-preview":"max-image-preview:large","max-video-preview":"max-video-preview:-1"},"canonical":"https:\/\/www.guerini.it\/index.php\/prodotto\/invertising\/","og_locale":"it_IT","og_type":"article","og_title":"Invertising - Guerini e Associati","og_description":"L\u2019advertising si trasforma e cambia direzione: una vera e propria inversione di marcia della pubblicit\u00e0, dove la creativit\u00e0 diventa fondamentale per catalizzare l\u2019attenzione del pubblico, non pi\u00f9 considerato come un semplice target.","og_url":"https:\/\/www.guerini.it\/index.php\/prodotto\/invertising\/","og_site_name":"Guerini e Associati","article_modified_time":"2024-06-12T12:40:12+00:00","og_image":[{"width":353,"height":540,"url":"https:\/\/www.guerini.it\/wp-content\/uploads\/2012\/05\/invertising_sito.jpg","type":"image\/jpeg"}],"twitter_card":"summary_large_image","twitter_misc":{"Tempo di lettura stimato":"2 minuti"},"schema":{"@context":"https:\/\/schema.org","@graph":[{"@type":"WebPage","@id":"https:\/\/www.guerini.it\/index.php\/prodotto\/invertising\/","url":"https:\/\/www.guerini.it\/index.php\/prodotto\/invertising\/","name":"Invertising - Guerini e Associati","isPartOf":{"@id":"https:\/\/www.guerini.it\/#website"},"primaryImageOfPage":{"@id":"https:\/\/www.guerini.it\/index.php\/prodotto\/invertising\/#primaryimage"},"image":{"@id":"https:\/\/www.guerini.it\/index.php\/prodotto\/invertising\/#primaryimage"},"thumbnailUrl":"https:\/\/www.guerini.it\/wp-content\/uploads\/2012\/05\/invertising_sito.jpg","datePublished":"2012-05-24T11:00:51+00:00","dateModified":"2024-06-12T12:40:12+00:00","breadcrumb":{"@id":"https:\/\/www.guerini.it\/index.php\/prodotto\/invertising\/#breadcrumb"},"inLanguage":"it-IT","potentialAction":[{"@type":"ReadAction","target":["https:\/\/www.guerini.it\/index.php\/prodotto\/invertising\/"]}]},{"@type":"ImageObject","inLanguage":"it-IT","@id":"https:\/\/www.guerini.it\/index.php\/prodotto\/invertising\/#primaryimage","url":"https:\/\/www.guerini.it\/wp-content\/uploads\/2012\/05\/invertising_sito.jpg","contentUrl":"https:\/\/www.guerini.it\/wp-content\/uploads\/2012\/05\/invertising_sito.jpg","width":353,"height":540,"caption":"Invertising"},{"@type":"BreadcrumbList","@id":"https:\/\/www.guerini.it\/index.php\/prodotto\/invertising\/#breadcrumb","itemListElement":[{"@type":"ListItem","position":1,"name":"Home","item":"https:\/\/www.guerini.it\/"},{"@type":"ListItem","position":2,"name":"Catalogo","item":"https:\/\/www.guerini.it\/index.php\/negozio\/"},{"@type":"ListItem","position":3,"name":"Invertising"}]},{"@type":"WebSite","@id":"https:\/\/www.guerini.it\/#website","url":"https:\/\/www.guerini.it\/","name":"Guerini e Associati","description":"30 anni di libri, idee e libert\u00e0","publisher":{"@id":"https:\/\/www.guerini.it\/#organization"},"potentialAction":[{"@type":"SearchAction","target":{"@type":"EntryPoint","urlTemplate":"https:\/\/www.guerini.it\/?s={search_term_string}"},"query-input":{"@type":"PropertyValueSpecification","valueRequired":true,"valueName":"search_term_string"}}],"inLanguage":"it-IT"},{"@type":"Organization","@id":"https:\/\/www.guerini.it\/#organization","name":"Guerini e Associati","url":"https:\/\/www.guerini.it\/","logo":{"@type":"ImageObject","inLanguage":"it-IT","@id":"https:\/\/www.guerini.it\/#\/schema\/logo\/image\/","url":"https:\/\/www.guerini.it\/wp-content\/uploads\/2021\/03\/Logo-Guerini-OK_-e1615831292285.png","contentUrl":"https:\/\/www.guerini.it\/wp-content\/uploads\/2021\/03\/Logo-Guerini-OK_-e1615831292285.png","width":2805,"height":1870,"caption":"Guerini e Associati"},"image":{"@id":"https:\/\/www.guerini.it\/#\/schema\/logo\/image\/"}}]}},"_links":{"self":[{"href":"https:\/\/www.guerini.it\/index.php\/wp-json\/wp\/v2\/product\/14488","targetHints":{"allow":["GET"]}}],"collection":[{"href":"https:\/\/www.guerini.it\/index.php\/wp-json\/wp\/v2\/product"}],"about":[{"href":"https:\/\/www.guerini.it\/index.php\/wp-json\/wp\/v2\/types\/product"}],"wp:featuredmedia":[{"embeddable":true,"href":"https:\/\/www.guerini.it\/index.php\/wp-json\/wp\/v2\/media\/14487"}],"wp:attachment":[{"href":"https:\/\/www.guerini.it\/index.php\/wp-json\/wp\/v2\/media?parent=14488"}],"wp:term":[{"taxonomy":"product_brand","embeddable":true,"href":"https:\/\/www.guerini.it\/index.php\/wp-json\/wp\/v2\/product_brand?post=14488"},{"taxonomy":"product_cat","embeddable":true,"href":"https:\/\/www.guerini.it\/index.php\/wp-json\/wp\/v2\/product_cat?post=14488"},{"taxonomy":"product_tag","embeddable":true,"href":"https:\/\/www.guerini.it\/index.php\/wp-json\/wp\/v2\/product_tag?post=14488"}],"curies":[{"name":"wp","href":"https:\/\/api.w.org\/{rel}","templated":true}]}}