{"id":14576,"date":"2012-05-24T13:01:05","date_gmt":"2012-05-24T11:01:05","guid":{"rendered":"https:\/\/test.guerini.it\/?product=autonomia-verita-universita"},"modified":"2024-06-09T20:19:06","modified_gmt":"2024-06-09T18:19:06","slug":"autonomia-verita-universita","status":"publish","type":"product","link":"https:\/\/www.guerini.it\/index.php\/prodotto\/autonomia-verita-universita\/","title":{"rendered":"Autonomia, Verit\u00e0, Universit\u00e0"},"content":{"rendered":"<p>Atlantide offre alcuni spunti critici per l&#8217;avvio di una riflessione sulle sfide che le universit\u00e0 si trovano a dover affrontare, in un contesto segnato da una crisi globale che investe, evidentemente, anche il mondo culturale. I contributi raccolti evidenziano come la discussione intorno al futuro dell&#8217;universit\u00e0 non sia solo italiana, ma decisamente internazionale. Il mutare continuo del ruolo e delle funzioni delle universit\u00e0 non \u00e8 un rischio futuro, ma una realt\u00e0. Di fronte a questo cambiamento si pu\u00f2 avere uno sguardo aperto e positivo, e non necessariamente nostalgico nei confronti del passato o di chiusura per paura del nuovo. Tra i contributori: Nikolaus Lobkowics (rettore Univerist\u00e0 di Monaco), Arne Duncan (Segretario di Stato all&#8217;Educazione degli Stati Uniti), Edward J. Wegman (professore di Statistica, George Mason University), John Hennessy (rettore dell&#8217;Universit\u00e0 di Stanford), Giovanni Azzone (prorettore del Politecnico di Milano).<\/p>\n","protected":false},"excerpt":{"rendered":"<p>Atlantide offre alcuni spunti critici per l&#8217;avvio di una riflessione sulle sfide che le universit\u00e0 si trovano a dover affrontare, in un contesto segnato da una crisi globale che investe, evidentemente, anche il mondo culturale. I contributi raccolti evidenziano come la discussione intorno al futuro dell&#8217;universit\u00e0 non sia solo italiana, ma decisamente internazionale. Il mutare continuo del ruolo e delle funzioni delle universit\u00e0 non \u00e8 un rischio futuro, ma una realt\u00e0. Di fronte a questo cambiamento si pu\u00f2 avere uno sguardo aperto e positivo, e non necessariamente nostalgico nei confronti del passato o di chiusura per paura del nuovo. Tra i contributori: Nikolaus Lobkowics (rettore Univerist\u00e0 di Monaco), Arne Duncan (Segretario di Stato all&#8217;Educazione degli Stati Uniti), Edward J. Wegman (professore di Statistica, George Mason University), John Hennessy (rettore dell&#8217;Universit\u00e0 di Stanford), Giovanni Azzone (prorettore del Politecnico di Milano).<\/p>\n","protected":false},"featured_media":14575,"template":"","meta":{"_editorskit_title_hidden":false,"_editorskit_reading_time":0,"_editorskit_is_block_options_detached":false,"_editorskit_block_options_position":"{}","_monsterinsights_skip_tracking":false,"_monsterinsights_sitenote_active":false,"_monsterinsights_sitenote_note":"","_monsterinsights_sitenote_category":0},"product_brand":[],"product_cat":[6537],"product_tag":[],"class_list":{"0":"post-14576","1":"product","2":"type-product","3":"status-publish","4":"has-post-thumbnail","6":"product_cat-scienze-politiche-sociali","7":"pa_country_of_manufacture-it","9":"first","10":"outofstock","11":"sale","12":"shipping-taxable","13":"purchasable","14":"product-type-simple"},"yoast_head":"<!-- This site is optimized with the Yoast SEO plugin v25.4 - https:\/\/yoast.com\/wordpress\/plugins\/seo\/ -->\n<title>Autonomia, Verit\u00e0, Universit\u00e0 - Guerini e Associati<\/title>\n<meta name=\"robots\" content=\"index, follow, max-snippet:-1, max-image-preview:large, max-video-preview:-1\" \/>\n<link rel=\"canonical\" href=\"https:\/\/www.guerini.it\/index.php\/prodotto\/autonomia-verita-universita\/\" \/>\n<meta property=\"og:locale\" content=\"it_IT\" \/>\n<meta property=\"og:type\" content=\"article\" \/>\n<meta property=\"og:title\" content=\"Autonomia, Verit\u00e0, Universit\u00e0 - Guerini e Associati\" \/>\n<meta property=\"og:description\" content=\"Atlantide offre alcuni spunti critici per l&#039;avvio di una riflessione sulle sfide che le universit\u00e0 si trovano a dover affrontare, in un contesto segnato da una crisi globale che investe, evidentemente, anche il mondo culturale. I contributi raccolti evidenziano come la discussione intorno al futuro dell&#039;universit\u00e0 non sia solo italiana, ma decisamente internazionale. Il mutare continuo del ruolo e delle funzioni delle universit\u00e0 non \u00e8 un rischio futuro, ma una realt\u00e0. Di fronte a questo cambiamento si pu\u00f2 avere uno sguardo aperto e positivo, e non necessariamente nostalgico nei confronti del passato o di chiusura per paura del nuovo. Tra i contributori: Nikolaus Lobkowics (rettore Univerist\u00e0 di Monaco), Arne Duncan (Segretario di Stato all&#039;Educazione degli Stati Uniti), Edward J. Wegman (professore di Statistica, George Mason University), John Hennessy (rettore dell&#039;Universit\u00e0 di Stanford), Giovanni Azzone (prorettore del Politecnico di Milano).\" \/>\n<meta property=\"og:url\" content=\"https:\/\/www.guerini.it\/index.php\/prodotto\/autonomia-verita-universita\/\" \/>\n<meta property=\"og:site_name\" content=\"Guerini e Associati\" \/>\n<meta property=\"article:modified_time\" content=\"2024-06-09T18:19:06+00:00\" \/>\n<meta property=\"og:image\" content=\"https:\/\/www.guerini.it\/wp-content\/uploads\/2012\/05\/978-88-6250-215-3.jpg\" \/>\n\t<meta property=\"og:image:width\" content=\"336\" \/>\n\t<meta property=\"og:image:height\" content=\"437\" \/>\n\t<meta property=\"og:image:type\" content=\"image\/jpeg\" \/>\n<meta name=\"twitter:card\" content=\"summary_large_image\" \/>\n<meta name=\"twitter:label1\" content=\"Tempo di lettura stimato\" \/>\n\t<meta name=\"twitter:data1\" content=\"1 minuto\" \/>\n<!-- \/ Yoast SEO plugin. -->","yoast_head_json":{"title":"Autonomia, Verit\u00e0, Universit\u00e0 - Guerini e Associati","robots":{"index":"index","follow":"follow","max-snippet":"max-snippet:-1","max-image-preview":"max-image-preview:large","max-video-preview":"max-video-preview:-1"},"canonical":"https:\/\/www.guerini.it\/index.php\/prodotto\/autonomia-verita-universita\/","og_locale":"it_IT","og_type":"article","og_title":"Autonomia, Verit\u00e0, Universit\u00e0 - Guerini e Associati","og_description":"Atlantide offre alcuni spunti critici per l'avvio di una riflessione sulle sfide che le universit\u00e0 si trovano a dover affrontare, in un contesto segnato da una crisi globale che investe, evidentemente, anche il mondo culturale. I contributi raccolti evidenziano come la discussione intorno al futuro dell'universit\u00e0 non sia solo italiana, ma decisamente internazionale. Il mutare continuo del ruolo e delle funzioni delle universit\u00e0 non \u00e8 un rischio futuro, ma una realt\u00e0. Di fronte a questo cambiamento si pu\u00f2 avere uno sguardo aperto e positivo, e non necessariamente nostalgico nei confronti del passato o di chiusura per paura del nuovo. Tra i contributori: Nikolaus Lobkowics (rettore Univerist\u00e0 di Monaco), Arne Duncan (Segretario di Stato all'Educazione degli Stati Uniti), Edward J. Wegman (professore di Statistica, George Mason University), John Hennessy (rettore dell'Universit\u00e0 di Stanford), Giovanni Azzone (prorettore del Politecnico di Milano).","og_url":"https:\/\/www.guerini.it\/index.php\/prodotto\/autonomia-verita-universita\/","og_site_name":"Guerini e Associati","article_modified_time":"2024-06-09T18:19:06+00:00","og_image":[{"width":336,"height":437,"url":"https:\/\/www.guerini.it\/wp-content\/uploads\/2012\/05\/978-88-6250-215-3.jpg","type":"image\/jpeg"}],"twitter_card":"summary_large_image","twitter_misc":{"Tempo di lettura stimato":"1 minuto"},"schema":{"@context":"https:\/\/schema.org","@graph":[{"@type":"WebPage","@id":"https:\/\/www.guerini.it\/index.php\/prodotto\/autonomia-verita-universita\/","url":"https:\/\/www.guerini.it\/index.php\/prodotto\/autonomia-verita-universita\/","name":"Autonomia, Verit\u00e0, Universit\u00e0 - Guerini e Associati","isPartOf":{"@id":"https:\/\/www.guerini.it\/#website"},"primaryImageOfPage":{"@id":"https:\/\/www.guerini.it\/index.php\/prodotto\/autonomia-verita-universita\/#primaryimage"},"image":{"@id":"https:\/\/www.guerini.it\/index.php\/prodotto\/autonomia-verita-universita\/#primaryimage"},"thumbnailUrl":"https:\/\/www.guerini.it\/wp-content\/uploads\/2012\/05\/978-88-6250-215-3.jpg","datePublished":"2012-05-24T11:01:05+00:00","dateModified":"2024-06-09T18:19:06+00:00","breadcrumb":{"@id":"https:\/\/www.guerini.it\/index.php\/prodotto\/autonomia-verita-universita\/#breadcrumb"},"inLanguage":"it-IT","potentialAction":[{"@type":"ReadAction","target":["https:\/\/www.guerini.it\/index.php\/prodotto\/autonomia-verita-universita\/"]}]},{"@type":"ImageObject","inLanguage":"it-IT","@id":"https:\/\/www.guerini.it\/index.php\/prodotto\/autonomia-verita-universita\/#primaryimage","url":"https:\/\/www.guerini.it\/wp-content\/uploads\/2012\/05\/978-88-6250-215-3.jpg","contentUrl":"https:\/\/www.guerini.it\/wp-content\/uploads\/2012\/05\/978-88-6250-215-3.jpg","width":336,"height":437,"caption":"Autonomia, Verit\u00e0, Universit\u00e0"},{"@type":"BreadcrumbList","@id":"https:\/\/www.guerini.it\/index.php\/prodotto\/autonomia-verita-universita\/#breadcrumb","itemListElement":[{"@type":"ListItem","position":1,"name":"Home","item":"https:\/\/www.guerini.it\/"},{"@type":"ListItem","position":2,"name":"Catalogo","item":"https:\/\/www.guerini.it\/index.php\/negozio\/"},{"@type":"ListItem","position":3,"name":"Autonomia, Verit\u00e0, Universit\u00e0"}]},{"@type":"WebSite","@id":"https:\/\/www.guerini.it\/#website","url":"https:\/\/www.guerini.it\/","name":"Guerini e Associati","description":"30 anni di libri, idee e libert\u00e0","publisher":{"@id":"https:\/\/www.guerini.it\/#organization"},"potentialAction":[{"@type":"SearchAction","target":{"@type":"EntryPoint","urlTemplate":"https:\/\/www.guerini.it\/?s={search_term_string}"},"query-input":{"@type":"PropertyValueSpecification","valueRequired":true,"valueName":"search_term_string"}}],"inLanguage":"it-IT"},{"@type":"Organization","@id":"https:\/\/www.guerini.it\/#organization","name":"Guerini e Associati","url":"https:\/\/www.guerini.it\/","logo":{"@type":"ImageObject","inLanguage":"it-IT","@id":"https:\/\/www.guerini.it\/#\/schema\/logo\/image\/","url":"https:\/\/www.guerini.it\/wp-content\/uploads\/2021\/03\/Logo-Guerini-OK_-e1615831292285.png","contentUrl":"https:\/\/www.guerini.it\/wp-content\/uploads\/2021\/03\/Logo-Guerini-OK_-e1615831292285.png","width":2805,"height":1870,"caption":"Guerini e Associati"},"image":{"@id":"https:\/\/www.guerini.it\/#\/schema\/logo\/image\/"}}]}},"_links":{"self":[{"href":"https:\/\/www.guerini.it\/index.php\/wp-json\/wp\/v2\/product\/14576","targetHints":{"allow":["GET"]}}],"collection":[{"href":"https:\/\/www.guerini.it\/index.php\/wp-json\/wp\/v2\/product"}],"about":[{"href":"https:\/\/www.guerini.it\/index.php\/wp-json\/wp\/v2\/types\/product"}],"wp:featuredmedia":[{"embeddable":true,"href":"https:\/\/www.guerini.it\/index.php\/wp-json\/wp\/v2\/media\/14575"}],"wp:attachment":[{"href":"https:\/\/www.guerini.it\/index.php\/wp-json\/wp\/v2\/media?parent=14576"}],"wp:term":[{"taxonomy":"product_brand","embeddable":true,"href":"https:\/\/www.guerini.it\/index.php\/wp-json\/wp\/v2\/product_brand?post=14576"},{"taxonomy":"product_cat","embeddable":true,"href":"https:\/\/www.guerini.it\/index.php\/wp-json\/wp\/v2\/product_cat?post=14576"},{"taxonomy":"product_tag","embeddable":true,"href":"https:\/\/www.guerini.it\/index.php\/wp-json\/wp\/v2\/product_tag?post=14576"}],"curies":[{"name":"wp","href":"https:\/\/api.w.org\/{rel}","templated":true}]}}