{"id":14578,"date":"2012-05-24T13:01:05","date_gmt":"2012-05-24T11:01:05","guid":{"rendered":"https:\/\/test.guerini.it\/?product=meglio-un-contadino-laureato-che-un-avvocato-disoccupato"},"modified":"2024-06-12T14:42:06","modified_gmt":"2024-06-12T12:42:06","slug":"meglio-un-contadino-laureato-che-un-avvocato-disoccupato","status":"publish","type":"product","link":"https:\/\/www.guerini.it\/index.php\/prodotto\/meglio-un-contadino-laureato-che-un-avvocato-disoccupato\/","title":{"rendered":"Meglio un contadino laureato che un avvocato disoccupato"},"content":{"rendered":"<p>Lo spopolamento delle campagne \u00e8 una crisi che fa poco rumore, come un\u2019emorragia interna, profonda e strisciante. Essa \u00e8 in parte frutto del disamore delle nuove generazioni nei confronti dell&#8217;attivit\u00e0 agricola, attirate da percorsi formativi apparentemente pi\u00f9 attrattivi perch\u00e9 \u00abdi tendenza\u00bb ma non per questo garanzia di uno sbocco lavorativo. L&#8217;Italia \u00e8 il Paese che conta, per esempio, pi\u00f9 avvocati in Europa: ben 210.000, uno ogni 283 abitanti. Numeri alla mano appare chiaro che \u00e8 \u201cmeglio un contadino laureato che un avvocato disoccupato\u201d.<br \/>\nOccorre allora una rivoluzione culturale, fatta di una capacit\u00e0 di pensiero \u00abglocale\u00bb, di un approccio multisettoriale e multifunzionale che coinvolga le aziende familiari e quelle \u00abprofessionali\u00bb e che riscatti l&#8217;homo ruralis.<\/p>\n","protected":false},"excerpt":{"rendered":"<p>Lo spopolamento delle campagne \u00e8 una crisi che fa poco rumore, come un\u2019emorragia interna, profonda e strisciante. Essa \u00e8 in parte frutto del disamore delle nuove generazioni nei confronti dell&#8217;attivit\u00e0 agricola, attirate da percorsi formativi apparentemente pi\u00f9 attrattivi perch\u00e9 \u00abdi tendenza\u00bb ma non per questo garanzia di uno sbocco lavorativo. L&#8217;Italia \u00e8 il Paese che conta, per esempio, pi\u00f9 avvocati in Europa: ben 210.000, uno ogni 283 abitanti. Numeri alla mano appare chiaro che \u00e8 \u201cmeglio un contadino laureato che un avvocato disoccupato\u201d.<br \/>\nOccorre allora una rivoluzione culturale, fatta di una capacit\u00e0 di pensiero \u00abglocale\u00bb, di un approccio multisettoriale e multifunzionale che coinvolga le aziende familiari e quelle \u00abprofessionali\u00bb e che riscatti l&#8217;homo ruralis.<\/p>\n","protected":false},"featured_media":14577,"template":"","meta":{"_editorskit_title_hidden":false,"_editorskit_reading_time":0,"_editorskit_is_block_options_detached":false,"_editorskit_block_options_position":"{}","_monsterinsights_skip_tracking":false,"_monsterinsights_sitenote_active":false,"_monsterinsights_sitenote_note":"","_monsterinsights_sitenote_category":0},"product_brand":[],"product_cat":[6527],"product_tag":[],"class_list":{"0":"post-14578","1":"product","2":"type-product","3":"status-publish","4":"has-post-thumbnail","6":"product_cat-attualita","7":"pa_country_of_manufacture-it","9":"first","10":"instock","11":"sale","12":"shipping-taxable","13":"purchasable","14":"product-type-simple"},"yoast_head":"<!-- This site is optimized with the Yoast SEO plugin v25.4 - https:\/\/yoast.com\/wordpress\/plugins\/seo\/ -->\n<title>Meglio un contadino laureato che un avvocato disoccupato - Guerini e Associati<\/title>\n<meta name=\"robots\" content=\"index, follow, max-snippet:-1, max-image-preview:large, max-video-preview:-1\" \/>\n<link rel=\"canonical\" href=\"https:\/\/www.guerini.it\/index.php\/prodotto\/meglio-un-contadino-laureato-che-un-avvocato-disoccupato\/\" \/>\n<meta property=\"og:locale\" content=\"it_IT\" \/>\n<meta property=\"og:type\" content=\"article\" \/>\n<meta property=\"og:title\" content=\"Meglio un contadino laureato che un avvocato disoccupato - Guerini e Associati\" \/>\n<meta property=\"og:description\" content=\"Lo spopolamento delle campagne \u00e8 una crisi che fa poco rumore, come un\u2019emorragia interna, profonda e strisciante. Essa \u00e8 in parte frutto del disamore delle nuove generazioni nei confronti dell&#039;attivit\u00e0 agricola, attirate da percorsi formativi apparentemente pi\u00f9 attrattivi perch\u00e9 \u00abdi tendenza\u00bb ma non per questo garanzia di uno sbocco lavorativo. L&#039;Italia \u00e8 il Paese che conta, per esempio, pi\u00f9 avvocati in Europa: ben 210.000, uno ogni 283 abitanti. Numeri alla mano appare chiaro che \u00e8 \u201cmeglio un contadino laureato che un avvocato disoccupato\u201d.  Occorre allora una rivoluzione culturale, fatta di una capacit\u00e0 di pensiero \u00abglocale\u00bb, di un approccio multisettoriale e multifunzionale che coinvolga le aziende familiari e quelle \u00abprofessionali\u00bb e che riscatti l&#039;homo ruralis.\" \/>\n<meta property=\"og:url\" content=\"https:\/\/www.guerini.it\/index.php\/prodotto\/meglio-un-contadino-laureato-che-un-avvocato-disoccupato\/\" \/>\n<meta property=\"og:site_name\" content=\"Guerini e Associati\" \/>\n<meta property=\"article:modified_time\" content=\"2024-06-12T12:42:06+00:00\" \/>\n<meta property=\"og:image\" content=\"https:\/\/www.guerini.it\/wp-content\/uploads\/2012\/05\/cover_14x21_tr_265x411.jpg\" \/>\n\t<meta property=\"og:image:width\" content=\"265\" \/>\n\t<meta property=\"og:image:height\" content=\"411\" \/>\n\t<meta property=\"og:image:type\" content=\"image\/jpeg\" \/>\n<meta name=\"twitter:card\" content=\"summary_large_image\" \/>\n<meta name=\"twitter:label1\" content=\"Tempo di lettura stimato\" \/>\n\t<meta name=\"twitter:data1\" content=\"1 minuto\" \/>\n<!-- \/ Yoast SEO plugin. -->","yoast_head_json":{"title":"Meglio un contadino laureato che un avvocato disoccupato - Guerini e Associati","robots":{"index":"index","follow":"follow","max-snippet":"max-snippet:-1","max-image-preview":"max-image-preview:large","max-video-preview":"max-video-preview:-1"},"canonical":"https:\/\/www.guerini.it\/index.php\/prodotto\/meglio-un-contadino-laureato-che-un-avvocato-disoccupato\/","og_locale":"it_IT","og_type":"article","og_title":"Meglio un contadino laureato che un avvocato disoccupato - Guerini e Associati","og_description":"Lo spopolamento delle campagne \u00e8 una crisi che fa poco rumore, come un\u2019emorragia interna, profonda e strisciante. Essa \u00e8 in parte frutto del disamore delle nuove generazioni nei confronti dell'attivit\u00e0 agricola, attirate da percorsi formativi apparentemente pi\u00f9 attrattivi perch\u00e9 \u00abdi tendenza\u00bb ma non per questo garanzia di uno sbocco lavorativo. L'Italia \u00e8 il Paese che conta, per esempio, pi\u00f9 avvocati in Europa: ben 210.000, uno ogni 283 abitanti. Numeri alla mano appare chiaro che \u00e8 \u201cmeglio un contadino laureato che un avvocato disoccupato\u201d.  Occorre allora una rivoluzione culturale, fatta di una capacit\u00e0 di pensiero \u00abglocale\u00bb, di un approccio multisettoriale e multifunzionale che coinvolga le aziende familiari e quelle \u00abprofessionali\u00bb e che riscatti l'homo ruralis.","og_url":"https:\/\/www.guerini.it\/index.php\/prodotto\/meglio-un-contadino-laureato-che-un-avvocato-disoccupato\/","og_site_name":"Guerini e Associati","article_modified_time":"2024-06-12T12:42:06+00:00","og_image":[{"width":265,"height":411,"url":"https:\/\/www.guerini.it\/wp-content\/uploads\/2012\/05\/cover_14x21_tr_265x411.jpg","type":"image\/jpeg"}],"twitter_card":"summary_large_image","twitter_misc":{"Tempo di lettura stimato":"1 minuto"},"schema":{"@context":"https:\/\/schema.org","@graph":[{"@type":"WebPage","@id":"https:\/\/www.guerini.it\/index.php\/prodotto\/meglio-un-contadino-laureato-che-un-avvocato-disoccupato\/","url":"https:\/\/www.guerini.it\/index.php\/prodotto\/meglio-un-contadino-laureato-che-un-avvocato-disoccupato\/","name":"Meglio un contadino laureato che un avvocato disoccupato - Guerini e Associati","isPartOf":{"@id":"https:\/\/www.guerini.it\/#website"},"primaryImageOfPage":{"@id":"https:\/\/www.guerini.it\/index.php\/prodotto\/meglio-un-contadino-laureato-che-un-avvocato-disoccupato\/#primaryimage"},"image":{"@id":"https:\/\/www.guerini.it\/index.php\/prodotto\/meglio-un-contadino-laureato-che-un-avvocato-disoccupato\/#primaryimage"},"thumbnailUrl":"https:\/\/www.guerini.it\/wp-content\/uploads\/2012\/05\/cover_14x21_tr_265x411.jpg","datePublished":"2012-05-24T11:01:05+00:00","dateModified":"2024-06-12T12:42:06+00:00","breadcrumb":{"@id":"https:\/\/www.guerini.it\/index.php\/prodotto\/meglio-un-contadino-laureato-che-un-avvocato-disoccupato\/#breadcrumb"},"inLanguage":"it-IT","potentialAction":[{"@type":"ReadAction","target":["https:\/\/www.guerini.it\/index.php\/prodotto\/meglio-un-contadino-laureato-che-un-avvocato-disoccupato\/"]}]},{"@type":"ImageObject","inLanguage":"it-IT","@id":"https:\/\/www.guerini.it\/index.php\/prodotto\/meglio-un-contadino-laureato-che-un-avvocato-disoccupato\/#primaryimage","url":"https:\/\/www.guerini.it\/wp-content\/uploads\/2012\/05\/cover_14x21_tr_265x411.jpg","contentUrl":"https:\/\/www.guerini.it\/wp-content\/uploads\/2012\/05\/cover_14x21_tr_265x411.jpg","width":265,"height":411,"caption":"Meglio un contadino laureato che un avvocato disoccupato"},{"@type":"BreadcrumbList","@id":"https:\/\/www.guerini.it\/index.php\/prodotto\/meglio-un-contadino-laureato-che-un-avvocato-disoccupato\/#breadcrumb","itemListElement":[{"@type":"ListItem","position":1,"name":"Home","item":"https:\/\/www.guerini.it\/"},{"@type":"ListItem","position":2,"name":"Catalogo","item":"https:\/\/www.guerini.it\/index.php\/negozio\/"},{"@type":"ListItem","position":3,"name":"Meglio un contadino laureato che un avvocato disoccupato"}]},{"@type":"WebSite","@id":"https:\/\/www.guerini.it\/#website","url":"https:\/\/www.guerini.it\/","name":"Guerini e Associati","description":"30 anni di libri, idee e libert\u00e0","publisher":{"@id":"https:\/\/www.guerini.it\/#organization"},"potentialAction":[{"@type":"SearchAction","target":{"@type":"EntryPoint","urlTemplate":"https:\/\/www.guerini.it\/?s={search_term_string}"},"query-input":{"@type":"PropertyValueSpecification","valueRequired":true,"valueName":"search_term_string"}}],"inLanguage":"it-IT"},{"@type":"Organization","@id":"https:\/\/www.guerini.it\/#organization","name":"Guerini e Associati","url":"https:\/\/www.guerini.it\/","logo":{"@type":"ImageObject","inLanguage":"it-IT","@id":"https:\/\/www.guerini.it\/#\/schema\/logo\/image\/","url":"https:\/\/www.guerini.it\/wp-content\/uploads\/2021\/03\/Logo-Guerini-OK_-e1615831292285.png","contentUrl":"https:\/\/www.guerini.it\/wp-content\/uploads\/2021\/03\/Logo-Guerini-OK_-e1615831292285.png","width":2805,"height":1870,"caption":"Guerini e Associati"},"image":{"@id":"https:\/\/www.guerini.it\/#\/schema\/logo\/image\/"}}]}},"_links":{"self":[{"href":"https:\/\/www.guerini.it\/index.php\/wp-json\/wp\/v2\/product\/14578","targetHints":{"allow":["GET"]}}],"collection":[{"href":"https:\/\/www.guerini.it\/index.php\/wp-json\/wp\/v2\/product"}],"about":[{"href":"https:\/\/www.guerini.it\/index.php\/wp-json\/wp\/v2\/types\/product"}],"wp:featuredmedia":[{"embeddable":true,"href":"https:\/\/www.guerini.it\/index.php\/wp-json\/wp\/v2\/media\/14577"}],"wp:attachment":[{"href":"https:\/\/www.guerini.it\/index.php\/wp-json\/wp\/v2\/media?parent=14578"}],"wp:term":[{"taxonomy":"product_brand","embeddable":true,"href":"https:\/\/www.guerini.it\/index.php\/wp-json\/wp\/v2\/product_brand?post=14578"},{"taxonomy":"product_cat","embeddable":true,"href":"https:\/\/www.guerini.it\/index.php\/wp-json\/wp\/v2\/product_cat?post=14578"},{"taxonomy":"product_tag","embeddable":true,"href":"https:\/\/www.guerini.it\/index.php\/wp-json\/wp\/v2\/product_tag?post=14578"}],"curies":[{"name":"wp","href":"https:\/\/api.w.org\/{rel}","templated":true}]}}