{"id":14602,"date":"2012-05-24T13:01:05","date_gmt":"2012-05-24T11:01:05","guid":{"rendered":"https:\/\/test.guerini.it\/?product=formare-al-management-della-diversita"},"modified":"2024-06-20T12:23:37","modified_gmt":"2024-06-20T10:23:37","slug":"formare-al-management-della-diversita","status":"publish","type":"product","link":"https:\/\/www.guerini.it\/index.php\/prodotto\/formare-al-management-della-diversita\/","title":{"rendered":"Formare al management della diversit\u00e0"},"content":{"rendered":"<p>Lo studio coordinato da Giuditta Alessandrini dedica particolare attenzione alle situazioni di lavoro contemporanee, caratterizzate da fenomeni socioeconomici correlati alla globalizzazione, quali, per esempio, la multietnicit\u00e0 come fenomeno connesso alle dinamiche migratorie e all\u2019integrazione di soggetti stranieri nelle aziende. I contributi presenti nel volume esplorano i modi attraverso i quali il dialogo interculturale pu\u00f2 essere fondamentale per mantenere non solo la competitivit\u00e0 delle imprese ma anche condizioni di benessere organizzativo e di equit\u00e0 nel rispetto dell\u2019alterit\u00e0.<\/p>\n","protected":false},"excerpt":{"rendered":"<p>Lo studio coordinato da Giuditta Alessandrini dedica particolare attenzione alle situazioni di lavoro contemporanee, caratterizzate da fenomeni socioeconomici correlati alla globalizzazione, quali, per esempio, la multietnicit\u00e0 come fenomeno connesso alle dinamiche migratorie e all\u2019integrazione di soggetti stranieri nelle aziende. I contributi presenti nel volume esplorano i modi attraverso i quali il dialogo interculturale pu\u00f2 essere fondamentale per mantenere non solo la competitivit\u00e0 delle imprese ma anche condizioni di benessere organizzativo e di equit\u00e0 nel rispetto dell\u2019alterit\u00e0.<\/p>\n","protected":false},"featured_media":14601,"template":"","meta":{"_editorskit_title_hidden":false,"_editorskit_reading_time":0,"_editorskit_is_block_options_detached":false,"_editorskit_block_options_position":"{}","_monsterinsights_skip_tracking":false,"_monsterinsights_sitenote_active":false,"_monsterinsights_sitenote_note":"","_monsterinsights_sitenote_category":0},"product_brand":[],"product_cat":[6529,6622],"product_tag":[],"class_list":{"0":"post-14602","1":"product","2":"type-product","3":"status-publish","4":"has-post-thumbnail","6":"product_cat-economia-e-management","7":"product_cat-bp","8":"pa_country_of_manufacture-it","10":"first","11":"instock","12":"sale","13":"shipping-taxable","14":"purchasable","15":"product-type-simple"},"yoast_head":"<!-- This site is optimized with the Yoast SEO plugin v25.4 - https:\/\/yoast.com\/wordpress\/plugins\/seo\/ -->\n<title>Formare al management della diversit\u00e0 - Guerini e Associati<\/title>\n<meta name=\"robots\" content=\"index, follow, max-snippet:-1, max-image-preview:large, max-video-preview:-1\" \/>\n<link rel=\"canonical\" href=\"https:\/\/www.guerini.it\/index.php\/prodotto\/formare-al-management-della-diversita\/\" \/>\n<meta property=\"og:locale\" content=\"it_IT\" \/>\n<meta property=\"og:type\" content=\"article\" \/>\n<meta property=\"og:title\" content=\"Formare al management della diversit\u00e0 - Guerini e Associati\" \/>\n<meta property=\"og:description\" content=\"Lo studio coordinato da Giuditta Alessandrini dedica particolare attenzione alle situazioni di lavoro contemporanee, caratterizzate da fenomeni socioeconomici correlati alla globalizzazione, quali, per esempio, la multietnicit\u00e0 come fenomeno connesso alle dinamiche migratorie e all\u2019integrazione di soggetti stranieri nelle aziende. I contributi presenti nel volume esplorano i modi attraverso i quali il dialogo interculturale pu\u00f2 essere fondamentale per mantenere non solo la competitivit\u00e0 delle imprese ma anche condizioni di benessere organizzativo e di equit\u00e0 nel rispetto dell\u2019alterit\u00e0.\" \/>\n<meta property=\"og:url\" content=\"https:\/\/www.guerini.it\/index.php\/prodotto\/formare-al-management-della-diversita\/\" \/>\n<meta property=\"og:site_name\" content=\"Guerini e Associati\" \/>\n<meta property=\"article:modified_time\" content=\"2024-06-20T10:23:37+00:00\" \/>\n<meta property=\"og:image\" content=\"https:\/\/www.guerini.it\/wp-content\/uploads\/2012\/05\/978-88-6250-241-2.jpg\" \/>\n\t<meta property=\"og:image:width\" content=\"198\" \/>\n\t<meta property=\"og:image:height\" content=\"308\" \/>\n\t<meta property=\"og:image:type\" content=\"image\/jpeg\" \/>\n<meta name=\"twitter:card\" content=\"summary_large_image\" \/>\n<meta name=\"twitter:label1\" content=\"Tempo di lettura stimato\" \/>\n\t<meta name=\"twitter:data1\" content=\"1 minuto\" \/>\n<!-- \/ Yoast SEO plugin. -->","yoast_head_json":{"title":"Formare al management della diversit\u00e0 - Guerini e Associati","robots":{"index":"index","follow":"follow","max-snippet":"max-snippet:-1","max-image-preview":"max-image-preview:large","max-video-preview":"max-video-preview:-1"},"canonical":"https:\/\/www.guerini.it\/index.php\/prodotto\/formare-al-management-della-diversita\/","og_locale":"it_IT","og_type":"article","og_title":"Formare al management della diversit\u00e0 - Guerini e Associati","og_description":"Lo studio coordinato da Giuditta Alessandrini dedica particolare attenzione alle situazioni di lavoro contemporanee, caratterizzate da fenomeni socioeconomici correlati alla globalizzazione, quali, per esempio, la multietnicit\u00e0 come fenomeno connesso alle dinamiche migratorie e all\u2019integrazione di soggetti stranieri nelle aziende. I contributi presenti nel volume esplorano i modi attraverso i quali il dialogo interculturale pu\u00f2 essere fondamentale per mantenere non solo la competitivit\u00e0 delle imprese ma anche condizioni di benessere organizzativo e di equit\u00e0 nel rispetto dell\u2019alterit\u00e0.","og_url":"https:\/\/www.guerini.it\/index.php\/prodotto\/formare-al-management-della-diversita\/","og_site_name":"Guerini e Associati","article_modified_time":"2024-06-20T10:23:37+00:00","og_image":[{"width":198,"height":308,"url":"https:\/\/www.guerini.it\/wp-content\/uploads\/2012\/05\/978-88-6250-241-2.jpg","type":"image\/jpeg"}],"twitter_card":"summary_large_image","twitter_misc":{"Tempo di lettura stimato":"1 minuto"},"schema":{"@context":"https:\/\/schema.org","@graph":[{"@type":"WebPage","@id":"https:\/\/www.guerini.it\/index.php\/prodotto\/formare-al-management-della-diversita\/","url":"https:\/\/www.guerini.it\/index.php\/prodotto\/formare-al-management-della-diversita\/","name":"Formare al management della diversit\u00e0 - Guerini e Associati","isPartOf":{"@id":"https:\/\/www.guerini.it\/#website"},"primaryImageOfPage":{"@id":"https:\/\/www.guerini.it\/index.php\/prodotto\/formare-al-management-della-diversita\/#primaryimage"},"image":{"@id":"https:\/\/www.guerini.it\/index.php\/prodotto\/formare-al-management-della-diversita\/#primaryimage"},"thumbnailUrl":"https:\/\/www.guerini.it\/wp-content\/uploads\/2012\/05\/978-88-6250-241-2.jpg","datePublished":"2012-05-24T11:01:05+00:00","dateModified":"2024-06-20T10:23:37+00:00","breadcrumb":{"@id":"https:\/\/www.guerini.it\/index.php\/prodotto\/formare-al-management-della-diversita\/#breadcrumb"},"inLanguage":"it-IT","potentialAction":[{"@type":"ReadAction","target":["https:\/\/www.guerini.it\/index.php\/prodotto\/formare-al-management-della-diversita\/"]}]},{"@type":"ImageObject","inLanguage":"it-IT","@id":"https:\/\/www.guerini.it\/index.php\/prodotto\/formare-al-management-della-diversita\/#primaryimage","url":"https:\/\/www.guerini.it\/wp-content\/uploads\/2012\/05\/978-88-6250-241-2.jpg","contentUrl":"https:\/\/www.guerini.it\/wp-content\/uploads\/2012\/05\/978-88-6250-241-2.jpg","width":198,"height":308,"caption":"Formare al management della diversit\u00e0"},{"@type":"BreadcrumbList","@id":"https:\/\/www.guerini.it\/index.php\/prodotto\/formare-al-management-della-diversita\/#breadcrumb","itemListElement":[{"@type":"ListItem","position":1,"name":"Home","item":"https:\/\/www.guerini.it\/"},{"@type":"ListItem","position":2,"name":"Catalogo","item":"https:\/\/www.guerini.it\/index.php\/negozio\/"},{"@type":"ListItem","position":3,"name":"Formare al management della diversit\u00e0"}]},{"@type":"WebSite","@id":"https:\/\/www.guerini.it\/#website","url":"https:\/\/www.guerini.it\/","name":"Guerini e Associati","description":"30 anni di libri, idee e libert\u00e0","publisher":{"@id":"https:\/\/www.guerini.it\/#organization"},"potentialAction":[{"@type":"SearchAction","target":{"@type":"EntryPoint","urlTemplate":"https:\/\/www.guerini.it\/?s={search_term_string}"},"query-input":{"@type":"PropertyValueSpecification","valueRequired":true,"valueName":"search_term_string"}}],"inLanguage":"it-IT"},{"@type":"Organization","@id":"https:\/\/www.guerini.it\/#organization","name":"Guerini e Associati","url":"https:\/\/www.guerini.it\/","logo":{"@type":"ImageObject","inLanguage":"it-IT","@id":"https:\/\/www.guerini.it\/#\/schema\/logo\/image\/","url":"https:\/\/www.guerini.it\/wp-content\/uploads\/2021\/03\/Logo-Guerini-OK_-e1615831292285.png","contentUrl":"https:\/\/www.guerini.it\/wp-content\/uploads\/2021\/03\/Logo-Guerini-OK_-e1615831292285.png","width":2805,"height":1870,"caption":"Guerini e Associati"},"image":{"@id":"https:\/\/www.guerini.it\/#\/schema\/logo\/image\/"}}]}},"_links":{"self":[{"href":"https:\/\/www.guerini.it\/index.php\/wp-json\/wp\/v2\/product\/14602","targetHints":{"allow":["GET"]}}],"collection":[{"href":"https:\/\/www.guerini.it\/index.php\/wp-json\/wp\/v2\/product"}],"about":[{"href":"https:\/\/www.guerini.it\/index.php\/wp-json\/wp\/v2\/types\/product"}],"wp:featuredmedia":[{"embeddable":true,"href":"https:\/\/www.guerini.it\/index.php\/wp-json\/wp\/v2\/media\/14601"}],"wp:attachment":[{"href":"https:\/\/www.guerini.it\/index.php\/wp-json\/wp\/v2\/media?parent=14602"}],"wp:term":[{"taxonomy":"product_brand","embeddable":true,"href":"https:\/\/www.guerini.it\/index.php\/wp-json\/wp\/v2\/product_brand?post=14602"},{"taxonomy":"product_cat","embeddable":true,"href":"https:\/\/www.guerini.it\/index.php\/wp-json\/wp\/v2\/product_cat?post=14602"},{"taxonomy":"product_tag","embeddable":true,"href":"https:\/\/www.guerini.it\/index.php\/wp-json\/wp\/v2\/product_tag?post=14602"}],"curies":[{"name":"wp","href":"https:\/\/api.w.org\/{rel}","templated":true}]}}