{"id":14628,"date":"2012-05-24T13:01:06","date_gmt":"2012-05-24T11:01:06","guid":{"rendered":"https:\/\/test.guerini.it\/?product=strategic-customer-service"},"modified":"2024-06-12T14:40:07","modified_gmt":"2024-06-12T12:40:07","slug":"strategic-customer-service","status":"publish","type":"product","link":"https:\/\/www.guerini.it\/index.php\/prodotto\/strategic-customer-service\/","title":{"rendered":"Strategic Customer Service"},"content":{"rendered":"<p style=\"text-align: justify;\">Il successo di ogni azienda dipende dalla sua capacit\u00e0 di avere clienti soddisfatti. Tuttavia molti dirigenti, sebbene consapevoli di questa realt\u00e0, tendono a considerare il servizio al cliente come un punto stagnante dell\u2019organizzazione, nonch\u00e9 una voce di costo, anzich\u00e9 il differenziatore competitivo dei mercati di oggi. I guadagni di produttivit\u00e0 come risultato della tecnologia, dell\u2019outsourcing e del consolidamento settoriale sono gi\u00e0 stati ampiamente realizzati, lasciando il servizio al cliente, inteso in senso ampio, come uno dei pochi ambiti ancora disponibili per ottenere riduzione di costi e aumento di profitti.<br \/>\nIl libro di Goodman costituisce la prima guida operativa per progettare e realizzare una funzione aziendale di servizio al cliente che opera in modo strategico, generando maggiori ricavi, maggiori margini, minori costi e passaparola positivo. Rivolto ai dirigenti di primo livello delle aziende di tutti i settori e, in particolare, a coloro che aspirano a diventare chief customer officer, il libro si concentra sulle implicazioni positive di un approccio strategico nei confronti di tutte le relazioni tra un\u2019azienda e i suoi clienti. La gestione strategica del servizio al cliente offre una visione chiara e completa per ottenere informazioni precise sulle quali basare le decisioni che influenzano i clienti, avere pi\u00f9 tempo per la vendita e creare legami emozionali con i clienti che bloccano i concorrenti e rafforzano la fedelt\u00e0 al brand.<\/p>\n<hr \/>\n<p style=\"text-align: justify;\"><strong>JOHN A. GOODMAN<\/strong> \u00e8 Vice Chairman di TARP (www.tarp.com), societ\u00e0 di consulenza americana da lui co-fondata nel 1971, specializzata nella gestione della customer experience. \u00c8 considerato uno dei fondatori della gestione della customer experience. Nelle sue ricerche ha quantificato l\u2019impatto sui profitti derivante dal passaparola e dalla formazione dei clienti.<\/p>\n<p style=\"text-align: justify;\"><strong>ALESSANDRO DONETTI<\/strong> \u00e8 Managing Partner di CBE in Italia e membro del board di CBE Group, gruppo operante nel settore della consulenza manageriale con sedi in quattro continenti (www.cbe-group.com).<\/p>\n","protected":false},"excerpt":{"rendered":"<p>La prima guida operativa per progettare e realizzare una funzione aziendale di servizio al cliente, generando maggiori ricavi, minori costi e passaparola positivo. Rivolto ai dirigenti di primo livello di tutti i settori, il libro si concentra sulle implicazioni positive di un approccio strategico nelle relazioni tra un\u2019azienda e i suoi clienti.<\/p>\n","protected":false},"featured_media":23136,"template":"","meta":{"_editorskit_title_hidden":false,"_editorskit_reading_time":0,"_editorskit_is_block_options_detached":false,"_editorskit_block_options_position":"{}","_monsterinsights_skip_tracking":false,"_monsterinsights_sitenote_active":false,"_monsterinsights_sitenote_note":"","_monsterinsights_sitenote_category":0},"product_brand":[],"product_cat":[6529,6632],"product_tag":[],"class_list":{"0":"post-14628","1":"product","2":"type-product","3":"status-publish","4":"has-post-thumbnail","6":"product_cat-economia-e-management","7":"product_cat-asm","8":"pa_country_of_manufacture-it","9":"pa_guerini_amazon_link-https-www-amazon-it-strategic-costomer-service-john-goodman-dp-8862501927","10":"pa_guerini_feltrinelli_link-https-www-lafeltrinelli-it-strategic-costomer-service-libro-john-a-goodman-e-9788862501927","11":"pa_guerini_ibs_link-https-www-ibs-it-strategic-costomer-service-libro-john-a-goodman-e-9788862501927","12":"pa_guerini_libruniver_link-https-www-libreriauniversitaria-it-strategic-costomer-service-goodman-john-libro-9788862501927","13":"pa_guerini_mondadori_link-https-www-mondadoristore-it-strategic-costomer-service-john-a-goodman-eai978886250192","15":"first","16":"instock","17":"sale","18":"shipping-taxable","19":"purchasable","20":"product-type-simple"},"yoast_head":"<!-- This site is optimized with the Yoast SEO plugin v25.4 - https:\/\/yoast.com\/wordpress\/plugins\/seo\/ -->\n<title>Strategic Customer Service - Guerini e Associati<\/title>\n<meta name=\"robots\" content=\"index, follow, max-snippet:-1, max-image-preview:large, max-video-preview:-1\" \/>\n<link rel=\"canonical\" href=\"https:\/\/www.guerini.it\/index.php\/prodotto\/strategic-customer-service\/\" \/>\n<meta property=\"og:locale\" content=\"it_IT\" \/>\n<meta property=\"og:type\" content=\"article\" \/>\n<meta property=\"og:title\" content=\"Strategic Customer Service - Guerini e Associati\" \/>\n<meta property=\"og:description\" content=\"La prima guida operativa per progettare e realizzare una funzione aziendale di servizio al cliente, generando maggiori ricavi, minori costi e passaparola positivo. Rivolto ai dirigenti di primo livello di tutti i settori, il libro si concentra sulle implicazioni positive di un approccio strategico nelle relazioni tra un\u2019azienda e i suoi clienti.\" \/>\n<meta property=\"og:url\" content=\"https:\/\/www.guerini.it\/index.php\/prodotto\/strategic-customer-service\/\" \/>\n<meta property=\"og:site_name\" content=\"Guerini e Associati\" \/>\n<meta property=\"article:modified_time\" content=\"2024-06-12T12:40:07+00:00\" \/>\n<meta property=\"og:image\" content=\"https:\/\/www.guerini.it\/wp-content\/uploads\/2012\/05\/FRONT-Cover-Strategic-Customer-Service-e1664524950732.png\" \/>\n\t<meta property=\"og:image:width\" content=\"226\" \/>\n\t<meta property=\"og:image:height\" content=\"350\" \/>\n\t<meta property=\"og:image:type\" content=\"image\/png\" \/>\n<meta name=\"twitter:card\" content=\"summary_large_image\" \/>\n<meta name=\"twitter:label1\" content=\"Tempo di lettura stimato\" \/>\n\t<meta name=\"twitter:data1\" content=\"2 minuti\" \/>\n<!-- \/ Yoast SEO plugin. -->","yoast_head_json":{"title":"Strategic Customer Service - Guerini e Associati","robots":{"index":"index","follow":"follow","max-snippet":"max-snippet:-1","max-image-preview":"max-image-preview:large","max-video-preview":"max-video-preview:-1"},"canonical":"https:\/\/www.guerini.it\/index.php\/prodotto\/strategic-customer-service\/","og_locale":"it_IT","og_type":"article","og_title":"Strategic Customer Service - Guerini e Associati","og_description":"La prima guida operativa per progettare e realizzare una funzione aziendale di servizio al cliente, generando maggiori ricavi, minori costi e passaparola positivo. Rivolto ai dirigenti di primo livello di tutti i settori, il libro si concentra sulle implicazioni positive di un approccio strategico nelle relazioni tra un\u2019azienda e i suoi clienti.","og_url":"https:\/\/www.guerini.it\/index.php\/prodotto\/strategic-customer-service\/","og_site_name":"Guerini e Associati","article_modified_time":"2024-06-12T12:40:07+00:00","og_image":[{"width":226,"height":350,"url":"https:\/\/www.guerini.it\/wp-content\/uploads\/2012\/05\/FRONT-Cover-Strategic-Customer-Service-e1664524950732.png","type":"image\/png"}],"twitter_card":"summary_large_image","twitter_misc":{"Tempo di lettura stimato":"2 minuti"},"schema":{"@context":"https:\/\/schema.org","@graph":[{"@type":"WebPage","@id":"https:\/\/www.guerini.it\/index.php\/prodotto\/strategic-customer-service\/","url":"https:\/\/www.guerini.it\/index.php\/prodotto\/strategic-customer-service\/","name":"Strategic Customer Service - Guerini e Associati","isPartOf":{"@id":"https:\/\/www.guerini.it\/#website"},"primaryImageOfPage":{"@id":"https:\/\/www.guerini.it\/index.php\/prodotto\/strategic-customer-service\/#primaryimage"},"image":{"@id":"https:\/\/www.guerini.it\/index.php\/prodotto\/strategic-customer-service\/#primaryimage"},"thumbnailUrl":"https:\/\/www.guerini.it\/wp-content\/uploads\/2012\/05\/FRONT-Cover-Strategic-Customer-Service-e1664524950732.png","datePublished":"2012-05-24T11:01:06+00:00","dateModified":"2024-06-12T12:40:07+00:00","breadcrumb":{"@id":"https:\/\/www.guerini.it\/index.php\/prodotto\/strategic-customer-service\/#breadcrumb"},"inLanguage":"it-IT","potentialAction":[{"@type":"ReadAction","target":["https:\/\/www.guerini.it\/index.php\/prodotto\/strategic-customer-service\/"]}]},{"@type":"ImageObject","inLanguage":"it-IT","@id":"https:\/\/www.guerini.it\/index.php\/prodotto\/strategic-customer-service\/#primaryimage","url":"https:\/\/www.guerini.it\/wp-content\/uploads\/2012\/05\/FRONT-Cover-Strategic-Customer-Service-e1664524950732.png","contentUrl":"https:\/\/www.guerini.it\/wp-content\/uploads\/2012\/05\/FRONT-Cover-Strategic-Customer-Service-e1664524950732.png","width":226,"height":350},{"@type":"BreadcrumbList","@id":"https:\/\/www.guerini.it\/index.php\/prodotto\/strategic-customer-service\/#breadcrumb","itemListElement":[{"@type":"ListItem","position":1,"name":"Home","item":"https:\/\/www.guerini.it\/"},{"@type":"ListItem","position":2,"name":"Catalogo","item":"https:\/\/www.guerini.it\/index.php\/negozio\/"},{"@type":"ListItem","position":3,"name":"Strategic Customer Service"}]},{"@type":"WebSite","@id":"https:\/\/www.guerini.it\/#website","url":"https:\/\/www.guerini.it\/","name":"Guerini e Associati","description":"30 anni di libri, idee e libert\u00e0","publisher":{"@id":"https:\/\/www.guerini.it\/#organization"},"potentialAction":[{"@type":"SearchAction","target":{"@type":"EntryPoint","urlTemplate":"https:\/\/www.guerini.it\/?s={search_term_string}"},"query-input":{"@type":"PropertyValueSpecification","valueRequired":true,"valueName":"search_term_string"}}],"inLanguage":"it-IT"},{"@type":"Organization","@id":"https:\/\/www.guerini.it\/#organization","name":"Guerini e Associati","url":"https:\/\/www.guerini.it\/","logo":{"@type":"ImageObject","inLanguage":"it-IT","@id":"https:\/\/www.guerini.it\/#\/schema\/logo\/image\/","url":"https:\/\/www.guerini.it\/wp-content\/uploads\/2021\/03\/Logo-Guerini-OK_-e1615831292285.png","contentUrl":"https:\/\/www.guerini.it\/wp-content\/uploads\/2021\/03\/Logo-Guerini-OK_-e1615831292285.png","width":2805,"height":1870,"caption":"Guerini e Associati"},"image":{"@id":"https:\/\/www.guerini.it\/#\/schema\/logo\/image\/"}}]}},"_links":{"self":[{"href":"https:\/\/www.guerini.it\/index.php\/wp-json\/wp\/v2\/product\/14628","targetHints":{"allow":["GET"]}}],"collection":[{"href":"https:\/\/www.guerini.it\/index.php\/wp-json\/wp\/v2\/product"}],"about":[{"href":"https:\/\/www.guerini.it\/index.php\/wp-json\/wp\/v2\/types\/product"}],"wp:featuredmedia":[{"embeddable":true,"href":"https:\/\/www.guerini.it\/index.php\/wp-json\/wp\/v2\/media\/23136"}],"wp:attachment":[{"href":"https:\/\/www.guerini.it\/index.php\/wp-json\/wp\/v2\/media?parent=14628"}],"wp:term":[{"taxonomy":"product_brand","embeddable":true,"href":"https:\/\/www.guerini.it\/index.php\/wp-json\/wp\/v2\/product_brand?post=14628"},{"taxonomy":"product_cat","embeddable":true,"href":"https:\/\/www.guerini.it\/index.php\/wp-json\/wp\/v2\/product_cat?post=14628"},{"taxonomy":"product_tag","embeddable":true,"href":"https:\/\/www.guerini.it\/index.php\/wp-json\/wp\/v2\/product_tag?post=14628"}],"curies":[{"name":"wp","href":"https:\/\/api.w.org\/{rel}","templated":true}]}}