{"id":14630,"date":"2012-05-24T13:01:06","date_gmt":"2012-05-24T11:01:06","guid":{"rendered":"https:\/\/test.guerini.it\/?product=un-etica-per-manager"},"modified":"2024-06-12T14:40:13","modified_gmt":"2024-06-12T12:40:13","slug":"un-etica-per-manager","status":"publish","type":"product","link":"https:\/\/www.guerini.it\/index.php\/prodotto\/un-etica-per-manager\/","title":{"rendered":"Un&#8217;etica per manager"},"content":{"rendered":"<p style=\"text-align: justify;\">&#8220;La difesa dell&#8217;etica viene spesso additata come strumento aggressivo nei confronti di chi \u00e8 costretto a perseguire obiettivi difficili e quindi a non badare troppo alle scelte imposte lungo il cammino. E chi difende l&#8217;etica \u00e8 tacciato di moralismo, di superficialit\u00e0 di giudizio. Chiediamoci allora se \u00e8 possibile essere un ottimo uomo d&#8217;impresa rispettando contemporaneamente con scrupolo i valori morali. Noi rispondiamo che non solo \u00e8 possibile, ma che anche il valore economico non pu\u00f2 prescindere da una generale moralit\u00e0. L&#8217;etica e il profitto sono ampiamente compatibili. E l&#8217;uomo d&#8217;azienda, essendo inevitabilmente un modello sociale, deve rispettare sempre questo ruolo perch\u00e9 le sue azioni vengano prese ad esempio dai cittadini come modi di vita da imitare&#8221;.<\/p>\n<p style=\"text-align: justify;\">\u00c8 possibile essere un ottimo uomo d\u2019impresa rispettando contemporaneamente con scrupolo i valori morali? Noi rispondiamo che non solo \u00e8 possibile, ma che il valore economico non pu\u00f2 prescindere da una generale moralit\u00e0. Contributi di Zygmunt Bauman, Archie B. Carrol, Carlo Casalone s.j., Paolo Fabbri, Francois Jullien, Serge Latouche, Giancarlo Livraghi, Giuseppe O. Longo, Carlo Pelanda, Salvatore Veca.<\/p>\n","protected":false},"excerpt":{"rendered":"<p>\u00c8 possibile essere un ottimo uomo d\u2019impresa rispettando contemporaneamente con scrupolo i valori morali? Noi rispondiamo che non solo \u00e8 possibile, ma che il valore economico non pu\u00f2 prescindere da una generale moralit\u00e0. Contributi di Zygmunt Bauman, Archie B. Carrol, Carlo Casalone s.j., Paolo Fabbri, Francois Jullien, Serge Latouche, Giancarlo Livraghi, Giuseppe O. Longo, Carlo Pelanda, Salvatore Veca.<\/p>\n","protected":false},"featured_media":14629,"template":"","meta":{"_editorskit_title_hidden":false,"_editorskit_reading_time":0,"_editorskit_is_block_options_detached":false,"_editorskit_block_options_position":"{}","_monsterinsights_skip_tracking":false,"_monsterinsights_sitenote_active":false,"_monsterinsights_sitenote_note":"","_monsterinsights_sitenote_category":0},"product_brand":[],"product_cat":[6529,6668],"product_tag":[],"class_list":{"0":"post-14630","1":"product","2":"type-product","3":"status-publish","4":"has-post-thumbnail","6":"product_cat-economia-e-management","7":"product_cat-ng","8":"pa_guerini_amazon_link-https-www-amazon-it-unetica-manager-b-bonsignore-dp-8862501919","9":"pa_guerini_feltrinelli_link-https-www-lafeltrinelli-it-etica-per-manager-libro-vari-e-9788862501910","10":"pa_guerini_ibs_link-https-www-ibs-it-etica-per-manager-libro-vari-e-9788862501910","11":"pa_guerini_libruniver_link-https-www-libreriauniversitaria-it-etica-manager-guerini-associati-libro-9788862501910","12":"pa_guerini_mondadori_link-https-www-mondadoristore-it-un-etica-per-manager-na-eai978886250191","14":"first","15":"instock","16":"sale","17":"shipping-taxable","18":"purchasable","19":"product-type-simple"},"yoast_head":"<!-- This site is optimized with the Yoast SEO plugin v25.4 - https:\/\/yoast.com\/wordpress\/plugins\/seo\/ -->\n<title>Un&#039;etica per manager - Guerini e Associati<\/title>\n<meta name=\"robots\" content=\"index, follow, max-snippet:-1, max-image-preview:large, max-video-preview:-1\" \/>\n<link rel=\"canonical\" href=\"https:\/\/www.guerini.it\/index.php\/prodotto\/un-etica-per-manager\/\" \/>\n<meta property=\"og:locale\" content=\"it_IT\" \/>\n<meta property=\"og:type\" content=\"article\" \/>\n<meta property=\"og:title\" content=\"Un&#039;etica per manager - Guerini e Associati\" \/>\n<meta property=\"og:description\" content=\"\u00c8 possibile essere un ottimo uomo d\u2019impresa rispettando contemporaneamente con scrupolo i valori morali? Noi rispondiamo che non solo \u00e8 possibile, ma che il valore economico non pu\u00f2 prescindere da una generale moralit\u00e0. Contributi di Zygmunt Bauman, Archie B. Carrol, Carlo Casalone s.j., Paolo Fabbri, Francois Jullien, Serge Latouche, Giancarlo Livraghi, Giuseppe O. Longo, Carlo Pelanda, Salvatore Veca.\" \/>\n<meta property=\"og:url\" content=\"https:\/\/www.guerini.it\/index.php\/prodotto\/un-etica-per-manager\/\" \/>\n<meta property=\"og:site_name\" content=\"Guerini e Associati\" \/>\n<meta property=\"article:modified_time\" content=\"2024-06-12T12:40:13+00:00\" \/>\n<meta property=\"og:image\" content=\"https:\/\/www.guerini.it\/wp-content\/uploads\/2012\/05\/978-88-6250-191-0.jpg\" \/>\n\t<meta property=\"og:image:width\" content=\"120\" \/>\n\t<meta property=\"og:image:height\" content=\"187\" \/>\n\t<meta property=\"og:image:type\" content=\"image\/jpeg\" \/>\n<meta name=\"twitter:card\" content=\"summary_large_image\" \/>\n<meta name=\"twitter:label1\" content=\"Tempo di lettura stimato\" \/>\n\t<meta name=\"twitter:data1\" content=\"1 minuto\" \/>\n<!-- \/ Yoast SEO plugin. -->","yoast_head_json":{"title":"Un'etica per manager - Guerini e Associati","robots":{"index":"index","follow":"follow","max-snippet":"max-snippet:-1","max-image-preview":"max-image-preview:large","max-video-preview":"max-video-preview:-1"},"canonical":"https:\/\/www.guerini.it\/index.php\/prodotto\/un-etica-per-manager\/","og_locale":"it_IT","og_type":"article","og_title":"Un'etica per manager - Guerini e Associati","og_description":"\u00c8 possibile essere un ottimo uomo d\u2019impresa rispettando contemporaneamente con scrupolo i valori morali? Noi rispondiamo che non solo \u00e8 possibile, ma che il valore economico non pu\u00f2 prescindere da una generale moralit\u00e0. Contributi di Zygmunt Bauman, Archie B. Carrol, Carlo Casalone s.j., Paolo Fabbri, Francois Jullien, Serge Latouche, Giancarlo Livraghi, Giuseppe O. Longo, Carlo Pelanda, Salvatore Veca.","og_url":"https:\/\/www.guerini.it\/index.php\/prodotto\/un-etica-per-manager\/","og_site_name":"Guerini e Associati","article_modified_time":"2024-06-12T12:40:13+00:00","og_image":[{"width":120,"height":187,"url":"https:\/\/www.guerini.it\/wp-content\/uploads\/2012\/05\/978-88-6250-191-0.jpg","type":"image\/jpeg"}],"twitter_card":"summary_large_image","twitter_misc":{"Tempo di lettura stimato":"1 minuto"},"schema":{"@context":"https:\/\/schema.org","@graph":[{"@type":"WebPage","@id":"https:\/\/www.guerini.it\/index.php\/prodotto\/un-etica-per-manager\/","url":"https:\/\/www.guerini.it\/index.php\/prodotto\/un-etica-per-manager\/","name":"Un'etica per manager - Guerini e Associati","isPartOf":{"@id":"https:\/\/www.guerini.it\/#website"},"primaryImageOfPage":{"@id":"https:\/\/www.guerini.it\/index.php\/prodotto\/un-etica-per-manager\/#primaryimage"},"image":{"@id":"https:\/\/www.guerini.it\/index.php\/prodotto\/un-etica-per-manager\/#primaryimage"},"thumbnailUrl":"https:\/\/www.guerini.it\/wp-content\/uploads\/2012\/05\/978-88-6250-191-0.jpg","datePublished":"2012-05-24T11:01:06+00:00","dateModified":"2024-06-12T12:40:13+00:00","breadcrumb":{"@id":"https:\/\/www.guerini.it\/index.php\/prodotto\/un-etica-per-manager\/#breadcrumb"},"inLanguage":"it-IT","potentialAction":[{"@type":"ReadAction","target":["https:\/\/www.guerini.it\/index.php\/prodotto\/un-etica-per-manager\/"]}]},{"@type":"ImageObject","inLanguage":"it-IT","@id":"https:\/\/www.guerini.it\/index.php\/prodotto\/un-etica-per-manager\/#primaryimage","url":"https:\/\/www.guerini.it\/wp-content\/uploads\/2012\/05\/978-88-6250-191-0.jpg","contentUrl":"https:\/\/www.guerini.it\/wp-content\/uploads\/2012\/05\/978-88-6250-191-0.jpg","width":120,"height":187,"caption":"Un'etica per manager"},{"@type":"BreadcrumbList","@id":"https:\/\/www.guerini.it\/index.php\/prodotto\/un-etica-per-manager\/#breadcrumb","itemListElement":[{"@type":"ListItem","position":1,"name":"Home","item":"https:\/\/www.guerini.it\/"},{"@type":"ListItem","position":2,"name":"Catalogo","item":"https:\/\/www.guerini.it\/index.php\/negozio\/"},{"@type":"ListItem","position":3,"name":"Un&#8217;etica per manager"}]},{"@type":"WebSite","@id":"https:\/\/www.guerini.it\/#website","url":"https:\/\/www.guerini.it\/","name":"Guerini e Associati","description":"30 anni di libri, idee e libert\u00e0","publisher":{"@id":"https:\/\/www.guerini.it\/#organization"},"potentialAction":[{"@type":"SearchAction","target":{"@type":"EntryPoint","urlTemplate":"https:\/\/www.guerini.it\/?s={search_term_string}"},"query-input":{"@type":"PropertyValueSpecification","valueRequired":true,"valueName":"search_term_string"}}],"inLanguage":"it-IT"},{"@type":"Organization","@id":"https:\/\/www.guerini.it\/#organization","name":"Guerini e Associati","url":"https:\/\/www.guerini.it\/","logo":{"@type":"ImageObject","inLanguage":"it-IT","@id":"https:\/\/www.guerini.it\/#\/schema\/logo\/image\/","url":"https:\/\/www.guerini.it\/wp-content\/uploads\/2021\/03\/Logo-Guerini-OK_-e1615831292285.png","contentUrl":"https:\/\/www.guerini.it\/wp-content\/uploads\/2021\/03\/Logo-Guerini-OK_-e1615831292285.png","width":2805,"height":1870,"caption":"Guerini e Associati"},"image":{"@id":"https:\/\/www.guerini.it\/#\/schema\/logo\/image\/"}}]}},"_links":{"self":[{"href":"https:\/\/www.guerini.it\/index.php\/wp-json\/wp\/v2\/product\/14630","targetHints":{"allow":["GET"]}}],"collection":[{"href":"https:\/\/www.guerini.it\/index.php\/wp-json\/wp\/v2\/product"}],"about":[{"href":"https:\/\/www.guerini.it\/index.php\/wp-json\/wp\/v2\/types\/product"}],"wp:featuredmedia":[{"embeddable":true,"href":"https:\/\/www.guerini.it\/index.php\/wp-json\/wp\/v2\/media\/14629"}],"wp:attachment":[{"href":"https:\/\/www.guerini.it\/index.php\/wp-json\/wp\/v2\/media?parent=14630"}],"wp:term":[{"taxonomy":"product_brand","embeddable":true,"href":"https:\/\/www.guerini.it\/index.php\/wp-json\/wp\/v2\/product_brand?post=14630"},{"taxonomy":"product_cat","embeddable":true,"href":"https:\/\/www.guerini.it\/index.php\/wp-json\/wp\/v2\/product_cat?post=14630"},{"taxonomy":"product_tag","embeddable":true,"href":"https:\/\/www.guerini.it\/index.php\/wp-json\/wp\/v2\/product_tag?post=14630"}],"curies":[{"name":"wp","href":"https:\/\/api.w.org\/{rel}","templated":true}]}}