{"id":14676,"date":"2012-05-24T13:01:06","date_gmt":"2012-05-24T11:01:06","guid":{"rendered":"https:\/\/test.guerini.it\/?product=scuola-democratica-learning-for-democracy-n-4-2012"},"modified":"2024-06-12T14:41:58","modified_gmt":"2024-06-12T12:41:58","slug":"scuola-democratica-learning-for-democracy-n-4-2012","status":"publish","type":"product","link":"https:\/\/www.guerini.it\/index.php\/prodotto\/scuola-democratica-learning-for-democracy-n-4-2012\/","title":{"rendered":"Scuola democratica. Learning for democracy. N\u00b0 4-2012"},"content":{"rendered":"<p style=\"text-align: justify;\"><strong>Scuola Democratica &#8211; Learning for Democracy<\/strong> \u00e8 una rivista quadrimestrale che intende offrirsi come luogo di ricerca, di riflessione e di dibattito sull\u2019intera area dell\u2019<em>education<\/em> e del <em>learning<\/em>, articolandosi in tre settori (scuola; universit\u00e0; apprendimento, formazione e lavoro), affrontati specificamente ma anche in modo integrato e trasversale. Si indirizza a ricercatori, esperti, amministratori, dirigenti, insegnanti, formatori, ed \u00e8 aperta ai loro contributi. Supportata da un network scientifico composto da oltre 100 studiosi, si propone come un punto di incontro tra le varie discipline (in particolare antropologia, economia, pedagogia, psicologia e sociologia) che si occupano delle tematiche educative e formative. \u00c8 supportata altres\u00ec da un\u2019associazione creata <em>ad hoc<\/em> che conta autorevoli partner istituzionali.<\/p>\n<p style=\"text-align: justify;\">Il numero si apre con le interviste a tre esperte internazionali, introdotte da Clotilde Pontecorvo, che offrono interessanti prospettive sull\u2019apprendimento fuori e dentro la scuola. Per i <strong>saggi<\/strong> sono presenti contributi che spaziano culturalmente e geograficamente tra cui: l\u2019analisi dei sistemi scolastici di Korea e Singapore, uno studio comparativo dei regimi di <em>lifelong learning<\/em> a livello europeo, una proposta critica del 3+2 in termini di riproduzione delle diseguaglianze. In<strong> note e punti di vista<\/strong> proseguono le voci sul tema delle competenze a scuola, si riflette poi sulla misurazione standardizzata degli apprendimenti degli studenti attraverso il <em>testing<\/em> e sul legame tra istruzione, apprendimento e crescita economica. Si dibatte sui processi di differenziazione e sui sistemi di <em>governance<\/em> nelle universit\u00e0 italiane e sulle questioni del <em>matching<\/em> tra formazione e lavoro in Italia. In <strong>pratiche e teorie<\/strong> sono presenti contributi che guardano a contesti sia scolastici che universitari e le <strong>recensioni<\/strong> sono ricche di contributi internazionali. Due insegnanti scrittori raccontano storie di precariet\u00e0 educativa e <strong>zeno<\/strong> chiude il numero con le sue vicende di socializzazione e di apprendimento\u2026 non sempre lineari.<\/p>\n<p><em><a href=\"http:\/\/www.scuolademocratica.it\/abbonamenti-rivista\/\" target=\"_blank\" rel=\"noopener\">Per abbonamenti: http:\/\/www.scuolademocratica.it\/abbonamenti-rivista\/<\/a><\/em><\/p>\n<hr \/>\n<p><span style=\"font-size: medium;\"><strong>INDICE SD<br \/>\n<\/strong><\/span><span style=\"font-size: medium;\"><strong>N\u00b0 4 nuova serie &#8211; febbraio 2012<br \/>\n<\/strong><\/span><\/p>\n<p><a href=\"https:\/\/test.guerini.it\/wp-content\/uploads\/2012\/05\/Presentazione.pdf\"><strong>Presentazione<\/strong><\/a><\/p>\n<p><a href=\"https:\/\/test.guerini.it\/wp-content\/uploads\/2012\/05\/A_partire_da.pdf\"><strong>A PARTIRE DA\u2026<\/strong><\/a><\/p>\n<p>Sguardi sull\u2019apprendimento nella scuola e oltre<br \/>\nIntroduzione<br \/>\n<em>di Clotilde Pontecorvo<\/em><\/p>\n<p>Intervista a Jeane Lave<br \/>\n<em>a cura di Piero Valentini e Alessia Pozzi<\/em><\/p>\n<p>Intervista a Lucy Suchman<br \/>\n<em>a cura di Francesca Alby<\/em><\/p>\n<p>Intervista ad Anne-Nelly Perret-Clermont<br \/>\n<em>a cura di Anna Maria Ajello<\/em><\/p>\n<p><strong>SAGGI<\/strong><\/p>\n<p><em>Asian tigers<\/em>: uno sguardo alle scuole della Corea del Sud e di Singapore<br \/>\n<em>di Mario G. Dutto<\/em><\/p>\n<p>Contro l\u2019espansione dell\u2019istruzione (e per la sua ridistribuzione).<br \/>\nIl caso della riforma universitaria del 3+2<br \/>\n<em>di Carlo Barone<\/em><\/p>\n<p>Apprendere trasformando: costruire e abitare le proprie pratiche lavorative<br \/>\n<em>di Cristina Zucchermaglio, Giuseppe Scaratti, Lorenza Ferrai<\/em><\/p>\n<p>La strategia europea per il <em>lifelong learning<\/em>: un\u2019interpretazione in<br \/>\ntermini di regimi di politica pubblica<br \/>\n<em>di Eric Verdier<\/em><\/p>\n<p>La valutazione delle competenze<br \/>\n<em>di Norberto Bottani<\/em><\/p>\n<p><strong>NOTE E PUNTI DI VISTA<\/strong><\/p>\n<p><strong>Scuola<\/strong><br \/>\n<strong>Tra competenze e <em>accountability<\/em><\/strong><\/p>\n<p>Introduzione<br \/>\n<em>di Orazio Giancola<\/em><\/p>\n<p>Delle competenze<br \/>\n<em>di Franco De Anna<\/em><\/p>\n<p>Misure standardizzate degli apprendimenti degli studenti: polemiche superabili in positivo<br \/>\n<em>di Paolo Sestito<\/em><\/p>\n<p><em>Testing<\/em>, <em>accountability<\/em> e crescita economica: le potenzialit\u00e0 della valutazione per la <em>governance<\/em> dei sistemi<br \/>\n<em>Intervista a Eric A. Hanushek<\/em><\/p>\n<p><strong>Universit\u00e0<\/strong><br \/>\n<strong>Differenziazione e <em>governance<\/em> di sistema: quale priorit\u00e0 per l\u2019universit\u00e0 italiana?<\/strong><\/p>\n<p><a href=\"https:\/\/test.guerini.it\/wp-content\/uploads\/2012\/05\/Intro156.pdf\">Introduzione<\/a><br \/>\n<em>di Gioia Pompili<\/em><\/p>\n<p>Uscire da labirinto: eccellenza e <em>governance<\/em> nelle politiche universitarie<br \/>\n<em>di Giliberto Capano<\/em><\/p>\n<p>Elogio della differenza<br \/>\n<em>di Giuseppe Catalano<\/em><\/p>\n<p>Un\u2019universit\u00e0 che serva al Paese<br \/>\n<em>di Fabio Matarazzo<\/em><\/p>\n<p>Con quali finalit\u00e0 diversificare l\u2019offerta del sistema d\u2019istruzione superiore?<br \/>\n<em>di Roberto Moscati<\/em><\/p>\n<p><strong>Apprendimento, formazione e lavoro<\/strong><br \/>\n<strong>Questioni di <em>matching<\/em>?<\/strong><\/p>\n<p><a href=\"https:\/\/test.guerini.it\/wp-content\/uploads\/2012\/05\/Intro186.pdf\">Introduzione<\/a><br \/>\n<em>di Luca Salmieri e Piero Valentini<\/em><\/p>\n<p>Dai fabbisogni professionali alle competenze: un nuovo approccio per l\u2019analisi del disallineamento tra domanda e offerta di lavoro<br \/>\n<em>di Domenico Mauriello<\/em><\/p>\n<p>Interrogarsi su apprendimento, formazione e lavoro a partire dalla crisi<br \/>\n<em>di Alessandro Ferrucci e Costanza Bettoni<\/em><\/p>\n<p>Riprogettare l\u2019organizzazione e il lavoro, dare alle persone strumenti per padroneggiarli<br \/>\n<em>di Federico Butera<\/em><\/p>\n<p><strong>PRATICHE E TEORIE<\/strong><\/p>\n<p>Il mestiere di studente universitario: un campo per la ricerca riflessiva<br \/>\n<em>di Francesco Consoli<\/em><\/p>\n<p>Insegnanti e studenti a scuola di pace. L\u2019esperienza della Scuola estiva di pace della Valmarecchia<br \/>\n<em>di Fabrizio Battistelli, Francesca Farruggia, Claudia Lamonaca<\/em><\/p>\n<p>L\u2019allievo, da spettatore a protagonista: la didattica laboratoriale e l\u2019esperienza del progetto <em>Xk\u00e9<\/em>? di Torino<br \/>\n<em>di Nicola Vittorio<\/em><\/p>\n<p><strong>RASSEGNE E RECENSIONI<\/strong><\/p>\n<p>Dubet, F., Duru-Bellat, M., V\u00e9r\u00e9tout, A. (2010), <em>Les soci\u00e9t\u00e9s et leur \u00e9cole. Emprise du dipl\u00f4me et coh\u00e9sion sociale<\/em><br \/>\n<em>di Barbara Pentimalli<\/em><\/p>\n<p>Sultana, R.G. (ed.) (2011), <em>Educators of the Mediterranean\u2026 Up Close and Personal. Critical Voices from South Europe and the MENA Region<\/em><br \/>\n<em>di Paolo Landri<\/em><\/p>\n<p>Regini, M. (2011), <em>European Universities and the Challenge of the Market. A Comparative Analysis<\/em><br \/>\n<em>di Gioia Pompili<\/em><\/p>\n<p>Melazzini, C. (2011), <em>Insegnare al principe di Danimarca<\/em><br \/>\n<em>di Vittorio Campione e Fiorella Farinelli<\/em><\/p>\n<p>Cappa, C. (2011), <em>L\u2019educazione nella torre. La formazione dell\u2019individuo nel Rinascimento e gli <\/em>Essais <em>di Montaigne<\/em><br \/>\n<em>di Marc Foglia<\/em><\/p>\n<p><a href=\"https:\/\/test.guerini.it\/wp-content\/uploads\/2012\/05\/Storie.pdf\"><strong>STORIE<\/strong><\/a><\/p>\n<p>Il mare non bagna Mantova<br \/>\n<em>di Giulia Alberico<\/em><\/p>\n<p>Il maestro giostra<br \/>\n<em>di Alex Corlazzoli<\/em><\/p>\n<p><a href=\"https:\/\/test.guerini.it\/wp-content\/uploads\/2012\/05\/Zeno.pdf\">ZENO. Sar\u00f2 bravo a fare il bravo?<\/a><br \/>\n<em>Testi di Strarompi &amp; Peter V, disegni di Peter V<\/em><\/p>\n","protected":false},"excerpt":{"rendered":"<p>Il numero si apre con le interviste a tre esperte internazionali, introdotte da Clotilde Pontecorvo, che offrono interessanti prospettive sull\u2019apprendimento fuori e dentro la scuola. Per i saggi sono presenti contributi che spaziano culturalmente e geograficamente tra cui: l\u2019analisi dei sistemi scolastici di Korea e Singapore, uno studio comparativo dei regimi di lifelong learning a livello europeo e una proposta critica del 3+2 in termini di riproduzione delle diseguaglianze. Per abbonamenti: http:\/\/www.scuolademocratica.it\/abbonamenti-rivista<\/p>\n","protected":false},"featured_media":14669,"template":"","meta":{"_editorskit_title_hidden":false,"_editorskit_reading_time":0,"_editorskit_is_block_options_detached":false,"_editorskit_block_options_position":"{}","_monsterinsights_skip_tracking":false,"_monsterinsights_sitenote_active":false,"_monsterinsights_sitenote_note":"","_monsterinsights_sitenote_category":0},"product_brand":[],"product_cat":[6559,6536],"product_tag":[],"class_list":{"0":"post-14676","1":"product","2":"type-product","3":"status-publish","4":"has-post-thumbnail","6":"product_cat-scuola-democratica","7":"product_cat-psicologia-pedagogia","9":"first","10":"instock","11":"sale","12":"shipping-taxable","13":"purchasable","14":"product-type-simple"},"yoast_head":"<!-- This site is optimized with the Yoast SEO plugin v25.4 - https:\/\/yoast.com\/wordpress\/plugins\/seo\/ -->\n<title>Scuola democratica. Learning for democracy. N\u00b0 4-2012 - Guerini e Associati<\/title>\n<meta name=\"robots\" content=\"index, follow, max-snippet:-1, max-image-preview:large, max-video-preview:-1\" \/>\n<link rel=\"canonical\" href=\"https:\/\/www.guerini.it\/index.php\/prodotto\/scuola-democratica-learning-for-democracy-n-4-2012\/\" \/>\n<meta property=\"og:locale\" content=\"it_IT\" \/>\n<meta property=\"og:type\" content=\"article\" \/>\n<meta property=\"og:title\" content=\"Scuola democratica. Learning for democracy. N\u00b0 4-2012 - Guerini e Associati\" \/>\n<meta property=\"og:description\" content=\"Il numero si apre con le interviste a tre esperte internazionali, introdotte da Clotilde Pontecorvo, che offrono interessanti prospettive sull\u2019apprendimento fuori e dentro la scuola. Per i saggi sono presenti contributi che spaziano culturalmente e geograficamente tra cui: l\u2019analisi dei sistemi scolastici di Korea e Singapore, uno studio comparativo dei regimi di lifelong learning a livello europeo e una proposta critica del 3+2 in termini di riproduzione delle diseguaglianze. Per abbonamenti: http:\/\/www.scuolademocratica.it\/abbonamenti-rivista\" \/>\n<meta property=\"og:url\" content=\"https:\/\/www.guerini.it\/index.php\/prodotto\/scuola-democratica-learning-for-democracy-n-4-2012\/\" \/>\n<meta property=\"og:site_name\" content=\"Guerini e Associati\" \/>\n<meta property=\"article:modified_time\" content=\"2024-06-12T12:41:58+00:00\" \/>\n<meta property=\"og:image\" content=\"https:\/\/www.guerini.it\/wp-content\/uploads\/2012\/05\/sd4_265x375.jpg\" \/>\n\t<meta property=\"og:image:width\" content=\"265\" \/>\n\t<meta property=\"og:image:height\" content=\"375\" \/>\n\t<meta property=\"og:image:type\" content=\"image\/jpeg\" \/>\n<meta name=\"twitter:card\" content=\"summary_large_image\" \/>\n<meta name=\"twitter:label1\" content=\"Tempo di lettura stimato\" \/>\n\t<meta name=\"twitter:data1\" content=\"5 minuti\" \/>\n<!-- \/ Yoast SEO plugin. -->","yoast_head_json":{"title":"Scuola democratica. Learning for democracy. N\u00b0 4-2012 - Guerini e Associati","robots":{"index":"index","follow":"follow","max-snippet":"max-snippet:-1","max-image-preview":"max-image-preview:large","max-video-preview":"max-video-preview:-1"},"canonical":"https:\/\/www.guerini.it\/index.php\/prodotto\/scuola-democratica-learning-for-democracy-n-4-2012\/","og_locale":"it_IT","og_type":"article","og_title":"Scuola democratica. Learning for democracy. N\u00b0 4-2012 - Guerini e Associati","og_description":"Il numero si apre con le interviste a tre esperte internazionali, introdotte da Clotilde Pontecorvo, che offrono interessanti prospettive sull\u2019apprendimento fuori e dentro la scuola. Per i saggi sono presenti contributi che spaziano culturalmente e geograficamente tra cui: l\u2019analisi dei sistemi scolastici di Korea e Singapore, uno studio comparativo dei regimi di lifelong learning a livello europeo e una proposta critica del 3+2 in termini di riproduzione delle diseguaglianze. Per abbonamenti: http:\/\/www.scuolademocratica.it\/abbonamenti-rivista","og_url":"https:\/\/www.guerini.it\/index.php\/prodotto\/scuola-democratica-learning-for-democracy-n-4-2012\/","og_site_name":"Guerini e Associati","article_modified_time":"2024-06-12T12:41:58+00:00","og_image":[{"width":265,"height":375,"url":"https:\/\/www.guerini.it\/wp-content\/uploads\/2012\/05\/sd4_265x375.jpg","type":"image\/jpeg"}],"twitter_card":"summary_large_image","twitter_misc":{"Tempo di lettura stimato":"5 minuti"},"schema":{"@context":"https:\/\/schema.org","@graph":[{"@type":"WebPage","@id":"https:\/\/www.guerini.it\/index.php\/prodotto\/scuola-democratica-learning-for-democracy-n-4-2012\/","url":"https:\/\/www.guerini.it\/index.php\/prodotto\/scuola-democratica-learning-for-democracy-n-4-2012\/","name":"Scuola democratica. Learning for democracy. N\u00b0 4-2012 - Guerini e Associati","isPartOf":{"@id":"https:\/\/www.guerini.it\/#website"},"primaryImageOfPage":{"@id":"https:\/\/www.guerini.it\/index.php\/prodotto\/scuola-democratica-learning-for-democracy-n-4-2012\/#primaryimage"},"image":{"@id":"https:\/\/www.guerini.it\/index.php\/prodotto\/scuola-democratica-learning-for-democracy-n-4-2012\/#primaryimage"},"thumbnailUrl":"https:\/\/www.guerini.it\/wp-content\/uploads\/2012\/05\/sd4_265x375.jpg","datePublished":"2012-05-24T11:01:06+00:00","dateModified":"2024-06-12T12:41:58+00:00","breadcrumb":{"@id":"https:\/\/www.guerini.it\/index.php\/prodotto\/scuola-democratica-learning-for-democracy-n-4-2012\/#breadcrumb"},"inLanguage":"it-IT","potentialAction":[{"@type":"ReadAction","target":["https:\/\/www.guerini.it\/index.php\/prodotto\/scuola-democratica-learning-for-democracy-n-4-2012\/"]}]},{"@type":"ImageObject","inLanguage":"it-IT","@id":"https:\/\/www.guerini.it\/index.php\/prodotto\/scuola-democratica-learning-for-democracy-n-4-2012\/#primaryimage","url":"https:\/\/www.guerini.it\/wp-content\/uploads\/2012\/05\/sd4_265x375.jpg","contentUrl":"https:\/\/www.guerini.it\/wp-content\/uploads\/2012\/05\/sd4_265x375.jpg","width":265,"height":375,"caption":"Scuola democratica. Learning for democracy. N\u00b0 4-2012"},{"@type":"BreadcrumbList","@id":"https:\/\/www.guerini.it\/index.php\/prodotto\/scuola-democratica-learning-for-democracy-n-4-2012\/#breadcrumb","itemListElement":[{"@type":"ListItem","position":1,"name":"Home","item":"https:\/\/www.guerini.it\/"},{"@type":"ListItem","position":2,"name":"Catalogo","item":"https:\/\/www.guerini.it\/index.php\/negozio\/"},{"@type":"ListItem","position":3,"name":"Scuola democratica. Learning for democracy. N\u00b0 4-2012"}]},{"@type":"WebSite","@id":"https:\/\/www.guerini.it\/#website","url":"https:\/\/www.guerini.it\/","name":"Guerini e Associati","description":"30 anni di libri, idee e libert\u00e0","publisher":{"@id":"https:\/\/www.guerini.it\/#organization"},"potentialAction":[{"@type":"SearchAction","target":{"@type":"EntryPoint","urlTemplate":"https:\/\/www.guerini.it\/?s={search_term_string}"},"query-input":{"@type":"PropertyValueSpecification","valueRequired":true,"valueName":"search_term_string"}}],"inLanguage":"it-IT"},{"@type":"Organization","@id":"https:\/\/www.guerini.it\/#organization","name":"Guerini e Associati","url":"https:\/\/www.guerini.it\/","logo":{"@type":"ImageObject","inLanguage":"it-IT","@id":"https:\/\/www.guerini.it\/#\/schema\/logo\/image\/","url":"https:\/\/www.guerini.it\/wp-content\/uploads\/2021\/03\/Logo-Guerini-OK_-e1615831292285.png","contentUrl":"https:\/\/www.guerini.it\/wp-content\/uploads\/2021\/03\/Logo-Guerini-OK_-e1615831292285.png","width":2805,"height":1870,"caption":"Guerini e Associati"},"image":{"@id":"https:\/\/www.guerini.it\/#\/schema\/logo\/image\/"}}]}},"_links":{"self":[{"href":"https:\/\/www.guerini.it\/index.php\/wp-json\/wp\/v2\/product\/14676","targetHints":{"allow":["GET"]}}],"collection":[{"href":"https:\/\/www.guerini.it\/index.php\/wp-json\/wp\/v2\/product"}],"about":[{"href":"https:\/\/www.guerini.it\/index.php\/wp-json\/wp\/v2\/types\/product"}],"wp:featuredmedia":[{"embeddable":true,"href":"https:\/\/www.guerini.it\/index.php\/wp-json\/wp\/v2\/media\/14669"}],"wp:attachment":[{"href":"https:\/\/www.guerini.it\/index.php\/wp-json\/wp\/v2\/media?parent=14676"}],"wp:term":[{"taxonomy":"product_brand","embeddable":true,"href":"https:\/\/www.guerini.it\/index.php\/wp-json\/wp\/v2\/product_brand?post=14676"},{"taxonomy":"product_cat","embeddable":true,"href":"https:\/\/www.guerini.it\/index.php\/wp-json\/wp\/v2\/product_cat?post=14676"},{"taxonomy":"product_tag","embeddable":true,"href":"https:\/\/www.guerini.it\/index.php\/wp-json\/wp\/v2\/product_tag?post=14676"}],"curies":[{"name":"wp","href":"https:\/\/api.w.org\/{rel}","templated":true}]}}