{"id":14690,"date":"2012-05-24T13:01:06","date_gmt":"2012-05-24T11:01:06","guid":{"rendered":"https:\/\/test.guerini.it\/?product=alla-radice-dello-sviluppo-l-importanza-del-fattore-umano"},"modified":"2024-06-09T20:19:24","modified_gmt":"2024-06-09T18:19:24","slug":"alla-radice-dello-sviluppo-l-importanza-del-fattore-umano","status":"publish","type":"product","link":"https:\/\/www.guerini.it\/index.php\/prodotto\/alla-radice-dello-sviluppo-l-importanza-del-fattore-umano\/","title":{"rendered":"Alla radice dello sviluppo: l&#8217;importanza del fattore umano"},"content":{"rendered":"<p>Esiste attualmente un forte dibattito sull\u2019efficacia degli aiuti internazionali allo sviluppo e sul tipo di politiche che favoriscono la crescita economica. L\u2019enorme quantit\u00e0 di risorse destinate ai paesi pi\u00f9 poveri e i \u00absuggerimenti\u00bb di politica che spesso le hanno accompagnate non hanno portato i risultati sperati. Ci si \u00e8 resi conto che \u00e8 necessaria una maggior attenzione alle specificit\u00e0 del contesto e che nessuna ricetta porta ai risultati in modo meccanico. Vengono qui presentate due diverse esperienze di sviluppo locale, evidenziando le caratteristiche che ne hanno permesso il successo. Dall\u2019analisi emerge che \u00e8 analogo il percorso di esperienza che mette in moto persone e gruppi sociali, rendendoli protagonisti di sviluppo.<\/p>\n","protected":false},"excerpt":{"rendered":"<p>Esiste attualmente un forte dibattito sull\u2019efficacia degli aiuti internazionali allo sviluppo e sul tipo di politiche che favoriscono la crescita economica. L\u2019enorme quantit\u00e0 di risorse destinate ai paesi pi\u00f9 poveri e i \u00absuggerimenti\u00bb di politica che spesso le hanno accompagnate non hanno portato i risultati sperati. Ci si \u00e8 resi conto che \u00e8 necessaria una maggior attenzione alle specificit\u00e0 del contesto e che nessuna ricetta porta ai risultati in modo meccanico. Vengono qui presentate due diverse esperienze di sviluppo locale, evidenziando le caratteristiche che ne hanno permesso il successo. Dall\u2019analisi emerge che \u00e8 analogo il percorso di esperienza che mette in moto persone e gruppi sociali, rendendoli protagonisti di sviluppo.<\/p>\n","protected":false},"featured_media":14689,"template":"","meta":{"_editorskit_title_hidden":false,"_editorskit_reading_time":0,"_editorskit_is_block_options_detached":false,"_editorskit_block_options_position":"{}","_monsterinsights_skip_tracking":false,"_monsterinsights_sitenote_active":false,"_monsterinsights_sitenote_note":"","_monsterinsights_sitenote_category":0},"product_brand":[],"product_cat":[6537,6651],"product_tag":[],"class_list":{"0":"post-14690","1":"product","2":"type-product","3":"status-publish","4":"has-post-thumbnail","6":"product_cat-scienze-politiche-sociali","7":"product_cat-sr","8":"pa_country_of_manufacture-it","10":"first","11":"outofstock","12":"sale","13":"shipping-taxable","14":"purchasable","15":"product-type-simple"},"yoast_head":"<!-- This site is optimized with the Yoast SEO plugin v25.4 - https:\/\/yoast.com\/wordpress\/plugins\/seo\/ -->\n<title>Alla radice dello sviluppo: l&#039;importanza del fattore umano - Guerini e Associati<\/title>\n<meta name=\"robots\" content=\"index, follow, max-snippet:-1, max-image-preview:large, max-video-preview:-1\" \/>\n<link rel=\"canonical\" href=\"https:\/\/www.guerini.it\/index.php\/prodotto\/alla-radice-dello-sviluppo-l-importanza-del-fattore-umano\/\" \/>\n<meta property=\"og:locale\" content=\"it_IT\" \/>\n<meta property=\"og:type\" content=\"article\" \/>\n<meta property=\"og:title\" content=\"Alla radice dello sviluppo: l&#039;importanza del fattore umano - Guerini e Associati\" \/>\n<meta property=\"og:description\" content=\"Esiste attualmente un forte dibattito sull\u2019efficacia degli aiuti internazionali allo sviluppo e sul tipo di politiche che favoriscono la crescita economica. L\u2019enorme quantit\u00e0 di risorse destinate ai paesi pi\u00f9 poveri e i \u00absuggerimenti\u00bb di politica che spesso le hanno accompagnate non hanno portato i risultati sperati. Ci si \u00e8 resi conto che \u00e8 necessaria una maggior attenzione alle specificit\u00e0 del contesto e che nessuna ricetta porta ai risultati in modo meccanico. Vengono qui presentate due diverse esperienze di sviluppo locale, evidenziando le caratteristiche che ne hanno permesso il successo. Dall\u2019analisi emerge che \u00e8 analogo il percorso di esperienza che mette in moto persone e gruppi sociali, rendendoli protagonisti di sviluppo.\" \/>\n<meta property=\"og:url\" content=\"https:\/\/www.guerini.it\/index.php\/prodotto\/alla-radice-dello-sviluppo-l-importanza-del-fattore-umano\/\" \/>\n<meta property=\"og:site_name\" content=\"Guerini e Associati\" \/>\n<meta property=\"article:modified_time\" content=\"2024-06-09T18:19:24+00:00\" \/>\n<meta property=\"og:image\" content=\"https:\/\/www.guerini.it\/wp-content\/uploads\/2012\/05\/alla_radice_dello_sviluppo_265x373.jpg\" \/>\n\t<meta property=\"og:image:width\" content=\"265\" \/>\n\t<meta property=\"og:image:height\" content=\"373\" \/>\n\t<meta property=\"og:image:type\" content=\"image\/jpeg\" \/>\n<meta name=\"twitter:card\" content=\"summary_large_image\" \/>\n<meta name=\"twitter:label1\" content=\"Tempo di lettura stimato\" \/>\n\t<meta name=\"twitter:data1\" content=\"1 minuto\" \/>\n<!-- \/ Yoast SEO plugin. -->","yoast_head_json":{"title":"Alla radice dello sviluppo: l'importanza del fattore umano - Guerini e Associati","robots":{"index":"index","follow":"follow","max-snippet":"max-snippet:-1","max-image-preview":"max-image-preview:large","max-video-preview":"max-video-preview:-1"},"canonical":"https:\/\/www.guerini.it\/index.php\/prodotto\/alla-radice-dello-sviluppo-l-importanza-del-fattore-umano\/","og_locale":"it_IT","og_type":"article","og_title":"Alla radice dello sviluppo: l'importanza del fattore umano - Guerini e Associati","og_description":"Esiste attualmente un forte dibattito sull\u2019efficacia degli aiuti internazionali allo sviluppo e sul tipo di politiche che favoriscono la crescita economica. L\u2019enorme quantit\u00e0 di risorse destinate ai paesi pi\u00f9 poveri e i \u00absuggerimenti\u00bb di politica che spesso le hanno accompagnate non hanno portato i risultati sperati. Ci si \u00e8 resi conto che \u00e8 necessaria una maggior attenzione alle specificit\u00e0 del contesto e che nessuna ricetta porta ai risultati in modo meccanico. Vengono qui presentate due diverse esperienze di sviluppo locale, evidenziando le caratteristiche che ne hanno permesso il successo. Dall\u2019analisi emerge che \u00e8 analogo il percorso di esperienza che mette in moto persone e gruppi sociali, rendendoli protagonisti di sviluppo.","og_url":"https:\/\/www.guerini.it\/index.php\/prodotto\/alla-radice-dello-sviluppo-l-importanza-del-fattore-umano\/","og_site_name":"Guerini e Associati","article_modified_time":"2024-06-09T18:19:24+00:00","og_image":[{"width":265,"height":373,"url":"https:\/\/www.guerini.it\/wp-content\/uploads\/2012\/05\/alla_radice_dello_sviluppo_265x373.jpg","type":"image\/jpeg"}],"twitter_card":"summary_large_image","twitter_misc":{"Tempo di lettura stimato":"1 minuto"},"schema":{"@context":"https:\/\/schema.org","@graph":[{"@type":"WebPage","@id":"https:\/\/www.guerini.it\/index.php\/prodotto\/alla-radice-dello-sviluppo-l-importanza-del-fattore-umano\/","url":"https:\/\/www.guerini.it\/index.php\/prodotto\/alla-radice-dello-sviluppo-l-importanza-del-fattore-umano\/","name":"Alla radice dello sviluppo: l'importanza del fattore umano - Guerini e Associati","isPartOf":{"@id":"https:\/\/www.guerini.it\/#website"},"primaryImageOfPage":{"@id":"https:\/\/www.guerini.it\/index.php\/prodotto\/alla-radice-dello-sviluppo-l-importanza-del-fattore-umano\/#primaryimage"},"image":{"@id":"https:\/\/www.guerini.it\/index.php\/prodotto\/alla-radice-dello-sviluppo-l-importanza-del-fattore-umano\/#primaryimage"},"thumbnailUrl":"https:\/\/www.guerini.it\/wp-content\/uploads\/2012\/05\/alla_radice_dello_sviluppo_265x373.jpg","datePublished":"2012-05-24T11:01:06+00:00","dateModified":"2024-06-09T18:19:24+00:00","breadcrumb":{"@id":"https:\/\/www.guerini.it\/index.php\/prodotto\/alla-radice-dello-sviluppo-l-importanza-del-fattore-umano\/#breadcrumb"},"inLanguage":"it-IT","potentialAction":[{"@type":"ReadAction","target":["https:\/\/www.guerini.it\/index.php\/prodotto\/alla-radice-dello-sviluppo-l-importanza-del-fattore-umano\/"]}]},{"@type":"ImageObject","inLanguage":"it-IT","@id":"https:\/\/www.guerini.it\/index.php\/prodotto\/alla-radice-dello-sviluppo-l-importanza-del-fattore-umano\/#primaryimage","url":"https:\/\/www.guerini.it\/wp-content\/uploads\/2012\/05\/alla_radice_dello_sviluppo_265x373.jpg","contentUrl":"https:\/\/www.guerini.it\/wp-content\/uploads\/2012\/05\/alla_radice_dello_sviluppo_265x373.jpg","width":265,"height":373,"caption":"Alla radice dello sviluppo: l'importanza del fattore umano"},{"@type":"BreadcrumbList","@id":"https:\/\/www.guerini.it\/index.php\/prodotto\/alla-radice-dello-sviluppo-l-importanza-del-fattore-umano\/#breadcrumb","itemListElement":[{"@type":"ListItem","position":1,"name":"Home","item":"https:\/\/www.guerini.it\/"},{"@type":"ListItem","position":2,"name":"Catalogo","item":"https:\/\/www.guerini.it\/index.php\/negozio\/"},{"@type":"ListItem","position":3,"name":"Alla radice dello sviluppo: l&#8217;importanza del fattore umano"}]},{"@type":"WebSite","@id":"https:\/\/www.guerini.it\/#website","url":"https:\/\/www.guerini.it\/","name":"Guerini e Associati","description":"30 anni di libri, idee e libert\u00e0","publisher":{"@id":"https:\/\/www.guerini.it\/#organization"},"potentialAction":[{"@type":"SearchAction","target":{"@type":"EntryPoint","urlTemplate":"https:\/\/www.guerini.it\/?s={search_term_string}"},"query-input":{"@type":"PropertyValueSpecification","valueRequired":true,"valueName":"search_term_string"}}],"inLanguage":"it-IT"},{"@type":"Organization","@id":"https:\/\/www.guerini.it\/#organization","name":"Guerini e Associati","url":"https:\/\/www.guerini.it\/","logo":{"@type":"ImageObject","inLanguage":"it-IT","@id":"https:\/\/www.guerini.it\/#\/schema\/logo\/image\/","url":"https:\/\/www.guerini.it\/wp-content\/uploads\/2021\/03\/Logo-Guerini-OK_-e1615831292285.png","contentUrl":"https:\/\/www.guerini.it\/wp-content\/uploads\/2021\/03\/Logo-Guerini-OK_-e1615831292285.png","width":2805,"height":1870,"caption":"Guerini e Associati"},"image":{"@id":"https:\/\/www.guerini.it\/#\/schema\/logo\/image\/"}}]}},"_links":{"self":[{"href":"https:\/\/www.guerini.it\/index.php\/wp-json\/wp\/v2\/product\/14690","targetHints":{"allow":["GET"]}}],"collection":[{"href":"https:\/\/www.guerini.it\/index.php\/wp-json\/wp\/v2\/product"}],"about":[{"href":"https:\/\/www.guerini.it\/index.php\/wp-json\/wp\/v2\/types\/product"}],"wp:featuredmedia":[{"embeddable":true,"href":"https:\/\/www.guerini.it\/index.php\/wp-json\/wp\/v2\/media\/14689"}],"wp:attachment":[{"href":"https:\/\/www.guerini.it\/index.php\/wp-json\/wp\/v2\/media?parent=14690"}],"wp:term":[{"taxonomy":"product_brand","embeddable":true,"href":"https:\/\/www.guerini.it\/index.php\/wp-json\/wp\/v2\/product_brand?post=14690"},{"taxonomy":"product_cat","embeddable":true,"href":"https:\/\/www.guerini.it\/index.php\/wp-json\/wp\/v2\/product_cat?post=14690"},{"taxonomy":"product_tag","embeddable":true,"href":"https:\/\/www.guerini.it\/index.php\/wp-json\/wp\/v2\/product_tag?post=14690"}],"curies":[{"name":"wp","href":"https:\/\/api.w.org\/{rel}","templated":true}]}}