{"id":14718,"date":"2012-05-24T13:01:07","date_gmt":"2012-05-24T11:01:07","guid":{"rendered":"https:\/\/test.guerini.it\/?product=spazi-contesi-tomo-ii"},"modified":"2024-06-12T14:42:03","modified_gmt":"2024-06-12T12:42:03","slug":"spazi-contesi-tomo-ii","status":"publish","type":"product","link":"https:\/\/www.guerini.it\/index.php\/prodotto\/spazi-contesi-tomo-ii\/","title":{"rendered":"Spazi Contesi. Tomo II"},"content":{"rendered":"<p>Nel Regno di Napoli gli spazi della sfera amministrativa in possesso dei comuni (universitas) si delineano lentamente lungo il corso dell\u2019et\u00e0 moderna. Nel processo sono coinvolti lo Stato centrale, il baronaggio, le citt\u00e0, il patriziato urbano. \u00c8 soprattutto la Camera della Sommaria che sovrintende a questo processo. Da una parte, questo supremo tribunale va a ridefinire gli spazi delle giurisdizioni feudali separandoli da quelli dell\u2019amministrazione, di spettanza delle universitates; dall\u2019altra rompe l\u2019unit\u00e0 interna degli Stati territoriali promuovendo, lungo il corso dell\u2019et\u00e0 moderna, centinaia di ex casali a \u201cuniversit\u00e0\u201d autonome.<\/p>\n","protected":false},"excerpt":{"rendered":"<p>Nel Regno di Napoli gli spazi della sfera amministrativa in possesso dei comuni (universitas) si delineano lentamente lungo il corso dell\u2019et\u00e0 moderna. Nel processo sono coinvolti lo Stato centrale, il baronaggio, le citt\u00e0, il patriziato urbano. \u00c8 soprattutto la Camera della Sommaria che sovrintende a questo processo. Da una parte, questo supremo tribunale va a ridefinire gli spazi delle giurisdizioni feudali separandoli da quelli dell\u2019amministrazione, di spettanza delle universitates; dall\u2019altra rompe l\u2019unit\u00e0 interna degli Stati territoriali promuovendo, lungo il corso dell\u2019et\u00e0 moderna, centinaia di ex casali a \u201cuniversit\u00e0\u201d autonome.<\/p>\n","protected":false},"featured_media":14717,"template":"","meta":{"_editorskit_title_hidden":false,"_editorskit_reading_time":0,"_editorskit_is_block_options_detached":false,"_editorskit_block_options_position":"{}","_monsterinsights_skip_tracking":false,"_monsterinsights_sitenote_active":false,"_monsterinsights_sitenote_note":"","_monsterinsights_sitenote_category":0},"product_brand":[],"product_cat":[6596,6539],"product_tag":[],"class_list":{"0":"post-14718","1":"product","2":"type-product","3":"status-publish","4":"has-post-thumbnail","6":"product_cat-st","7":"product_cat-storia-e-geografia","8":"pa_country_of_manufacture-it","10":"first","11":"instock","12":"sale","13":"shipping-taxable","14":"purchasable","15":"product-type-simple"},"yoast_head":"<!-- This site is optimized with the Yoast SEO plugin v25.4 - https:\/\/yoast.com\/wordpress\/plugins\/seo\/ -->\n<title>Spazi Contesi. Tomo II - Guerini e Associati<\/title>\n<meta name=\"robots\" content=\"index, follow, max-snippet:-1, max-image-preview:large, max-video-preview:-1\" \/>\n<link rel=\"canonical\" href=\"https:\/\/www.guerini.it\/index.php\/prodotto\/spazi-contesi-tomo-ii\/\" \/>\n<meta property=\"og:locale\" content=\"it_IT\" \/>\n<meta property=\"og:type\" content=\"article\" \/>\n<meta property=\"og:title\" content=\"Spazi Contesi. Tomo II - Guerini e Associati\" \/>\n<meta property=\"og:description\" content=\"Nel Regno di Napoli gli spazi della sfera amministrativa in possesso dei comuni (universitas) si delineano lentamente lungo il corso dell\u2019et\u00e0 moderna. Nel processo sono coinvolti lo Stato centrale, il baronaggio, le citt\u00e0, il patriziato urbano. \u00c8 soprattutto la Camera della Sommaria che sovrintende a questo processo. Da una parte, questo supremo tribunale va a ridefinire gli spazi delle giurisdizioni feudali separandoli da quelli dell\u2019amministrazione, di spettanza delle universitates; dall\u2019altra rompe l\u2019unit\u00e0 interna degli Stati territoriali promuovendo, lungo il corso dell\u2019et\u00e0 moderna, centinaia di ex casali a \u201cuniversit\u00e0\u201d autonome.\" \/>\n<meta property=\"og:url\" content=\"https:\/\/www.guerini.it\/index.php\/prodotto\/spazi-contesi-tomo-ii\/\" \/>\n<meta property=\"og:site_name\" content=\"Guerini e Associati\" \/>\n<meta property=\"article:modified_time\" content=\"2024-06-12T12:42:03+00:00\" \/>\n<meta property=\"og:image\" content=\"https:\/\/www.guerini.it\/wp-content\/uploads\/2012\/05\/spazi_contesi_tomo_ii_bassa.jpg\" \/>\n\t<meta property=\"og:image:width\" content=\"198\" \/>\n\t<meta property=\"og:image:height\" content=\"279\" \/>\n\t<meta property=\"og:image:type\" content=\"image\/jpeg\" \/>\n<meta name=\"twitter:card\" content=\"summary_large_image\" \/>\n<!-- \/ Yoast SEO plugin. -->","yoast_head_json":{"title":"Spazi Contesi. Tomo II - Guerini e Associati","robots":{"index":"index","follow":"follow","max-snippet":"max-snippet:-1","max-image-preview":"max-image-preview:large","max-video-preview":"max-video-preview:-1"},"canonical":"https:\/\/www.guerini.it\/index.php\/prodotto\/spazi-contesi-tomo-ii\/","og_locale":"it_IT","og_type":"article","og_title":"Spazi Contesi. Tomo II - Guerini e Associati","og_description":"Nel Regno di Napoli gli spazi della sfera amministrativa in possesso dei comuni (universitas) si delineano lentamente lungo il corso dell\u2019et\u00e0 moderna. Nel processo sono coinvolti lo Stato centrale, il baronaggio, le citt\u00e0, il patriziato urbano. \u00c8 soprattutto la Camera della Sommaria che sovrintende a questo processo. Da una parte, questo supremo tribunale va a ridefinire gli spazi delle giurisdizioni feudali separandoli da quelli dell\u2019amministrazione, di spettanza delle universitates; dall\u2019altra rompe l\u2019unit\u00e0 interna degli Stati territoriali promuovendo, lungo il corso dell\u2019et\u00e0 moderna, centinaia di ex casali a \u201cuniversit\u00e0\u201d autonome.","og_url":"https:\/\/www.guerini.it\/index.php\/prodotto\/spazi-contesi-tomo-ii\/","og_site_name":"Guerini e Associati","article_modified_time":"2024-06-12T12:42:03+00:00","og_image":[{"width":198,"height":279,"url":"https:\/\/www.guerini.it\/wp-content\/uploads\/2012\/05\/spazi_contesi_tomo_ii_bassa.jpg","type":"image\/jpeg"}],"twitter_card":"summary_large_image","schema":{"@context":"https:\/\/schema.org","@graph":[{"@type":"WebPage","@id":"https:\/\/www.guerini.it\/index.php\/prodotto\/spazi-contesi-tomo-ii\/","url":"https:\/\/www.guerini.it\/index.php\/prodotto\/spazi-contesi-tomo-ii\/","name":"Spazi Contesi. Tomo II - Guerini e Associati","isPartOf":{"@id":"https:\/\/www.guerini.it\/#website"},"primaryImageOfPage":{"@id":"https:\/\/www.guerini.it\/index.php\/prodotto\/spazi-contesi-tomo-ii\/#primaryimage"},"image":{"@id":"https:\/\/www.guerini.it\/index.php\/prodotto\/spazi-contesi-tomo-ii\/#primaryimage"},"thumbnailUrl":"https:\/\/www.guerini.it\/wp-content\/uploads\/2012\/05\/spazi_contesi_tomo_ii_bassa.jpg","datePublished":"2012-05-24T11:01:07+00:00","dateModified":"2024-06-12T12:42:03+00:00","breadcrumb":{"@id":"https:\/\/www.guerini.it\/index.php\/prodotto\/spazi-contesi-tomo-ii\/#breadcrumb"},"inLanguage":"it-IT","potentialAction":[{"@type":"ReadAction","target":["https:\/\/www.guerini.it\/index.php\/prodotto\/spazi-contesi-tomo-ii\/"]}]},{"@type":"ImageObject","inLanguage":"it-IT","@id":"https:\/\/www.guerini.it\/index.php\/prodotto\/spazi-contesi-tomo-ii\/#primaryimage","url":"https:\/\/www.guerini.it\/wp-content\/uploads\/2012\/05\/spazi_contesi_tomo_ii_bassa.jpg","contentUrl":"https:\/\/www.guerini.it\/wp-content\/uploads\/2012\/05\/spazi_contesi_tomo_ii_bassa.jpg","width":198,"height":279,"caption":"Spazi Contesi. Tomo II"},{"@type":"BreadcrumbList","@id":"https:\/\/www.guerini.it\/index.php\/prodotto\/spazi-contesi-tomo-ii\/#breadcrumb","itemListElement":[{"@type":"ListItem","position":1,"name":"Home","item":"https:\/\/www.guerini.it\/"},{"@type":"ListItem","position":2,"name":"Catalogo","item":"https:\/\/www.guerini.it\/index.php\/negozio\/"},{"@type":"ListItem","position":3,"name":"Spazi Contesi. Tomo II"}]},{"@type":"WebSite","@id":"https:\/\/www.guerini.it\/#website","url":"https:\/\/www.guerini.it\/","name":"Guerini e Associati","description":"30 anni di libri, idee e libert\u00e0","publisher":{"@id":"https:\/\/www.guerini.it\/#organization"},"potentialAction":[{"@type":"SearchAction","target":{"@type":"EntryPoint","urlTemplate":"https:\/\/www.guerini.it\/?s={search_term_string}"},"query-input":{"@type":"PropertyValueSpecification","valueRequired":true,"valueName":"search_term_string"}}],"inLanguage":"it-IT"},{"@type":"Organization","@id":"https:\/\/www.guerini.it\/#organization","name":"Guerini e Associati","url":"https:\/\/www.guerini.it\/","logo":{"@type":"ImageObject","inLanguage":"it-IT","@id":"https:\/\/www.guerini.it\/#\/schema\/logo\/image\/","url":"https:\/\/www.guerini.it\/wp-content\/uploads\/2021\/03\/Logo-Guerini-OK_-e1615831292285.png","contentUrl":"https:\/\/www.guerini.it\/wp-content\/uploads\/2021\/03\/Logo-Guerini-OK_-e1615831292285.png","width":2805,"height":1870,"caption":"Guerini e Associati"},"image":{"@id":"https:\/\/www.guerini.it\/#\/schema\/logo\/image\/"}}]}},"_links":{"self":[{"href":"https:\/\/www.guerini.it\/index.php\/wp-json\/wp\/v2\/product\/14718","targetHints":{"allow":["GET"]}}],"collection":[{"href":"https:\/\/www.guerini.it\/index.php\/wp-json\/wp\/v2\/product"}],"about":[{"href":"https:\/\/www.guerini.it\/index.php\/wp-json\/wp\/v2\/types\/product"}],"wp:featuredmedia":[{"embeddable":true,"href":"https:\/\/www.guerini.it\/index.php\/wp-json\/wp\/v2\/media\/14717"}],"wp:attachment":[{"href":"https:\/\/www.guerini.it\/index.php\/wp-json\/wp\/v2\/media?parent=14718"}],"wp:term":[{"taxonomy":"product_brand","embeddable":true,"href":"https:\/\/www.guerini.it\/index.php\/wp-json\/wp\/v2\/product_brand?post=14718"},{"taxonomy":"product_cat","embeddable":true,"href":"https:\/\/www.guerini.it\/index.php\/wp-json\/wp\/v2\/product_cat?post=14718"},{"taxonomy":"product_tag","embeddable":true,"href":"https:\/\/www.guerini.it\/index.php\/wp-json\/wp\/v2\/product_tag?post=14718"}],"curies":[{"name":"wp","href":"https:\/\/api.w.org\/{rel}","templated":true}]}}