{"id":14724,"date":"2012-05-24T13:01:07","date_gmt":"2012-05-24T11:01:07","guid":{"rendered":"https:\/\/test.guerini.it\/?product=identita-e-corpo-migrante"},"modified":"2024-06-12T14:42:21","modified_gmt":"2024-06-12T12:42:21","slug":"identita-e-corpo-migrante","status":"publish","type":"product","link":"https:\/\/www.guerini.it\/index.php\/prodotto\/identita-e-corpo-migrante\/","title":{"rendered":"Identit\u00e0 e corpo migrante"},"content":{"rendered":"<p>La promulgazione della norma sul divieto delle pratiche di mutilazione in Italia ha aperto la strada alla realizzazione di una serie di iniziative di informazione e sensibilizzazione e di prevenzione. La ricerca-azione svolta con Progetto Sister\u2019s Care presentato in questo volume fa parte dello sforzo collettivo di comprensione del fenomeno nel nostro paese. La questione \u00e8 stata affrontata in una cornice pi\u00f9 ampia: \u00e8 stata considerata la relazione fra corpo e identit\u00e0, fra rappresentazione culturale e rappresentazione psichica, fra memoria e ricordo del trauma, nonch\u00e9 la funzione simbolica del rito e del trauma organizzato culturalmente.<\/p>\n","protected":false},"excerpt":{"rendered":"<p>La promulgazione della norma sul divieto delle pratiche di mutilazione in Italia ha aperto la strada alla realizzazione di una serie di iniziative di informazione e sensibilizzazione e di prevenzione. La ricerca-azione svolta con Progetto Sister\u2019s Care presentato in questo volume fa parte dello sforzo collettivo di comprensione del fenomeno nel nostro paese. La questione \u00e8 stata affrontata in una cornice pi\u00f9 ampia: \u00e8 stata considerata la relazione fra corpo e identit\u00e0, fra rappresentazione culturale e rappresentazione psichica, fra memoria e ricordo del trauma, nonch\u00e9 la funzione simbolica del rito e del trauma organizzato culturalmente.<\/p>\n","protected":false},"featured_media":14723,"template":"","meta":{"_editorskit_title_hidden":false,"_editorskit_reading_time":0,"_editorskit_is_block_options_detached":false,"_editorskit_block_options_position":"{}","_monsterinsights_skip_tracking":false,"_monsterinsights_sitenote_active":false,"_monsterinsights_sitenote_note":"","_monsterinsights_sitenote_category":0},"product_brand":[],"product_cat":[6538],"product_tag":[],"class_list":{"0":"post-14724","1":"product","2":"type-product","3":"status-publish","4":"has-post-thumbnail","6":"product_cat-sociologia-e-comunicazione","7":"pa_country_of_manufacture-it","9":"first","10":"instock","11":"sale","12":"shipping-taxable","13":"purchasable","14":"product-type-simple"},"yoast_head":"<!-- This site is optimized with the Yoast SEO plugin v25.4 - https:\/\/yoast.com\/wordpress\/plugins\/seo\/ -->\n<title>Identit\u00e0 e corpo migrante - Guerini e Associati<\/title>\n<meta name=\"robots\" content=\"index, follow, max-snippet:-1, max-image-preview:large, max-video-preview:-1\" \/>\n<link rel=\"canonical\" href=\"https:\/\/www.guerini.it\/index.php\/prodotto\/identita-e-corpo-migrante\/\" \/>\n<meta property=\"og:locale\" content=\"it_IT\" \/>\n<meta property=\"og:type\" content=\"article\" \/>\n<meta property=\"og:title\" content=\"Identit\u00e0 e corpo migrante - Guerini e Associati\" \/>\n<meta property=\"og:description\" content=\"La promulgazione della norma sul divieto delle pratiche di mutilazione in Italia ha aperto la strada alla realizzazione di una serie di iniziative di informazione e sensibilizzazione e di prevenzione. La ricerca-azione svolta con Progetto Sister\u2019s Care presentato in questo volume fa parte dello sforzo collettivo di comprensione del fenomeno nel nostro paese. La questione \u00e8 stata affrontata in una cornice pi\u00f9 ampia: \u00e8 stata considerata la relazione fra corpo e identit\u00e0, fra rappresentazione culturale e rappresentazione psichica, fra memoria e ricordo del trauma, nonch\u00e9 la funzione simbolica del rito e del trauma organizzato culturalmente.\" \/>\n<meta property=\"og:url\" content=\"https:\/\/www.guerini.it\/index.php\/prodotto\/identita-e-corpo-migrante\/\" \/>\n<meta property=\"og:site_name\" content=\"Guerini e Associati\" \/>\n<meta property=\"article:modified_time\" content=\"2024-06-12T12:42:21+00:00\" \/>\n<meta property=\"og:image\" content=\"https:\/\/www.guerini.it\/wp-content\/uploads\/2012\/05\/978-88-6250-204-7.jpg\" \/>\n\t<meta property=\"og:image:width\" content=\"408\" \/>\n\t<meta property=\"og:image:height\" content=\"716\" \/>\n\t<meta property=\"og:image:type\" content=\"image\/jpeg\" \/>\n<meta name=\"twitter:card\" content=\"summary_large_image\" \/>\n<!-- \/ Yoast SEO plugin. -->","yoast_head_json":{"title":"Identit\u00e0 e corpo migrante - Guerini e Associati","robots":{"index":"index","follow":"follow","max-snippet":"max-snippet:-1","max-image-preview":"max-image-preview:large","max-video-preview":"max-video-preview:-1"},"canonical":"https:\/\/www.guerini.it\/index.php\/prodotto\/identita-e-corpo-migrante\/","og_locale":"it_IT","og_type":"article","og_title":"Identit\u00e0 e corpo migrante - Guerini e Associati","og_description":"La promulgazione della norma sul divieto delle pratiche di mutilazione in Italia ha aperto la strada alla realizzazione di una serie di iniziative di informazione e sensibilizzazione e di prevenzione. La ricerca-azione svolta con Progetto Sister\u2019s Care presentato in questo volume fa parte dello sforzo collettivo di comprensione del fenomeno nel nostro paese. La questione \u00e8 stata affrontata in una cornice pi\u00f9 ampia: \u00e8 stata considerata la relazione fra corpo e identit\u00e0, fra rappresentazione culturale e rappresentazione psichica, fra memoria e ricordo del trauma, nonch\u00e9 la funzione simbolica del rito e del trauma organizzato culturalmente.","og_url":"https:\/\/www.guerini.it\/index.php\/prodotto\/identita-e-corpo-migrante\/","og_site_name":"Guerini e Associati","article_modified_time":"2024-06-12T12:42:21+00:00","og_image":[{"width":408,"height":716,"url":"https:\/\/www.guerini.it\/wp-content\/uploads\/2012\/05\/978-88-6250-204-7.jpg","type":"image\/jpeg"}],"twitter_card":"summary_large_image","schema":{"@context":"https:\/\/schema.org","@graph":[{"@type":"WebPage","@id":"https:\/\/www.guerini.it\/index.php\/prodotto\/identita-e-corpo-migrante\/","url":"https:\/\/www.guerini.it\/index.php\/prodotto\/identita-e-corpo-migrante\/","name":"Identit\u00e0 e corpo migrante - Guerini e Associati","isPartOf":{"@id":"https:\/\/www.guerini.it\/#website"},"primaryImageOfPage":{"@id":"https:\/\/www.guerini.it\/index.php\/prodotto\/identita-e-corpo-migrante\/#primaryimage"},"image":{"@id":"https:\/\/www.guerini.it\/index.php\/prodotto\/identita-e-corpo-migrante\/#primaryimage"},"thumbnailUrl":"https:\/\/www.guerini.it\/wp-content\/uploads\/2012\/05\/978-88-6250-204-7.jpg","datePublished":"2012-05-24T11:01:07+00:00","dateModified":"2024-06-12T12:42:21+00:00","breadcrumb":{"@id":"https:\/\/www.guerini.it\/index.php\/prodotto\/identita-e-corpo-migrante\/#breadcrumb"},"inLanguage":"it-IT","potentialAction":[{"@type":"ReadAction","target":["https:\/\/www.guerini.it\/index.php\/prodotto\/identita-e-corpo-migrante\/"]}]},{"@type":"ImageObject","inLanguage":"it-IT","@id":"https:\/\/www.guerini.it\/index.php\/prodotto\/identita-e-corpo-migrante\/#primaryimage","url":"https:\/\/www.guerini.it\/wp-content\/uploads\/2012\/05\/978-88-6250-204-7.jpg","contentUrl":"https:\/\/www.guerini.it\/wp-content\/uploads\/2012\/05\/978-88-6250-204-7.jpg","width":408,"height":716,"caption":"Identit\u00e0 e corpo migrante-0"},{"@type":"BreadcrumbList","@id":"https:\/\/www.guerini.it\/index.php\/prodotto\/identita-e-corpo-migrante\/#breadcrumb","itemListElement":[{"@type":"ListItem","position":1,"name":"Home","item":"https:\/\/www.guerini.it\/"},{"@type":"ListItem","position":2,"name":"Catalogo","item":"https:\/\/www.guerini.it\/index.php\/negozio\/"},{"@type":"ListItem","position":3,"name":"Identit\u00e0 e corpo migrante"}]},{"@type":"WebSite","@id":"https:\/\/www.guerini.it\/#website","url":"https:\/\/www.guerini.it\/","name":"Guerini e Associati","description":"30 anni di libri, idee e libert\u00e0","publisher":{"@id":"https:\/\/www.guerini.it\/#organization"},"potentialAction":[{"@type":"SearchAction","target":{"@type":"EntryPoint","urlTemplate":"https:\/\/www.guerini.it\/?s={search_term_string}"},"query-input":{"@type":"PropertyValueSpecification","valueRequired":true,"valueName":"search_term_string"}}],"inLanguage":"it-IT"},{"@type":"Organization","@id":"https:\/\/www.guerini.it\/#organization","name":"Guerini e Associati","url":"https:\/\/www.guerini.it\/","logo":{"@type":"ImageObject","inLanguage":"it-IT","@id":"https:\/\/www.guerini.it\/#\/schema\/logo\/image\/","url":"https:\/\/www.guerini.it\/wp-content\/uploads\/2021\/03\/Logo-Guerini-OK_-e1615831292285.png","contentUrl":"https:\/\/www.guerini.it\/wp-content\/uploads\/2021\/03\/Logo-Guerini-OK_-e1615831292285.png","width":2805,"height":1870,"caption":"Guerini e Associati"},"image":{"@id":"https:\/\/www.guerini.it\/#\/schema\/logo\/image\/"}}]}},"_links":{"self":[{"href":"https:\/\/www.guerini.it\/index.php\/wp-json\/wp\/v2\/product\/14724","targetHints":{"allow":["GET"]}}],"collection":[{"href":"https:\/\/www.guerini.it\/index.php\/wp-json\/wp\/v2\/product"}],"about":[{"href":"https:\/\/www.guerini.it\/index.php\/wp-json\/wp\/v2\/types\/product"}],"wp:featuredmedia":[{"embeddable":true,"href":"https:\/\/www.guerini.it\/index.php\/wp-json\/wp\/v2\/media\/14723"}],"wp:attachment":[{"href":"https:\/\/www.guerini.it\/index.php\/wp-json\/wp\/v2\/media?parent=14724"}],"wp:term":[{"taxonomy":"product_brand","embeddable":true,"href":"https:\/\/www.guerini.it\/index.php\/wp-json\/wp\/v2\/product_brand?post=14724"},{"taxonomy":"product_cat","embeddable":true,"href":"https:\/\/www.guerini.it\/index.php\/wp-json\/wp\/v2\/product_cat?post=14724"},{"taxonomy":"product_tag","embeddable":true,"href":"https:\/\/www.guerini.it\/index.php\/wp-json\/wp\/v2\/product_tag?post=14724"}],"curies":[{"name":"wp","href":"https:\/\/api.w.org\/{rel}","templated":true}]}}