{"id":14757,"date":"2012-05-24T13:01:08","date_gmt":"2012-05-24T11:01:08","guid":{"rendered":"https:\/\/test.guerini.it\/?product=tempi-di-vita-moderni"},"modified":"2024-06-12T14:37:01","modified_gmt":"2024-06-12T12:37:01","slug":"tempi-di-vita-moderni","status":"publish","type":"product","link":"https:\/\/www.guerini.it\/index.php\/prodotto\/tempi-di-vita-moderni\/","title":{"rendered":"Tempi di vita moderni"},"content":{"rendered":"<p>Nelle societ\u00e0 avanzate il tempo libero non \u00e8 pi\u00f9 un momento marginale di \u00abnon occupazione\u00bb. Il valore simbolico, sociale ed economico che assume ha effetti trasversali nella vita quotidiana, al punto che la multidimensionalit\u00e0 dei suoi contenuti diventa l\u2019aspetto caratterizzante della condizione tardomoderna. Nel tentativo di contribuire all\u2019aggiornamento dei modelli interpretativi per lo studio dei nuovi scenari del loisir, vengono tracciati molteplici ritratti della societ\u00e0 italiana, vista nel suo insieme o segmentata per specifiche categorie di individui, o ancora mettendo a fuoco particolari pratiche e consumi del tempo libero.<\/p>\n","protected":false},"excerpt":{"rendered":"<p>Nelle societ\u00e0 avanzate il tempo libero non \u00e8 pi\u00f9 un momento marginale di \u00abnon occupazione\u00bb. Il valore simbolico, sociale ed economico che assume ha effetti trasversali nella vita quotidiana, al punto che la multidimensionalit\u00e0 dei suoi contenuti diventa l\u2019aspetto caratterizzante della condizione tardomoderna. Nel tentativo di contribuire all\u2019aggiornamento dei modelli interpretativi per lo studio dei nuovi scenari del loisir, vengono tracciati molteplici ritratti della societ\u00e0 italiana, vista nel suo insieme o segmentata per specifiche categorie di individui, o ancora mettendo a fuoco particolari pratiche e consumi del tempo libero.<\/p>\n","protected":false},"featured_media":14756,"template":"","meta":{"_editorskit_title_hidden":false,"_editorskit_reading_time":0,"_editorskit_is_block_options_detached":false,"_editorskit_block_options_position":"{}","_monsterinsights_skip_tracking":false,"_monsterinsights_sitenote_active":false,"_monsterinsights_sitenote_note":"","_monsterinsights_sitenote_category":0},"product_brand":[],"product_cat":[6571,6528],"product_tag":[],"class_list":{"0":"post-14757","1":"product","2":"type-product","3":"status-publish","4":"has-post-thumbnail","6":"product_cat-alfa","7":"product_cat-comunicazione","8":"pa_country_of_manufacture-it","10":"first","11":"instock","12":"sale","13":"shipping-taxable","14":"purchasable","15":"product-type-simple"},"yoast_head":"<!-- This site is optimized with the Yoast SEO plugin v25.4 - https:\/\/yoast.com\/wordpress\/plugins\/seo\/ -->\n<title>Tempi di vita moderni - Guerini e Associati<\/title>\n<meta name=\"robots\" content=\"index, follow, max-snippet:-1, max-image-preview:large, max-video-preview:-1\" \/>\n<link rel=\"canonical\" href=\"https:\/\/www.guerini.it\/index.php\/prodotto\/tempi-di-vita-moderni\/\" \/>\n<meta property=\"og:locale\" content=\"it_IT\" \/>\n<meta property=\"og:type\" content=\"article\" \/>\n<meta property=\"og:title\" content=\"Tempi di vita moderni - Guerini e Associati\" \/>\n<meta property=\"og:description\" content=\"Nelle societ\u00e0 avanzate il tempo libero non \u00e8 pi\u00f9 un momento marginale di \u00abnon occupazione\u00bb. Il valore simbolico, sociale ed economico che assume ha effetti trasversali nella vita quotidiana, al punto che la multidimensionalit\u00e0 dei suoi contenuti diventa l\u2019aspetto caratterizzante della condizione tardomoderna. Nel tentativo di contribuire all\u2019aggiornamento dei modelli interpretativi per lo studio dei nuovi scenari del loisir, vengono tracciati molteplici ritratti della societ\u00e0 italiana, vista nel suo insieme o segmentata per specifiche categorie di individui, o ancora mettendo a fuoco particolari pratiche e consumi del tempo libero.\" \/>\n<meta property=\"og:url\" content=\"https:\/\/www.guerini.it\/index.php\/prodotto\/tempi-di-vita-moderni\/\" \/>\n<meta property=\"og:site_name\" content=\"Guerini e Associati\" \/>\n<meta property=\"article:modified_time\" content=\"2024-06-12T12:37:01+00:00\" \/>\n<meta property=\"og:image\" content=\"https:\/\/www.guerini.it\/wp-content\/uploads\/2012\/05\/tempi_di_vita_moderni_265x401.jpg\" \/>\n\t<meta property=\"og:image:width\" content=\"265\" \/>\n\t<meta property=\"og:image:height\" content=\"401\" \/>\n\t<meta property=\"og:image:type\" content=\"image\/jpeg\" \/>\n<meta name=\"twitter:card\" content=\"summary_large_image\" \/>\n<!-- \/ Yoast SEO plugin. -->","yoast_head_json":{"title":"Tempi di vita moderni - Guerini e Associati","robots":{"index":"index","follow":"follow","max-snippet":"max-snippet:-1","max-image-preview":"max-image-preview:large","max-video-preview":"max-video-preview:-1"},"canonical":"https:\/\/www.guerini.it\/index.php\/prodotto\/tempi-di-vita-moderni\/","og_locale":"it_IT","og_type":"article","og_title":"Tempi di vita moderni - Guerini e Associati","og_description":"Nelle societ\u00e0 avanzate il tempo libero non \u00e8 pi\u00f9 un momento marginale di \u00abnon occupazione\u00bb. Il valore simbolico, sociale ed economico che assume ha effetti trasversali nella vita quotidiana, al punto che la multidimensionalit\u00e0 dei suoi contenuti diventa l\u2019aspetto caratterizzante della condizione tardomoderna. Nel tentativo di contribuire all\u2019aggiornamento dei modelli interpretativi per lo studio dei nuovi scenari del loisir, vengono tracciati molteplici ritratti della societ\u00e0 italiana, vista nel suo insieme o segmentata per specifiche categorie di individui, o ancora mettendo a fuoco particolari pratiche e consumi del tempo libero.","og_url":"https:\/\/www.guerini.it\/index.php\/prodotto\/tempi-di-vita-moderni\/","og_site_name":"Guerini e Associati","article_modified_time":"2024-06-12T12:37:01+00:00","og_image":[{"width":265,"height":401,"url":"https:\/\/www.guerini.it\/wp-content\/uploads\/2012\/05\/tempi_di_vita_moderni_265x401.jpg","type":"image\/jpeg"}],"twitter_card":"summary_large_image","schema":{"@context":"https:\/\/schema.org","@graph":[{"@type":"WebPage","@id":"https:\/\/www.guerini.it\/index.php\/prodotto\/tempi-di-vita-moderni\/","url":"https:\/\/www.guerini.it\/index.php\/prodotto\/tempi-di-vita-moderni\/","name":"Tempi di vita moderni - Guerini e Associati","isPartOf":{"@id":"https:\/\/www.guerini.it\/#website"},"primaryImageOfPage":{"@id":"https:\/\/www.guerini.it\/index.php\/prodotto\/tempi-di-vita-moderni\/#primaryimage"},"image":{"@id":"https:\/\/www.guerini.it\/index.php\/prodotto\/tempi-di-vita-moderni\/#primaryimage"},"thumbnailUrl":"https:\/\/www.guerini.it\/wp-content\/uploads\/2012\/05\/tempi_di_vita_moderni_265x401.jpg","datePublished":"2012-05-24T11:01:08+00:00","dateModified":"2024-06-12T12:37:01+00:00","breadcrumb":{"@id":"https:\/\/www.guerini.it\/index.php\/prodotto\/tempi-di-vita-moderni\/#breadcrumb"},"inLanguage":"it-IT","potentialAction":[{"@type":"ReadAction","target":["https:\/\/www.guerini.it\/index.php\/prodotto\/tempi-di-vita-moderni\/"]}]},{"@type":"ImageObject","inLanguage":"it-IT","@id":"https:\/\/www.guerini.it\/index.php\/prodotto\/tempi-di-vita-moderni\/#primaryimage","url":"https:\/\/www.guerini.it\/wp-content\/uploads\/2012\/05\/tempi_di_vita_moderni_265x401.jpg","contentUrl":"https:\/\/www.guerini.it\/wp-content\/uploads\/2012\/05\/tempi_di_vita_moderni_265x401.jpg","width":265,"height":401,"caption":"Tempi di vita moderni"},{"@type":"BreadcrumbList","@id":"https:\/\/www.guerini.it\/index.php\/prodotto\/tempi-di-vita-moderni\/#breadcrumb","itemListElement":[{"@type":"ListItem","position":1,"name":"Home","item":"https:\/\/www.guerini.it\/"},{"@type":"ListItem","position":2,"name":"Catalogo","item":"https:\/\/www.guerini.it\/index.php\/negozio\/"},{"@type":"ListItem","position":3,"name":"Tempi di vita moderni"}]},{"@type":"WebSite","@id":"https:\/\/www.guerini.it\/#website","url":"https:\/\/www.guerini.it\/","name":"Guerini e Associati","description":"30 anni di libri, idee e libert\u00e0","publisher":{"@id":"https:\/\/www.guerini.it\/#organization"},"potentialAction":[{"@type":"SearchAction","target":{"@type":"EntryPoint","urlTemplate":"https:\/\/www.guerini.it\/?s={search_term_string}"},"query-input":{"@type":"PropertyValueSpecification","valueRequired":true,"valueName":"search_term_string"}}],"inLanguage":"it-IT"},{"@type":"Organization","@id":"https:\/\/www.guerini.it\/#organization","name":"Guerini e Associati","url":"https:\/\/www.guerini.it\/","logo":{"@type":"ImageObject","inLanguage":"it-IT","@id":"https:\/\/www.guerini.it\/#\/schema\/logo\/image\/","url":"https:\/\/www.guerini.it\/wp-content\/uploads\/2021\/03\/Logo-Guerini-OK_-e1615831292285.png","contentUrl":"https:\/\/www.guerini.it\/wp-content\/uploads\/2021\/03\/Logo-Guerini-OK_-e1615831292285.png","width":2805,"height":1870,"caption":"Guerini e Associati"},"image":{"@id":"https:\/\/www.guerini.it\/#\/schema\/logo\/image\/"}}]}},"_links":{"self":[{"href":"https:\/\/www.guerini.it\/index.php\/wp-json\/wp\/v2\/product\/14757","targetHints":{"allow":["GET"]}}],"collection":[{"href":"https:\/\/www.guerini.it\/index.php\/wp-json\/wp\/v2\/product"}],"about":[{"href":"https:\/\/www.guerini.it\/index.php\/wp-json\/wp\/v2\/types\/product"}],"wp:featuredmedia":[{"embeddable":true,"href":"https:\/\/www.guerini.it\/index.php\/wp-json\/wp\/v2\/media\/14756"}],"wp:attachment":[{"href":"https:\/\/www.guerini.it\/index.php\/wp-json\/wp\/v2\/media?parent=14757"}],"wp:term":[{"taxonomy":"product_brand","embeddable":true,"href":"https:\/\/www.guerini.it\/index.php\/wp-json\/wp\/v2\/product_brand?post=14757"},{"taxonomy":"product_cat","embeddable":true,"href":"https:\/\/www.guerini.it\/index.php\/wp-json\/wp\/v2\/product_cat?post=14757"},{"taxonomy":"product_tag","embeddable":true,"href":"https:\/\/www.guerini.it\/index.php\/wp-json\/wp\/v2\/product_tag?post=14757"}],"curies":[{"name":"wp","href":"https:\/\/api.w.org\/{rel}","templated":true}]}}