{"id":14763,"date":"2012-05-24T13:01:08","date_gmt":"2012-05-24T11:01:08","guid":{"rendered":"https:\/\/test.guerini.it\/?product=leadership-2"},"modified":"2024-06-12T14:40:07","modified_gmt":"2024-06-12T12:40:07","slug":"leadership-2","status":"publish","type":"product","link":"https:\/\/www.guerini.it\/index.php\/prodotto\/leadership-2\/","title":{"rendered":"Leadership"},"content":{"rendered":"<p style=\"text-align: justify;\">Ricorrere alle opere letterarie per spiegare un concetto di management \u00e8 molto pi\u00f9 piacevole e divertente che utilizzare la sola teoria aziendale.<br \/>\nIl tema della <em>leadership<\/em>, in particolare, \u00e8 ampiamente trattato nella letteratura d\u2019arte oltre che in quella di stampo manageriale. Il concetto di <em>leadership<\/em> \u00e8 infatti antichissimo e allo stesso tempo moderno, e come tale presente in romanzi e poesie di ogni tempo. Antico, perch\u00e9 nella storia dell\u2019uomo ci sono sempre stati personaggi che hanno guidato l\u2019evoluzione operando come agenti di cambiamento, condotto le transizioni, fatto nascere emozioni e progetti. Moderno perch\u00e9 negli ultimi decenni \u00e8 tornato a interessare i manager e a essere oggetto di studio dei ricercatori: l\u2019esame di qualsiasi aggregazione sociale, compresa l\u2019azienda, non pu\u00f2 prescindere da un\u2019attenta analisi della conduzione del gruppo.<br \/>\nLa <em>leadership<\/em> \u00e8 un\u2019idea, un\u2019emozione. Significativa la definizione che ne d\u00e0 l\u2019ex-capitano e allenatore della nazionale italiana di rugby, Marco Bollesan: \u00abAvete presente uno stormo di uccelli che va verso sud? Davanti, in punta c\u2019\u00e8 l\u2019uccello che tutti inspiegabilmente seguono fino alla meta. Ecco, quella \u00e8 <em>leadership<\/em>!\u00bb. Questo concetto, pur di cos\u00ec vasta diffusione, \u00e8 per\u00f2 solo apparentemente intuitivo. Perch\u00e9 quindi non ricorrere alla genialit\u00e0 degli scrittori per farlo proprio, sentirlo pi\u00f9 che capirlo, viverlo pi\u00f9 che razionalizzarlo?<br \/>\nDopo averne descritti teoricamente alcuni aspetti, proponiamo pertanto al lettore di fare esperienza della <em>leadership<\/em>.<br \/>\nSiamo profondamente convinti che guidare persone con un ruolo e un riconoscimento da <em>leader<\/em> sia anche e soprattutto un\u2019arte, non solo una tecnica. E l\u2019arte ha bisogno di \u00abmaestri di bottega\u00bb, i maestri che \u2013 osservati da vicino \u2013 ispirano e insegnano, fanno capire e appassionano, sono esempio e suscitano emozioni.<br \/>\nForse, in fondo, la <em>leadership<\/em> \u00e8 \u00absolo\u00bb una questione di emozioni.<\/p>\n<hr \/>\n<p style=\"text-align: justify;\"><strong>Maurizio Decastri<\/strong> \u00e8 professore ordinario di Organizzazione Aziendale presso l\u2019Universit\u00e0 di Roma Tor Vergata. Per le nostre edizioni \u00e8 autore di <a href=\"https:\/\/www.guerini.it\/index.php\/prodotto\/verso-l-internazionalita\/\"><em>Verso l\u2019internazionalit\u00e0. Assetti organizzativi, sistemi di gestione del personale e cultura d\u2019azienda per affrontare la sfida internazionale<\/em><\/a> (1999) e ha recentemente curato <a href=\"https:\/\/www.guerini.it\/index.php\/prodotto\/leggere-e-progettare-le-organizzazioni\/\"><em>Leggere e progettare le organizzazioni. Lezioni a pi\u00f9 voci di Organizzazione Aziendale<\/em><\/a> (2011).<\/p>\n<p style=\"text-align: justify;\"><strong>Zvetan Anton Lilov<\/strong> \u00e8 funzionario della Direzione Personale e Organizzazione di Vittoria Assicurazioni.<\/p>\n","protected":false},"excerpt":{"rendered":"<p>Il concetto di leadership \u00e8 antichissimo e allo stesso tempo moderno, e come tale presente in romanzi e poesie di ogni tempo. Antico, perch\u00e9 nella storia dell\u2019uomo ci sono sempre stati personaggi che hanno guidato, condotto le transizioni, fatto nascere emozioni e progetti. Moderno perch\u00e9 negli ultimi decenni \u00e8 tornato a interessare i manager e a essere studiato dai ricercatori: l\u2019esame di qualsiasi aggregazione sociale, compresa l\u2019azienda, non pu\u00f2 prescindere da un\u2019attenta analisi della conduzione del gruppo.<\/p>\n","protected":false},"featured_media":14762,"template":"","meta":{"_editorskit_title_hidden":false,"_editorskit_reading_time":0,"_editorskit_is_block_options_detached":false,"_editorskit_block_options_position":"{}","_monsterinsights_skip_tracking":false,"_monsterinsights_sitenote_active":false,"_monsterinsights_sitenote_note":"","_monsterinsights_sitenote_category":0},"product_brand":[],"product_cat":[6529,6642],"product_tag":[],"class_list":{"0":"post-14763","1":"product","2":"type-product","3":"status-publish","4":"has-post-thumbnail","6":"product_cat-economia-e-management","7":"product_cat-cr","8":"pa_country_of_manufacture-it","9":"pa_guerini_amazon_link-https-www-amazon-it-leadership-maurizio-decastri-dp-8862502745","10":"pa_guerini_feltrinelli_link-https-www-lafeltrinelli-it-leadership-dalla-letteratura-alla-teoria-libro-maurizio-decastri-zvetan-a-lilov-e-9788862502740","11":"pa_guerini_ibs_link-https-www-ibs-it-leadership-dalla-letteratura-alla-teoria-libro-maurizio-decastri-zvetan-a-lilov-e-9788862502740","12":"pa_guerini_libruniver_link-https-www-libreriauniversitaria-it-leadership-letteratura-teoria-manageriale-decastri-libro-9788862502740","13":"pa_guerini_mondadori_link-https-www-mondadoristore-it-leadership-dalla-letteratura-maurizio-decastri-zvetan-a-lilov-eai978886250274","14":"pa_guerini_strillo-bf-unviaggioattraversolagrand","16":"first","17":"instock","18":"sale","19":"shipping-taxable","20":"purchasable","21":"product-type-simple"},"yoast_head":"<!-- This site is optimized with the Yoast SEO plugin v25.4 - https:\/\/yoast.com\/wordpress\/plugins\/seo\/ -->\n<title>Leadership - Guerini e Associati<\/title>\n<meta name=\"robots\" content=\"index, follow, max-snippet:-1, max-image-preview:large, max-video-preview:-1\" \/>\n<link rel=\"canonical\" href=\"https:\/\/www.guerini.it\/index.php\/prodotto\/leadership-2\/\" \/>\n<meta property=\"og:locale\" content=\"it_IT\" \/>\n<meta property=\"og:type\" content=\"article\" \/>\n<meta property=\"og:title\" content=\"Leadership - Guerini e Associati\" \/>\n<meta property=\"og:description\" content=\"Il concetto di leadership \u00e8 antichissimo e allo stesso tempo moderno, e come tale presente in romanzi e poesie di ogni tempo. Antico, perch\u00e9 nella storia dell\u2019uomo ci sono sempre stati personaggi che hanno guidato, condotto le transizioni, fatto nascere emozioni e progetti. Moderno perch\u00e9 negli ultimi decenni \u00e8 tornato a interessare i manager e a essere studiato dai ricercatori: l\u2019esame di qualsiasi aggregazione sociale, compresa l\u2019azienda, non pu\u00f2 prescindere da un\u2019attenta analisi della conduzione del gruppo.\" \/>\n<meta property=\"og:url\" content=\"https:\/\/www.guerini.it\/index.php\/prodotto\/leadership-2\/\" \/>\n<meta property=\"og:site_name\" content=\"Guerini e Associati\" \/>\n<meta property=\"article:modified_time\" content=\"2024-06-12T12:40:07+00:00\" \/>\n<meta property=\"og:image\" content=\"https:\/\/www.guerini.it\/wp-content\/uploads\/2012\/05\/978-88-6250-274-0.jpg\" \/>\n\t<meta property=\"og:image:width\" content=\"123\" \/>\n\t<meta property=\"og:image:height\" content=\"184\" \/>\n\t<meta property=\"og:image:type\" content=\"image\/jpeg\" \/>\n<meta name=\"twitter:card\" content=\"summary_large_image\" \/>\n<meta name=\"twitter:label1\" content=\"Tempo di lettura stimato\" \/>\n\t<meta name=\"twitter:data1\" content=\"2 minuti\" \/>\n<!-- \/ Yoast SEO plugin. -->","yoast_head_json":{"title":"Leadership - Guerini e Associati","robots":{"index":"index","follow":"follow","max-snippet":"max-snippet:-1","max-image-preview":"max-image-preview:large","max-video-preview":"max-video-preview:-1"},"canonical":"https:\/\/www.guerini.it\/index.php\/prodotto\/leadership-2\/","og_locale":"it_IT","og_type":"article","og_title":"Leadership - Guerini e Associati","og_description":"Il concetto di leadership \u00e8 antichissimo e allo stesso tempo moderno, e come tale presente in romanzi e poesie di ogni tempo. Antico, perch\u00e9 nella storia dell\u2019uomo ci sono sempre stati personaggi che hanno guidato, condotto le transizioni, fatto nascere emozioni e progetti. Moderno perch\u00e9 negli ultimi decenni \u00e8 tornato a interessare i manager e a essere studiato dai ricercatori: l\u2019esame di qualsiasi aggregazione sociale, compresa l\u2019azienda, non pu\u00f2 prescindere da un\u2019attenta analisi della conduzione del gruppo.","og_url":"https:\/\/www.guerini.it\/index.php\/prodotto\/leadership-2\/","og_site_name":"Guerini e Associati","article_modified_time":"2024-06-12T12:40:07+00:00","og_image":[{"width":123,"height":184,"url":"https:\/\/www.guerini.it\/wp-content\/uploads\/2012\/05\/978-88-6250-274-0.jpg","type":"image\/jpeg"}],"twitter_card":"summary_large_image","twitter_misc":{"Tempo di lettura stimato":"2 minuti"},"schema":{"@context":"https:\/\/schema.org","@graph":[{"@type":"WebPage","@id":"https:\/\/www.guerini.it\/index.php\/prodotto\/leadership-2\/","url":"https:\/\/www.guerini.it\/index.php\/prodotto\/leadership-2\/","name":"Leadership - Guerini e Associati","isPartOf":{"@id":"https:\/\/www.guerini.it\/#website"},"primaryImageOfPage":{"@id":"https:\/\/www.guerini.it\/index.php\/prodotto\/leadership-2\/#primaryimage"},"image":{"@id":"https:\/\/www.guerini.it\/index.php\/prodotto\/leadership-2\/#primaryimage"},"thumbnailUrl":"https:\/\/www.guerini.it\/wp-content\/uploads\/2012\/05\/978-88-6250-274-0.jpg","datePublished":"2012-05-24T11:01:08+00:00","dateModified":"2024-06-12T12:40:07+00:00","breadcrumb":{"@id":"https:\/\/www.guerini.it\/index.php\/prodotto\/leadership-2\/#breadcrumb"},"inLanguage":"it-IT","potentialAction":[{"@type":"ReadAction","target":["https:\/\/www.guerini.it\/index.php\/prodotto\/leadership-2\/"]}]},{"@type":"ImageObject","inLanguage":"it-IT","@id":"https:\/\/www.guerini.it\/index.php\/prodotto\/leadership-2\/#primaryimage","url":"https:\/\/www.guerini.it\/wp-content\/uploads\/2012\/05\/978-88-6250-274-0.jpg","contentUrl":"https:\/\/www.guerini.it\/wp-content\/uploads\/2012\/05\/978-88-6250-274-0.jpg","width":123,"height":184,"caption":"Leadership"},{"@type":"BreadcrumbList","@id":"https:\/\/www.guerini.it\/index.php\/prodotto\/leadership-2\/#breadcrumb","itemListElement":[{"@type":"ListItem","position":1,"name":"Home","item":"https:\/\/www.guerini.it\/"},{"@type":"ListItem","position":2,"name":"Catalogo","item":"https:\/\/www.guerini.it\/index.php\/negozio\/"},{"@type":"ListItem","position":3,"name":"Leadership"}]},{"@type":"WebSite","@id":"https:\/\/www.guerini.it\/#website","url":"https:\/\/www.guerini.it\/","name":"Guerini e Associati","description":"30 anni di libri, idee e libert\u00e0","publisher":{"@id":"https:\/\/www.guerini.it\/#organization"},"potentialAction":[{"@type":"SearchAction","target":{"@type":"EntryPoint","urlTemplate":"https:\/\/www.guerini.it\/?s={search_term_string}"},"query-input":{"@type":"PropertyValueSpecification","valueRequired":true,"valueName":"search_term_string"}}],"inLanguage":"it-IT"},{"@type":"Organization","@id":"https:\/\/www.guerini.it\/#organization","name":"Guerini e Associati","url":"https:\/\/www.guerini.it\/","logo":{"@type":"ImageObject","inLanguage":"it-IT","@id":"https:\/\/www.guerini.it\/#\/schema\/logo\/image\/","url":"https:\/\/www.guerini.it\/wp-content\/uploads\/2021\/03\/Logo-Guerini-OK_-e1615831292285.png","contentUrl":"https:\/\/www.guerini.it\/wp-content\/uploads\/2021\/03\/Logo-Guerini-OK_-e1615831292285.png","width":2805,"height":1870,"caption":"Guerini e Associati"},"image":{"@id":"https:\/\/www.guerini.it\/#\/schema\/logo\/image\/"}}]}},"_links":{"self":[{"href":"https:\/\/www.guerini.it\/index.php\/wp-json\/wp\/v2\/product\/14763","targetHints":{"allow":["GET"]}}],"collection":[{"href":"https:\/\/www.guerini.it\/index.php\/wp-json\/wp\/v2\/product"}],"about":[{"href":"https:\/\/www.guerini.it\/index.php\/wp-json\/wp\/v2\/types\/product"}],"wp:featuredmedia":[{"embeddable":true,"href":"https:\/\/www.guerini.it\/index.php\/wp-json\/wp\/v2\/media\/14762"}],"wp:attachment":[{"href":"https:\/\/www.guerini.it\/index.php\/wp-json\/wp\/v2\/media?parent=14763"}],"wp:term":[{"taxonomy":"product_brand","embeddable":true,"href":"https:\/\/www.guerini.it\/index.php\/wp-json\/wp\/v2\/product_brand?post=14763"},{"taxonomy":"product_cat","embeddable":true,"href":"https:\/\/www.guerini.it\/index.php\/wp-json\/wp\/v2\/product_cat?post=14763"},{"taxonomy":"product_tag","embeddable":true,"href":"https:\/\/www.guerini.it\/index.php\/wp-json\/wp\/v2\/product_tag?post=14763"}],"curies":[{"name":"wp","href":"https:\/\/api.w.org\/{rel}","templated":true}]}}