{"id":14770,"date":"2012-05-24T13:01:08","date_gmt":"2012-05-24T11:01:08","guid":{"rendered":"https:\/\/test.guerini.it\/?product=forme-e-pratiche-delle-disugualianze-sociali"},"modified":"2024-06-12T14:37:30","modified_gmt":"2024-06-12T12:37:30","slug":"forme-e-pratiche-delle-disugualianze-sociali","status":"publish","type":"product","link":"https:\/\/www.guerini.it\/index.php\/prodotto\/forme-e-pratiche-delle-disugualianze-sociali\/","title":{"rendered":"Forme e pratiche delle disugualianze sociali"},"content":{"rendered":"<p>Nelle societ\u00e0 contemporanee occidentali l\u2019eguaglianza degli individui \u00e8 un principio ribadito nelle carte costituzionali. Nonostante ci\u00f2, le disuguaglianze di fatto che si originano dalle disparit\u00e0 economiche sono rafforzate da quelle determinate dal genere, dall\u2019appartenenza etnica, dall\u2019et\u00e0, in un sistema complesso in cui status ascritti e acquisiti definiscono le opportunit\u00e0 di vita di ciascuno. Il volume descrive la persistenza di queste disuguaglianze, alcuni processi che ne favoriscono la riproduzione, nonch\u00e9 le conseguenze sugli individui.<\/p>\n","protected":false},"excerpt":{"rendered":"<p>Nelle societ\u00e0 contemporanee occidentali l\u2019eguaglianza degli individui \u00e8 un principio ribadito nelle carte costituzionali. Nonostante ci\u00f2, le disuguaglianze di fatto che si originano dalle disparit\u00e0 economiche sono rafforzate da quelle determinate dal genere, dall\u2019appartenenza etnica, dall\u2019et\u00e0, in un sistema complesso in cui status ascritti e acquisiti definiscono le opportunit\u00e0 di vita di ciascuno. Il volume descrive la persistenza di queste disuguaglianze, alcuni processi che ne favoriscono la riproduzione, nonch\u00e9 le conseguenze sugli individui.<\/p>\n","protected":false},"featured_media":14769,"template":"","meta":{"_editorskit_title_hidden":false,"_editorskit_reading_time":0,"_editorskit_is_block_options_detached":false,"_editorskit_block_options_position":"{}","_monsterinsights_skip_tracking":false,"_monsterinsights_sitenote_active":false,"_monsterinsights_sitenote_note":"","_monsterinsights_sitenote_category":0},"product_brand":[],"product_cat":[6538],"product_tag":[],"class_list":{"0":"post-14770","1":"product","2":"type-product","3":"status-publish","4":"has-post-thumbnail","6":"product_cat-sociologia-e-comunicazione","7":"pa_country_of_manufacture-it","9":"first","10":"instock","11":"sale","12":"shipping-taxable","13":"purchasable","14":"product-type-simple"},"yoast_head":"<!-- This site is optimized with the Yoast SEO plugin v25.4 - https:\/\/yoast.com\/wordpress\/plugins\/seo\/ -->\n<title>Forme e pratiche delle disugualianze sociali - Guerini e Associati<\/title>\n<meta name=\"robots\" content=\"index, follow, max-snippet:-1, max-image-preview:large, max-video-preview:-1\" \/>\n<link rel=\"canonical\" href=\"https:\/\/www.guerini.it\/index.php\/prodotto\/forme-e-pratiche-delle-disugualianze-sociali\/\" \/>\n<meta property=\"og:locale\" content=\"it_IT\" \/>\n<meta property=\"og:type\" content=\"article\" \/>\n<meta property=\"og:title\" content=\"Forme e pratiche delle disugualianze sociali - Guerini e Associati\" \/>\n<meta property=\"og:description\" content=\"Nelle societ\u00e0 contemporanee occidentali l\u2019eguaglianza degli individui \u00e8 un principio ribadito nelle carte costituzionali. Nonostante ci\u00f2, le disuguaglianze di fatto che si originano dalle disparit\u00e0 economiche sono rafforzate da quelle determinate dal genere, dall\u2019appartenenza etnica, dall\u2019et\u00e0, in un sistema complesso in cui status ascritti e acquisiti definiscono le opportunit\u00e0 di vita di ciascuno. Il volume descrive la persistenza di queste disuguaglianze, alcuni processi che ne favoriscono la riproduzione, nonch\u00e9 le conseguenze sugli individui.\" \/>\n<meta property=\"og:url\" content=\"https:\/\/www.guerini.it\/index.php\/prodotto\/forme-e-pratiche-delle-disugualianze-sociali\/\" \/>\n<meta property=\"og:site_name\" content=\"Guerini e Associati\" \/>\n<meta property=\"article:modified_time\" content=\"2024-06-12T12:37:30+00:00\" \/>\n<meta property=\"og:image\" content=\"https:\/\/www.guerini.it\/wp-content\/uploads\/2012\/05\/978-88-8107-304-7.jpg\" \/>\n\t<meta property=\"og:image:width\" content=\"405\" \/>\n\t<meta property=\"og:image:height\" content=\"634\" \/>\n\t<meta property=\"og:image:type\" content=\"image\/jpeg\" \/>\n<meta name=\"twitter:card\" content=\"summary_large_image\" \/>\n<!-- \/ Yoast SEO plugin. -->","yoast_head_json":{"title":"Forme e pratiche delle disugualianze sociali - Guerini e Associati","robots":{"index":"index","follow":"follow","max-snippet":"max-snippet:-1","max-image-preview":"max-image-preview:large","max-video-preview":"max-video-preview:-1"},"canonical":"https:\/\/www.guerini.it\/index.php\/prodotto\/forme-e-pratiche-delle-disugualianze-sociali\/","og_locale":"it_IT","og_type":"article","og_title":"Forme e pratiche delle disugualianze sociali - Guerini e Associati","og_description":"Nelle societ\u00e0 contemporanee occidentali l\u2019eguaglianza degli individui \u00e8 un principio ribadito nelle carte costituzionali. Nonostante ci\u00f2, le disuguaglianze di fatto che si originano dalle disparit\u00e0 economiche sono rafforzate da quelle determinate dal genere, dall\u2019appartenenza etnica, dall\u2019et\u00e0, in un sistema complesso in cui status ascritti e acquisiti definiscono le opportunit\u00e0 di vita di ciascuno. Il volume descrive la persistenza di queste disuguaglianze, alcuni processi che ne favoriscono la riproduzione, nonch\u00e9 le conseguenze sugli individui.","og_url":"https:\/\/www.guerini.it\/index.php\/prodotto\/forme-e-pratiche-delle-disugualianze-sociali\/","og_site_name":"Guerini e Associati","article_modified_time":"2024-06-12T12:37:30+00:00","og_image":[{"width":405,"height":634,"url":"https:\/\/www.guerini.it\/wp-content\/uploads\/2012\/05\/978-88-8107-304-7.jpg","type":"image\/jpeg"}],"twitter_card":"summary_large_image","schema":{"@context":"https:\/\/schema.org","@graph":[{"@type":"WebPage","@id":"https:\/\/www.guerini.it\/index.php\/prodotto\/forme-e-pratiche-delle-disugualianze-sociali\/","url":"https:\/\/www.guerini.it\/index.php\/prodotto\/forme-e-pratiche-delle-disugualianze-sociali\/","name":"Forme e pratiche delle disugualianze sociali - Guerini e Associati","isPartOf":{"@id":"https:\/\/www.guerini.it\/#website"},"primaryImageOfPage":{"@id":"https:\/\/www.guerini.it\/index.php\/prodotto\/forme-e-pratiche-delle-disugualianze-sociali\/#primaryimage"},"image":{"@id":"https:\/\/www.guerini.it\/index.php\/prodotto\/forme-e-pratiche-delle-disugualianze-sociali\/#primaryimage"},"thumbnailUrl":"https:\/\/www.guerini.it\/wp-content\/uploads\/2012\/05\/978-88-8107-304-7.jpg","datePublished":"2012-05-24T11:01:08+00:00","dateModified":"2024-06-12T12:37:30+00:00","breadcrumb":{"@id":"https:\/\/www.guerini.it\/index.php\/prodotto\/forme-e-pratiche-delle-disugualianze-sociali\/#breadcrumb"},"inLanguage":"it-IT","potentialAction":[{"@type":"ReadAction","target":["https:\/\/www.guerini.it\/index.php\/prodotto\/forme-e-pratiche-delle-disugualianze-sociali\/"]}]},{"@type":"ImageObject","inLanguage":"it-IT","@id":"https:\/\/www.guerini.it\/index.php\/prodotto\/forme-e-pratiche-delle-disugualianze-sociali\/#primaryimage","url":"https:\/\/www.guerini.it\/wp-content\/uploads\/2012\/05\/978-88-8107-304-7.jpg","contentUrl":"https:\/\/www.guerini.it\/wp-content\/uploads\/2012\/05\/978-88-8107-304-7.jpg","width":405,"height":634,"caption":"Forme e pratiche delle disugualianze sociali-0"},{"@type":"BreadcrumbList","@id":"https:\/\/www.guerini.it\/index.php\/prodotto\/forme-e-pratiche-delle-disugualianze-sociali\/#breadcrumb","itemListElement":[{"@type":"ListItem","position":1,"name":"Home","item":"https:\/\/www.guerini.it\/"},{"@type":"ListItem","position":2,"name":"Catalogo","item":"https:\/\/www.guerini.it\/index.php\/negozio\/"},{"@type":"ListItem","position":3,"name":"Forme e pratiche delle disugualianze sociali"}]},{"@type":"WebSite","@id":"https:\/\/www.guerini.it\/#website","url":"https:\/\/www.guerini.it\/","name":"Guerini e Associati","description":"30 anni di libri, idee e libert\u00e0","publisher":{"@id":"https:\/\/www.guerini.it\/#organization"},"potentialAction":[{"@type":"SearchAction","target":{"@type":"EntryPoint","urlTemplate":"https:\/\/www.guerini.it\/?s={search_term_string}"},"query-input":{"@type":"PropertyValueSpecification","valueRequired":true,"valueName":"search_term_string"}}],"inLanguage":"it-IT"},{"@type":"Organization","@id":"https:\/\/www.guerini.it\/#organization","name":"Guerini e Associati","url":"https:\/\/www.guerini.it\/","logo":{"@type":"ImageObject","inLanguage":"it-IT","@id":"https:\/\/www.guerini.it\/#\/schema\/logo\/image\/","url":"https:\/\/www.guerini.it\/wp-content\/uploads\/2021\/03\/Logo-Guerini-OK_-e1615831292285.png","contentUrl":"https:\/\/www.guerini.it\/wp-content\/uploads\/2021\/03\/Logo-Guerini-OK_-e1615831292285.png","width":2805,"height":1870,"caption":"Guerini e Associati"},"image":{"@id":"https:\/\/www.guerini.it\/#\/schema\/logo\/image\/"}}]}},"_links":{"self":[{"href":"https:\/\/www.guerini.it\/index.php\/wp-json\/wp\/v2\/product\/14770","targetHints":{"allow":["GET"]}}],"collection":[{"href":"https:\/\/www.guerini.it\/index.php\/wp-json\/wp\/v2\/product"}],"about":[{"href":"https:\/\/www.guerini.it\/index.php\/wp-json\/wp\/v2\/types\/product"}],"wp:featuredmedia":[{"embeddable":true,"href":"https:\/\/www.guerini.it\/index.php\/wp-json\/wp\/v2\/media\/14769"}],"wp:attachment":[{"href":"https:\/\/www.guerini.it\/index.php\/wp-json\/wp\/v2\/media?parent=14770"}],"wp:term":[{"taxonomy":"product_brand","embeddable":true,"href":"https:\/\/www.guerini.it\/index.php\/wp-json\/wp\/v2\/product_brand?post=14770"},{"taxonomy":"product_cat","embeddable":true,"href":"https:\/\/www.guerini.it\/index.php\/wp-json\/wp\/v2\/product_cat?post=14770"},{"taxonomy":"product_tag","embeddable":true,"href":"https:\/\/www.guerini.it\/index.php\/wp-json\/wp\/v2\/product_tag?post=14770"}],"curies":[{"name":"wp","href":"https:\/\/api.w.org\/{rel}","templated":true}]}}