{"id":14774,"date":"2012-05-24T13:01:08","date_gmt":"2012-05-24T11:01:08","guid":{"rendered":"https:\/\/test.guerini.it\/?product=facility-management"},"modified":"2025-10-31T17:03:19","modified_gmt":"2025-10-31T16:03:19","slug":"facility-management","status":"publish","type":"product","link":"https:\/\/www.guerini.it\/index.php\/prodotto\/facility-management\/","title":{"rendered":"Facility management"},"content":{"rendered":"<p>A partire dalle organizzazioni aziendali e dalla loro evoluzione, fino alla fornitura di servizi e al loro miglioramento continuo, il libro propone una panoramica delle problematiche collegate al business del facility management: relazioni commerciali, peculiarit\u00e0 contrattuali, concetti di due diligence e transizione, tecnologie a supporto e alcune idee sull\u2019evoluzione che il FM pu\u00f2 avere nel prossimo futuro. Il percorso \u00e8 costellato da pillole di vita vissuta da parte di chi ha sviluppato la propria esperienza ai vertici di societ\u00e0 multinazionali americane.<\/p>\n","protected":false},"excerpt":{"rendered":"<p>A partire dalle organizzazioni aziendali e dalla loro evoluzione, fino alla fornitura di servizi e al loro miglioramento continuo, il libro propone una panoramica delle problematiche collegate al business del facility management: relazioni commerciali, peculiarit\u00e0 contrattuali, concetti di due diligence e transizione, tecnologie a supporto e alcune idee sull\u2019evoluzione che il FM pu\u00f2 avere nel prossimo futuro. Il percorso \u00e8 costellato da pillole di vita vissuta da parte di chi ha sviluppato la propria esperienza ai vertici di societ\u00e0 multinazionali americane.<\/p>\n","protected":false},"featured_media":14773,"template":"","meta":{"_editorskit_title_hidden":false,"_editorskit_reading_time":0,"_editorskit_is_block_options_detached":false,"_editorskit_block_options_position":"{}","_monsterinsights_skip_tracking":false,"_monsterinsights_sitenote_active":false,"_monsterinsights_sitenote_note":"","_monsterinsights_sitenote_category":0},"product_brand":[],"product_cat":[6529,6671],"product_tag":[],"class_list":{"0":"post-14774","1":"product","2":"type-product","3":"status-publish","4":"has-post-thumbnail","6":"product_cat-economia-e-management","7":"product_cat-ns","8":"pa_country_of_manufacture-it","10":"first","11":"instock","12":"sale","13":"shipping-taxable","14":"purchasable","15":"product-type-simple"},"yoast_head":"<!-- This site is optimized with the Yoast SEO plugin v25.4 - https:\/\/yoast.com\/wordpress\/plugins\/seo\/ -->\n<title>Facility management - Guerini e Associati<\/title>\n<meta name=\"robots\" content=\"index, follow, max-snippet:-1, max-image-preview:large, max-video-preview:-1\" \/>\n<link rel=\"canonical\" href=\"https:\/\/www.guerini.it\/index.php\/prodotto\/facility-management\/\" \/>\n<meta property=\"og:locale\" content=\"it_IT\" \/>\n<meta property=\"og:type\" content=\"article\" \/>\n<meta property=\"og:title\" content=\"Facility management - Guerini e Associati\" \/>\n<meta property=\"og:description\" content=\"A partire dalle organizzazioni aziendali e dalla loro evoluzione, fino alla fornitura di servizi e al loro miglioramento continuo, il libro propone una panoramica delle problematiche collegate al business del facility management: relazioni commerciali, peculiarit\u00e0 contrattuali, concetti di due diligence e transizione, tecnologie a supporto e alcune idee sull\u2019evoluzione che il FM pu\u00f2 avere nel prossimo futuro. Il percorso \u00e8 costellato da pillole di vita vissuta da parte di chi ha sviluppato la propria esperienza ai vertici di societ\u00e0 multinazionali americane.\" \/>\n<meta property=\"og:url\" content=\"https:\/\/www.guerini.it\/index.php\/prodotto\/facility-management\/\" \/>\n<meta property=\"og:site_name\" content=\"Guerini e Associati\" \/>\n<meta property=\"article:modified_time\" content=\"2025-10-31T16:03:19+00:00\" \/>\n<meta property=\"og:image\" content=\"https:\/\/www.guerini.it\/wp-content\/uploads\/2012\/05\/978-88-6250-276-4.jpg\" \/>\n\t<meta property=\"og:image:width\" content=\"466\" \/>\n\t<meta property=\"og:image:height\" content=\"719\" \/>\n\t<meta property=\"og:image:type\" content=\"image\/jpeg\" \/>\n<meta name=\"twitter:card\" content=\"summary_large_image\" \/>\n<!-- \/ Yoast SEO plugin. -->","yoast_head_json":{"title":"Facility management - Guerini e Associati","robots":{"index":"index","follow":"follow","max-snippet":"max-snippet:-1","max-image-preview":"max-image-preview:large","max-video-preview":"max-video-preview:-1"},"canonical":"https:\/\/www.guerini.it\/index.php\/prodotto\/facility-management\/","og_locale":"it_IT","og_type":"article","og_title":"Facility management - Guerini e Associati","og_description":"A partire dalle organizzazioni aziendali e dalla loro evoluzione, fino alla fornitura di servizi e al loro miglioramento continuo, il libro propone una panoramica delle problematiche collegate al business del facility management: relazioni commerciali, peculiarit\u00e0 contrattuali, concetti di due diligence e transizione, tecnologie a supporto e alcune idee sull\u2019evoluzione che il FM pu\u00f2 avere nel prossimo futuro. Il percorso \u00e8 costellato da pillole di vita vissuta da parte di chi ha sviluppato la propria esperienza ai vertici di societ\u00e0 multinazionali americane.","og_url":"https:\/\/www.guerini.it\/index.php\/prodotto\/facility-management\/","og_site_name":"Guerini e Associati","article_modified_time":"2025-10-31T16:03:19+00:00","og_image":[{"width":466,"height":719,"url":"https:\/\/www.guerini.it\/wp-content\/uploads\/2012\/05\/978-88-6250-276-4.jpg","type":"image\/jpeg"}],"twitter_card":"summary_large_image","schema":{"@context":"https:\/\/schema.org","@graph":[{"@type":"WebPage","@id":"https:\/\/www.guerini.it\/index.php\/prodotto\/facility-management\/","url":"https:\/\/www.guerini.it\/index.php\/prodotto\/facility-management\/","name":"Facility management - Guerini e Associati","isPartOf":{"@id":"https:\/\/www.guerini.it\/#website"},"primaryImageOfPage":{"@id":"https:\/\/www.guerini.it\/index.php\/prodotto\/facility-management\/#primaryimage"},"image":{"@id":"https:\/\/www.guerini.it\/index.php\/prodotto\/facility-management\/#primaryimage"},"thumbnailUrl":"https:\/\/www.guerini.it\/wp-content\/uploads\/2012\/05\/978-88-6250-276-4.jpg","datePublished":"2012-05-24T11:01:08+00:00","dateModified":"2025-10-31T16:03:19+00:00","breadcrumb":{"@id":"https:\/\/www.guerini.it\/index.php\/prodotto\/facility-management\/#breadcrumb"},"inLanguage":"it-IT","potentialAction":[{"@type":"ReadAction","target":["https:\/\/www.guerini.it\/index.php\/prodotto\/facility-management\/"]}]},{"@type":"ImageObject","inLanguage":"it-IT","@id":"https:\/\/www.guerini.it\/index.php\/prodotto\/facility-management\/#primaryimage","url":"https:\/\/www.guerini.it\/wp-content\/uploads\/2012\/05\/978-88-6250-276-4.jpg","contentUrl":"https:\/\/www.guerini.it\/wp-content\/uploads\/2012\/05\/978-88-6250-276-4.jpg","width":466,"height":719,"caption":"Facility management"},{"@type":"BreadcrumbList","@id":"https:\/\/www.guerini.it\/index.php\/prodotto\/facility-management\/#breadcrumb","itemListElement":[{"@type":"ListItem","position":1,"name":"Home","item":"https:\/\/www.guerini.it\/"},{"@type":"ListItem","position":2,"name":"Catalogo","item":"https:\/\/www.guerini.it\/index.php\/negozio\/"},{"@type":"ListItem","position":3,"name":"Facility management"}]},{"@type":"WebSite","@id":"https:\/\/www.guerini.it\/#website","url":"https:\/\/www.guerini.it\/","name":"Guerini e Associati","description":"30 anni di libri, idee e libert\u00e0","publisher":{"@id":"https:\/\/www.guerini.it\/#organization"},"potentialAction":[{"@type":"SearchAction","target":{"@type":"EntryPoint","urlTemplate":"https:\/\/www.guerini.it\/?s={search_term_string}"},"query-input":{"@type":"PropertyValueSpecification","valueRequired":true,"valueName":"search_term_string"}}],"inLanguage":"it-IT"},{"@type":"Organization","@id":"https:\/\/www.guerini.it\/#organization","name":"Guerini e Associati","url":"https:\/\/www.guerini.it\/","logo":{"@type":"ImageObject","inLanguage":"it-IT","@id":"https:\/\/www.guerini.it\/#\/schema\/logo\/image\/","url":"https:\/\/www.guerini.it\/wp-content\/uploads\/2021\/03\/Logo-Guerini-OK_-e1615831292285.png","contentUrl":"https:\/\/www.guerini.it\/wp-content\/uploads\/2021\/03\/Logo-Guerini-OK_-e1615831292285.png","width":2805,"height":1870,"caption":"Guerini e Associati"},"image":{"@id":"https:\/\/www.guerini.it\/#\/schema\/logo\/image\/"}}]}},"_links":{"self":[{"href":"https:\/\/www.guerini.it\/index.php\/wp-json\/wp\/v2\/product\/14774","targetHints":{"allow":["GET"]}}],"collection":[{"href":"https:\/\/www.guerini.it\/index.php\/wp-json\/wp\/v2\/product"}],"about":[{"href":"https:\/\/www.guerini.it\/index.php\/wp-json\/wp\/v2\/types\/product"}],"wp:featuredmedia":[{"embeddable":true,"href":"https:\/\/www.guerini.it\/index.php\/wp-json\/wp\/v2\/media\/14773"}],"wp:attachment":[{"href":"https:\/\/www.guerini.it\/index.php\/wp-json\/wp\/v2\/media?parent=14774"}],"wp:term":[{"taxonomy":"product_brand","embeddable":true,"href":"https:\/\/www.guerini.it\/index.php\/wp-json\/wp\/v2\/product_brand?post=14774"},{"taxonomy":"product_cat","embeddable":true,"href":"https:\/\/www.guerini.it\/index.php\/wp-json\/wp\/v2\/product_cat?post=14774"},{"taxonomy":"product_tag","embeddable":true,"href":"https:\/\/www.guerini.it\/index.php\/wp-json\/wp\/v2\/product_tag?post=14774"}],"curies":[{"name":"wp","href":"https:\/\/api.w.org\/{rel}","templated":true}]}}