{"id":14818,"date":"2012-05-24T13:01:09","date_gmt":"2012-05-24T11:01:09","guid":{"rendered":"https:\/\/test.guerini.it\/?product=vent-anni-da-sporco-lobbista"},"modified":"2024-06-12T14:41:54","modified_gmt":"2024-06-12T12:41:54","slug":"vent-anni-da-sporco-lobbista","status":"publish","type":"product","link":"https:\/\/www.guerini.it\/index.php\/prodotto\/vent-anni-da-sporco-lobbista\/","title":{"rendered":"Vent&#8217;anni da sporco lobbista"},"content":{"rendered":"<p>In Italia il termine lobby \u00e8 usato per spiegare le azioni di corruttela da parte di gruppi di interessi che si muovono nell\u2019ombra. Cambiano gli scandali, ma il termine resta lo stesso. Se, invece, andiamo in profondit\u00e0 scopriamo che il lobbying \u00e8 un&#8217;attivit\u00e0 connaturata a tutti i regimi democratici e consiste nel costante dialogo tra chi detiene il potere decisionale e parti della societ\u00e0 che chiedono riconoscimento e tutela di propri interessi. L\u2019autore traccia un vero e proprio identikit del lobbista, attraverso l\u2019analisi di avvenimenti storici e politici e il racconto della sua esperienza professionale.<\/p>\n","protected":false},"excerpt":{"rendered":"<p>In Italia il termine lobby \u00e8 usato per spiegare le azioni di corruttela da parte di gruppi di interessi che si muovono nell\u2019ombra. Cambiano gli scandali, ma il termine resta lo stesso. Se, invece, andiamo in profondit\u00e0 scopriamo che il lobbying \u00e8 un&#8217;attivit\u00e0 connaturata a tutti i regimi democratici e consiste nel costante dialogo tra chi detiene il potere decisionale e parti della societ\u00e0 che chiedono riconoscimento e tutela di propri interessi. L\u2019autore traccia un vero e proprio identikit del lobbista, attraverso l\u2019analisi di avvenimenti storici e politici e il racconto della sua esperienza professionale.<\/p>\n","protected":false},"featured_media":14817,"template":"","meta":{"_editorskit_title_hidden":false,"_editorskit_reading_time":0,"_editorskit_is_block_options_detached":false,"_editorskit_block_options_position":"{}","_monsterinsights_skip_tracking":false,"_monsterinsights_sitenote_active":false,"_monsterinsights_sitenote_note":"","_monsterinsights_sitenote_category":0},"product_brand":[],"product_cat":[6527],"product_tag":[],"class_list":{"0":"post-14818","1":"product","2":"type-product","3":"status-publish","4":"has-post-thumbnail","6":"product_cat-attualita","7":"pa_country_of_manufacture-it","8":"pa_guerini_strillo-41-nellopinionecomunelelobbys","10":"first","11":"instock","12":"sale","13":"shipping-taxable","14":"purchasable","15":"product-type-simple"},"yoast_head":"<!-- This site is optimized with the Yoast SEO plugin v25.4 - https:\/\/yoast.com\/wordpress\/plugins\/seo\/ -->\n<title>Vent&#039;anni da sporco lobbista - Guerini e Associati<\/title>\n<meta name=\"robots\" content=\"index, follow, max-snippet:-1, max-image-preview:large, max-video-preview:-1\" \/>\n<link rel=\"canonical\" href=\"https:\/\/www.guerini.it\/index.php\/prodotto\/vent-anni-da-sporco-lobbista\/\" \/>\n<meta property=\"og:locale\" content=\"it_IT\" \/>\n<meta property=\"og:type\" content=\"article\" \/>\n<meta property=\"og:title\" content=\"Vent&#039;anni da sporco lobbista - Guerini e Associati\" \/>\n<meta property=\"og:description\" content=\"In Italia il termine lobby \u00e8 usato per spiegare le azioni di corruttela da parte di gruppi di interessi che si muovono nell\u2019ombra. Cambiano gli scandali, ma il termine resta lo stesso. Se, invece, andiamo in profondit\u00e0 scopriamo che il lobbying \u00e8 un&#039;attivit\u00e0 connaturata a tutti i regimi democratici e consiste nel costante dialogo tra chi detiene il potere decisionale e parti della societ\u00e0 che chiedono riconoscimento e tutela di propri interessi. L\u2019autore traccia un vero e proprio identikit del lobbista, attraverso l\u2019analisi di avvenimenti storici e politici e il racconto della sua esperienza professionale.\" \/>\n<meta property=\"og:url\" content=\"https:\/\/www.guerini.it\/index.php\/prodotto\/vent-anni-da-sporco-lobbista\/\" \/>\n<meta property=\"og:site_name\" content=\"Guerini e Associati\" \/>\n<meta property=\"article:modified_time\" content=\"2024-06-12T12:41:54+00:00\" \/>\n<meta property=\"og:image\" content=\"https:\/\/www.guerini.it\/wp-content\/uploads\/2012\/05\/978-88-6250-319-8.jpg\" \/>\n\t<meta property=\"og:image:width\" content=\"116\" \/>\n\t<meta property=\"og:image:height\" content=\"184\" \/>\n\t<meta property=\"og:image:type\" content=\"image\/jpeg\" \/>\n<meta name=\"twitter:card\" content=\"summary_large_image\" \/>\n<!-- \/ Yoast SEO plugin. -->","yoast_head_json":{"title":"Vent'anni da sporco lobbista - Guerini e Associati","robots":{"index":"index","follow":"follow","max-snippet":"max-snippet:-1","max-image-preview":"max-image-preview:large","max-video-preview":"max-video-preview:-1"},"canonical":"https:\/\/www.guerini.it\/index.php\/prodotto\/vent-anni-da-sporco-lobbista\/","og_locale":"it_IT","og_type":"article","og_title":"Vent'anni da sporco lobbista - Guerini e Associati","og_description":"In Italia il termine lobby \u00e8 usato per spiegare le azioni di corruttela da parte di gruppi di interessi che si muovono nell\u2019ombra. Cambiano gli scandali, ma il termine resta lo stesso. Se, invece, andiamo in profondit\u00e0 scopriamo che il lobbying \u00e8 un'attivit\u00e0 connaturata a tutti i regimi democratici e consiste nel costante dialogo tra chi detiene il potere decisionale e parti della societ\u00e0 che chiedono riconoscimento e tutela di propri interessi. L\u2019autore traccia un vero e proprio identikit del lobbista, attraverso l\u2019analisi di avvenimenti storici e politici e il racconto della sua esperienza professionale.","og_url":"https:\/\/www.guerini.it\/index.php\/prodotto\/vent-anni-da-sporco-lobbista\/","og_site_name":"Guerini e Associati","article_modified_time":"2024-06-12T12:41:54+00:00","og_image":[{"width":116,"height":184,"url":"https:\/\/www.guerini.it\/wp-content\/uploads\/2012\/05\/978-88-6250-319-8.jpg","type":"image\/jpeg"}],"twitter_card":"summary_large_image","schema":{"@context":"https:\/\/schema.org","@graph":[{"@type":"WebPage","@id":"https:\/\/www.guerini.it\/index.php\/prodotto\/vent-anni-da-sporco-lobbista\/","url":"https:\/\/www.guerini.it\/index.php\/prodotto\/vent-anni-da-sporco-lobbista\/","name":"Vent'anni da sporco lobbista - Guerini e Associati","isPartOf":{"@id":"https:\/\/www.guerini.it\/#website"},"primaryImageOfPage":{"@id":"https:\/\/www.guerini.it\/index.php\/prodotto\/vent-anni-da-sporco-lobbista\/#primaryimage"},"image":{"@id":"https:\/\/www.guerini.it\/index.php\/prodotto\/vent-anni-da-sporco-lobbista\/#primaryimage"},"thumbnailUrl":"https:\/\/www.guerini.it\/wp-content\/uploads\/2012\/05\/978-88-6250-319-8.jpg","datePublished":"2012-05-24T11:01:09+00:00","dateModified":"2024-06-12T12:41:54+00:00","breadcrumb":{"@id":"https:\/\/www.guerini.it\/index.php\/prodotto\/vent-anni-da-sporco-lobbista\/#breadcrumb"},"inLanguage":"it-IT","potentialAction":[{"@type":"ReadAction","target":["https:\/\/www.guerini.it\/index.php\/prodotto\/vent-anni-da-sporco-lobbista\/"]}]},{"@type":"ImageObject","inLanguage":"it-IT","@id":"https:\/\/www.guerini.it\/index.php\/prodotto\/vent-anni-da-sporco-lobbista\/#primaryimage","url":"https:\/\/www.guerini.it\/wp-content\/uploads\/2012\/05\/978-88-6250-319-8.jpg","contentUrl":"https:\/\/www.guerini.it\/wp-content\/uploads\/2012\/05\/978-88-6250-319-8.jpg","width":116,"height":184,"caption":"Vent'anni da sporco lobbista"},{"@type":"BreadcrumbList","@id":"https:\/\/www.guerini.it\/index.php\/prodotto\/vent-anni-da-sporco-lobbista\/#breadcrumb","itemListElement":[{"@type":"ListItem","position":1,"name":"Home","item":"https:\/\/www.guerini.it\/"},{"@type":"ListItem","position":2,"name":"Catalogo","item":"https:\/\/www.guerini.it\/index.php\/negozio\/"},{"@type":"ListItem","position":3,"name":"Vent&#8217;anni da sporco lobbista"}]},{"@type":"WebSite","@id":"https:\/\/www.guerini.it\/#website","url":"https:\/\/www.guerini.it\/","name":"Guerini e Associati","description":"30 anni di libri, idee e libert\u00e0","publisher":{"@id":"https:\/\/www.guerini.it\/#organization"},"potentialAction":[{"@type":"SearchAction","target":{"@type":"EntryPoint","urlTemplate":"https:\/\/www.guerini.it\/?s={search_term_string}"},"query-input":{"@type":"PropertyValueSpecification","valueRequired":true,"valueName":"search_term_string"}}],"inLanguage":"it-IT"},{"@type":"Organization","@id":"https:\/\/www.guerini.it\/#organization","name":"Guerini e Associati","url":"https:\/\/www.guerini.it\/","logo":{"@type":"ImageObject","inLanguage":"it-IT","@id":"https:\/\/www.guerini.it\/#\/schema\/logo\/image\/","url":"https:\/\/www.guerini.it\/wp-content\/uploads\/2021\/03\/Logo-Guerini-OK_-e1615831292285.png","contentUrl":"https:\/\/www.guerini.it\/wp-content\/uploads\/2021\/03\/Logo-Guerini-OK_-e1615831292285.png","width":2805,"height":1870,"caption":"Guerini e Associati"},"image":{"@id":"https:\/\/www.guerini.it\/#\/schema\/logo\/image\/"}}]}},"_links":{"self":[{"href":"https:\/\/www.guerini.it\/index.php\/wp-json\/wp\/v2\/product\/14818","targetHints":{"allow":["GET"]}}],"collection":[{"href":"https:\/\/www.guerini.it\/index.php\/wp-json\/wp\/v2\/product"}],"about":[{"href":"https:\/\/www.guerini.it\/index.php\/wp-json\/wp\/v2\/types\/product"}],"wp:featuredmedia":[{"embeddable":true,"href":"https:\/\/www.guerini.it\/index.php\/wp-json\/wp\/v2\/media\/14817"}],"wp:attachment":[{"href":"https:\/\/www.guerini.it\/index.php\/wp-json\/wp\/v2\/media?parent=14818"}],"wp:term":[{"taxonomy":"product_brand","embeddable":true,"href":"https:\/\/www.guerini.it\/index.php\/wp-json\/wp\/v2\/product_brand?post=14818"},{"taxonomy":"product_cat","embeddable":true,"href":"https:\/\/www.guerini.it\/index.php\/wp-json\/wp\/v2\/product_cat?post=14818"},{"taxonomy":"product_tag","embeddable":true,"href":"https:\/\/www.guerini.it\/index.php\/wp-json\/wp\/v2\/product_tag?post=14818"}],"curies":[{"name":"wp","href":"https:\/\/api.w.org\/{rel}","templated":true}]}}