{"id":14826,"date":"2012-05-24T13:01:09","date_gmt":"2012-05-24T11:01:09","guid":{"rendered":"https:\/\/test.guerini.it\/?product=il-valore-dei-valori"},"modified":"2024-06-12T14:41:57","modified_gmt":"2024-06-12T12:41:57","slug":"il-valore-dei-valori","status":"publish","type":"product","link":"https:\/\/www.guerini.it\/index.php\/prodotto\/il-valore-dei-valori\/","title":{"rendered":"Il valore dei valori"},"content":{"rendered":"<p style=\"text-align: justify;\">La responsabilit\u00e0 sociale \u2013 cio\u00e8 la capacit\u00e0 delle imprese di rispondere al corpo sociale delle proprie azioni e degli effetti che ne derivano \u2013 \u00e8 al centro dell\u2019interesse di filosofi, economisti, esperti di marketing, istituzioni nazionali e sovranazionali e, naturalmente, comunicatori. Si tratta di un fenomeno temporaneo, o del crocevia di una nuova concezione del \u00abfare impresa\u00bb? E qual \u00e8 il ruolo della comunicazione in queste dinamiche?<br \/>\nNaturalmente le risposte a queste domande sono complesse e contraddittorie. Ci\u00f2 che si dimostrer\u00e0, tuttavia, in questo libro \u00e8 come l\u2019adozione di una prospettiva socialmente responsabile in un\u2019impresa ne moltiplichi il potenziale comunicativo, conferendole quella \u00abterza dimensione\u00bb che rende le cose reali, materiali, tangibili, facendo incontrare \u2013 su questo piano \u2013 il mondo delle imprese con chi vuole conciliare progresso economico e sviluppo sociale.<\/p>\n<hr \/>\n<p style=\"text-align: justify;\"><strong>Stefano De Pauli<\/strong> insegna Economia e gestione delle imprese di comunicazione ed Economia e gestione dell\u2019innovazione aziendale presso il corso di laurea in Scienze della comunicazione dell\u2019Universit\u00e0 di Trieste. Tra le sue pubblicazioni recenti: Il prodotto turistico: teorie e strumenti di comunicazione e di promozione (Trieste 2002) e Le diverse prospettive della comunicazione integrata. Analisi storica e recenti sviluppi (Trieste 2003).<\/p>\n<p style=\"text-align: justify;\"><strong>Daniele Iannacone<\/strong>, dopo la laurea in comunicazione, svolge l\u2019attivit\u00e0 di consulente aziendale. La sua attivit\u00e0 di divulgatore e quella di professionista sul campo si focalizzano nei territori \u201cborder line\u201d della comunicazione e del marketing \u201cdi nicchia\u201d. Ha promosso e seguito per alcune delle maggiori aziende e agenzie nazionali progetti di comunicazione cross mediali, campagne pubblicitarie, eventi. Ha collaborato con le universit\u00e0 IULM e Bocconi per testimonianze relative alla sua attivit\u00e0. Vive tra Milano e Venezia, sua citt\u00e0 natale.<\/p>\n","protected":false},"excerpt":{"rendered":"<p>Il tema della responsabilit\u00e0 sociale \u00e8 al centro dell\u2019interesse di filosofi, economisti, esperti di marketing e comunicatori. Si tratta di una moda o di una nuova concezione del \u00abfare impresa\u00bb? Il libro dimostra come l\u2019adozione di una prospettiva socialmente responsabile in un\u2019impresa ne moltiplichi il potenziale comunicativo, conferendole quella \u00abterza dimensione\u00bb che rende le cose reali e tangibili, facendo incontrare il mondo delle imprese con chi vuole conciliare progresso economico e sviluppo sociale.<\/p>\n","protected":false},"featured_media":14825,"template":"","meta":{"_editorskit_title_hidden":false,"_editorskit_reading_time":0,"_editorskit_is_block_options_detached":false,"_editorskit_block_options_position":"{}","_monsterinsights_skip_tracking":false,"_monsterinsights_sitenote_active":false,"_monsterinsights_sitenote_note":"","_monsterinsights_sitenote_category":0},"product_brand":[],"product_cat":[6538],"product_tag":[],"class_list":{"0":"post-14826","1":"product","2":"type-product","3":"status-publish","4":"has-post-thumbnail","6":"product_cat-sociologia-e-comunicazione","7":"pa_country_of_manufacture-it","9":"first","10":"outofstock","11":"sale","12":"shipping-taxable","13":"purchasable","14":"product-type-simple"},"yoast_head":"<!-- This site is optimized with the Yoast SEO plugin v25.4 - https:\/\/yoast.com\/wordpress\/plugins\/seo\/ -->\n<title>Il valore dei valori - Guerini e Associati<\/title>\n<meta name=\"robots\" content=\"index, follow, max-snippet:-1, max-image-preview:large, max-video-preview:-1\" \/>\n<link rel=\"canonical\" href=\"https:\/\/www.guerini.it\/index.php\/prodotto\/il-valore-dei-valori\/\" \/>\n<meta property=\"og:locale\" content=\"it_IT\" \/>\n<meta property=\"og:type\" content=\"article\" \/>\n<meta property=\"og:title\" content=\"Il valore dei valori - Guerini e Associati\" \/>\n<meta property=\"og:description\" content=\"Il tema della responsabilit\u00e0 sociale \u00e8 al centro dell\u2019interesse di filosofi, economisti, esperti di marketing e comunicatori. Si tratta di una moda o di una nuova concezione del \u00abfare impresa\u00bb? Il libro dimostra come l\u2019adozione di una prospettiva socialmente responsabile in un\u2019impresa ne moltiplichi il potenziale comunicativo, conferendole quella \u00abterza dimensione\u00bb che rende le cose reali e tangibili, facendo incontrare il mondo delle imprese con chi vuole conciliare progresso economico e sviluppo sociale.\" \/>\n<meta property=\"og:url\" content=\"https:\/\/www.guerini.it\/index.php\/prodotto\/il-valore-dei-valori\/\" \/>\n<meta property=\"og:site_name\" content=\"Guerini e Associati\" \/>\n<meta property=\"article:modified_time\" content=\"2024-06-12T12:41:57+00:00\" \/>\n<meta property=\"og:image\" content=\"https:\/\/www.guerini.it\/wp-content\/uploads\/2012\/05\/978-88-6250-349-5.jpg\" \/>\n\t<meta property=\"og:image:width\" content=\"390\" \/>\n\t<meta property=\"og:image:height\" content=\"591\" \/>\n\t<meta property=\"og:image:type\" content=\"image\/jpeg\" \/>\n<meta name=\"twitter:card\" content=\"summary_large_image\" \/>\n<meta name=\"twitter:label1\" content=\"Tempo di lettura stimato\" \/>\n\t<meta name=\"twitter:data1\" content=\"2 minuti\" \/>\n<!-- \/ Yoast SEO plugin. -->","yoast_head_json":{"title":"Il valore dei valori - Guerini e Associati","robots":{"index":"index","follow":"follow","max-snippet":"max-snippet:-1","max-image-preview":"max-image-preview:large","max-video-preview":"max-video-preview:-1"},"canonical":"https:\/\/www.guerini.it\/index.php\/prodotto\/il-valore-dei-valori\/","og_locale":"it_IT","og_type":"article","og_title":"Il valore dei valori - Guerini e Associati","og_description":"Il tema della responsabilit\u00e0 sociale \u00e8 al centro dell\u2019interesse di filosofi, economisti, esperti di marketing e comunicatori. Si tratta di una moda o di una nuova concezione del \u00abfare impresa\u00bb? Il libro dimostra come l\u2019adozione di una prospettiva socialmente responsabile in un\u2019impresa ne moltiplichi il potenziale comunicativo, conferendole quella \u00abterza dimensione\u00bb che rende le cose reali e tangibili, facendo incontrare il mondo delle imprese con chi vuole conciliare progresso economico e sviluppo sociale.","og_url":"https:\/\/www.guerini.it\/index.php\/prodotto\/il-valore-dei-valori\/","og_site_name":"Guerini e Associati","article_modified_time":"2024-06-12T12:41:57+00:00","og_image":[{"width":390,"height":591,"url":"https:\/\/www.guerini.it\/wp-content\/uploads\/2012\/05\/978-88-6250-349-5.jpg","type":"image\/jpeg"}],"twitter_card":"summary_large_image","twitter_misc":{"Tempo di lettura stimato":"2 minuti"},"schema":{"@context":"https:\/\/schema.org","@graph":[{"@type":"WebPage","@id":"https:\/\/www.guerini.it\/index.php\/prodotto\/il-valore-dei-valori\/","url":"https:\/\/www.guerini.it\/index.php\/prodotto\/il-valore-dei-valori\/","name":"Il valore dei valori - Guerini e Associati","isPartOf":{"@id":"https:\/\/www.guerini.it\/#website"},"primaryImageOfPage":{"@id":"https:\/\/www.guerini.it\/index.php\/prodotto\/il-valore-dei-valori\/#primaryimage"},"image":{"@id":"https:\/\/www.guerini.it\/index.php\/prodotto\/il-valore-dei-valori\/#primaryimage"},"thumbnailUrl":"https:\/\/www.guerini.it\/wp-content\/uploads\/2012\/05\/978-88-6250-349-5.jpg","datePublished":"2012-05-24T11:01:09+00:00","dateModified":"2024-06-12T12:41:57+00:00","breadcrumb":{"@id":"https:\/\/www.guerini.it\/index.php\/prodotto\/il-valore-dei-valori\/#breadcrumb"},"inLanguage":"it-IT","potentialAction":[{"@type":"ReadAction","target":["https:\/\/www.guerini.it\/index.php\/prodotto\/il-valore-dei-valori\/"]}]},{"@type":"ImageObject","inLanguage":"it-IT","@id":"https:\/\/www.guerini.it\/index.php\/prodotto\/il-valore-dei-valori\/#primaryimage","url":"https:\/\/www.guerini.it\/wp-content\/uploads\/2012\/05\/978-88-6250-349-5.jpg","contentUrl":"https:\/\/www.guerini.it\/wp-content\/uploads\/2012\/05\/978-88-6250-349-5.jpg","width":390,"height":591,"caption":"Il valore dei valori"},{"@type":"BreadcrumbList","@id":"https:\/\/www.guerini.it\/index.php\/prodotto\/il-valore-dei-valori\/#breadcrumb","itemListElement":[{"@type":"ListItem","position":1,"name":"Home","item":"https:\/\/www.guerini.it\/"},{"@type":"ListItem","position":2,"name":"Catalogo","item":"https:\/\/www.guerini.it\/index.php\/negozio\/"},{"@type":"ListItem","position":3,"name":"Il valore dei valori"}]},{"@type":"WebSite","@id":"https:\/\/www.guerini.it\/#website","url":"https:\/\/www.guerini.it\/","name":"Guerini e Associati","description":"30 anni di libri, idee e libert\u00e0","publisher":{"@id":"https:\/\/www.guerini.it\/#organization"},"potentialAction":[{"@type":"SearchAction","target":{"@type":"EntryPoint","urlTemplate":"https:\/\/www.guerini.it\/?s={search_term_string}"},"query-input":{"@type":"PropertyValueSpecification","valueRequired":true,"valueName":"search_term_string"}}],"inLanguage":"it-IT"},{"@type":"Organization","@id":"https:\/\/www.guerini.it\/#organization","name":"Guerini e Associati","url":"https:\/\/www.guerini.it\/","logo":{"@type":"ImageObject","inLanguage":"it-IT","@id":"https:\/\/www.guerini.it\/#\/schema\/logo\/image\/","url":"https:\/\/www.guerini.it\/wp-content\/uploads\/2021\/03\/Logo-Guerini-OK_-e1615831292285.png","contentUrl":"https:\/\/www.guerini.it\/wp-content\/uploads\/2021\/03\/Logo-Guerini-OK_-e1615831292285.png","width":2805,"height":1870,"caption":"Guerini e Associati"},"image":{"@id":"https:\/\/www.guerini.it\/#\/schema\/logo\/image\/"}}]}},"_links":{"self":[{"href":"https:\/\/www.guerini.it\/index.php\/wp-json\/wp\/v2\/product\/14826","targetHints":{"allow":["GET"]}}],"collection":[{"href":"https:\/\/www.guerini.it\/index.php\/wp-json\/wp\/v2\/product"}],"about":[{"href":"https:\/\/www.guerini.it\/index.php\/wp-json\/wp\/v2\/types\/product"}],"wp:featuredmedia":[{"embeddable":true,"href":"https:\/\/www.guerini.it\/index.php\/wp-json\/wp\/v2\/media\/14825"}],"wp:attachment":[{"href":"https:\/\/www.guerini.it\/index.php\/wp-json\/wp\/v2\/media?parent=14826"}],"wp:term":[{"taxonomy":"product_brand","embeddable":true,"href":"https:\/\/www.guerini.it\/index.php\/wp-json\/wp\/v2\/product_brand?post=14826"},{"taxonomy":"product_cat","embeddable":true,"href":"https:\/\/www.guerini.it\/index.php\/wp-json\/wp\/v2\/product_cat?post=14826"},{"taxonomy":"product_tag","embeddable":true,"href":"https:\/\/www.guerini.it\/index.php\/wp-json\/wp\/v2\/product_tag?post=14826"}],"curies":[{"name":"wp","href":"https:\/\/api.w.org\/{rel}","templated":true}]}}