{"id":14881,"date":"2012-05-24T13:01:10","date_gmt":"2012-05-24T11:01:10","guid":{"rendered":"https:\/\/test.guerini.it\/?product=qualita-e-welfare"},"modified":"2024-06-09T20:19:51","modified_gmt":"2024-06-09T18:19:51","slug":"qualita-e-welfare","status":"publish","type":"product","link":"https:\/\/www.guerini.it\/index.php\/prodotto\/qualita-e-welfare\/","title":{"rendered":"Qualit\u00e0 e welfare"},"content":{"rendered":"<p>L\u2019esperienza di Luxottica, attraverso il Progetto Qualit\u00e0 &amp; Welfare, dimostra come, investendo sulle persone, sia possibile migliorare la qualit\u00e0 della produzione, del benessere dei dipendenti e, come conseguenza diretta, del servizio offerto al Cliente.Le accezioni di Qualit\u00e0 e Welfare sono congiunte senza che l\u2019una prevalga sull\u2019altra, perch\u00e9 la loro unione \u00e8 considerata in modo circolare: attraverso migliori performance organizzative e la riduzione dei costi della non qualit\u00e0 \u00e8 possibile rendere virtuoso il circolo, tramite il recupero di risorse da impiegare in un programma Welfare che migliori la Qualit\u00e0 della vita dei lavoratori e delle loro famiglie.<\/p>\n<p><strong>FUORI CATALOGO<\/strong><\/p>\n","protected":false},"excerpt":{"rendered":"<p>L\u2019esperienza di Luxottica, attraverso il Progetto Qualit\u00e0 &amp; Welfare, dimostra come, investendo sulle persone, sia possibile migliorare la qualit\u00e0 della produzione, del benessere dei dipendenti e, come conseguenza diretta, del servizio offerto al Cliente.Le accezioni di Qualit\u00e0 e Welfare sono congiunte senza che l\u2019una prevalga sull\u2019altra, perch\u00e9 la loro unione \u00e8 considerata in modo circolare: attraverso migliori performance organizzative e la riduzione dei costi della non qualit\u00e0 \u00e8 possibile rendere virtuoso il circolo, tramite il recupero di risorse da impiegare in un programma Welfare che migliori la Qualit\u00e0 della vita dei lavoratori e delle loro famiglie.<\/p>\n","protected":false},"featured_media":14880,"template":"","meta":{"_editorskit_title_hidden":false,"_editorskit_reading_time":0,"_editorskit_is_block_options_detached":false,"_editorskit_block_options_position":"{}","_monsterinsights_skip_tracking":false,"_monsterinsights_sitenote_active":false,"_monsterinsights_sitenote_note":"","_monsterinsights_sitenote_category":0},"product_brand":[],"product_cat":[6547,6529,6532],"product_tag":[],"class_list":{"0":"post-14881","1":"product","2":"type-product","3":"status-publish","4":"has-post-thumbnail","6":"product_cat-sga","7":"product_cat-economia-e-management","8":"product_cat-lean-production","9":"pa_country_of_manufacture-it","10":"pa_fulfillment-fuori-catalogo","11":"pa_guerini_strillo-0a-metterealprimopostoleperso","13":"first","14":"outofstock","15":"sale","16":"shipping-taxable","17":"purchasable","18":"product-type-simple"},"yoast_head":"<!-- This site is optimized with the Yoast SEO plugin v25.4 - https:\/\/yoast.com\/wordpress\/plugins\/seo\/ -->\n<title>Qualit\u00e0 e welfare - Guerini e Associati<\/title>\n<meta name=\"robots\" content=\"index, follow, max-snippet:-1, max-image-preview:large, max-video-preview:-1\" \/>\n<link rel=\"canonical\" href=\"https:\/\/www.guerini.it\/index.php\/prodotto\/qualita-e-welfare\/\" \/>\n<meta property=\"og:locale\" content=\"it_IT\" \/>\n<meta property=\"og:type\" content=\"article\" \/>\n<meta property=\"og:title\" content=\"Qualit\u00e0 e welfare - Guerini e Associati\" \/>\n<meta property=\"og:description\" content=\"L\u2019esperienza di Luxottica, attraverso il Progetto Qualit\u00e0 &amp; Welfare, dimostra come, investendo sulle persone, sia possibile migliorare la qualit\u00e0 della produzione, del benessere dei dipendenti e, come conseguenza diretta, del servizio offerto al Cliente.Le accezioni di Qualit\u00e0 e Welfare sono congiunte senza che l\u2019una prevalga sull\u2019altra, perch\u00e9 la loro unione \u00e8 considerata in modo circolare: attraverso migliori performance organizzative e la riduzione dei costi della non qualit\u00e0 \u00e8 possibile rendere virtuoso il circolo, tramite il recupero di risorse da impiegare in un programma Welfare che migliori la Qualit\u00e0 della vita dei lavoratori e delle loro famiglie.\" \/>\n<meta property=\"og:url\" content=\"https:\/\/www.guerini.it\/index.php\/prodotto\/qualita-e-welfare\/\" \/>\n<meta property=\"og:site_name\" content=\"Guerini e Associati\" \/>\n<meta property=\"article:modified_time\" content=\"2024-06-09T18:19:51+00:00\" \/>\n<meta property=\"og:image\" content=\"https:\/\/www.guerini.it\/wp-content\/uploads\/2012\/05\/978-88-6250-370-9.jpg\" \/>\n\t<meta property=\"og:image:width\" content=\"113\" \/>\n\t<meta property=\"og:image:height\" content=\"184\" \/>\n\t<meta property=\"og:image:type\" content=\"image\/jpeg\" \/>\n<meta name=\"twitter:card\" content=\"summary_large_image\" \/>\n<meta name=\"twitter:label1\" content=\"Tempo di lettura stimato\" \/>\n\t<meta name=\"twitter:data1\" content=\"1 minuto\" \/>\n<!-- \/ Yoast SEO plugin. -->","yoast_head_json":{"title":"Qualit\u00e0 e welfare - Guerini e Associati","robots":{"index":"index","follow":"follow","max-snippet":"max-snippet:-1","max-image-preview":"max-image-preview:large","max-video-preview":"max-video-preview:-1"},"canonical":"https:\/\/www.guerini.it\/index.php\/prodotto\/qualita-e-welfare\/","og_locale":"it_IT","og_type":"article","og_title":"Qualit\u00e0 e welfare - Guerini e Associati","og_description":"L\u2019esperienza di Luxottica, attraverso il Progetto Qualit\u00e0 &amp; Welfare, dimostra come, investendo sulle persone, sia possibile migliorare la qualit\u00e0 della produzione, del benessere dei dipendenti e, come conseguenza diretta, del servizio offerto al Cliente.Le accezioni di Qualit\u00e0 e Welfare sono congiunte senza che l\u2019una prevalga sull\u2019altra, perch\u00e9 la loro unione \u00e8 considerata in modo circolare: attraverso migliori performance organizzative e la riduzione dei costi della non qualit\u00e0 \u00e8 possibile rendere virtuoso il circolo, tramite il recupero di risorse da impiegare in un programma Welfare che migliori la Qualit\u00e0 della vita dei lavoratori e delle loro famiglie.","og_url":"https:\/\/www.guerini.it\/index.php\/prodotto\/qualita-e-welfare\/","og_site_name":"Guerini e Associati","article_modified_time":"2024-06-09T18:19:51+00:00","og_image":[{"width":113,"height":184,"url":"https:\/\/www.guerini.it\/wp-content\/uploads\/2012\/05\/978-88-6250-370-9.jpg","type":"image\/jpeg"}],"twitter_card":"summary_large_image","twitter_misc":{"Tempo di lettura stimato":"1 minuto"},"schema":{"@context":"https:\/\/schema.org","@graph":[{"@type":"WebPage","@id":"https:\/\/www.guerini.it\/index.php\/prodotto\/qualita-e-welfare\/","url":"https:\/\/www.guerini.it\/index.php\/prodotto\/qualita-e-welfare\/","name":"Qualit\u00e0 e welfare - Guerini e Associati","isPartOf":{"@id":"https:\/\/www.guerini.it\/#website"},"primaryImageOfPage":{"@id":"https:\/\/www.guerini.it\/index.php\/prodotto\/qualita-e-welfare\/#primaryimage"},"image":{"@id":"https:\/\/www.guerini.it\/index.php\/prodotto\/qualita-e-welfare\/#primaryimage"},"thumbnailUrl":"https:\/\/www.guerini.it\/wp-content\/uploads\/2012\/05\/978-88-6250-370-9.jpg","datePublished":"2012-05-24T11:01:10+00:00","dateModified":"2024-06-09T18:19:51+00:00","breadcrumb":{"@id":"https:\/\/www.guerini.it\/index.php\/prodotto\/qualita-e-welfare\/#breadcrumb"},"inLanguage":"it-IT","potentialAction":[{"@type":"ReadAction","target":["https:\/\/www.guerini.it\/index.php\/prodotto\/qualita-e-welfare\/"]}]},{"@type":"ImageObject","inLanguage":"it-IT","@id":"https:\/\/www.guerini.it\/index.php\/prodotto\/qualita-e-welfare\/#primaryimage","url":"https:\/\/www.guerini.it\/wp-content\/uploads\/2012\/05\/978-88-6250-370-9.jpg","contentUrl":"https:\/\/www.guerini.it\/wp-content\/uploads\/2012\/05\/978-88-6250-370-9.jpg","width":113,"height":184,"caption":"Qualit\u00e0 e welfare"},{"@type":"BreadcrumbList","@id":"https:\/\/www.guerini.it\/index.php\/prodotto\/qualita-e-welfare\/#breadcrumb","itemListElement":[{"@type":"ListItem","position":1,"name":"Home","item":"https:\/\/www.guerini.it\/"},{"@type":"ListItem","position":2,"name":"Catalogo","item":"https:\/\/www.guerini.it\/index.php\/negozio\/"},{"@type":"ListItem","position":3,"name":"Qualit\u00e0 e welfare"}]},{"@type":"WebSite","@id":"https:\/\/www.guerini.it\/#website","url":"https:\/\/www.guerini.it\/","name":"Guerini e Associati","description":"30 anni di libri, idee e libert\u00e0","publisher":{"@id":"https:\/\/www.guerini.it\/#organization"},"potentialAction":[{"@type":"SearchAction","target":{"@type":"EntryPoint","urlTemplate":"https:\/\/www.guerini.it\/?s={search_term_string}"},"query-input":{"@type":"PropertyValueSpecification","valueRequired":true,"valueName":"search_term_string"}}],"inLanguage":"it-IT"},{"@type":"Organization","@id":"https:\/\/www.guerini.it\/#organization","name":"Guerini e Associati","url":"https:\/\/www.guerini.it\/","logo":{"@type":"ImageObject","inLanguage":"it-IT","@id":"https:\/\/www.guerini.it\/#\/schema\/logo\/image\/","url":"https:\/\/www.guerini.it\/wp-content\/uploads\/2021\/03\/Logo-Guerini-OK_-e1615831292285.png","contentUrl":"https:\/\/www.guerini.it\/wp-content\/uploads\/2021\/03\/Logo-Guerini-OK_-e1615831292285.png","width":2805,"height":1870,"caption":"Guerini e Associati"},"image":{"@id":"https:\/\/www.guerini.it\/#\/schema\/logo\/image\/"}}]}},"_links":{"self":[{"href":"https:\/\/www.guerini.it\/index.php\/wp-json\/wp\/v2\/product\/14881","targetHints":{"allow":["GET"]}}],"collection":[{"href":"https:\/\/www.guerini.it\/index.php\/wp-json\/wp\/v2\/product"}],"about":[{"href":"https:\/\/www.guerini.it\/index.php\/wp-json\/wp\/v2\/types\/product"}],"wp:featuredmedia":[{"embeddable":true,"href":"https:\/\/www.guerini.it\/index.php\/wp-json\/wp\/v2\/media\/14880"}],"wp:attachment":[{"href":"https:\/\/www.guerini.it\/index.php\/wp-json\/wp\/v2\/media?parent=14881"}],"wp:term":[{"taxonomy":"product_brand","embeddable":true,"href":"https:\/\/www.guerini.it\/index.php\/wp-json\/wp\/v2\/product_brand?post=14881"},{"taxonomy":"product_cat","embeddable":true,"href":"https:\/\/www.guerini.it\/index.php\/wp-json\/wp\/v2\/product_cat?post=14881"},{"taxonomy":"product_tag","embeddable":true,"href":"https:\/\/www.guerini.it\/index.php\/wp-json\/wp\/v2\/product_tag?post=14881"}],"curies":[{"name":"wp","href":"https:\/\/api.w.org\/{rel}","templated":true}]}}