{"id":14885,"date":"2012-05-24T13:01:10","date_gmt":"2012-05-24T11:01:10","guid":{"rendered":"https:\/\/test.guerini.it\/?product=fare-apprendimento"},"modified":"2024-06-09T20:19:52","modified_gmt":"2024-06-09T18:19:52","slug":"fare-apprendimento","status":"publish","type":"product","link":"https:\/\/www.guerini.it\/index.php\/prodotto\/fare-apprendimento\/","title":{"rendered":"Fare apprendimento"},"content":{"rendered":"<p>Un\u2019indispensabile guida pratica che fa il punto della situazione su approcci, metodi, temi e strumenti per chiunque abbia la responsabilit\u00e0 manageriale di creare situazioni favorevoli all\u2019apprendimento. All\u2019interno di dinamiche di irreversibilit\u00e0 e incertezza che richiedono sempre di pi\u00f9 un approccio sostenibile alla formazione individuale e d\u2019impresa. L\u2019apprendimento \u00e8 un fare strategico, un costruire con intenzionalit\u00e0, un operare edificante che tiene insieme la necessit\u00e0 di generare valore nelle organizzazioni con il costante desiderio di realizzazione esistenziale delle donne e degli uomini che le abitano.<\/p>\n","protected":false},"excerpt":{"rendered":"<p>Un\u2019indispensabile guida pratica che fa il punto della situazione su approcci, metodi, temi e strumenti per chiunque abbia la responsabilit\u00e0 manageriale di creare situazioni favorevoli all\u2019apprendimento. All\u2019interno di dinamiche di irreversibilit\u00e0 e incertezza che richiedono sempre di pi\u00f9 un approccio sostenibile alla formazione individuale e d\u2019impresa. L\u2019apprendimento \u00e8 un fare strategico, un costruire con intenzionalit\u00e0, un operare edificante che tiene insieme la necessit\u00e0 di generare valore nelle organizzazioni con il costante desiderio di realizzazione esistenziale delle donne e degli uomini che le abitano.<\/p>\n","protected":false},"featured_media":14884,"template":"","meta":{"_editorskit_title_hidden":false,"_editorskit_reading_time":0,"_editorskit_is_block_options_detached":false,"_editorskit_block_options_position":"{}","_monsterinsights_skip_tracking":false,"_monsterinsights_sitenote_active":false,"_monsterinsights_sitenote_note":"","_monsterinsights_sitenote_category":0},"product_brand":[],"product_cat":[6529,6622],"product_tag":[],"class_list":{"0":"post-14885","1":"product","2":"type-product","3":"status-publish","4":"has-post-thumbnail","6":"product_cat-economia-e-management","7":"product_cat-bp","8":"pa_country_of_manufacture-it","10":"first","11":"outofstock","12":"sale","13":"shipping-taxable","14":"purchasable","15":"product-type-simple"},"yoast_head":"<!-- This site is optimized with the Yoast SEO plugin v25.4 - https:\/\/yoast.com\/wordpress\/plugins\/seo\/ -->\n<title>Fare apprendimento - Guerini e Associati<\/title>\n<meta name=\"robots\" content=\"index, follow, max-snippet:-1, max-image-preview:large, max-video-preview:-1\" \/>\n<link rel=\"canonical\" href=\"https:\/\/www.guerini.it\/index.php\/prodotto\/fare-apprendimento\/\" \/>\n<meta property=\"og:locale\" content=\"it_IT\" \/>\n<meta property=\"og:type\" content=\"article\" \/>\n<meta property=\"og:title\" content=\"Fare apprendimento - Guerini e Associati\" \/>\n<meta property=\"og:description\" content=\"Un\u2019indispensabile guida pratica che fa il punto della situazione su approcci, metodi, temi e strumenti per chiunque abbia la responsabilit\u00e0 manageriale di creare situazioni favorevoli all\u2019apprendimento. All\u2019interno di dinamiche di irreversibilit\u00e0 e incertezza che richiedono sempre di pi\u00f9 un approccio sostenibile alla formazione individuale e d\u2019impresa. L\u2019apprendimento \u00e8 un fare strategico, un costruire con intenzionalit\u00e0, un operare edificante che tiene insieme la necessit\u00e0 di generare valore nelle organizzazioni con il costante desiderio di realizzazione esistenziale delle donne e degli uomini che le abitano.\" \/>\n<meta property=\"og:url\" content=\"https:\/\/www.guerini.it\/index.php\/prodotto\/fare-apprendimento\/\" \/>\n<meta property=\"og:site_name\" content=\"Guerini e Associati\" \/>\n<meta property=\"article:modified_time\" content=\"2024-06-09T18:19:52+00:00\" \/>\n<meta property=\"og:image\" content=\"https:\/\/www.guerini.it\/wp-content\/uploads\/2012\/05\/978-88-6250-372-3.jpg\" \/>\n\t<meta property=\"og:image:width\" content=\"118\" \/>\n\t<meta property=\"og:image:height\" content=\"184\" \/>\n\t<meta property=\"og:image:type\" content=\"image\/jpeg\" \/>\n<meta name=\"twitter:card\" content=\"summary_large_image\" \/>\n<!-- \/ Yoast SEO plugin. -->","yoast_head_json":{"title":"Fare apprendimento - Guerini e Associati","robots":{"index":"index","follow":"follow","max-snippet":"max-snippet:-1","max-image-preview":"max-image-preview:large","max-video-preview":"max-video-preview:-1"},"canonical":"https:\/\/www.guerini.it\/index.php\/prodotto\/fare-apprendimento\/","og_locale":"it_IT","og_type":"article","og_title":"Fare apprendimento - Guerini e Associati","og_description":"Un\u2019indispensabile guida pratica che fa il punto della situazione su approcci, metodi, temi e strumenti per chiunque abbia la responsabilit\u00e0 manageriale di creare situazioni favorevoli all\u2019apprendimento. All\u2019interno di dinamiche di irreversibilit\u00e0 e incertezza che richiedono sempre di pi\u00f9 un approccio sostenibile alla formazione individuale e d\u2019impresa. L\u2019apprendimento \u00e8 un fare strategico, un costruire con intenzionalit\u00e0, un operare edificante che tiene insieme la necessit\u00e0 di generare valore nelle organizzazioni con il costante desiderio di realizzazione esistenziale delle donne e degli uomini che le abitano.","og_url":"https:\/\/www.guerini.it\/index.php\/prodotto\/fare-apprendimento\/","og_site_name":"Guerini e Associati","article_modified_time":"2024-06-09T18:19:52+00:00","og_image":[{"width":118,"height":184,"url":"https:\/\/www.guerini.it\/wp-content\/uploads\/2012\/05\/978-88-6250-372-3.jpg","type":"image\/jpeg"}],"twitter_card":"summary_large_image","schema":{"@context":"https:\/\/schema.org","@graph":[{"@type":"WebPage","@id":"https:\/\/www.guerini.it\/index.php\/prodotto\/fare-apprendimento\/","url":"https:\/\/www.guerini.it\/index.php\/prodotto\/fare-apprendimento\/","name":"Fare apprendimento - Guerini e Associati","isPartOf":{"@id":"https:\/\/www.guerini.it\/#website"},"primaryImageOfPage":{"@id":"https:\/\/www.guerini.it\/index.php\/prodotto\/fare-apprendimento\/#primaryimage"},"image":{"@id":"https:\/\/www.guerini.it\/index.php\/prodotto\/fare-apprendimento\/#primaryimage"},"thumbnailUrl":"https:\/\/www.guerini.it\/wp-content\/uploads\/2012\/05\/978-88-6250-372-3.jpg","datePublished":"2012-05-24T11:01:10+00:00","dateModified":"2024-06-09T18:19:52+00:00","breadcrumb":{"@id":"https:\/\/www.guerini.it\/index.php\/prodotto\/fare-apprendimento\/#breadcrumb"},"inLanguage":"it-IT","potentialAction":[{"@type":"ReadAction","target":["https:\/\/www.guerini.it\/index.php\/prodotto\/fare-apprendimento\/"]}]},{"@type":"ImageObject","inLanguage":"it-IT","@id":"https:\/\/www.guerini.it\/index.php\/prodotto\/fare-apprendimento\/#primaryimage","url":"https:\/\/www.guerini.it\/wp-content\/uploads\/2012\/05\/978-88-6250-372-3.jpg","contentUrl":"https:\/\/www.guerini.it\/wp-content\/uploads\/2012\/05\/978-88-6250-372-3.jpg","width":118,"height":184,"caption":"Fare apprendimento"},{"@type":"BreadcrumbList","@id":"https:\/\/www.guerini.it\/index.php\/prodotto\/fare-apprendimento\/#breadcrumb","itemListElement":[{"@type":"ListItem","position":1,"name":"Home","item":"https:\/\/www.guerini.it\/"},{"@type":"ListItem","position":2,"name":"Catalogo","item":"https:\/\/www.guerini.it\/index.php\/negozio\/"},{"@type":"ListItem","position":3,"name":"Fare apprendimento"}]},{"@type":"WebSite","@id":"https:\/\/www.guerini.it\/#website","url":"https:\/\/www.guerini.it\/","name":"Guerini e Associati","description":"30 anni di libri, idee e libert\u00e0","publisher":{"@id":"https:\/\/www.guerini.it\/#organization"},"potentialAction":[{"@type":"SearchAction","target":{"@type":"EntryPoint","urlTemplate":"https:\/\/www.guerini.it\/?s={search_term_string}"},"query-input":{"@type":"PropertyValueSpecification","valueRequired":true,"valueName":"search_term_string"}}],"inLanguage":"it-IT"},{"@type":"Organization","@id":"https:\/\/www.guerini.it\/#organization","name":"Guerini e Associati","url":"https:\/\/www.guerini.it\/","logo":{"@type":"ImageObject","inLanguage":"it-IT","@id":"https:\/\/www.guerini.it\/#\/schema\/logo\/image\/","url":"https:\/\/www.guerini.it\/wp-content\/uploads\/2021\/03\/Logo-Guerini-OK_-e1615831292285.png","contentUrl":"https:\/\/www.guerini.it\/wp-content\/uploads\/2021\/03\/Logo-Guerini-OK_-e1615831292285.png","width":2805,"height":1870,"caption":"Guerini e Associati"},"image":{"@id":"https:\/\/www.guerini.it\/#\/schema\/logo\/image\/"}}]}},"_links":{"self":[{"href":"https:\/\/www.guerini.it\/index.php\/wp-json\/wp\/v2\/product\/14885","targetHints":{"allow":["GET"]}}],"collection":[{"href":"https:\/\/www.guerini.it\/index.php\/wp-json\/wp\/v2\/product"}],"about":[{"href":"https:\/\/www.guerini.it\/index.php\/wp-json\/wp\/v2\/types\/product"}],"wp:featuredmedia":[{"embeddable":true,"href":"https:\/\/www.guerini.it\/index.php\/wp-json\/wp\/v2\/media\/14884"}],"wp:attachment":[{"href":"https:\/\/www.guerini.it\/index.php\/wp-json\/wp\/v2\/media?parent=14885"}],"wp:term":[{"taxonomy":"product_brand","embeddable":true,"href":"https:\/\/www.guerini.it\/index.php\/wp-json\/wp\/v2\/product_brand?post=14885"},{"taxonomy":"product_cat","embeddable":true,"href":"https:\/\/www.guerini.it\/index.php\/wp-json\/wp\/v2\/product_cat?post=14885"},{"taxonomy":"product_tag","embeddable":true,"href":"https:\/\/www.guerini.it\/index.php\/wp-json\/wp\/v2\/product_tag?post=14885"}],"curies":[{"name":"wp","href":"https:\/\/api.w.org\/{rel}","templated":true}]}}