{"id":14938,"date":"2012-05-24T13:01:12","date_gmt":"2012-05-24T11:01:12","guid":{"rendered":"https:\/\/test.guerini.it\/?product=scuola-democratica-learning-for-democracy-n-3-2011"},"modified":"2024-06-12T14:42:14","modified_gmt":"2024-06-12T12:42:14","slug":"scuola-democratica-learning-for-democracy-n-3-2011","status":"publish","type":"product","link":"https:\/\/www.guerini.it\/index.php\/prodotto\/scuola-democratica-learning-for-democracy-n-3-2011\/","title":{"rendered":"Scuola democratica. Learning for democracy. N\u00b0 3-2011"},"content":{"rendered":"<p style=\"text-align: JUSTIFY;\"><strong>Scuola Democratica &#8211; Learning for Democracy<\/strong> \u00e8 una rivista quadrimestrale che intende offrirsi come luogo di ricerca, di riflessione e di dibattito sull\u2019intera area dell\u2019<em>education<\/em> e del <em>learning<\/em>, articolandosi in tre settori (scuola; universit\u00e0; apprendimento, formazione e lavoro), affrontati specificamente ma anche in modo integrato e trasversale. Si indirizza a ricercatori, esperti, amministratori, dirigenti, insegnanti, formatori, ed \u00e8 aperta ai loro contributi. Supportata da un network scientifico composto da oltre cento studiosi, si propone come un punto di incontro tra le varie discipline (in particolare antropologia, economia, pedagogia, psicologia e sociologia) che si occupano delle tematiche educative e formative. \u00c8 supportata altres\u00ec da un\u2019associazione creata<em> ad hoc<\/em> che conta dieci autorevoli partner istituzionali.<\/p>\n<p style=\"text-align: JUSTIFY;\">Il numero si apre con un omaggio ad Aldo Visalberghi. Ripubblichiamo un suo articolo su obbligo educativo ed equit\u00e0 con una premessa del direttore della rivista, che mostra una bruciante attualit\u00e0. Nella sezione <strong>saggi<\/strong> il primo contributo ha al centro la metafora della scuola come \u00abcampo di battaglia\u00bb utile per guardare alla complessit\u00e0 dei processi e ai rischi della riproduzione sociale in ambito educativo. Il secondo saggio verte sulle politiche scolastiche secondo l\u2019<em>Output Driven Approach<\/em>. L\u2019Universit\u00e0 e i processi di valutazione sono l\u2019oggetto del terzo saggio che sottolinea i rischi di una valutazione lontana dai processi reali. Nell\u2019ultimo saggio l\u2019Universit\u00e0 \u00e8 vista come snodo delle reti di apprendimento della societ\u00e0 della conoscenza. Nella sezione <strong>note e punti di vista<\/strong> si confrontano le visioni sul <em>testing<\/em>, le competenze e i rischi dei conflitti a scuola; rappresentanti di diverse aree istituzionali si interrogano sulle sfide della <em>governance<\/em> universitaria ed esperti nazionali e internazionali portano il loro contributo sul tema del <em>Vocational Education and Training<\/em>. La sezione<strong> pratiche e teorie<\/strong> tocca da vicino i processi dell\u2019apprendimento nei contesti educativi e del lavoro. La sezione<strong> rassegne e recensioni<\/strong> propone la lettura critica di un testo sulla <em>comparative education<\/em> e poi altre recensioni mettono in questione, attraverso i testi analizzati, la scuola che abbiamo. La sezione <strong>storie<\/strong> chiude il numero con un inedito racconto di Alessandro Dal Lago e una nuova avventura di <strong>zeno<\/strong>.<\/p>\n<p><em><a href=\"http:\/\/www.scuolademocratica.it\/abbonamenti-rivista\/\" target=\"_blank\" rel=\"noopener\">Per abbonamenti: http:\/\/www.scuolademocratica.it\/abbonamenti-rivista<\/a><\/em><\/p>\n<hr \/>\n<p><strong>INDICE SD<\/strong><br \/>\n<strong>N\u00b0\u00a03 nuova serie &#8211; novembre 2011<\/strong><\/p>\n<p><strong>A<\/strong><strong> PARTIRE DA\u2026 <\/strong><a href=\"https:\/\/test.guerini.it\/wp-content\/uploads\/2012\/05\/abstract-a-partire-da-.pdf\">(scarica abstract)<\/a><\/p>\n<p>Una premessa: equit\u00e0 e \u00abpercorsi misti\u00bb di studio e lavoro<br \/>\n<em>di Luciano Benadusi<\/em><\/p>\n<p>Il problema dell\u2019assolvimento dell\u2019obbligo: una prospettiva riquali\u00adficante<br \/>\n<em>di Aldo Visalberghi<\/em><\/p>\n<p><strong>SAGGI <\/strong><\/p>\n<p>Sopravvivere all\u2019istruzione, ovvero\u2026 la scuola come campo di bat\u00adtaglia, la scuola come laboratorio di scultura (<a href=\"https:\/\/test.guerini.it\/wp-content\/uploads\/2012\/05\/abstract-mara-benadusi.pdf\" target=\"_blank\" rel=\"noopener\">scarica abstract<\/a>)<br \/>\n<em>di Mara Benadusi<\/em><\/p>\n<p>Le politiche scolastiche e l\u2019<em>Output Driven Approach (<\/em><a href=\"https:\/\/test.guerini.it\/wp-content\/uploads\/2012\/05\/abstract-giorgio-allulli.pdf\" target=\"_blank\" rel=\"noopener\">scarica abstract<\/a>)<em><br \/>\ndi Giorgio Allulli<\/em><\/p>\n<p>Quale strategia per la valutazione dell\u2019universit\u00e0? (<a href=\"https:\/\/test.guerini.it\/wp-content\/uploads\/2012\/05\/abstract-rebora_1.pdf\" target=\"_blank\" rel=\"noopener\">scarica abstract<\/a>)<br \/>\n<em>di Gianfranco Rebora<\/em><\/p>\n<p>L\u2019universit\u00e0 delle reti (<a href=\"https:\/\/test.guerini.it\/wp-content\/uploads\/2012\/05\/abstract-ragone-ceccherelli-ilardi.pdf\" target=\"_blank\" rel=\"noopener\">scarica abstract<\/a>)<br \/>\n<em>di Giovanni Ragone, Alessio Ceccherelli ed Emiliano Ilardi<\/em><\/p>\n<p><strong>NOTE E PUNTI DI VISTA <\/strong><\/p>\n<p><strong>Scuola<br \/>\n<\/strong><strong>Competenze, valutazione, <em>testing <\/em>e conflitto a scuola<\/strong>\u00a0 (<a href=\"https:\/\/test.guerini.it\/wp-content\/uploads\/2012\/05\/abstract-note-scuola.pdf\" target=\"_blank\" rel=\"noopener\">scarica abstract<\/a>)<\/p>\n<p>Valutare \u00e8 necessario. Valutare \u00e8 possibile?<br \/>\n<em>di Bruno Losito<\/em><\/p>\n<p>Sul <em>testing<br \/>\ndi Daniele Checchi<\/em><\/p>\n<p>Replica al dibattitto sulle competenze<br \/>\n<em>di Giorgio Israel<\/em><\/p>\n<p>\u00abIn classe con l\u2019elmetto\u00bb. Conflitto e gestione del conflitto a scuola<br \/>\n<em>di Fabrizio Battistelli <\/em><\/p>\n<p><strong>Universit\u00e0<br \/>\n<\/strong><strong>Le sfide della <em>Governance<\/em><\/strong><\/p>\n<p>Premessa<br \/>\nContributi di <em>Marino Regini, Andrea Stella<br \/>\na cura di Gioia Pompili<\/em><\/p>\n<p>Una difficile sfida per gli atenei: garantire un\u2019offerta formativa di qualit\u00e0 con risorse decrescenti<br \/>\n<em>di Andrea Stella<\/em><\/p>\n<p>Universit\u00e0: la riforma che non \u00e8 stata fatta<br \/>\n<em>di Marino Regini <\/em><\/p>\n<p><strong>Apprendimento, Formazione e Lavoro<br \/>\n<\/strong><strong><em>Vocational Education and Training <\/em>(VET) in Europa<\/strong> (<a href=\"https:\/\/test.guerini.it\/wp-content\/uploads\/2012\/05\/abstract-note-Apprendimento-formazione-lavoro.pdf\" target=\"_blank\" rel=\"noopener\">scarica abstract<\/a>)<\/p>\n<p>Uno sguardo alla situazione europea e uno a quella italiana.<br \/>\nContributi di <em>Christian Lettmayr, H\u00e9l\u00e8ne Clark e J\u00e1n Varchola, Arduino Salatin, Michele Tiraboschi e Aviana Bulgarelli<br \/>\n<\/em><em>a cura di Luca Salmieri e Piero Valentini<\/em><\/p>\n<p>Disoccupazione giovanile: istruzione e formazione professionale possono rappresentare la sola soluzione?<br \/>\n<em>di Christian Lettmayr<\/em><\/p>\n<p>L\u2019agenda europea per l\u2019eccellenza nell\u2019istruzione e nella formazione professionale: un contributo alla crescita e all\u2019occupazione<br \/>\n<em>di H\u00e9l\u00e8ne Clark e J\u00e1n Varchola<\/em><\/p>\n<p>Un apprendistato al plurale<br \/>\n<em>di Michele Tiraboschi<\/em><\/p>\n<p>Il riordino del sistema IVET in Italia: primi bilanci e prospettive<br \/>\n<em>di Arduino Salatin<\/em><\/p>\n<p>Conclusioni<br \/>\n<em>di Aviana Bulgarelli <\/em><\/p>\n<p><strong>PRATICHE E TEORIE<\/strong>\u00a0 (<a href=\"https:\/\/test.guerini.it\/wp-content\/uploads\/2012\/05\/abstract-pratiche-e-teorie.pdf\" target=\"_blank\" rel=\"noopener\">scarica abstract<\/a>)<\/p>\n<p>I confini della pratica<br \/>\n<em>a cura di Paolo Landri<\/em><\/p>\n<p>Per una socializzazione universitaria. L\u2019accoglienza delle matricole in un corso di laurea in Sociologia<br \/>\n<em>di Marco Serino<\/em><\/p>\n<p>Lo stage formativo come pratica al \u2018confine\u2019: l\u2019esperienza del Liceo Ariosto di Ferrara<br \/>\n<em>di Claudia Di Marco<\/em><\/p>\n<p>Il metodo dell\u2019alternanza formativa nell\u2019apprendistato professiona\u00adlizzante. Un esempio nel settore dell\u2019acconciatura<br \/>\n<em>di Pietro Roncalli <\/em><\/p>\n<p><strong>RASSEGNE E RECENSIONI<\/strong>\u00a0 (<a href=\"https:\/\/test.guerini.it\/wp-content\/uploads\/2012\/05\/abstract-rassegne-e-recensioni.pdf\" target=\"_blank\" rel=\"noopener\">scarica abstract<\/a>)<\/p>\n<p>Larsen, M.A. (Ed.) (2010), <em>New Thinking in Comparative Education: Honouring Robert Cowen<br \/>\ndi Iveta Silova<\/em><\/p>\n<p>Colombo, M. (2010), <em>Dispersione scolastica e politiche per il suc\u00adcesso formativo<br \/>\ndi Luciano Benadusi<\/em><\/p>\n<p>Niceforo, O. (2010), <em>Da Berlinguer a Gelmini. La scuola che (non) cambia<br \/>\ndi Giorgio Allulli<\/em><\/p>\n<p>Mastrocola, P. (2011), <em>Togliamo il disturbo. Saggio sulla libert\u00e0 di non studiare<br \/>\ndi Orazio Giancola <\/em><\/p>\n<p><strong>STORIE <\/strong><\/p>\n<p>Un paio di scarpe fuori misura<br \/>\n<em>di Alessandro Dal Lago<\/em><\/p>\n<p>ZENO. Ma perch\u00e9 tutti i giorni a scuola!<br \/>\n<em>Testi di Strarompi &amp; Peter V, disegni di Peter V<\/em><\/p>\n","protected":false},"excerpt":{"rendered":"<p>Il numero apre con un omaggio ad Aldo Visalberghi. Si ripubblica un suo articolo su obbligo educativo ed equit\u00e0 che mostra una bruciante attualit\u00e0. Il primo contributo ha al centro la metafora della scuola come \u00abcampo di battaglia\u00bb utile per guardare alla complessit\u00e0 dei processi e ai rischi della riproduzione sociale in ambito educativo. Il secondo verte sulle politiche scolastiche secondo l\u2019Output Driven Approach. Universit\u00e0 e processi di valutazione sono oggetto del terzo che evidenzia i rischi di una valutazione lontana dai processi reali. Nell\u2019ultimo saggio l\u2019Universit\u00e0 \u00e8 vista come snodo delle reti di apprendimento della societ\u00e0 della conoscenza.<br \/>\nPer abbonamenti: http:\/\/www.scuolademocratica.it\/abbonamenti-rivista<\/p>\n","protected":false},"featured_media":14928,"template":"","meta":{"_editorskit_title_hidden":false,"_editorskit_reading_time":0,"_editorskit_is_block_options_detached":false,"_editorskit_block_options_position":"{}","_monsterinsights_skip_tracking":false,"_monsterinsights_sitenote_active":false,"_monsterinsights_sitenote_note":"","_monsterinsights_sitenote_category":0},"product_brand":[],"product_cat":[6559,6536],"product_tag":[],"class_list":{"0":"post-14938","1":"product","2":"type-product","3":"status-publish","4":"has-post-thumbnail","6":"product_cat-scuola-democratica","7":"product_cat-psicologia-pedagogia","9":"first","10":"instock","11":"sale","12":"shipping-taxable","13":"purchasable","14":"product-type-simple"},"yoast_head":"<!-- This site is optimized with the Yoast SEO plugin v25.4 - https:\/\/yoast.com\/wordpress\/plugins\/seo\/ -->\n<title>Scuola democratica. Learning for democracy. N\u00b0 3-2011 - Guerini e Associati<\/title>\n<meta name=\"robots\" content=\"index, follow, max-snippet:-1, max-image-preview:large, max-video-preview:-1\" \/>\n<link rel=\"canonical\" href=\"https:\/\/www.guerini.it\/index.php\/prodotto\/scuola-democratica-learning-for-democracy-n-3-2011\/\" \/>\n<meta property=\"og:locale\" content=\"it_IT\" \/>\n<meta property=\"og:type\" content=\"article\" \/>\n<meta property=\"og:title\" content=\"Scuola democratica. Learning for democracy. N\u00b0 3-2011 - Guerini e Associati\" \/>\n<meta property=\"og:description\" content=\"Il numero apre con un omaggio ad Aldo Visalberghi. Si ripubblica un suo articolo su obbligo educativo ed equit\u00e0 che mostra una bruciante attualit\u00e0. Il primo contributo ha al centro la metafora della scuola come \u00abcampo di battaglia\u00bb utile per guardare alla complessit\u00e0 dei processi e ai rischi della riproduzione sociale in ambito educativo. Il secondo verte sulle politiche scolastiche secondo l\u2019Output Driven Approach. Universit\u00e0 e processi di valutazione sono oggetto del terzo che evidenzia i rischi di una valutazione lontana dai processi reali. Nell\u2019ultimo saggio l\u2019Universit\u00e0 \u00e8 vista come snodo delle reti di apprendimento della societ\u00e0 della conoscenza. Per abbonamenti: http:\/\/www.scuolademocratica.it\/abbonamenti-rivista\" \/>\n<meta property=\"og:url\" content=\"https:\/\/www.guerini.it\/index.php\/prodotto\/scuola-democratica-learning-for-democracy-n-3-2011\/\" \/>\n<meta property=\"og:site_name\" content=\"Guerini e Associati\" \/>\n<meta property=\"article:modified_time\" content=\"2024-06-12T12:42:14+00:00\" \/>\n<meta property=\"og:image\" content=\"https:\/\/www.guerini.it\/wp-content\/uploads\/2012\/05\/sd3_cover_high_265x375.jpg\" \/>\n\t<meta property=\"og:image:width\" content=\"265\" \/>\n\t<meta property=\"og:image:height\" content=\"375\" \/>\n\t<meta property=\"og:image:type\" content=\"image\/jpeg\" \/>\n<meta name=\"twitter:card\" content=\"summary_large_image\" \/>\n<meta name=\"twitter:label1\" content=\"Tempo di lettura stimato\" \/>\n\t<meta name=\"twitter:data1\" content=\"5 minuti\" \/>\n<!-- \/ Yoast SEO plugin. -->","yoast_head_json":{"title":"Scuola democratica. Learning for democracy. N\u00b0 3-2011 - Guerini e Associati","robots":{"index":"index","follow":"follow","max-snippet":"max-snippet:-1","max-image-preview":"max-image-preview:large","max-video-preview":"max-video-preview:-1"},"canonical":"https:\/\/www.guerini.it\/index.php\/prodotto\/scuola-democratica-learning-for-democracy-n-3-2011\/","og_locale":"it_IT","og_type":"article","og_title":"Scuola democratica. Learning for democracy. N\u00b0 3-2011 - Guerini e Associati","og_description":"Il numero apre con un omaggio ad Aldo Visalberghi. Si ripubblica un suo articolo su obbligo educativo ed equit\u00e0 che mostra una bruciante attualit\u00e0. Il primo contributo ha al centro la metafora della scuola come \u00abcampo di battaglia\u00bb utile per guardare alla complessit\u00e0 dei processi e ai rischi della riproduzione sociale in ambito educativo. Il secondo verte sulle politiche scolastiche secondo l\u2019Output Driven Approach. Universit\u00e0 e processi di valutazione sono oggetto del terzo che evidenzia i rischi di una valutazione lontana dai processi reali. Nell\u2019ultimo saggio l\u2019Universit\u00e0 \u00e8 vista come snodo delle reti di apprendimento della societ\u00e0 della conoscenza. Per abbonamenti: http:\/\/www.scuolademocratica.it\/abbonamenti-rivista","og_url":"https:\/\/www.guerini.it\/index.php\/prodotto\/scuola-democratica-learning-for-democracy-n-3-2011\/","og_site_name":"Guerini e Associati","article_modified_time":"2024-06-12T12:42:14+00:00","og_image":[{"width":265,"height":375,"url":"https:\/\/www.guerini.it\/wp-content\/uploads\/2012\/05\/sd3_cover_high_265x375.jpg","type":"image\/jpeg"}],"twitter_card":"summary_large_image","twitter_misc":{"Tempo di lettura stimato":"5 minuti"},"schema":{"@context":"https:\/\/schema.org","@graph":[{"@type":"WebPage","@id":"https:\/\/www.guerini.it\/index.php\/prodotto\/scuola-democratica-learning-for-democracy-n-3-2011\/","url":"https:\/\/www.guerini.it\/index.php\/prodotto\/scuola-democratica-learning-for-democracy-n-3-2011\/","name":"Scuola democratica. Learning for democracy. N\u00b0 3-2011 - Guerini e Associati","isPartOf":{"@id":"https:\/\/www.guerini.it\/#website"},"primaryImageOfPage":{"@id":"https:\/\/www.guerini.it\/index.php\/prodotto\/scuola-democratica-learning-for-democracy-n-3-2011\/#primaryimage"},"image":{"@id":"https:\/\/www.guerini.it\/index.php\/prodotto\/scuola-democratica-learning-for-democracy-n-3-2011\/#primaryimage"},"thumbnailUrl":"https:\/\/www.guerini.it\/wp-content\/uploads\/2012\/05\/sd3_cover_high_265x375.jpg","datePublished":"2012-05-24T11:01:12+00:00","dateModified":"2024-06-12T12:42:14+00:00","breadcrumb":{"@id":"https:\/\/www.guerini.it\/index.php\/prodotto\/scuola-democratica-learning-for-democracy-n-3-2011\/#breadcrumb"},"inLanguage":"it-IT","potentialAction":[{"@type":"ReadAction","target":["https:\/\/www.guerini.it\/index.php\/prodotto\/scuola-democratica-learning-for-democracy-n-3-2011\/"]}]},{"@type":"ImageObject","inLanguage":"it-IT","@id":"https:\/\/www.guerini.it\/index.php\/prodotto\/scuola-democratica-learning-for-democracy-n-3-2011\/#primaryimage","url":"https:\/\/www.guerini.it\/wp-content\/uploads\/2012\/05\/sd3_cover_high_265x375.jpg","contentUrl":"https:\/\/www.guerini.it\/wp-content\/uploads\/2012\/05\/sd3_cover_high_265x375.jpg","width":265,"height":375,"caption":"Scuola democratica. Learning for democracy. N\u00b0 3-2011"},{"@type":"BreadcrumbList","@id":"https:\/\/www.guerini.it\/index.php\/prodotto\/scuola-democratica-learning-for-democracy-n-3-2011\/#breadcrumb","itemListElement":[{"@type":"ListItem","position":1,"name":"Home","item":"https:\/\/www.guerini.it\/"},{"@type":"ListItem","position":2,"name":"Catalogo","item":"https:\/\/www.guerini.it\/index.php\/negozio\/"},{"@type":"ListItem","position":3,"name":"Scuola democratica. Learning for democracy. N\u00b0 3-2011"}]},{"@type":"WebSite","@id":"https:\/\/www.guerini.it\/#website","url":"https:\/\/www.guerini.it\/","name":"Guerini e Associati","description":"30 anni di libri, idee e libert\u00e0","publisher":{"@id":"https:\/\/www.guerini.it\/#organization"},"potentialAction":[{"@type":"SearchAction","target":{"@type":"EntryPoint","urlTemplate":"https:\/\/www.guerini.it\/?s={search_term_string}"},"query-input":{"@type":"PropertyValueSpecification","valueRequired":true,"valueName":"search_term_string"}}],"inLanguage":"it-IT"},{"@type":"Organization","@id":"https:\/\/www.guerini.it\/#organization","name":"Guerini e Associati","url":"https:\/\/www.guerini.it\/","logo":{"@type":"ImageObject","inLanguage":"it-IT","@id":"https:\/\/www.guerini.it\/#\/schema\/logo\/image\/","url":"https:\/\/www.guerini.it\/wp-content\/uploads\/2021\/03\/Logo-Guerini-OK_-e1615831292285.png","contentUrl":"https:\/\/www.guerini.it\/wp-content\/uploads\/2021\/03\/Logo-Guerini-OK_-e1615831292285.png","width":2805,"height":1870,"caption":"Guerini e Associati"},"image":{"@id":"https:\/\/www.guerini.it\/#\/schema\/logo\/image\/"}}]}},"_links":{"self":[{"href":"https:\/\/www.guerini.it\/index.php\/wp-json\/wp\/v2\/product\/14938","targetHints":{"allow":["GET"]}}],"collection":[{"href":"https:\/\/www.guerini.it\/index.php\/wp-json\/wp\/v2\/product"}],"about":[{"href":"https:\/\/www.guerini.it\/index.php\/wp-json\/wp\/v2\/types\/product"}],"wp:featuredmedia":[{"embeddable":true,"href":"https:\/\/www.guerini.it\/index.php\/wp-json\/wp\/v2\/media\/14928"}],"wp:attachment":[{"href":"https:\/\/www.guerini.it\/index.php\/wp-json\/wp\/v2\/media?parent=14938"}],"wp:term":[{"taxonomy":"product_brand","embeddable":true,"href":"https:\/\/www.guerini.it\/index.php\/wp-json\/wp\/v2\/product_brand?post=14938"},{"taxonomy":"product_cat","embeddable":true,"href":"https:\/\/www.guerini.it\/index.php\/wp-json\/wp\/v2\/product_cat?post=14938"},{"taxonomy":"product_tag","embeddable":true,"href":"https:\/\/www.guerini.it\/index.php\/wp-json\/wp\/v2\/product_tag?post=14938"}],"curies":[{"name":"wp","href":"https:\/\/api.w.org\/{rel}","templated":true}]}}