{"id":14949,"date":"2012-05-24T13:01:13","date_gmt":"2012-05-24T11:01:13","guid":{"rendered":"https:\/\/test.guerini.it\/?product=l-italiano-per-incontrarsi-lavorare-vivere"},"modified":"2024-06-12T14:39:41","modified_gmt":"2024-06-12T12:39:41","slug":"l-italiano-per-incontrarsi-lavorare-vivere","status":"publish","type":"product","link":"https:\/\/www.guerini.it\/index.php\/prodotto\/l-italiano-per-incontrarsi-lavorare-vivere\/","title":{"rendered":"L&#8217;italiano per&#8230; incontrarsi, lavorare, vivere"},"content":{"rendered":"<p style=\"text-align: justify;\">Capire e parlare la lingua del paese ospite \u00e8 per l&#8217;immigrato la chiave di un inserimento non marginale, l&#8217;inizio di una reale integrazione. Questo libro \u00e8 una prima risposta ai bisogni linguistici dei lavoratori stranieri; in esso l&#8217;apprendimento \u00e8 direttamente legato, con un approccio di tipo funzionale e informativo, all&#8217;uso delle capacit\u00e0 linguistiche nelle diverse esigenze della comunicazione quotidiana, dalla ricerca del lavoro alla fruizione dei servizi, al godimento del tempo libero. Non un manuale rigidamente strutturato ma uno strumento semplice, pronto per l&#8217;uso, in grado di accompagnare lo straniero e di orientarlo nella sua avventura migratoria. Un libro, dunque, per sapere e per saper dire.<\/p>\n","protected":false},"excerpt":{"rendered":"<p>descrizione non disponibile<\/p>\n","protected":false},"featured_media":23760,"template":"","meta":{"_editorskit_title_hidden":false,"_editorskit_reading_time":0,"_editorskit_is_block_options_detached":false,"_editorskit_block_options_position":"{}","_monsterinsights_skip_tracking":false,"_monsterinsights_sitenote_active":false,"_monsterinsights_sitenote_note":"","_monsterinsights_sitenote_category":0},"product_brand":[],"product_cat":[6531],"product_tag":[],"class_list":{"0":"post-14949","1":"product","2":"type-product","3":"status-publish","4":"has-post-thumbnail","6":"product_cat-italiano-l2","7":"pa_guerini_amazon_link-https-www-amazon-it-litaliano-incontrarsi-lavorare-vivere-dp-8878025682","8":"pa_guerini_feltrinelli_link-https-www-lafeltrinelli-it-italiano-per-incontrarsi-lavorare-vivere-libro-gilberto-bettinelli-graziella-favaro-e-9788878025684","9":"pa_guerini_ibs_link-https-www-ibs-it-italiano-per-incontrarsi-lavorare-vivere-libro-gilberto-bettinelli-graziella-favaro-e-9788878025684","10":"pa_guerini_libruniver_link-https-www-libreriauniversitaria-it-italiano-incontrarsi-lavorare-vivere-bettinelli-libro-9788878025684","11":"pa_guerini_mondadori_link-https-www-mondadoristore-it-italiano-per-incontrarsi-gilberto-bettinelli-graziella-favaro-eai978887802568","12":"pa_guerini_nedizione-3749","14":"first","15":"instock","16":"sale","17":"shipping-taxable","18":"purchasable","19":"product-type-simple"},"yoast_head":"<!-- This site is optimized with the Yoast SEO plugin v25.4 - https:\/\/yoast.com\/wordpress\/plugins\/seo\/ -->\n<title>L&#039;italiano per... incontrarsi, lavorare, vivere - Guerini e Associati<\/title>\n<meta name=\"robots\" content=\"index, follow, max-snippet:-1, max-image-preview:large, max-video-preview:-1\" \/>\n<link rel=\"canonical\" href=\"https:\/\/www.guerini.it\/index.php\/prodotto\/l-italiano-per-incontrarsi-lavorare-vivere\/\" \/>\n<meta property=\"og:locale\" content=\"it_IT\" \/>\n<meta property=\"og:type\" content=\"article\" \/>\n<meta property=\"og:title\" content=\"L&#039;italiano per... incontrarsi, lavorare, vivere - Guerini e Associati\" \/>\n<meta property=\"og:description\" content=\"descrizione non disponibile\" \/>\n<meta property=\"og:url\" content=\"https:\/\/www.guerini.it\/index.php\/prodotto\/l-italiano-per-incontrarsi-lavorare-vivere\/\" \/>\n<meta property=\"og:site_name\" content=\"Guerini e Associati\" \/>\n<meta property=\"article:modified_time\" content=\"2024-06-12T12:39:41+00:00\" \/>\n<meta property=\"og:image\" content=\"https:\/\/www.guerini.it\/wp-content\/uploads\/2012\/05\/L_italiano-per-incontrarsi-lavorare-vivere.webp\" \/>\n\t<meta property=\"og:image:width\" content=\"1597\" \/>\n\t<meta property=\"og:image:height\" content=\"2414\" \/>\n\t<meta property=\"og:image:type\" content=\"image\/webp\" \/>\n<meta name=\"twitter:card\" content=\"summary_large_image\" \/>\n<meta name=\"twitter:label1\" content=\"Tempo di lettura stimato\" \/>\n\t<meta name=\"twitter:data1\" content=\"1 minuto\" \/>\n<!-- \/ Yoast SEO plugin. -->","yoast_head_json":{"title":"L'italiano per... incontrarsi, lavorare, vivere - Guerini e Associati","robots":{"index":"index","follow":"follow","max-snippet":"max-snippet:-1","max-image-preview":"max-image-preview:large","max-video-preview":"max-video-preview:-1"},"canonical":"https:\/\/www.guerini.it\/index.php\/prodotto\/l-italiano-per-incontrarsi-lavorare-vivere\/","og_locale":"it_IT","og_type":"article","og_title":"L'italiano per... incontrarsi, lavorare, vivere - Guerini e Associati","og_description":"descrizione non disponibile","og_url":"https:\/\/www.guerini.it\/index.php\/prodotto\/l-italiano-per-incontrarsi-lavorare-vivere\/","og_site_name":"Guerini e Associati","article_modified_time":"2024-06-12T12:39:41+00:00","og_image":[{"width":1597,"height":2414,"url":"https:\/\/www.guerini.it\/wp-content\/uploads\/2012\/05\/L_italiano-per-incontrarsi-lavorare-vivere.webp","type":"image\/webp"}],"twitter_card":"summary_large_image","twitter_misc":{"Tempo di lettura stimato":"1 minuto"},"schema":{"@context":"https:\/\/schema.org","@graph":[{"@type":"WebPage","@id":"https:\/\/www.guerini.it\/index.php\/prodotto\/l-italiano-per-incontrarsi-lavorare-vivere\/","url":"https:\/\/www.guerini.it\/index.php\/prodotto\/l-italiano-per-incontrarsi-lavorare-vivere\/","name":"L'italiano per... incontrarsi, lavorare, vivere - Guerini e Associati","isPartOf":{"@id":"https:\/\/www.guerini.it\/#website"},"primaryImageOfPage":{"@id":"https:\/\/www.guerini.it\/index.php\/prodotto\/l-italiano-per-incontrarsi-lavorare-vivere\/#primaryimage"},"image":{"@id":"https:\/\/www.guerini.it\/index.php\/prodotto\/l-italiano-per-incontrarsi-lavorare-vivere\/#primaryimage"},"thumbnailUrl":"https:\/\/www.guerini.it\/wp-content\/uploads\/2012\/05\/L_italiano-per-incontrarsi-lavorare-vivere.webp","datePublished":"2012-05-24T11:01:13+00:00","dateModified":"2024-06-12T12:39:41+00:00","breadcrumb":{"@id":"https:\/\/www.guerini.it\/index.php\/prodotto\/l-italiano-per-incontrarsi-lavorare-vivere\/#breadcrumb"},"inLanguage":"it-IT","potentialAction":[{"@type":"ReadAction","target":["https:\/\/www.guerini.it\/index.php\/prodotto\/l-italiano-per-incontrarsi-lavorare-vivere\/"]}]},{"@type":"ImageObject","inLanguage":"it-IT","@id":"https:\/\/www.guerini.it\/index.php\/prodotto\/l-italiano-per-incontrarsi-lavorare-vivere\/#primaryimage","url":"https:\/\/www.guerini.it\/wp-content\/uploads\/2012\/05\/L_italiano-per-incontrarsi-lavorare-vivere.webp","contentUrl":"https:\/\/www.guerini.it\/wp-content\/uploads\/2012\/05\/L_italiano-per-incontrarsi-lavorare-vivere.webp","width":1597,"height":2414,"caption":"Copertina del volume L'italiano per... incontrarsi, lavorare, vivere, Guerini Studio, 2003"},{"@type":"BreadcrumbList","@id":"https:\/\/www.guerini.it\/index.php\/prodotto\/l-italiano-per-incontrarsi-lavorare-vivere\/#breadcrumb","itemListElement":[{"@type":"ListItem","position":1,"name":"Home","item":"https:\/\/www.guerini.it\/"},{"@type":"ListItem","position":2,"name":"Catalogo","item":"https:\/\/www.guerini.it\/index.php\/negozio\/"},{"@type":"ListItem","position":3,"name":"L&#8217;italiano per&#8230; incontrarsi, lavorare, vivere"}]},{"@type":"WebSite","@id":"https:\/\/www.guerini.it\/#website","url":"https:\/\/www.guerini.it\/","name":"Guerini e Associati","description":"30 anni di libri, idee e libert\u00e0","publisher":{"@id":"https:\/\/www.guerini.it\/#organization"},"potentialAction":[{"@type":"SearchAction","target":{"@type":"EntryPoint","urlTemplate":"https:\/\/www.guerini.it\/?s={search_term_string}"},"query-input":{"@type":"PropertyValueSpecification","valueRequired":true,"valueName":"search_term_string"}}],"inLanguage":"it-IT"},{"@type":"Organization","@id":"https:\/\/www.guerini.it\/#organization","name":"Guerini e Associati","url":"https:\/\/www.guerini.it\/","logo":{"@type":"ImageObject","inLanguage":"it-IT","@id":"https:\/\/www.guerini.it\/#\/schema\/logo\/image\/","url":"https:\/\/www.guerini.it\/wp-content\/uploads\/2021\/03\/Logo-Guerini-OK_-e1615831292285.png","contentUrl":"https:\/\/www.guerini.it\/wp-content\/uploads\/2021\/03\/Logo-Guerini-OK_-e1615831292285.png","width":2805,"height":1870,"caption":"Guerini e Associati"},"image":{"@id":"https:\/\/www.guerini.it\/#\/schema\/logo\/image\/"}}]}},"_links":{"self":[{"href":"https:\/\/www.guerini.it\/index.php\/wp-json\/wp\/v2\/product\/14949","targetHints":{"allow":["GET"]}}],"collection":[{"href":"https:\/\/www.guerini.it\/index.php\/wp-json\/wp\/v2\/product"}],"about":[{"href":"https:\/\/www.guerini.it\/index.php\/wp-json\/wp\/v2\/types\/product"}],"wp:featuredmedia":[{"embeddable":true,"href":"https:\/\/www.guerini.it\/index.php\/wp-json\/wp\/v2\/media\/23760"}],"wp:attachment":[{"href":"https:\/\/www.guerini.it\/index.php\/wp-json\/wp\/v2\/media?parent=14949"}],"wp:term":[{"taxonomy":"product_brand","embeddable":true,"href":"https:\/\/www.guerini.it\/index.php\/wp-json\/wp\/v2\/product_brand?post=14949"},{"taxonomy":"product_cat","embeddable":true,"href":"https:\/\/www.guerini.it\/index.php\/wp-json\/wp\/v2\/product_cat?post=14949"},{"taxonomy":"product_tag","embeddable":true,"href":"https:\/\/www.guerini.it\/index.php\/wp-json\/wp\/v2\/product_tag?post=14949"}],"curies":[{"name":"wp","href":"https:\/\/api.w.org\/{rel}","templated":true}]}}